{"id":3,"date":"2015-11-23T16:00:24","date_gmt":"2015-11-23T15:00:24","guid":{"rendered":"http:\/\/scholar.semmelweis.hu\/nemodazsofia\/bemutatkozas\/"},"modified":"2026-01-07T15:17:18","modified_gmt":"2026-01-07T14:17:18","slug":"bemutatkozas","status":"publish","type":"page","link":"https:\/\/scholar.semmelweis.hu\/nemodazsofia\/","title":{"rendered":"Bemutatkoz\u00e1s"},"content":{"rendered":"<p>A Semmelweis Egyetem tudom\u00e1nyos di\u00e1kk\u00f6r\u00f6se, majd PhD di\u00e1kjak\u00e9nt kezdtem kutat\u00f3munk\u00e1mat a pszichogenetika ter\u00fclet\u00e9n, pszichol\u00f3gusokkal \u00e9s pszichi\u00e1terekkel egy\u00fcttm\u0171k\u00f6dve. Kutat\u00f3i munk\u00e1m t\u00e1mogat\u00e1s\u00e1ra, molekul\u00e1ris biol\u00f3giai tapasztalataim tov\u00e1bbfejleszt\u00e9s\u00e9re k\u00e9t magyar \u00e9s k\u00e9t nemzetk\u00f6zi \u00f6szt\u00f6nd\u00edj ny\u00fajtott lehet\u0151s\u00e9get. Jelenleg genetikai \u00e9s epigenetikai (DNS metil\u00e1ci\u00f3s) v\u00e1ltozatok szerep\u00e9t vizsg\u00e1ljuk pszichi\u00e1triai zavarok \u00e9s a korai szoci\u00e1lis k\u00f6rnyezet hat\u00e1sainak vonatkoz\u00e1s\u00e1ban a Semmelweis Egyetem, Molekul\u00e1ris Biol\u00f3giai Tansz\u00e9k\u00e9n magyar, eur\u00f3pai \u00e9s \u00e9szak-amerikai kollabor\u00e1ci\u00f3k keret\u00e9ben.<\/p>\n","protected":false},"excerpt":{"rendered":"<p>A Semmelweis Egyetem tudom\u00e1nyos di\u00e1kk\u00f6r\u00f6se, majd PhD di\u00e1kjak\u00e9nt kezdtem kutat\u00f3munk\u00e1mat a pszichogenetika ter\u00fclet\u00e9n, pszichol\u00f3gusokkal \u00e9s pszichi\u00e1terekkel egy\u00fcttm\u0171k\u00f6dve. Kutat\u00f3i munk\u00e1m t\u00e1mogat\u00e1s\u00e1ra, molekul\u00e1ris biol\u00f3giai tapasztalataim tov\u00e1bbfejleszt\u00e9s\u00e9re k\u00e9t magyar \u00e9s k\u00e9t nemzetk\u00f6zi \u00f6szt\u00f6nd\u00edj ny\u00fajtott lehet\u0151s\u00e9get. Jelenleg genetikai \u00e9s &hellip;<\/p>\n","protected":false},"author":69,"featured_media":0,"parent":0,"menu_order":0,"comment_status":"closed","ping_status":"closed","template":"","meta":{"footnotes":""},"class_list":["post-3","page","type-page","status-publish","hentry"],"_links":{"self":[{"href":"https:\/\/scholar.semmelweis.hu\/nemodazsofia\/wp-json\/wp\/v2\/pages\/3"}],"collection":[{"href":"https:\/\/scholar.semmelweis.hu\/nemodazsofia\/wp-json\/wp\/v2\/pages"}],"about":[{"href":"https:\/\/scholar.semmelweis.hu\/nemodazsofia\/wp-json\/wp\/v2\/types\/page"}],"author":[{"embeddable":true,"href":"https:\/\/scholar.semmelweis.hu\/nemodazsofia\/wp-json\/wp\/v2\/users\/69"}],"replies":[{"embeddable":true,"href":"https:\/\/scholar.semmelweis.hu\/nemodazsofia\/wp-json\/wp\/v2\/comments?post=3"}],"version-history":[{"count":5,"href":"https:\/\/scholar.semmelweis.hu\/nemodazsofia\/wp-json\/wp\/v2\/pages\/3\/revisions"}],"predecessor-version":[{"id":27,"href":"https:\/\/scholar.semmelweis.hu\/nemodazsofia\/wp-json\/wp\/v2\/pages\/3\/revisions\/27"}],"wp:attachment":[{"href":"https:\/\/scholar.semmelweis.hu\/nemodazsofia\/wp-json\/wp\/v2\/media?parent=3"}],"curies":[{"name":"wp","href":"https:\/\/api.w.org\/{rel}","templated":true}]}}