{"id":2,"date":"2015-11-23T16:00:24","date_gmt":"2015-11-23T15:00:24","guid":{"rendered":"http:\/\/scholar.semmelweis.hu\/nemodazsofia\/cv\/"},"modified":"2026-01-07T15:08:04","modified_gmt":"2026-01-07T14:08:04","slug":"cv","status":"publish","type":"page","link":"https:\/\/scholar.semmelweis.hu\/nemodazsofia\/cv\/","title":{"rendered":"CV"},"content":{"rendered":"<p><strong>Tanulm\u00e1nyok:<\/strong><\/p>\n<p>2001. \u00e1ltal\u00e1nos orvostudom\u00e1nyi diploma, Semmelweis Egyetem<\/p>\n<p>2003. Ph.D. fokozat, Semmelweis Egyetem Doktori Iskola, Molekul\u00e1ris Orvostudom\u00e1nyi Doktori Iskola, Pathobiok\u00e9mia program. T\u00e9zisek c\u00edme: A szerotonin transzporter \u00e9s a D4-es dopamin receptor polimorfizmusainak vizsg\u00e1lata \u00e9s pszichol\u00f3giai asszoci\u00e1ci\u00f3i, t\u00e9mavezet\u0151: Sasv\u00e1ri-Sz\u00e9kely M\u00e1ria.<\/p>\n<p><strong>K\u00fclf\u00f6ldi tanulm\u00e1nyutak:<\/strong><\/p>\n<p>2004. februr\u00e1r \u2013 2005. december: Department of Molecular and Cell Biology, Faculty of Dental Medicine, Boston University (Boston, USA). T\u00e9mavezet\u0151: Sahin-T\u00f3th Mikl\u00f3s, t\u00e9ma: Hum\u00e1n tripszinog\u00e9nek jellemz\u00e9se; a tripszinog\u00e9n mut\u00e1ci\u00f3k szerepe az \u00f6r\u00f6kletes pancreatitis kialakul\u00e1s\u00e1ban.<\/p>\n<p>2007. november \u2013 2008. febru\u00e1r (EMBO short term fellowship): Medical Research Council, Laboratory of Molecular Biology, Neurobiology Division (Cambridge, UK), T\u00e9mavezet\u0151: Ingo Greger, t\u00e9ma: RNS-edit\u00e1l\u00e1s jelent\u0151s\u00e9ge szinaptikus plaszticit\u00e1sban az AMPA-receptorok k\u00f6r\u00e9ben.<\/p>\n<p>2011. szeptember \u2013 2013. augusztus (Marie Curie international outgoing fellowship): Department of Pharmacology and Therapeutics, McGill University (Montreal, Canada), T\u00e9mavezet\u0151: Moshe Szyf, t\u00e9ma: A korai szoci\u00e1lis k\u00f6rnyezet hat\u00e1s\u00e1nak vizsg\u00e1lata az epigenetikai m\u00f3dosul\u00e1sokra.<\/p>\n<p>Eddigi kutat\u00f3i munk\u00e1m sor\u00e1n 71 cikk jelent meg nemzetk\u00f6zi \u00fajs\u00e1gokban (11 els\u0151szerz\u0151s, 4 t\u00e1rs-els\u0151szerz\u0151s, 44 t\u00e1rs-szerz\u0151s \u00e9s 12 utols\u00f3szerz\u0151s), melyek \u00f6sszes\u00edtett impakt faktora 300 feletti \u00e9s a cikkekre kapott f\u00fcggetlen hivatkoz\u00e1sok sz\u00e1ma 2162 (MTMT adat).<\/p>\n","protected":false},"excerpt":{"rendered":"<p>Tanulm\u00e1nyok: 2001. \u00e1ltal\u00e1nos orvostudom\u00e1nyi diploma, Semmelweis Egyetem 2003. Ph.D. fokozat, Semmelweis Egyetem Doktori Iskola, Molekul\u00e1ris Orvostudom\u00e1nyi Doktori Iskola, Pathobiok\u00e9mia program. T\u00e9zisek c\u00edme: A szerotonin transzporter \u00e9s a D4-es dopamin receptor polimorfizmusainak vizsg\u00e1lata \u00e9s pszichol\u00f3giai asszoci\u00e1ci\u00f3i, &hellip;<\/p>\n","protected":false},"author":69,"featured_media":0,"parent":0,"menu_order":0,"comment_status":"closed","ping_status":"closed","template":"","meta":{"footnotes":""},"class_list":["post-2","page","type-page","status-publish","hentry"],"_links":{"self":[{"href":"https:\/\/scholar.semmelweis.hu\/nemodazsofia\/wp-json\/wp\/v2\/pages\/2"}],"collection":[{"href":"https:\/\/scholar.semmelweis.hu\/nemodazsofia\/wp-json\/wp\/v2\/pages"}],"about":[{"href":"https:\/\/scholar.semmelweis.hu\/nemodazsofia\/wp-json\/wp\/v2\/types\/page"}],"author":[{"embeddable":true,"href":"https:\/\/scholar.semmelweis.hu\/nemodazsofia\/wp-json\/wp\/v2\/users\/69"}],"replies":[{"embeddable":true,"href":"https:\/\/scholar.semmelweis.hu\/nemodazsofia\/wp-json\/wp\/v2\/comments?post=2"}],"version-history":[{"count":4,"href":"https:\/\/scholar.semmelweis.hu\/nemodazsofia\/wp-json\/wp\/v2\/pages\/2\/revisions"}],"predecessor-version":[{"id":24,"href":"https:\/\/scholar.semmelweis.hu\/nemodazsofia\/wp-json\/wp\/v2\/pages\/2\/revisions\/24"}],"wp:attachment":[{"href":"https:\/\/scholar.semmelweis.hu\/nemodazsofia\/wp-json\/wp\/v2\/media?parent=2"}],"curies":[{"name":"wp","href":"https:\/\/api.w.org\/{rel}","templated":true}]}}