{"id":84,"date":"2024-07-05T21:24:23","date_gmt":"2024-07-05T19:24:23","guid":{"rendered":"https:\/\/scholar.semmelweis.hu\/nemethzsuzsanna\/?page_id=84"},"modified":"2025-11-24T10:21:18","modified_gmt":"2025-11-24T09:21:18","slug":"cv-en","status":"publish","type":"page","link":"https:\/\/scholar.semmelweis.hu\/nemethzsuzsanna\/cv-en\/","title":{"rendered":"CV\/EN"},"content":{"rendered":"<p><span style=\"font-family: georgia, palatino, serif\"><strong>Education<\/strong><\/span><\/p>\n<table style=\"border-collapse: collapse;width: 100%;height: 96px\">\n<tbody>\n<tr style=\"height: 24px\">\n<td style=\"width: 12.4703%;height: 24px\"><span style=\"font-family: georgia, palatino, serif\">2005-2008<\/span><\/td>\n<td style=\"width: 87.5297%;height: 24px\"><span style=\"font-family: georgia, palatino, serif\">Semmelweis University Budapest, PhD-fellow<\/span><\/td>\n<\/tr>\n<tr style=\"height: 24px\">\n<td style=\"width: 12.4703%;height: 24px\">\u00a0<\/td>\n<td style=\"width: 87.5297%;height: 24px\"><span style=\"font-family: georgia, palatino, serif\">&#8222;Tight junction \u00e9s adherent junction proteins in biliary tract cancers. 2010.&#8221;<\/span><\/td>\n<\/tr>\n<tr style=\"height: 24px\">\n<td style=\"width: 12.4703%;height: 24px\"><span style=\"font-family: georgia, palatino, serif\">1999-2002<\/span><\/td>\n<td style=\"width: 87.5297%;height: 24px\"><span style=\"font-family: georgia, palatino, serif\">E\u00f6tv\u00f6s Lor\u00e1nd University Budapest, biology teacher<\/span><\/td>\n<\/tr>\n<tr style=\"height: 24px\">\n<td style=\"width: 12.4703%;height: 24px\"><span style=\"font-family: georgia, palatino, serif\">1996-2001<\/span><\/td>\n<td style=\"width: 87.5297%;height: 24px\"><span style=\"font-family: georgia, palatino, serif\">E\u00f6tv\u00f6s Lor\u00e1nd University Budapest, biologist\/molecular biology MSc<\/span><\/td>\n<\/tr>\n<\/tbody>\n<\/table>\n<p><strong><span style=\"font-family: georgia, palatino, serif\">Other qualification<\/span><\/strong><\/p>\n<table style=\"border-collapse: collapse;width: 100.951%;height: 102px\">\n<tbody>\n<tr>\n<td style=\"width: 12.8976%\"><span style=\"font-family: georgia, palatino, serif\">2022<\/span><\/td>\n<td style=\"width: 88.0536%\"><span style=\"font-family: georgia, palatino, serif\">Massage therapist professional exam (NMA, Hungary)<\/span><\/td>\n<\/tr>\n<tr style=\"height: 24px\">\n<td style=\"width: 12.8976%;height: 24px\"><span style=\"font-family: georgia, palatino, serif\">2018<\/span><\/td>\n<td style=\"width: 88.0536%\"><span style=\"font-family: georgia, palatino, serif\">Fitoterapist professional exam (AEEK, Hungary)<\/span><\/td>\n<\/tr>\n<tr>\n<td style=\"width: 12.8976%\"><span style=\"font-family: georgia, palatino, serif\">2017<\/span><\/td>\n<td style=\"width: 88.0536%\"><span style=\"font-family: georgia, palatino, serif\">Naturopathy training, basic health exam (AEEK, Hungary)<\/span><\/td>\n<\/tr>\n<tr>\n<td style=\"width: 12.8976%\"><span style=\"font-family: georgia, palatino, serif\">2016<\/span><\/td>\n<td style=\"width: 88.0536%\"><span style=\"font-family: georgia, palatino, serif\">Naturopathy training, naturopathy basic exam (AEEK, Hungary)<\/span><\/td>\n<\/tr>\n<\/tbody>\n<\/table>\n<p><strong><span style=\"font-family: georgia, palatino, serif\">Experience<\/span><\/strong><\/p>\n<table style=\"border-collapse: collapse;width: 100.695%\">\n<tbody>\n<tr>\n<td style=\"width: 12.9501%\"><span style=\"font-family: georgia, palatino, serif\">2021-<\/span><\/td>\n<td style=\"width: 87.7475%\"><span style=\"font-family: georgia, palatino, serif\">Semmelweis University, Departement of Internal Medicine and Oncology, Budapest<\/span><\/td>\n<\/tr>\n<\/tbody>\n<\/table>\n<table style=\"border-collapse: collapse;width: 100.713%;height: 250px\">\n<tbody>\n<tr style=\"height: 25px\">\n<td style=\"width: 12.8266%;height: 25px\"><span style=\"font-family: georgia, palatino, serif\">2018-2021<\/span><\/td>\n<td style=\"width: 87.886%;height: 25px\"><span style=\"font-family: georgia, palatino, serif\">Semmelweis University, Oncology Center, Departement of Internal Medicine and Oncology, Budapest<\/span><\/td>\n<\/tr>\n<tr style=\"height: 25px\">\n<td style=\"width: 12.8266%;height: 25px\"><span style=\"font-family: georgia, palatino, serif\">2014-2017<\/span><\/td>\n<td style=\"width: 87.886%;height: 25px\"><span style=\"font-family: georgia, palatino, serif\">Queen&#8217;s University Belfast, The Patrick G Johnston Centre for Cancer Resarch; Institute of Global Food Security, Belfast, UK<\/span><\/td>\n<\/tr>\n<tr style=\"height: 25px\">\n<td style=\"width: 12.8266%;height: 25px\">\u00a0<\/td>\n<td style=\"width: 87.886%;height: 25px\"><span style=\"font-family: georgia, palatino, serif\">(formerly Centre for Cancer Research and Cell Biology)<\/span><\/td>\n<\/tr>\n<tr style=\"height: 25px\">\n<td style=\"width: 12.8266%;height: 25px\"><span style=\"font-family: georgia, palatino, serif\">2013-2014<\/span><\/td>\n<td style=\"width: 87.886%;height: 25px\"><span style=\"font-family: georgia, palatino, serif\">National Kor\u00e1nyi Institute of Pulmonology, Budapest, HU<\/span><\/td>\n<\/tr>\n<tr style=\"height: 25px\">\n<td style=\"width: 12.8266%;height: 25px\"><span style=\"font-family: georgia, palatino, serif\">2012-2013<\/span><\/td>\n<td style=\"width: 87.886%;height: 25px\"><span style=\"font-family: georgia, palatino, serif\">Beth Israel Deaconess Medical Center, Harvard Medical School, Boston, MA, US<\/span><\/td>\n<\/tr>\n<tr style=\"height: 25px\">\n<td style=\"width: 12.8266%;height: 25px\"><span style=\"font-family: georgia, palatino, serif\">2011-2012<\/span><\/td>\n<td style=\"width: 87.886%;height: 25px\"><span style=\"font-family: georgia, palatino, serif\">Institute of Enzymology, Budapest, HU<\/span><\/td>\n<\/tr>\n<tr style=\"height: 25px\">\n<td style=\"width: 12.8266%;height: 25px\"><span style=\"font-family: georgia, palatino, serif\">2009-2011<\/span><\/td>\n<td style=\"width: 87.886%;height: 25px\"><span style=\"font-family: georgia, palatino, serif\">Csertex Research and Prenatal Diagnostic Laboratory, Budapest, HU<\/span><\/td>\n<\/tr>\n<tr style=\"height: 25px\">\n<td style=\"width: 12.8266%;height: 25px\">\u00a0<\/td>\n<td style=\"width: 87.886%;height: 25px\"><span style=\"font-family: georgia, palatino, serif\">Laboratory of Cancer Prevention, NCI Frederick, PA, US<\/span><\/td>\n<\/tr>\n<tr style=\"height: 25px\">\n<td style=\"width: 12.8266%;height: 25px\"><span style=\"font-family: georgia, palatino, serif\">2005-2008<\/span><\/td>\n<td style=\"width: 87.886%;height: 25px\"><span style=\"font-family: georgia, palatino, serif\">Semmelweis University Budapest, 2nd Dept of Patology, Budapest, HU<\/span><\/td>\n<\/tr>\n<tr style=\"height: 25px\">\n<td style=\"width: 12.8266%;height: 25px\">\u00a0<\/td>\n<td style=\"width: 87.886%;height: 25px\"><span style=\"font-family: georgia, palatino, serif\">GenoID HPV Diagnostics Company, Budapest, HU<\/span><\/td>\n<\/tr>\n<\/tbody>\n<\/table>\n<table style=\"border-collapse: collapse;width: 100.594%;height: 97px\">\n<tbody>\n<tr style=\"height: 32px\">\n<td style=\"width: 12.8266%;height: 32px\">\u00a0<\/td>\n<td style=\"width: 87.7672%;height: 32px\"><span style=\"font-family: georgia, palatino, serif\">DAAD visiting fellow, Pathology Institute of Heidelberg, Heidelberg, D<\/span><\/td>\n<\/tr>\n<tr style=\"height: 32px\">\n<td style=\"width: 12.8266%;height: 32px\"><span style=\"font-family: georgia, palatino, serif\">2003-2005<\/span><\/td>\n<td style=\"width: 87.7672%;height: 32px\"><span style=\"font-family: georgia, palatino, serif\">Hospital of the Ministry of Internal Affairs (MIA), Budapest, HU<\/span><\/td>\n<\/tr>\n<tr style=\"height: 33px\">\n<td style=\"width: 12.8266%;height: 33px\">\u00a0<\/td>\n<td style=\"width: 87.7672%;height: 33px\"><span style=\"font-family: georgia, palatino, serif\">Hypertension and Lipidmetabolism Decentre, Budapest, HU<\/span><\/td>\n<\/tr>\n<\/tbody>\n<\/table>\n<p><strong><span style=\"font-family: georgia, palatino, serif\">Reviewer\u00a0<\/span><\/strong><\/p>\n<table style=\"border-collapse: collapse;width: 100%;height: 128px\">\n<tbody>\n<tr style=\"height: 32px\">\n<td style=\"width: 13.1829%;height: 32px\"><span style=\"font-family: georgia, palatino, serif\">2025-<\/span><\/td>\n<td style=\"width: 86.8171%;height: 32px\"><span style=\"font-family: georgia, palatino, serif\">Frontiers, Wiley, DovePress<\/span><\/td>\n<\/tr>\n<tr style=\"height: 32px\">\n<td style=\"width: 13.1829%;height: 32px\"><span style=\"font-family: georgia, palatino, serif\">2024-<\/span><\/td>\n<td style=\"width: 86.8171%;height: 32px\"><span style=\"font-family: georgia, palatino, serif\">Nutrients &#8211; MDPI<\/span><\/td>\n<\/tr>\n<tr style=\"height: 32px\">\n<td style=\"width: 13.1829%;height: 32px\"><span style=\"font-family: georgia, palatino, serif\">2023-<\/span><\/td>\n<td style=\"width: 86.8171%;height: 32px\"><span style=\"font-family: georgia, palatino, serif\">Cancers, IJMS &#8211; MDPI<\/span><\/td>\n<\/tr>\n<tr style=\"height: 32px\">\n<td style=\"width: 13.1829%;height: 32px\"><span style=\"font-family: georgia, palatino, serif\">2021<\/span><\/td>\n<td style=\"width: 86.8171%;height: 32px\"><span style=\"font-family: georgia, palatino, serif\">JoVE<\/span><\/td>\n<\/tr>\n<\/tbody>\n<\/table>\n<table style=\"border-collapse: collapse;width: 100%\">\n<tbody>\n<tr style=\"height: 32px\">\n<td style=\"width: 13.1829%;height: 32px\"><span style=\"font-family: georgia, palatino, serif\">2016<\/span><\/td>\n<td style=\"width: 86.8171%;height: 32px\"><span style=\"font-family: georgia, palatino, serif\">Cancer Research<\/span><\/td>\n<\/tr>\n<\/tbody>\n<\/table>\n<p><strong><span style=\"font-family: georgia, palatino, serif\">Professional memberships<\/span><\/strong><\/p>\n<table style=\"border-collapse: collapse;width: 100%;height: 160px\">\n<tbody>\n<tr style=\"height: 32px\">\n<td style=\"width: 13.1829%;height: 32px\"><span style=\"font-family: georgia, palatino, serif\">2024-<\/span><\/td>\n<td style=\"width: 86.8171%;height: 32px\"><span style=\"font-family: georgia, palatino, serif\">Humgarian Society for the Study of Obesity (HSSO)<\/span><\/td>\n<\/tr>\n<tr style=\"height: 32px\">\n<td style=\"width: 13.1829%;height: 32px\"><span style=\"font-family: georgia, palatino, serif\">2015-2020<\/span><\/td>\n<td style=\"width: 86.8171%;height: 32px\"><span style=\"font-family: georgia, palatino, serif\">American Association of Cancer Research (AACR), associate member<\/span><\/td>\n<\/tr>\n<tr style=\"height: 32px\">\n<td style=\"width: 13.1829%;height: 32px\"><span style=\"font-family: georgia, palatino, serif\">2005-2013 <\/span><\/td>\n<td style=\"width: 86.8171%;height: 32px\"><span style=\"font-family: georgia, palatino, serif\">Hungarian Society of Hypertension (HSH)<\/span><\/td>\n<\/tr>\n<tr style=\"height: 32px\">\n<td style=\"width: 13.1829%;height: 32px\"><span style=\"font-family: georgia, palatino, serif\">2005-2008 <\/span><\/td>\n<td style=\"width: 86.8171%;height: 32px\"><span style=\"font-family: georgia, palatino, serif\">The Hungarian Site of Patology (HSP)<\/span><\/td>\n<\/tr>\n<tr style=\"height: 32px\">\n<td style=\"width: 13.1829%;height: 32px\"><span style=\"font-family: georgia, palatino, serif\">2005-2008<\/span><\/td>\n<td style=\"width: 86.8171%;height: 32px\"><span style=\"font-family: georgia, palatino, serif\">Internationa Academy of Pathology (IAP)<\/span><\/td>\n<\/tr>\n<\/tbody>\n<\/table>\n<p><span style=\"font-family: georgia, palatino, serif\"><strong>Awards<\/strong><\/span><\/p>\n<table style=\"border-collapse: collapse;width: 100%\">\n<tbody>\n<tr>\n<td style=\"width: 13.4204%\"><span style=\"font-family: georgia, palatino, serif\">2015 <\/span><\/td>\n<td style=\"width: 86.5796%\"><span style=\"font-family: georgia, palatino, serif\">QUB, School Conference Travel Award, AACR Annual Meeting 2015, Philadelphia, PA, US<\/span><\/td>\n<\/tr>\n<tr>\n<td style=\"width: 13.4204%\"><span style=\"font-family: georgia, palatino, serif\">2015<\/span><\/td>\n<td style=\"width: 86.5796%\"><span style=\"font-family: georgia, palatino, serif\">QUB, Research and Enterprise Conference Travel Award<\/span><\/td>\n<\/tr>\n<tr>\n<td style=\"width: 13.4204%\"><span style=\"font-family: georgia, palatino, serif\">2009<\/span><\/td>\n<td style=\"width: 86.5796%\"><span style=\"font-family: georgia, palatino, serif\">Travel Award at 44th Annual Meeting of EASL, Copenhagen, Denmark<\/span><\/td>\n<\/tr>\n<\/tbody>\n<\/table>\n<p><strong><span style=\"font-family: georgia, palatino, serif\">Language<\/span><\/strong> <span style=\"font-family: georgia, palatino, serif\">English, German &#8211; intermediate language exams<\/span>\u00a0 \u00a0<\/p>\n<p><strong><span style=\"font-family: georgia, palatino, serif\">Hobby<\/span><\/strong> <span style=\"font-family: georgia, palatino, serif\">Iyengar Yoga, sport, singing, reading books, dance (latin and classic), embroidery, pottery<\/span><\/p>\n","protected":false},"excerpt":{"rendered":"<p>Education 2005-2008 Semmelweis University Budapest, PhD-fellow \u00a0 &#8222;Tight junction \u00e9s adherent junction proteins in biliary tract cancers. 2010.&#8221; 1999-2002 E\u00f6tv\u00f6s Lor\u00e1nd University Budapest, biology teacher 1996-2001 E\u00f6tv\u00f6s Lor\u00e1nd University Budapest, biologist\/molecular biology MSc Other qualification &hellip;<\/p>\n","protected":false},"author":121,"featured_media":0,"parent":0,"menu_order":0,"comment_status":"closed","ping_status":"closed","template":"","meta":{"footnotes":""},"class_list":["post-84","page","type-page","status-publish","hentry"],"_links":{"self":[{"href":"https:\/\/scholar.semmelweis.hu\/nemethzsuzsanna\/wp-json\/wp\/v2\/pages\/84"}],"collection":[{"href":"https:\/\/scholar.semmelweis.hu\/nemethzsuzsanna\/wp-json\/wp\/v2\/pages"}],"about":[{"href":"https:\/\/scholar.semmelweis.hu\/nemethzsuzsanna\/wp-json\/wp\/v2\/types\/page"}],"author":[{"embeddable":true,"href":"https:\/\/scholar.semmelweis.hu\/nemethzsuzsanna\/wp-json\/wp\/v2\/users\/121"}],"replies":[{"embeddable":true,"href":"https:\/\/scholar.semmelweis.hu\/nemethzsuzsanna\/wp-json\/wp\/v2\/comments?post=84"}],"version-history":[{"count":23,"href":"https:\/\/scholar.semmelweis.hu\/nemethzsuzsanna\/wp-json\/wp\/v2\/pages\/84\/revisions"}],"predecessor-version":[{"id":145,"href":"https:\/\/scholar.semmelweis.hu\/nemethzsuzsanna\/wp-json\/wp\/v2\/pages\/84\/revisions\/145"}],"wp:attachment":[{"href":"https:\/\/scholar.semmelweis.hu\/nemethzsuzsanna\/wp-json\/wp\/v2\/media?parent=84"}],"curies":[{"name":"wp","href":"https:\/\/api.w.org\/{rel}","templated":true}]}}