{"id":82,"date":"2024-07-05T20:05:31","date_gmt":"2024-07-05T18:05:31","guid":{"rendered":"https:\/\/scholar.semmelweis.hu\/nemethzsuzsanna\/?page_id=82"},"modified":"2024-07-08T15:33:11","modified_gmt":"2024-07-08T13:33:11","slug":"bemutatkozas-2","status":"publish","type":"page","link":"https:\/\/scholar.semmelweis.hu\/nemethzsuzsanna\/bemutatkozas-2\/","title":{"rendered":"Bemutatkoz\u00e1s"},"content":{"rendered":"<p style=\"text-align: justify\"><span style=\"font-family: georgia, palatino, serif\">AZ ELTE Term\u00e9szettudom\u00e1nyi Kar\u00e1n molekul\u00e1ris biol\u00f3gus \u00e9s biol\u00f3gia tan\u00e1rk\u00e9nt v\u00e9geztem. A diploma megszerz\u00e9s\u00e9t k\u00f6vet\u0151en t\u00fals\u00falyos betegekkel foglalkoz\u00f3 klinik\u00e1n tanulm\u00e1nyoztam a helytelen \u00e9letm\u00f3d eg\u00e9szs\u00e9get k\u00e1ros\u00edt\u00f3 metabolikus k\u00f6vetkezm\u00e9nyeit. Majd az eg\u00e9szs\u00e9g\u00fcgyi \u00e9s orvosi ell\u00e1t\u00e1shoz kapcsol\u00f3d\u00f3 diagnosztikai, kutat\u00f3i, k\u00e9s\u0151bb gy\u00f3gyszerfejleszt\u00e9si ter\u00fcleteken dolgoztam.<\/span><\/p>\n<p style=\"text-align: justify\"><span style=\"font-family: georgia, palatino, serif\">K\u00fclf\u00f6ld\u00f6n t\u00f6lt\u00f6tt 5 \u00e9v daganatos betegs\u00e9gekhez kapcsol\u00f3d\u00f3 kutat\u00e1s, gy\u00f3gyszerfejleszt\u00e9s \u00e9s transzl\u00e1ci\u00f3s\u00a0 ter\u00fcleten v\u00e9gett munka vezetett el a megel\u0151z\u00e9s els\u0151rend\u0171 fontoss\u00e1g\u00e1nak felismer\u00e9s\u00e9hez. El\u0151tte f\u0151k\u00e9nt az orvosi diagnosztika ter\u00fclete \u00e9rdekelt.<\/span><\/p>\n<p style=\"text-align: justify\"><span style=\"font-family: georgia, palatino, serif\">\u00c9rdekl\u0151d\u00e9si ter\u00fcletem az eg\u00e9szs\u00e9g meg\u0151rz\u00e9s\u00e9nek el\u0151seg\u00edt\u00e9se, a daganatos betegs\u00e9gek kialakul\u00e1s\u00e1nak megel\u0151z\u00e9se, a kezel\u00e9sek hat\u00e9konys\u00e1g\u00e1nak n\u00f6vel\u00e9se, \u00e9s ezek mell\u00e9khat\u00e1sainak cs\u00f6kkent\u00e9se. \u00cdgy a primer, szekunder \u00e9s tercier prevenci\u00f3.<\/span><\/p>\n<p style=\"text-align: justify\"><span style=\"font-family: georgia, palatino, serif\">F\u0151 kutat\u00e1si ir\u00e1nyok: az eg\u00e9szs\u00e9g meg\u0151rz\u00e9s\u00e9t seg\u00edt\u0151 t\u00e9nyez\u0151k vizsg\u00e1lata (t\u00e1pl\u00e1lkoz\u00e1s, \u00e9letm\u00f3d, viselked\u00e9si szok\u00e1sok \u00e9s gondolkod\u00e1si s\u00e9m\u00e1k), daganat megel\u0151z\u00e9s, molekul\u00e1ris biol\u00f3gia, immunol\u00f3gia, sejt biol\u00f3gia, diagnosztika.<\/span><\/p>\n","protected":false},"excerpt":{"rendered":"<p>AZ ELTE Term\u00e9szettudom\u00e1nyi Kar\u00e1n molekul\u00e1ris biol\u00f3gus \u00e9s biol\u00f3gia tan\u00e1rk\u00e9nt v\u00e9geztem. A diploma megszerz\u00e9s\u00e9t k\u00f6vet\u0151en t\u00fals\u00falyos betegekkel foglalkoz\u00f3 klinik\u00e1n tanulm\u00e1nyoztam a helytelen \u00e9letm\u00f3d eg\u00e9szs\u00e9get k\u00e1ros\u00edt\u00f3 metabolikus k\u00f6vetkezm\u00e9nyeit. Majd az eg\u00e9szs\u00e9g\u00fcgyi \u00e9s orvosi ell\u00e1t\u00e1shoz kapcsol\u00f3d\u00f3 diagnosztikai, kutat\u00f3i, &hellip;<\/p>\n","protected":false},"author":121,"featured_media":0,"parent":0,"menu_order":0,"comment_status":"closed","ping_status":"closed","template":"","meta":{"footnotes":""},"class_list":["post-82","page","type-page","status-publish","hentry"],"_links":{"self":[{"href":"https:\/\/scholar.semmelweis.hu\/nemethzsuzsanna\/wp-json\/wp\/v2\/pages\/82"}],"collection":[{"href":"https:\/\/scholar.semmelweis.hu\/nemethzsuzsanna\/wp-json\/wp\/v2\/pages"}],"about":[{"href":"https:\/\/scholar.semmelweis.hu\/nemethzsuzsanna\/wp-json\/wp\/v2\/types\/page"}],"author":[{"embeddable":true,"href":"https:\/\/scholar.semmelweis.hu\/nemethzsuzsanna\/wp-json\/wp\/v2\/users\/121"}],"replies":[{"embeddable":true,"href":"https:\/\/scholar.semmelweis.hu\/nemethzsuzsanna\/wp-json\/wp\/v2\/comments?post=82"}],"version-history":[{"count":3,"href":"https:\/\/scholar.semmelweis.hu\/nemethzsuzsanna\/wp-json\/wp\/v2\/pages\/82\/revisions"}],"predecessor-version":[{"id":123,"href":"https:\/\/scholar.semmelweis.hu\/nemethzsuzsanna\/wp-json\/wp\/v2\/pages\/82\/revisions\/123"}],"wp:attachment":[{"href":"https:\/\/scholar.semmelweis.hu\/nemethzsuzsanna\/wp-json\/wp\/v2\/media?parent=82"}],"curies":[{"name":"wp","href":"https:\/\/api.w.org\/{rel}","templated":true}]}}