{"id":3,"date":"2021-05-26T08:02:56","date_gmt":"2021-05-26T06:02:56","guid":{"rendered":"https:\/\/scholar.semmelweis.hu\/nemethzsuzsanna\/elerhetoseg\/"},"modified":"2025-03-24T10:38:39","modified_gmt":"2025-03-24T09:38:39","slug":"elerhetoseg-contact-details","status":"publish","type":"page","link":"https:\/\/scholar.semmelweis.hu\/nemethzsuzsanna\/elerhetoseg-contact-details\/","title":{"rendered":"El\u00e9rhet\u0151s\u00e9g\/Contact details"},"content":{"rendered":"<p><span style=\"font-family: georgia, palatino, serif;font-size: 12pt\"><b>N\u00e9meth Zsuzsanna, PhD<\/b><\/span><\/p>\n<div>\n<div><span style=\"font-family: georgia, palatino, serif;color: #000000;font-size: 12pt\">Department of Internal Medicine and Oncology<\/span><\/div>\n<div><span style=\"font-family: georgia, palatino, serif;color: #000000;font-size: 12pt\">Semmelweis University<\/span><\/div>\n<div><span style=\"font-family: georgia, palatino, serif;color: #000000;font-size: 12pt\">H-1083 Budapest, Kor\u00e1nyi S\u00e1ndor u. 2\/a.<\/span><\/div>\n<div><span style=\"font-family: georgia, palatino, serif;color: #000000;font-size: 12pt\">Phone:\u00a0+36 20 670 1025<\/span><\/div>\n<div><span style=\"font-family: georgia, palatino, serif;font-size: 12pt\"><span style=\"color: #000000\">Email: <\/span><a href=\"mailto:nemeth.zsuzsanna@med.semmelweis-univ.hu\" target=\"_blank\" rel=\"noopener noreferrer\">nemeth.zsuzsanna@semmelweis.hu<\/a><\/span><\/div>\n<div><span style=\"font-family: georgia, palatino, serif;font-size: 12pt\"><span style=\"color: #000000\">Website: <a href=\"https:\/\/scholar.semmelweis.hu\/nemethzsuzsanna\/\">https:\/\/scholar.semmelweis.hu\/nemethzsuzsanna\/<\/a><\/span><\/span><\/div>\n<div><span style=\"font-size: 12pt\"><a href=\"https:\/\/semmelweis.hu\/belonko\/munkatarsak\/\">https:\/\/semmelweis.hu\/belonko\/munkatarsak\/<\/a><\/span><\/div>\n<div>\u00a0<\/div>\n<\/div>\n<div>\u00a0<\/div>\n<div>\u00a0<\/div>\n<div>\u00a0<\/div>\n<div>\u00a0<\/div>\n","protected":false},"excerpt":{"rendered":"<p>N\u00e9meth Zsuzsanna, PhD<\/p>\n<p>Department of Internal Medicine and Oncology<br \/>\nSemmelweis University<br \/>\nH-1083 Budapest, Kor\u00e1nyi S\u00e1ndor u. 2\/a.<br \/>\nPhone:\u00a0+36 20 670 1025<br \/>\nEmail: <a href=\"mailto:nemeth.zsuzsanna@med.semmelweis-univ.hu\" target=\"_blank\" rel=\"noopener noreferrer\">nemeth.zsuzsanna@semmelweis.hu<\/a><br \/>\nWebsite: <a href=\"https:\/\/scholar.semmelweis.hu\/nemethzsuzsanna\/\">https:\/\/scholar.semmelweis.hu\/nemethzsuzsanna\/<\/a><br \/>\n<a href=\"https:\/\/semmelweis.hu\/belonko\/munkatarsak\/\">https:\/\/semmelweis.hu\/belonko\/munkatarsak\/<\/a><br \/>\n\u00a0<\/p>\n<p>\u00a0<br \/>\n\u00a0<br \/>\n\u00a0<br \/>\n\u00a0<\/p>\n","protected":false},"author":121,"featured_media":0,"parent":0,"menu_order":0,"comment_status":"closed","ping_status":"closed","template":"","meta":{"footnotes":""},"class_list":["post-3","page","type-page","status-publish","hentry"],"_links":{"self":[{"href":"https:\/\/scholar.semmelweis.hu\/nemethzsuzsanna\/wp-json\/wp\/v2\/pages\/3"}],"collection":[{"href":"https:\/\/scholar.semmelweis.hu\/nemethzsuzsanna\/wp-json\/wp\/v2\/pages"}],"about":[{"href":"https:\/\/scholar.semmelweis.hu\/nemethzsuzsanna\/wp-json\/wp\/v2\/types\/page"}],"author":[{"embeddable":true,"href":"https:\/\/scholar.semmelweis.hu\/nemethzsuzsanna\/wp-json\/wp\/v2\/users\/121"}],"replies":[{"embeddable":true,"href":"https:\/\/scholar.semmelweis.hu\/nemethzsuzsanna\/wp-json\/wp\/v2\/comments?post=3"}],"version-history":[{"count":15,"href":"https:\/\/scholar.semmelweis.hu\/nemethzsuzsanna\/wp-json\/wp\/v2\/pages\/3\/revisions"}],"predecessor-version":[{"id":141,"href":"https:\/\/scholar.semmelweis.hu\/nemethzsuzsanna\/wp-json\/wp\/v2\/pages\/3\/revisions\/141"}],"wp:attachment":[{"href":"https:\/\/scholar.semmelweis.hu\/nemethzsuzsanna\/wp-json\/wp\/v2\/media?parent=3"}],"curies":[{"name":"wp","href":"https:\/\/api.w.org\/{rel}","templated":true}]}}