{"id":3,"date":"2015-06-11T08:22:02","date_gmt":"2015-06-11T06:22:02","guid":{"rendered":"http:\/\/scholar.semmelweis.hu\/nemethzsolt\/bemutatkozas\/"},"modified":"2025-03-18T19:51:27","modified_gmt":"2025-03-18T18:51:27","slug":"bemutatkozas","status":"publish","type":"page","link":"https:\/\/scholar.semmelweis.hu\/nemethzsolt\/","title":{"rendered":"Bemutatkoz\u00e1s"},"content":{"rendered":"<p>Az orvosi p\u00e1ly\u00e1t p\u00e9ldak\u00e9pem, \u00c9desap\u00e1m, Dr. N\u00e9meth Gy\u00f6rgy onkol\u00f3gus professzor javaslat\u00e1ra v\u00e1lasztottam.<\/p>\n<p>1988-\u00f3ta dolgozom a Semmelweis Egyetemen, 2016. \u00e1prilis 10.-\u00e9n tansz\u00e9kvezet\u0151i megb\u00edz\u00e1st kaptam az Arc-\u00c1llcsont-Sz\u00e1jseb\u00e9szeti \u00e9s Fog\u00e1szati Klinik\u00e1n.<\/p>\n<p>2013-\u00f3ta a Fogorvostudom\u00e1nyi Kar d\u00e9k\u00e1nhelyettese vagyok.<\/p>\n<p>Szakvizsg\u00e1t szereztem Fog- \u00e9s Sz\u00e1jbetegs\u00e9gekb\u0151l, Sz\u00e1jseb\u00e9szetb\u0151l, Klinikai Onkol\u00f3gi\u00e1b\u00f3l, Arc- \u00c1llcsont- Sz\u00e1jseb\u00e9szetb\u0151l, Or\u00e1lis Implantol\u00f3gi\u00e1b\u00f3l.<br \/>\n2000-ben, a sk\u00f3ciai Edinburgh-ban eur\u00f3pai szakvizsg\u00e1t tettem (EBOMFS).<br \/>\nPhD fokozatomat 2006-ban, a habilit\u00e1ci\u00f3t 2013-ban abszolv\u00e1ltam.<br \/>\n1996-2012-ig F\u0151titk\u00e1ra, 2012-2020-ig Eln\u00f6ke voltam a Magyar Arc-, \u00c1llcsont- \u00e9s Sz\u00e1jseb\u00e9szeti T\u00e1rsas\u00e1gnak.<br \/>\n2009-\u00f3ta \u00e9n k\u00e9pviselem Haz\u00e1nkat Br\u00fcsszelben az UEMS \u00fcl\u00e9sein (Board and Section representative).<\/p>\n<p>F\u0151 szakter\u00fcletem az Arc- \u00c1llcsont- Sz\u00e1jseb\u00e9szet, ezen bel\u00fcl els\u0151sorban az onkol\u00f3gia.<\/p>\n<p>F\u0151bb, tudom\u00e1nyos \u00e9rdekl\u0151d\u00e9si ter\u00fcleteim:<br \/>\nRosszindulat\u00fa sz\u00e1j\u00fcregi daganatok kezel\u00e9sekor jelent\u0151s prognosztikus \u00e9s predikt\u00edv faktorok.<br \/>\nFiatal betegek rosszindulat\u00fa sz\u00e1j\u00fcregi daganatainak etiol\u00f3giai, prognosztikai faktorai (HPV).<br \/>\nA sz\u00e1j\u00fcregi daganatok etiol\u00f3gi\u00e1j\u00e1nak n\u00e9peg\u00e9szs\u00e9g\u00fcgyi vonatkoz\u00e1sai.<\/p>\n<p>Magyar, angol \u00e9s n\u00e9met nyelven oktatom, vizsg\u00e1ztatom, a z\u00e1r\u00f3vizsga-bizotts\u00e1g tagjak\u00e9nt z\u00e1r\u00f3vizsg\u00e1ztatom Egyetem\u00fcnk hallgat\u00f3it.<\/p>\n<p>Megtisztel\u0151nek tartom, hogy klinikai munk\u00e1m \u00e9s oktat\u00f3i tev\u00e9kenys\u00e9gem sor\u00e1n elnyertem a Semmelweis Egyetem &#8221; Kiv\u00e1l\u00f3 oktat\u00f3i&#8221; \u00e9s &#8222;Kiv\u00e1l\u00f3 dolgoz\u00f3ja&#8221; elismer\u00e9seket.<\/p>\n<p>2016-ban az Arc- \u00c1llcsont- Sz\u00e1jseb\u00e9szeti Gr\u00e9mium eln\u00f6k\u00e9nek k\u00e9rtek fel.<\/p>\n<p>2023-ban egyetemi tan\u00e1ri kinevez\u00e9st kaptam.<\/p>\n<p>Tagja vagyok Egyetem\u00fcnk Szen\u00e1tus\u00e1nak, a Szakmai Koll\u00e9gium Arc-, \u00c1llcsont \u00e9s Sz\u00e1jseb\u00e9szeti Tagozat\u00e1nak, az \u00c1ltal\u00e1nos\u00a0 Orvostudom\u00e1nyi Kar \u00e9s a Fogorvostudom\u00e1nyi Kar tan\u00e1cs\u00e1nak.<\/p>\n","protected":false},"excerpt":{"rendered":"<p>Az orvosi p\u00e1ly\u00e1t p\u00e9ldak\u00e9pem, \u00c9desap\u00e1m, Dr. N\u00e9meth Gy\u00f6rgy onkol\u00f3gus professzor javaslat\u00e1ra v\u00e1lasztottam. 1988-\u00f3ta dolgozom a Semmelweis Egyetemen, 2016. \u00e1prilis 10.-\u00e9n tansz\u00e9kvezet\u0151i megb\u00edz\u00e1st kaptam az Arc-\u00c1llcsont-Sz\u00e1jseb\u00e9szeti \u00e9s Fog\u00e1szati Klinik\u00e1n. 2013-\u00f3ta a Fogorvostudom\u00e1nyi Kar d\u00e9k\u00e1nhelyettese vagyok. Szakvizsg\u00e1t &hellip;<\/p>\n","protected":false},"author":23,"featured_media":0,"parent":0,"menu_order":0,"comment_status":"closed","ping_status":"closed","template":"","meta":{"footnotes":""},"class_list":["post-3","page","type-page","status-publish","hentry"],"_links":{"self":[{"href":"https:\/\/scholar.semmelweis.hu\/nemethzsolt\/wp-json\/wp\/v2\/pages\/3"}],"collection":[{"href":"https:\/\/scholar.semmelweis.hu\/nemethzsolt\/wp-json\/wp\/v2\/pages"}],"about":[{"href":"https:\/\/scholar.semmelweis.hu\/nemethzsolt\/wp-json\/wp\/v2\/types\/page"}],"author":[{"embeddable":true,"href":"https:\/\/scholar.semmelweis.hu\/nemethzsolt\/wp-json\/wp\/v2\/users\/23"}],"replies":[{"embeddable":true,"href":"https:\/\/scholar.semmelweis.hu\/nemethzsolt\/wp-json\/wp\/v2\/comments?post=3"}],"version-history":[{"count":10,"href":"https:\/\/scholar.semmelweis.hu\/nemethzsolt\/wp-json\/wp\/v2\/pages\/3\/revisions"}],"predecessor-version":[{"id":58,"href":"https:\/\/scholar.semmelweis.hu\/nemethzsolt\/wp-json\/wp\/v2\/pages\/3\/revisions\/58"}],"wp:attachment":[{"href":"https:\/\/scholar.semmelweis.hu\/nemethzsolt\/wp-json\/wp\/v2\/media?parent=3"}],"curies":[{"name":"wp","href":"https:\/\/api.w.org\/{rel}","templated":true}]}}