{"id":2,"date":"2015-06-11T08:22:02","date_gmt":"2015-06-11T06:22:02","guid":{"rendered":"http:\/\/scholar.semmelweis.hu\/nemethzsolt\/cv\/"},"modified":"2025-03-18T20:17:56","modified_gmt":"2025-03-18T19:17:56","slug":"cv","status":"publish","type":"page","link":"https:\/\/scholar.semmelweis.hu\/nemethzsolt\/cv\/","title":{"rendered":"CV"},"content":{"rendered":"<p>Prof. Dr. N\u00e9meth Zsolt<\/p>\n<p>1988-ban v\u00e9geztem a Semmelweis Egyetem \u00c1ltal\u00e1nos Orvostudom\u00e1nyi Kar\u00e1n, cum laude min\u0151s\u00edt\u00e9ssel. Ezt k\u00f6vet\u0151en a Fogorvostudom\u00e1nyi Kar Sz\u00e1jseb\u00e9szeti \u00e9s Fog\u00e1szati Klinik\u00e1j\u00e1n (mai nev\u00e9n az Arc-\u00c1llcsont-Sz\u00e1jseb\u00e9szeti \u00e9s Fog\u00e1szati Klinika), Szab\u00f3 professzor \u00far vezet\u00e9s\u00e9vel kezdtem el dolgozni.<\/p>\n<p>1995 \u00e9s 2019 k\u00f6z\u00f6tt fog- \u00e9s sz\u00e1jbetegs\u00e9gekb\u0151l, sz\u00e1jseb\u00e9szetb\u0151l, klinikai onkol\u00f3gi\u00e1b\u00f3l, arc-\u00e1llcsontsz\u00e1jseb\u00e9szetb\u0151l, or\u00e1lis implantol\u00f3gi\u00e1b\u00f3l szereztem szakvizsg\u00e1kat. 2000-ben, a sk\u00f3ciai Edinburgh-ban eur\u00f3pai szakvizsg\u00e1t szereztem (UEMS\/FEBOMFS).<\/p>\n<p>N\u00e9met nyelvb\u0151l fels\u0151fok\u00fa, angol nyelvb\u0151l k\u00f6z\u00e9pfok\u00fa, orosz nyelvb\u0151l alapfok\u00fa nyelvvizsg\u00e1val rendelkezem.<\/p>\n<p>PhD \u00e9rtekez\u00e9semet 2006-ban, habilit\u00e1ci\u00f3mat 2013-ban abszolv\u00e1ltam.<\/p>\n<p>1993-ban tan\u00e1rseg\u00e9dd\u00e9, 1998-ban adjunktuss\u00e1, 2007-ben egyetemi docenss\u00e9, 2023-ban egyetemi tan\u00e1rr\u00e1 neveztek ki.<\/p>\n<p>2013 \u00f3ta vagyok a Fogorvostudom\u00e1nyi Kar d\u00e9k\u00e1nhelyettese, 2016-ban kaptam megb\u00edz\u00e1st az Arc-\u00c1llcsont-Sz\u00e1jseb\u00e9szeti \u00e9s Fog\u00e1szati Klinika igazgat\u00f3i \u00e1ll\u00e1s\u00e1nak bet\u00f6lt\u00e9s\u00e9re.<\/p>\n<p>35 \u00e9ve (1990 \u00f3ta) veszek r\u00e9szt a magyar, angol \u00e9s n\u00e9met fogorvostanhallgat\u00f3k, tov\u00e1bb\u00e1 az \u00e1ltal\u00e1nos orvostanhallgat\u00f3k elm\u00e9leti \u00e9s gyakorlati k\u00e9pz\u00e9s\u00e9ben, vizsg\u00e1ztat\u00e1s\u00e1ban.<\/p>\n<p>Rendszeresen adok el\u0151 a \u201eSz\u00e1jseb\u00e9szet\u201d (FOK) az \u201eImplantol\u00f3gia\u201d (FOK) a \u201ePrevent\u00edv Fog\u00e1szat\u201d (FOK) \u00e9s tartok gyakorlatot a \u201eSz\u00e1jseb\u00e9szet \u00e9s Fog\u00e1szat\u201d (\u00c1OK) tant\u00e1rgyak angol, n\u00e9met \u00e9s magyar hallgat\u00f3inak.<\/p>\n<p>2 k\u00f6telez\u0151 \u00e9s 2 szabadon v\u00e1laszthat\u00f3 tant\u00e1rgynak vagyok tant\u00e1rgyi el\u0151ad\u00f3ja.<\/p>\n<p>Eddig 4 hallgat\u00f3m v\u00e9dte meg PhD t\u00e9ziseit, jelenleg 4 hallgat\u00f3 v\u00e9gzi kutat\u00f3munk\u00e1j\u00e1t t\u00e9mavezet\u00e9sem mellett.<\/p>\n<p>12 \u00e9ven kereszt\u00fcl (2004-2016) \u00e9n szerveztem az V. \u00e9ves fogorvostanhallgat\u00f3k Fekv\u0151oszt\u00e1lyos (t\u00f6mb\u00f6s\u00edtett) gyakorlati k\u00e9pz\u00e9s\u00e9t, mindh\u00e1rom nyelven r\u00e9szt vettem az oktat\u00e1sukban is.<\/p>\n<p>19 \u00e9ven \u00e1t, (1997-2016) az \u00c1OK angol IV. \u00e9vfolyam tanulm\u00e1nyi felel\u0151se voltam.<\/p>\n<p>12 \u00e9ven \u00e1t (2004-2016) a Fogorvostudom\u00e1nyi Kar Gyermekfog\u00e1szati \u00e9s Fogszab\u00e1lyoz\u00e1si Klinik\u00e1j\u00e1n voltam a Z\u00e1r\u00f3vizsgabizotts\u00e1g tagja, 6 \u00e9ve (2017-t\u0151l) Klinik\u00e1nkon vagyok a Bizotts\u00e1g eln\u00f6ke.<\/p>\n<p>Rendszeres el\u0151ad\u00f3ja vagyok posztgradu\u00e1lis kurzusoknak, t\u00f6rzsk\u00e9pz\u00e9si, k\u00f6telez\u0151 szinten tart\u00f3 tanfolyamoknak.<\/p>\n<p>Eln\u00f6ke vagyok a Semmelweis Egyetem arc-\u00e1llcsont-sz\u00e1jseb\u00e9szeti Gr\u00e9mium\u00e1nak, tov\u00e1bb\u00e1 az arc-\u00e1llcsont-sz\u00e1jseb\u00e9szeti szakvizsgabizotts\u00e1gnak. Tagja vagyok a dentoalveol\u00e1ris \u00e9s klinikai onkol\u00f3giai szakvizsgabizotts\u00e1goknak.<\/p>\n<p>16 \u00e9ven kereszt\u00fcl F\u0151titk\u00e1ra, majd 8 \u00e9ven kereszt\u00fcl eln\u00f6ke voltam a Magyar Arc-, \u00c1llcsont- \u00e9s Sz\u00e1jseb\u00e9szeti T\u00e1rsas\u00e1gnak.<\/p>\n<p>Tagja vagyok a Szakmai Koll\u00e9gium Arc-, \u00c1llcsont- \u00e9s Sz\u00e1jseb\u00e9szeti Tagozat\u00e1nak.<\/p>\n<p>2023-t\u00f3l tagja vagyok a Semmelweis Egyetem Szen\u00e1tus\u00e1nak, elnyertem a Semmelweis Egyetem \u201eKiv\u00e1l\u00f3 oktat\u00f3ja\u201d, \u201eKiv\u00e1l\u00f3 dolgoz\u00f3ja\u201d elismer\u00e9seket.<\/p>\n<p>Tagja vagyok a Fogorvostudom\u00e1nyi Kar \u00e9s az \u00c1ltal\u00e1nos Orvostudom\u00e1nyi Kar Tan\u00e1cs\u00e1nak.<\/p>\n<p>2022-ben, munkat\u00e1rsaimmal (t\u00e9mavezet\u0151k\u00e9nt), \u201eSemmelweis Egyetem innov\u00e1ci\u00f3s d\u00edjat\u201d kaptunk.<\/p>\n<p>Az \u00f6sszes tudom\u00e1nyos k\u00f6zlem\u00e9nyeimre kapott f\u00fcggetlen cit\u00e1ci\u00f3im sz\u00e1ma: 936<\/p>\n<p>Hirsch indexem: 17<\/p>\n<p>g indexem: 30<\/p>\n<p>&nbsp;<\/p>\n","protected":false},"excerpt":{"rendered":"<p>Prof. Dr. N\u00e9meth Zsolt 1988-ban v\u00e9geztem a Semmelweis Egyetem \u00c1ltal\u00e1nos Orvostudom\u00e1nyi Kar\u00e1n, cum laude min\u0151s\u00edt\u00e9ssel. Ezt k\u00f6vet\u0151en a Fogorvostudom\u00e1nyi Kar Sz\u00e1jseb\u00e9szeti \u00e9s Fog\u00e1szati Klinik\u00e1j\u00e1n (mai nev\u00e9n az Arc-\u00c1llcsont-Sz\u00e1jseb\u00e9szeti \u00e9s Fog\u00e1szati Klinika), Szab\u00f3 professzor \u00far vezet\u00e9s\u00e9vel &hellip;<\/p>\n","protected":false},"author":23,"featured_media":0,"parent":0,"menu_order":0,"comment_status":"closed","ping_status":"closed","template":"","meta":{"footnotes":""},"class_list":["post-2","page","type-page","status-publish","hentry"],"_links":{"self":[{"href":"https:\/\/scholar.semmelweis.hu\/nemethzsolt\/wp-json\/wp\/v2\/pages\/2"}],"collection":[{"href":"https:\/\/scholar.semmelweis.hu\/nemethzsolt\/wp-json\/wp\/v2\/pages"}],"about":[{"href":"https:\/\/scholar.semmelweis.hu\/nemethzsolt\/wp-json\/wp\/v2\/types\/page"}],"author":[{"embeddable":true,"href":"https:\/\/scholar.semmelweis.hu\/nemethzsolt\/wp-json\/wp\/v2\/users\/23"}],"replies":[{"embeddable":true,"href":"https:\/\/scholar.semmelweis.hu\/nemethzsolt\/wp-json\/wp\/v2\/comments?post=2"}],"version-history":[{"count":5,"href":"https:\/\/scholar.semmelweis.hu\/nemethzsolt\/wp-json\/wp\/v2\/pages\/2\/revisions"}],"predecessor-version":[{"id":59,"href":"https:\/\/scholar.semmelweis.hu\/nemethzsolt\/wp-json\/wp\/v2\/pages\/2\/revisions\/59"}],"wp:attachment":[{"href":"https:\/\/scholar.semmelweis.hu\/nemethzsolt\/wp-json\/wp\/v2\/media?parent=2"}],"curies":[{"name":"wp","href":"https:\/\/api.w.org\/{rel}","templated":true}]}}