{"id":1,"date":"2015-06-11T08:22:02","date_gmt":"2015-06-11T06:22:02","guid":{"rendered":"http:\/\/scholar.semmelweis.hu\/nemethzsolt\/elerhetoseg\/"},"modified":"2025-03-18T20:20:57","modified_gmt":"2025-03-18T19:20:57","slug":"elerhetoseg","status":"publish","type":"page","link":"https:\/\/scholar.semmelweis.hu\/nemethzsolt\/elerhetoseg\/","title":{"rendered":"El\u00e9rhet\u0151s\u00e9g"},"content":{"rendered":"<p>Prof. Dr. N\u00e9meth Zsolt egyetemi tan\u00e1r<br \/>\nSemmelweis Egyetem, Fogorvostudom\u00e1nyi Kar<br \/>\nArc-\u00c1llcsont-Sz\u00e1jseb\u00e9szeti \u00e9s Fog\u00e1szati Klinika<br \/>\n1085 Budapest, M\u00e1ria u. 52.<br \/>\nEmail: titkarsag.arcallcsont@semmelweis.hu<br \/>\nTel: 00-36-1-2660-456<br \/>\nFax: 00-36-1-2660-456<\/p>\n<p>&nbsp;<\/p>\n","protected":false},"excerpt":{"rendered":"<p>Prof. Dr. N\u00e9meth Zsolt egyetemi tan\u00e1r<br \/>\nSemmelweis Egyetem, Fogorvostudom\u00e1nyi Kar<br \/>\nArc-\u00c1llcsont-Sz\u00e1jseb\u00e9szeti \u00e9s Fog\u00e1szati Klinika<br \/>\n1085 Budapest, M\u00e1ria u. 52.<br \/>\nEmail: titkarsag.arcallcsont@semmelweis.hu<br \/>\nTel: 00-36-1-2660-456<br \/>\nFax: 00-36-1-2660-456<br \/>\n&nbsp;<\/p>\n","protected":false},"author":23,"featured_media":0,"parent":0,"menu_order":0,"comment_status":"closed","ping_status":"closed","template":"","meta":{"footnotes":""},"class_list":["post-1","page","type-page","status-publish","hentry"],"_links":{"self":[{"href":"https:\/\/scholar.semmelweis.hu\/nemethzsolt\/wp-json\/wp\/v2\/pages\/1"}],"collection":[{"href":"https:\/\/scholar.semmelweis.hu\/nemethzsolt\/wp-json\/wp\/v2\/pages"}],"about":[{"href":"https:\/\/scholar.semmelweis.hu\/nemethzsolt\/wp-json\/wp\/v2\/types\/page"}],"author":[{"embeddable":true,"href":"https:\/\/scholar.semmelweis.hu\/nemethzsolt\/wp-json\/wp\/v2\/users\/23"}],"replies":[{"embeddable":true,"href":"https:\/\/scholar.semmelweis.hu\/nemethzsolt\/wp-json\/wp\/v2\/comments?post=1"}],"version-history":[{"count":5,"href":"https:\/\/scholar.semmelweis.hu\/nemethzsolt\/wp-json\/wp\/v2\/pages\/1\/revisions"}],"predecessor-version":[{"id":60,"href":"https:\/\/scholar.semmelweis.hu\/nemethzsolt\/wp-json\/wp\/v2\/pages\/1\/revisions\/60"}],"wp:attachment":[{"href":"https:\/\/scholar.semmelweis.hu\/nemethzsolt\/wp-json\/wp\/v2\/media?parent=1"}],"curies":[{"name":"wp","href":"https:\/\/api.w.org\/{rel}","templated":true}]}}