{"id":5,"date":"2022-06-26T22:10:08","date_gmt":"2022-06-26T20:10:08","guid":{"rendered":"https:\/\/scholar.semmelweis.hu\/nemeslaszlo\/bemutatkozas\/"},"modified":"2025-12-30T01:52:16","modified_gmt":"2025-12-30T00:52:16","slug":"bemutatkozas","status":"publish","type":"page","link":"https:\/\/scholar.semmelweis.hu\/nemeslaszlo\/","title":{"rendered":"Bemutatkoz\u00e1s"},"content":{"rendered":"<p style=\"text-align: justify\">Bioetikus, filoz\u00f3fus, filoz\u00f3fiai tan\u00e1csad\u00f3 vagyok. Els\u0151sorban a biol\u00f3gia \u00e9s az orvosl\u00e1s etikai \u00e9s filoz\u00f3fiai szempontjai \u00e9rdekelnek, abban hiszek, hogy ezek a k\u00e9rd\u00e9sek az orvosk\u00e9pz\u00e9sben is meghat\u00e1roz\u00f3 szerepet kaphatnak. Kor\u00e1bban (1998-2014) a Debreceni Egyetem Magatart\u00e1studom\u00e1nyi Int\u00e9zet\u00e9ben dolgoztam, ahol bioetik\u00e1t, orvosi antropol\u00f3gi\u00e1t, valamint evol\u00faci\u00f3s medicin\u00e1t tan\u00edtottam. Ezt k\u00f6vet\u0151en (2015-2019) az egri Eszterh\u00e1zy K\u00e1roly Egyetem Filoz\u00f3fia Tansz\u00e9k\u00e9n oktattam etik\u00e1t, gyakorlati etik\u00e1t \u00e9s etikat\u00f6rt\u00e9netet. 2019-ben kapcsol\u00f3dtam a Semmelweis Egyetem Magatart\u00e1studom\u00e1nyi Int\u00e9zet\u00e9hez, ahol bioetik\u00e1t \u00e9s orvosi humani\u00f3r\u00e1kat tan\u00edtok. Emellett a Tomori P\u00e1l F\u0151iskol\u00e1n vagyok \u00f3raad\u00f3 (2022-t\u0151l), ahol az angol nyelv\u0171 programban veszek r\u00e9szt civiliz\u00e1ci\u00f3s \u00e9s filoz\u00f3fiai t\u00e9m\u00e1j\u00fa t\u00e1rgyak oktat\u00e1s\u00e1ban.\u00a0<\/p>\n<p style=\"text-align: justify\">Oktat\u00e1si \u00e9s kutat\u00e1si tev\u00e9kenys\u00e9gem mellett rendszeresen tartok k\u00f6z\u00f6ss\u00e9gi besz\u00e9lget\u00e9seket Filoz\u00f3fiai K\u00e1v\u00e9h\u00e1z, Hal\u00e1l K\u00e1v\u00e9h\u00e1z, Bioetika K\u00e1v\u00e9h\u00e1z vagy Filoz\u00f3fiai K\u00f6nyvklub n\u00e9ven, k\u00fcl\u00f6nb\u00f6z\u0151 helyeken \u00e9s k\u00f6rnyezetben, k\u00f6zt\u00fck 2014-t\u0151l egy heti rendszeress\u00e9g\u0171 Filoz\u00f3fiai K\u00e1v\u00e9h\u00e1z nev\u0171 csoportos besz\u00e9lget\u00e9st az \u00c9bred\u00e9sek Alap\u00edtv\u00e1ny k\u00f6z\u00f6ss\u00e9gi pszichi\u00e1triai k\u00f6zpontban. Az \u00e9letv\u00e9gi k\u00e9rd\u00e9sek filoz\u00f3fiai \u00e9s etikai szempontjai r\u00e9g\u00f3ta \u00e9rdekelnek, \u00edgy lettem a <em>Khar\u00f3n Thanatol\u00f3giai Szemle<\/em> c\u00edm\u0171 foly\u00f3irat szerkeszt\u0151s\u00e9gi tagja. Kutat\u00e1si, publik\u00e1ci\u00f3s tev\u00e9kenys\u00e9gem a bioetika, a biol\u00f3gia filoz\u00f3fi\u00e1ja, valamint a filoz\u00f3fiai praxis t\u00e9m\u00e1ihoz kapcsol\u00f3dnak.<\/p>\n","protected":false},"excerpt":{"rendered":"<p>Bioetikus, filoz\u00f3fus, filoz\u00f3fiai tan\u00e1csad\u00f3 vagyok. Els\u0151sorban a biol\u00f3gia \u00e9s az orvosl\u00e1s etikai \u00e9s filoz\u00f3fiai szempontjai \u00e9rdekelnek, abban hiszek, hogy ezek a k\u00e9rd\u00e9sek az orvosk\u00e9pz\u00e9sben is meghat\u00e1roz\u00f3 szerepet kaphatnak. Kor\u00e1bban (1998-2014) a Debreceni Egyetem Magatart\u00e1studom\u00e1nyi Int\u00e9zet\u00e9ben &hellip;<\/p>\n","protected":false},"author":152,"featured_media":0,"parent":0,"menu_order":0,"comment_status":"closed","ping_status":"closed","template":"","meta":{"footnotes":""},"class_list":["post-5","page","type-page","status-publish","hentry"],"_links":{"self":[{"href":"https:\/\/scholar.semmelweis.hu\/nemeslaszlo\/wp-json\/wp\/v2\/pages\/5"}],"collection":[{"href":"https:\/\/scholar.semmelweis.hu\/nemeslaszlo\/wp-json\/wp\/v2\/pages"}],"about":[{"href":"https:\/\/scholar.semmelweis.hu\/nemeslaszlo\/wp-json\/wp\/v2\/types\/page"}],"author":[{"embeddable":true,"href":"https:\/\/scholar.semmelweis.hu\/nemeslaszlo\/wp-json\/wp\/v2\/users\/152"}],"replies":[{"embeddable":true,"href":"https:\/\/scholar.semmelweis.hu\/nemeslaszlo\/wp-json\/wp\/v2\/comments?post=5"}],"version-history":[{"count":5,"href":"https:\/\/scholar.semmelweis.hu\/nemeslaszlo\/wp-json\/wp\/v2\/pages\/5\/revisions"}],"predecessor-version":[{"id":13,"href":"https:\/\/scholar.semmelweis.hu\/nemeslaszlo\/wp-json\/wp\/v2\/pages\/5\/revisions\/13"}],"wp:attachment":[{"href":"https:\/\/scholar.semmelweis.hu\/nemeslaszlo\/wp-json\/wp\/v2\/media?parent=5"}],"curies":[{"name":"wp","href":"https:\/\/api.w.org\/{rel}","templated":true}]}}