{"id":4,"date":"2022-06-26T22:10:08","date_gmt":"2022-06-26T20:10:08","guid":{"rendered":"https:\/\/scholar.semmelweis.hu\/nemeslaszlo\/cv\/"},"modified":"2025-12-30T01:57:16","modified_gmt":"2025-12-30T00:57:16","slug":"cv","status":"publish","type":"page","link":"https:\/\/scholar.semmelweis.hu\/nemeslaszlo\/cv\/","title":{"rendered":"CV"},"content":{"rendered":"<h4><strong>\u00a0Publik\u00e1ci\u00f3k<\/strong><\/h4>\n<p><strong>academia.edu:<\/strong> <a href=\"https:\/\/sote.academia.edu\/L%C3%A1szl%C3%B3Nemes\" target=\"_blank\" rel=\"noopener\">https:\/\/sote.academia.edu\/L%C3%A1szl%C3%B3Nemes<\/a><\/p>\n<p><strong>mtmt:<\/strong> <a href=\"https:\/\/m2.mtmt.hu\/gui2\/?type=authors&amp;mode=browse&amp;sel=10031388\" target=\"_blank\" rel=\"noopener\">https:\/\/m2.mtmt.hu\/gui2\/?type=authors&amp;mode=browse&amp;sel=10031388<\/a><\/p>\n<h4><strong>V\u00e9gzetts\u00e9g<\/strong><\/h4>\n<ul>\n<li>MA filoz\u00f3fi\u00e1b\u00f3l (<em>Huszadik sz\u00e1zadi filoz\u00f3fia<\/em> specializ\u00e1ci\u00f3val) 1998, Kossuth Lajos Tudom\u00e1nyegyetem (<em>kit\u00fcntet\u00e9ssel<\/em>)<br \/>\n(Szakdolgozat c\u00edme: <em>A biol\u00f3giai fajok probl\u00e9m\u00e1ja \u00e9s az emberi term\u00e9szet<\/em>)<\/li>\n<li>PhD fokozat, Debreceni Egyetem, Hum\u00e1n Tudom\u00e1nyok Doktori Iskola, 2009 (<em>summa cum laude<\/em>)<br \/>\n(a doktori \u00e9rtekez\u00e9s c\u00edme: <em>Egy tudom\u00e1nykutat\u00e1son alapul\u00f3 bioetika k\u00f6rvonalai<\/em>)<\/li>\n<li>Szakir\u00e1ny\u00fa tov\u00e1bbk\u00e9pz\u00e9s: filoz\u00f3fiai praxis\/filoz\u00f3fiai tan\u00e1csad\u00e1s, P\u00e1zm\u00e1ny P\u00e9ter Katolikus Egyetem, 2013 (<em>kit\u00fcntet\u00e9ssel<\/em>)<br \/>\n(szakdolgozat c\u00edme: <em>A filoz\u00f3fiai tan\u00e1csad\u00e1s \u00e9s a pszichol\u00f3gia<\/em>)<\/li>\n<\/ul>\n<h4><strong>Munkahelyek<\/strong><\/h4>\n<p>1998-2014: Debreceni Egyetem, magatart\u00e1studom\u00e1nyi Int\u00e9zet<br \/>\n2015-2019: Eszterh\u00e1zy K\u00e1roly Egyetem, Filoz\u00f3fia Tansz\u00e9k<br \/>\n2019-t\u0151l: Semmelweis Egyetem, Magatart\u00e1studom\u00e1nyi int\u00e9zet<\/p>\n<p>2022-t\u0151l: Tomori P\u00e1l F\u0151iskola, B\u00f6lcs\u00e9szettudom\u00e1nyi Tansz\u00e9k (\u00d3raad\u00f3)<\/p>\n<h4><strong>Tanulm\u00e1nyutak<\/strong><\/h4>\n<p>2001: Tor Vergata Egyetem, Roma \u2013 ERASMUS-\u00f6szt\u00f6nd\u00edj (3 h\u00f3nap)<\/p>\n<p>2002: \u00c9lettani Int\u00e9zet, Szegedi Tudom\u00e1nyegyetem, tart\u00f3s belf\u00f6ldi tanulm\u00e1ny\u00fat (1 h\u00f3nap)<\/p>\n<p>2002: Center for Transatlantic Studies, Maastricht, Hollandia (1 h\u00f3nap)<\/p>\n<p>2003: Magatart\u00e1studom\u00e1nyi Int\u00e9zet, Semmelweis Egyetem, Budapest, tart\u00f3s belf\u00f6ldi tanulm\u00e1ny\u00fat (1 h\u00f3nap)<\/p>\n<p>2004: Pszichol\u00f3giai Int\u00e9zet, P\u00e9csi Tudom\u00e1nyegyetem, tart\u00f3s belf\u00f6ldi tanulm\u00e1ny\u00fat (1 h\u00f3nap)<\/p>\n<p>2007: Indiana University, Bloomington, USA, Dept. of History and Philosophy of Science (5 h\u00f3nap)<\/p>\n<p>2007: 4th European Course on Biotechnology Ethics, Vilnius, Litv\u00e1nia (1 h\u00e9t)<\/p>\n<p>2009: Indiana University, Bloomington, USA, Dept. of History and Philosophy of Science (4 h\u00f3nap)<\/p>\n<p>2012: Institute of Philosophical Practice, Argenteuil, France (1 h\u00e9t)<\/p>\n<p>2013: University of Exeter, UK, Classics and Ancient History [Campus Hungary r\u00f6vid oktat\u00f3 tanulm\u00e1ny\u00fat] (2 h\u00e9t)<\/p>\n<p>2014: University of Crete, Rethymno, Greece, Joint Programme in Bioethics [Campus Hungary r\u00f6vid oktat\u00f3 tanulm\u00e1ny\u00fat] (10 nap)<\/p>\n<p>&nbsp;<\/p>\n<p>&nbsp;<\/p>\n","protected":false},"excerpt":{"rendered":"<p>\u00a0Publik\u00e1ci\u00f3k academia.edu: <a href=\"https:\/\/sote.academia.edu\/L%C3%A1szl%C3%B3Nemes\" target=\"_blank\" rel=\"noopener\">https:\/\/sote.academia.edu\/L%C3%A1szl%C3%B3Nemes<\/a> mtmt: <a href=\"https:\/\/m2.mtmt.hu\/gui2\/?type=authors&amp;mode=browse&amp;sel=10031388\" target=\"_blank\" rel=\"noopener\">https:\/\/m2.mtmt.hu\/gui2\/?type=authors&amp;mode=browse&amp;sel=10031388<\/a> V\u00e9gzetts\u00e9g MA filoz\u00f3fi\u00e1b\u00f3l (Huszadik sz\u00e1zadi filoz\u00f3fia specializ\u00e1ci\u00f3val) 1998, Kossuth Lajos Tudom\u00e1nyegyetem (kit\u00fcntet\u00e9ssel) (Szakdolgozat c\u00edme: A biol\u00f3giai fajok probl\u00e9m\u00e1ja \u00e9s az emberi term\u00e9szet) PhD fokozat, Debreceni Egyetem, Hum\u00e1n Tudom\u00e1nyok Doktori Iskola, 2009 (summa &hellip;<\/p>\n","protected":false},"author":152,"featured_media":0,"parent":0,"menu_order":0,"comment_status":"closed","ping_status":"closed","template":"","meta":{"footnotes":""},"class_list":["post-4","page","type-page","status-publish","hentry"],"_links":{"self":[{"href":"https:\/\/scholar.semmelweis.hu\/nemeslaszlo\/wp-json\/wp\/v2\/pages\/4"}],"collection":[{"href":"https:\/\/scholar.semmelweis.hu\/nemeslaszlo\/wp-json\/wp\/v2\/pages"}],"about":[{"href":"https:\/\/scholar.semmelweis.hu\/nemeslaszlo\/wp-json\/wp\/v2\/types\/page"}],"author":[{"embeddable":true,"href":"https:\/\/scholar.semmelweis.hu\/nemeslaszlo\/wp-json\/wp\/v2\/users\/152"}],"replies":[{"embeddable":true,"href":"https:\/\/scholar.semmelweis.hu\/nemeslaszlo\/wp-json\/wp\/v2\/comments?post=4"}],"version-history":[{"count":5,"href":"https:\/\/scholar.semmelweis.hu\/nemeslaszlo\/wp-json\/wp\/v2\/pages\/4\/revisions"}],"predecessor-version":[{"id":26,"href":"https:\/\/scholar.semmelweis.hu\/nemeslaszlo\/wp-json\/wp\/v2\/pages\/4\/revisions\/26"}],"wp:attachment":[{"href":"https:\/\/scholar.semmelweis.hu\/nemeslaszlo\/wp-json\/wp\/v2\/media?parent=4"}],"curies":[{"name":"wp","href":"https:\/\/api.w.org\/{rel}","templated":true}]}}