{"id":3,"date":"2022-06-26T22:10:08","date_gmt":"2022-06-26T20:10:08","guid":{"rendered":"https:\/\/scholar.semmelweis.hu\/nemeslaszlo\/elerhetoseg\/"},"modified":"2025-12-30T02:05:00","modified_gmt":"2025-12-30T01:05:00","slug":"elerhetoseg","status":"publish","type":"page","link":"https:\/\/scholar.semmelweis.hu\/nemeslaszlo\/elerhetoseg\/","title":{"rendered":"El\u00e9rhet\u0151s\u00e9g"},"content":{"rendered":"<p>nemes.laszlo@semmelweis.hu<\/p>\n<p>nemeslal@hotmail.com<\/p>\n<p>+36705220615<\/p>\n<p>&nbsp;<\/p>\n<p>&nbsp;<\/p>\n","protected":false},"excerpt":{"rendered":"<p>nemes.laszlo@semmelweis.hu<br \/>\nnemeslal@hotmail.com<br \/>\n+36705220615<br \/>\n&nbsp;<br \/>\n&nbsp;<\/p>\n","protected":false},"author":152,"featured_media":0,"parent":0,"menu_order":0,"comment_status":"closed","ping_status":"closed","template":"","meta":{"footnotes":""},"class_list":["post-3","page","type-page","status-publish","hentry"],"_links":{"self":[{"href":"https:\/\/scholar.semmelweis.hu\/nemeslaszlo\/wp-json\/wp\/v2\/pages\/3"}],"collection":[{"href":"https:\/\/scholar.semmelweis.hu\/nemeslaszlo\/wp-json\/wp\/v2\/pages"}],"about":[{"href":"https:\/\/scholar.semmelweis.hu\/nemeslaszlo\/wp-json\/wp\/v2\/types\/page"}],"author":[{"embeddable":true,"href":"https:\/\/scholar.semmelweis.hu\/nemeslaszlo\/wp-json\/wp\/v2\/users\/152"}],"replies":[{"embeddable":true,"href":"https:\/\/scholar.semmelweis.hu\/nemeslaszlo\/wp-json\/wp\/v2\/comments?post=3"}],"version-history":[{"count":2,"href":"https:\/\/scholar.semmelweis.hu\/nemeslaszlo\/wp-json\/wp\/v2\/pages\/3\/revisions"}],"predecessor-version":[{"id":28,"href":"https:\/\/scholar.semmelweis.hu\/nemeslaszlo\/wp-json\/wp\/v2\/pages\/3\/revisions\/28"}],"wp:attachment":[{"href":"https:\/\/scholar.semmelweis.hu\/nemeslaszlo\/wp-json\/wp\/v2\/media?parent=3"}],"curies":[{"name":"wp","href":"https:\/\/api.w.org\/{rel}","templated":true}]}}