{"id":3,"date":"2015-11-17T08:08:39","date_gmt":"2015-11-17T07:08:39","guid":{"rendered":"http:\/\/scholar.semmelweis.hu\/muklipeter\/bemutatkozas\/"},"modified":"2026-01-13T06:07:03","modified_gmt":"2026-01-13T05:07:03","slug":"bemutatkozas","status":"publish","type":"page","link":"https:\/\/scholar.semmelweis.hu\/muklipeter\/","title":{"rendered":"Bemutatkoz\u00e1s"},"content":{"rendered":"<p><strong>Dr.\u00a0Mukli P\u00e9ter<\/strong><\/p>\n<p>egyetemi adjunktus<\/p>\n<p>Semmelweis Egyetem, Megel\u0151z\u0151 Orvostani \u00e9s N\u00e9peg\u00e9szs\u00e9gtani Int\u00e9zet<\/p>\n","protected":false},"excerpt":{"rendered":"<p>Dr.\u00a0Mukli P\u00e9ter<br \/>\negyetemi adjunktus<br \/>\nSemmelweis Egyetem, Megel\u0151z\u0151 Orvostani \u00e9s N\u00e9peg\u00e9szs\u00e9gtani Int\u00e9zet<\/p>\n","protected":false},"author":68,"featured_media":0,"parent":0,"menu_order":0,"comment_status":"closed","ping_status":"closed","template":"","meta":{"footnotes":""},"class_list":["post-3","page","type-page","status-publish","hentry"],"_links":{"self":[{"href":"https:\/\/scholar.semmelweis.hu\/muklipeter\/wp-json\/wp\/v2\/pages\/3"}],"collection":[{"href":"https:\/\/scholar.semmelweis.hu\/muklipeter\/wp-json\/wp\/v2\/pages"}],"about":[{"href":"https:\/\/scholar.semmelweis.hu\/muklipeter\/wp-json\/wp\/v2\/types\/page"}],"author":[{"embeddable":true,"href":"https:\/\/scholar.semmelweis.hu\/muklipeter\/wp-json\/wp\/v2\/users\/68"}],"replies":[{"embeddable":true,"href":"https:\/\/scholar.semmelweis.hu\/muklipeter\/wp-json\/wp\/v2\/comments?post=3"}],"version-history":[{"count":5,"href":"https:\/\/scholar.semmelweis.hu\/muklipeter\/wp-json\/wp\/v2\/pages\/3\/revisions"}],"predecessor-version":[{"id":39,"href":"https:\/\/scholar.semmelweis.hu\/muklipeter\/wp-json\/wp\/v2\/pages\/3\/revisions\/39"}],"wp:attachment":[{"href":"https:\/\/scholar.semmelweis.hu\/muklipeter\/wp-json\/wp\/v2\/media?parent=3"}],"curies":[{"name":"wp","href":"https:\/\/api.w.org\/{rel}","templated":true}]}}