{"id":2,"date":"2015-11-17T08:08:33","date_gmt":"2015-11-17T07:08:33","guid":{"rendered":"http:\/\/scholar.semmelweis.hu\/muklipeter\/cv\/"},"modified":"2026-01-13T06:38:33","modified_gmt":"2026-01-13T05:38:33","slug":"cv","status":"publish","type":"page","link":"https:\/\/scholar.semmelweis.hu\/muklipeter\/cv\/","title":{"rendered":"R\u00f6vid \u00f6n\u00e9letrajz"},"content":{"rendered":"<p><strong>TANULM\u00c1NYOK<\/strong><\/p>\n<table style=\"border-collapse: collapse;width: 100%\">\n<tbody>\n<tr>\n<td style=\"width: 87.9658%\"><strong>Harvard Medical School, Semmelweis Egyetem<\/strong><\/td>\n<td style=\"width: 12.0342%\">\u00a0<\/td>\n<\/tr>\n<tr>\n<td style=\"width: 87.9658%\">&#8222;Clinical Sciences Scholar&#8221; posztgradu\u00e1lis k\u00e9pz\u00e9s<\/td>\n<td style=\"width: 12.0342%\">2024<\/td>\n<\/tr>\n<tr>\n<td style=\"width: 87.9658%\"><strong>University of Oklahoma Health Sciences Center<\/strong><\/td>\n<td style=\"width: 12.0342%\">\u00a0<\/td>\n<\/tr>\n<tr>\n<td style=\"width: 87.9658%\">posztdoktori k\u00e9pz\u00e9s<\/td>\n<td style=\"width: 12.0342%\">2024<\/td>\n<\/tr>\n<tr>\n<td style=\"width: 87.9658%\"><strong>Semmelweis Egyetem, Elm\u00e9leti Orvostudom\u00e1nyok Doktori Iskola<\/strong><\/td>\n<td style=\"width: 12.0342%\">\u00a0<\/td>\n<\/tr>\n<tr>\n<td style=\"width: 87.9658%\">Doktori (PhD) k\u00e9pz\u00e9s<\/td>\n<td style=\"width: 12.0342%\">2019<\/td>\n<\/tr>\n<tr>\n<td style=\"width: 87.9658%\"><strong>\u00a0P\u00e1zm\u00e1ny P\u00e9ter Katolikus Egyetem, Inform\u00e1ci\u00f3s Technol\u00f3giai \u00e9s Bionikai<\/strong><\/td>\n<td style=\"width: 12.0342%\">\u00a0<\/td>\n<\/tr>\n<tr>\n<td style=\"width: 87.9658%\">informatikai modul (BSc)<\/td>\n<td style=\"width: 12.0342%\">2015<\/td>\n<\/tr>\n<tr>\n<td style=\"width: 87.9658%\"><strong>Semmelweis Egyetem, \u00c1ltal\u00e1nos Orvostudom\u00e1nyi Kar<\/strong><\/td>\n<td style=\"width: 12.0342%\">\u00a0<\/td>\n<\/tr>\n<tr>\n<td style=\"width: 87.9658%\">\u00e1ltal\u00e1nos orvosi tanulm\u00e1nyok<\/td>\n<td style=\"width: 12.0342%\">2011<\/td>\n<\/tr>\n<\/tbody>\n<\/table>\n<p>&nbsp;<\/p>\n<p><strong>MUNKAHELY, TEV\u00c9KENYS\u00c9G:<\/strong><\/p>\n<p>Semmelweis Egyetem, Megel\u0151z\u0151 Orvostani \u00e9s N\u00e9peg\u00e9szs\u00e9gtani Int\u00e9zet, egyetemi adjunktus<\/p>\n<p>Oktat\u00e1si feladatok:<\/p>\n<p>Tudom\u00e1nyos munka:<\/p>\n<p>&nbsp;<\/p>\n<p><strong>IDEGENNYELV\u0170 PUBLIK\u00c1CI\u00d3K<br \/>\n<\/strong><\/p>\n<p><strong>NEMZETK\u00d6ZI KONFERENCI\u00c1K<\/strong><\/p>\n<p>&nbsp;<\/p>\n<p>&nbsp;<\/p>\n","protected":false},"excerpt":{"rendered":"<p>TANULM\u00c1NYOK Harvard Medical School, Semmelweis Egyetem \u00a0 &#8222;Clinical Sciences Scholar&#8221; posztgradu\u00e1lis k\u00e9pz\u00e9s 2024 University of Oklahoma Health Sciences Center \u00a0 posztdoktori k\u00e9pz\u00e9s 2024 Semmelweis Egyetem, Elm\u00e9leti Orvostudom\u00e1nyok Doktori Iskola \u00a0 Doktori (PhD) k\u00e9pz\u00e9s 2019 \u00a0P\u00e1zm\u00e1ny &hellip;<\/p>\n","protected":false},"author":68,"featured_media":0,"parent":0,"menu_order":0,"comment_status":"closed","ping_status":"closed","template":"","meta":{"footnotes":""},"class_list":["post-2","page","type-page","status-publish","hentry"],"_links":{"self":[{"href":"https:\/\/scholar.semmelweis.hu\/muklipeter\/wp-json\/wp\/v2\/pages\/2"}],"collection":[{"href":"https:\/\/scholar.semmelweis.hu\/muklipeter\/wp-json\/wp\/v2\/pages"}],"about":[{"href":"https:\/\/scholar.semmelweis.hu\/muklipeter\/wp-json\/wp\/v2\/types\/page"}],"author":[{"embeddable":true,"href":"https:\/\/scholar.semmelweis.hu\/muklipeter\/wp-json\/wp\/v2\/users\/68"}],"replies":[{"embeddable":true,"href":"https:\/\/scholar.semmelweis.hu\/muklipeter\/wp-json\/wp\/v2\/comments?post=2"}],"version-history":[{"count":15,"href":"https:\/\/scholar.semmelweis.hu\/muklipeter\/wp-json\/wp\/v2\/pages\/2\/revisions"}],"predecessor-version":[{"id":44,"href":"https:\/\/scholar.semmelweis.hu\/muklipeter\/wp-json\/wp\/v2\/pages\/2\/revisions\/44"}],"wp:attachment":[{"href":"https:\/\/scholar.semmelweis.hu\/muklipeter\/wp-json\/wp\/v2\/media?parent=2"}],"curies":[{"name":"wp","href":"https:\/\/api.w.org\/{rel}","templated":true}]}}