{"id":1,"date":"2015-11-17T08:08:27","date_gmt":"2015-11-17T07:08:27","guid":{"rendered":"http:\/\/scholar.semmelweis.hu\/muklipeter\/elerhetoseg\/"},"modified":"2026-01-13T06:39:44","modified_gmt":"2026-01-13T05:39:44","slug":"elerhetoseg","status":"publish","type":"page","link":"https:\/\/scholar.semmelweis.hu\/muklipeter\/elerhetoseg\/","title":{"rendered":"El\u00e9rhet\u0151s\u00e9g"},"content":{"rendered":"<p>C\u00edm: 1089 Budapest, Nagyv\u00e1rad t\u00e9r 4.<\/p>\n<p>E-mail: <a href=\"mukli.peter@semmelweis.hu\">mukli.peter@semmelweis.hu<\/a><\/p>\n","protected":false},"excerpt":{"rendered":"<p>C\u00edm: 1089 Budapest, Nagyv\u00e1rad t\u00e9r 4.<br \/>\nE-mail: <a href=\"mukli.peter@semmelweis.hu\">mukli.peter@semmelweis.hu<\/a><\/p>\n","protected":false},"author":68,"featured_media":0,"parent":0,"menu_order":0,"comment_status":"closed","ping_status":"closed","template":"","meta":{"footnotes":""},"class_list":["post-1","page","type-page","status-publish","hentry"],"_links":{"self":[{"href":"https:\/\/scholar.semmelweis.hu\/muklipeter\/wp-json\/wp\/v2\/pages\/1"}],"collection":[{"href":"https:\/\/scholar.semmelweis.hu\/muklipeter\/wp-json\/wp\/v2\/pages"}],"about":[{"href":"https:\/\/scholar.semmelweis.hu\/muklipeter\/wp-json\/wp\/v2\/types\/page"}],"author":[{"embeddable":true,"href":"https:\/\/scholar.semmelweis.hu\/muklipeter\/wp-json\/wp\/v2\/users\/68"}],"replies":[{"embeddable":true,"href":"https:\/\/scholar.semmelweis.hu\/muklipeter\/wp-json\/wp\/v2\/comments?post=1"}],"version-history":[{"count":6,"href":"https:\/\/scholar.semmelweis.hu\/muklipeter\/wp-json\/wp\/v2\/pages\/1\/revisions"}],"predecessor-version":[{"id":45,"href":"https:\/\/scholar.semmelweis.hu\/muklipeter\/wp-json\/wp\/v2\/pages\/1\/revisions\/45"}],"wp:attachment":[{"href":"https:\/\/scholar.semmelweis.hu\/muklipeter\/wp-json\/wp\/v2\/media?parent=1"}],"curies":[{"name":"wp","href":"https:\/\/api.w.org\/{rel}","templated":true}]}}