{"id":59,"date":"2015-05-21T14:04:43","date_gmt":"2015-05-21T14:04:43","guid":{"rendered":"http:\/\/scholar.semmelweis.hu\/minta\/?page_id=59"},"modified":"2021-05-26T06:25:56","modified_gmt":"2021-05-26T06:25:56","slug":"oldalsav","status":"publish","type":"page","link":"https:\/\/scholar.semmelweis.hu\/minta\/oldalsav\/","title":{"rendered":"Oldals\u00e1v"},"content":{"rendered":"<p>A honlap jobb oldali s\u00e1vj\u00e1ba (sidebar) sz\u00f6vegeket, egyszer\u0171bb funkci\u00f3kat helyezhet\u00fcnk el.<\/p>\n<p>A <strong>Vez\u00e9rl\u0151pult &gt; Megjelen\u00e9s &gt; Widgetek<\/strong> men\u00fcpontra kell kattintani. Alapvet\u0151en a jobb oldalon l\u00e1that\u00f3 Sidebar mez\u0151 \u00fcres (az ott tal\u00e1lhat\u00f3 tartalom k\u00f6zpontilag van be\u00e1ll\u00edtva, de ha a mez\u0151be \u00faj widgetet helyez\u00fcnk el, az alapbe\u00e1ll\u00edt\u00e1s fel\u00fcl\u00edr\u00f3dik, kiv\u00e9ve a nyelvi z\u00e1szl\u00f3kat, a keres\u00e9st \u00e9s a minden honlapra mutat\u00f3 linket).<\/p>\n<p>A bal oldali funkci\u00f3k az eg\u00e9r kattint\u00e1s\u00e1val \u00e9s a bal gomb lenyomva tart\u00e1s\u00e1val beh\u00fazhat\u00f3ak a Sidebar-ba.<\/p>\n<p><a href=\"https:\/\/scholar.semmelweis.hu\/minta\/wp-content\/uploads\/sites\/2\/2015\/05\/scholar_sidebar.png\"><img loading=\"lazy\" decoding=\"async\" class=\"aligncenter size-full wp-image-118\" src=\"https:\/\/scholar.semmelweis.hu\/minta\/wp-content\/uploads\/sites\/2\/2015\/05\/scholar_sidebar.png\" alt=\"scholar_sidebar\" width=\"1319\" height=\"680\" srcset=\"https:\/\/scholar.semmelweis.hu\/minta\/wp-content\/uploads\/sites\/2\/2015\/05\/scholar_sidebar.png 1319w, https:\/\/scholar.semmelweis.hu\/minta\/wp-content\/uploads\/sites\/2\/2015\/05\/scholar_sidebar-300x155.png 300w, https:\/\/scholar.semmelweis.hu\/minta\/wp-content\/uploads\/sites\/2\/2015\/05\/scholar_sidebar-1024x528.png 1024w\" sizes=\"(max-width: 1319px) 100vw, 1319px\" \/><\/a><\/p>\n<p>&nbsp;<\/p>\n<p>A widgetek szerkeszt\u0151 fel\u00fclet\u00e9n leny\u00edl\u00f3 bokszokkal dolgozunk (a dobozok jobb fels\u0151 sark\u00e1ban tal\u00e1lhat\u00f3 nyilak seg\u00edts\u00e9g\u00e9vel). A widget ter\u00fcletr\u0151l az ott l\u00e9v\u0151 modult \u00fagy t\u00f6r\u00f6lhetj\u00fck, ha az eg\u00e9rrel r\u00e1kattintunk, \u00e9s kih\u00fazzuk az adott dobozb\u00f3l, vagy az elt\u00e1vol\u00edt\u00e1s linkre kattintunk.<\/p>\n<p>Ha sz\u00f6veges tartalmat szeretn\u00e9nk megjelen\u00edteni, akkor a bal oldali lehet\u0151s\u00e9gek k\u00f6z\u00fcl a Sz\u00f6veg felirat\u00fa dobozra kell kattintani, \u00e9s az eg\u00e9rgomb lenyom\u00e1s\u00e1val a widget ter\u00fcletre h\u00fazni.\u00a0A <strong>\u201eSz\u00f6veg\u201d<\/strong> mez\u0151k tartalm\u00e1t meg kell \u00edrni, (esetleg be\u00e1ll\u00edtani, hogy mely nyelven \u00e9s mely oldalon legyen l\u00e1that\u00f3)\u00a0majd a \u201e<strong>Ment\u00e9s<\/strong>\u201d gombra kattintani, hogy elments\u00fck a v\u00e1ltoz\u00e1st.\u00a0Ezzel el is k\u00e9sz\u00fclt az \u00faj sidebar tartalom. Fontos, hogy form\u00e1z\u00e1sokat csak HTML k\u00f3d seg\u00edts\u00e9g\u00e9vel lehets\u00e9ges megtenni (seg\u00edts\u00e9g el\u00e9rhet\u0151<strong><a href=\"https:\/\/semmelweis.hu\/wiki\/2013\/03\/alapveto-html-kodok\/\"> ezen a linken<\/a><\/strong>.)<\/p>\n<p>Haszn\u00e1lhatunk a Sz\u00f6vegt\u0151l elt\u00e9r\u0151 funkci\u00f3kat is (keres\u00e9s, egy\u00e9ni men\u00fc, RSS tartalom, stb.)<\/p>\n<p>&nbsp;<\/p>\n","protected":false},"excerpt":{"rendered":"<p>A honlap jobb oldali s\u00e1vj\u00e1ba (sidebar) sz\u00f6vegeket, egyszer\u0171bb funkci\u00f3kat helyezhet\u00fcnk el. A Vez\u00e9rl\u0151pult &gt; Megjelen\u00e9s &gt; Widgetek men\u00fcpontra kell kattintani. Alapvet\u0151en a jobb oldalon l\u00e1that\u00f3 Sidebar mez\u0151 \u00fcres (az ott tal\u00e1lhat\u00f3 tartalom k\u00f6zpontilag van be\u00e1ll\u00edtva, &hellip;<\/p>\n","protected":false},"author":2,"featured_media":0,"parent":0,"menu_order":0,"comment_status":"open","ping_status":"open","template":"","meta":{"footnotes":""},"class_list":["post-59","page","type-page","status-publish","hentry"],"_links":{"self":[{"href":"https:\/\/scholar.semmelweis.hu\/minta\/wp-json\/wp\/v2\/pages\/59"}],"collection":[{"href":"https:\/\/scholar.semmelweis.hu\/minta\/wp-json\/wp\/v2\/pages"}],"about":[{"href":"https:\/\/scholar.semmelweis.hu\/minta\/wp-json\/wp\/v2\/types\/page"}],"author":[{"embeddable":true,"href":"https:\/\/scholar.semmelweis.hu\/minta\/wp-json\/wp\/v2\/users\/2"}],"replies":[{"embeddable":true,"href":"https:\/\/scholar.semmelweis.hu\/minta\/wp-json\/wp\/v2\/comments?post=59"}],"version-history":[{"count":7,"href":"https:\/\/scholar.semmelweis.hu\/minta\/wp-json\/wp\/v2\/pages\/59\/revisions"}],"predecessor-version":[{"id":3660,"href":"https:\/\/scholar.semmelweis.hu\/minta\/wp-json\/wp\/v2\/pages\/59\/revisions\/3660"}],"wp:attachment":[{"href":"https:\/\/scholar.semmelweis.hu\/minta\/wp-json\/wp\/v2\/media?parent=59"}],"curies":[{"name":"wp","href":"https:\/\/api.w.org\/{rel}","templated":true}]}}