{"id":55,"date":"2015-05-21T14:03:24","date_gmt":"2015-05-21T14:03:24","guid":{"rendered":"http:\/\/scholar.semmelweis.hu\/minta\/?page_id=55"},"modified":"2017-03-01T12:56:18","modified_gmt":"2017-03-01T12:56:18","slug":"terkep-beagyazas-google-mapsbol","status":"publish","type":"page","link":"https:\/\/scholar.semmelweis.hu\/minta\/terkep-beagyazas-google-mapsbol\/","title":{"rendered":"T\u00e9rk\u00e9p be\u00e1gyaz\u00e1s (Google mapsb\u0151l)"},"content":{"rendered":"<p>Lehet\u0151s\u00e9g van a honlapunkba t\u00e9rk\u00e9pet elhelyezni a <strong><a href=\"https:\/\/maps.google.hu\/?ie=UTF8&amp;hl=hu\" target=\"_blank\">Google Maps<\/a><\/strong> seg\u00edts\u00e9g\u00e9vel. Ezt els\u0151sorban az El\u00e9rhet\u0151s\u00e9g men\u00fcpontba \u00e9rdemes kitenni, de b\u00e1rmely oldalunkba, bejegyz\u00e9s\u00fcnkbe betehetj\u00fck HTML szerkeszt\u00e9si n\u00e9zetben.<\/p>\n<p>A <a href=\"https:\/\/maps.google.hu\/?ie=UTF8&amp;amp;hl=hu\" target=\"_blank\">Google Maps<\/a> oldal\u00e1n (<a href=\"https:\/\/maps.google.hu\/?ie=UTF8&amp;amp;hl=hu\" target=\"_blank\">https:\/\/maps.google.hu\/?ie=UTF8&amp;amp;hl=hu<\/a>)\u00a0a keres\u0151 mez\u0151be kell be\u00edrni az egys\u00e9g c\u00edm\u00e9t. \u00a0A tal\u00e1latot a t\u00e9rk\u00e9p kis jel\u00f6l\u0151 ikonnal\u00a0jelzi.<\/p>\n<p>A keres\u0151 mez\u0151\u00a0bal fels\u0151 sark\u00e1n\u00e1l l\u00e9v\u0151 <strong>h\u00e1rom vonal\u00a0ikonra kattintva v\u00e1lasszuk ki l\u00e1ncszem ikonnal jelzett: \u201cA t\u00e9rk\u00e9p megoszt\u00e1sa vagy be\u00e1gyaz\u00e1sa\u201d<\/strong> opci\u00f3t. A felugr\u00f3 ablakban a lehets\u00e9ges k\u00e9t f\u00fcl k\u00f6z\u00fcl v\u00e1lasszuk a <strong>T\u00e9rk\u00e9p be\u00e1gyaz\u00e1s\u00e1<\/strong>t (embed)! \u00a0 A megjelen\u0151\u00a0<strong>be\u00e1gyaz\u00f3 k\u00f3dot<\/strong>\u00a0(embed code) m\u00e1soljuk kis \u00e9s az illessz\u00fck az oldalba <strong>HTML\u00a0n\u00e9zetben oda<\/strong>, ahov\u00e1 a t\u00e9rk\u00e9pet tenni szeretn\u00e9nk. A kapott k\u00f3dban a width=\u201d\u201d (sz\u00e9less\u00e9g) \u00e9s a height=\u201d\u201d (magass\u00e1g) param\u00e9terek v\u00e1ltoztat\u00e1s\u00e1val tudjuk a\u00a0t\u00e9rk\u00e9p m\u00e9ret\u00e9t v\u00e1ltoztatni.<\/p>\n<p>Sajnos a Google folyton v\u00e1ltozik, ha a fenti m\u00f3d nem azonos azzal, amit a T\u00e9rk\u00e9p oldalon tal\u00e1l, k\u00e9rj\u00fck jelezze a KRI szerkeszt\u0151je sz\u00e1m\u00e1ra.<\/p>\n","protected":false},"excerpt":{"rendered":"<p>Lehet\u0151s\u00e9g van a honlapunkba t\u00e9rk\u00e9pet elhelyezni a <a href=\"https:\/\/maps.google.hu\/?ie=UTF8&amp;hl=hu\" target=\"_blank\">Google Maps<\/a> seg\u00edts\u00e9g\u00e9vel. Ezt els\u0151sorban az El\u00e9rhet\u0151s\u00e9g men\u00fcpontba \u00e9rdemes kitenni, de b\u00e1rmely oldalunkba, bejegyz\u00e9s\u00fcnkbe betehetj\u00fck HTML szerkeszt\u00e9si n\u00e9zetben. A <a href=\"https:\/\/maps.google.hu\/?ie=UTF8&amp;amp;hl=hu\" target=\"_blank\">Google Maps<\/a> oldal\u00e1n ( <a href=\"https:\/\/maps.google.hu\/?ie=UTF8&amp;amp;hl=hu\" target=\"_blank\">https:\/\/maps.google.hu\/?ie=UTF8&amp;amp;hl=hu<\/a> )\u00a0a keres\u0151 mez\u0151be kell be\u00edrni az egys\u00e9g c\u00edm\u00e9t. \u00a0A &hellip;<\/p>\n","protected":false},"author":2,"featured_media":0,"parent":0,"menu_order":0,"comment_status":"open","ping_status":"open","template":"","meta":{"footnotes":""},"class_list":["post-55","page","type-page","status-publish","hentry"],"_links":{"self":[{"href":"https:\/\/scholar.semmelweis.hu\/minta\/wp-json\/wp\/v2\/pages\/55"}],"collection":[{"href":"https:\/\/scholar.semmelweis.hu\/minta\/wp-json\/wp\/v2\/pages"}],"about":[{"href":"https:\/\/scholar.semmelweis.hu\/minta\/wp-json\/wp\/v2\/types\/page"}],"author":[{"embeddable":true,"href":"https:\/\/scholar.semmelweis.hu\/minta\/wp-json\/wp\/v2\/users\/2"}],"replies":[{"embeddable":true,"href":"https:\/\/scholar.semmelweis.hu\/minta\/wp-json\/wp\/v2\/comments?post=55"}],"version-history":[{"count":3,"href":"https:\/\/scholar.semmelweis.hu\/minta\/wp-json\/wp\/v2\/pages\/55\/revisions"}],"predecessor-version":[{"id":2312,"href":"https:\/\/scholar.semmelweis.hu\/minta\/wp-json\/wp\/v2\/pages\/55\/revisions\/2312"}],"wp:attachment":[{"href":"https:\/\/scholar.semmelweis.hu\/minta\/wp-json\/wp\/v2\/media?parent=55"}],"curies":[{"name":"wp","href":"https:\/\/api.w.org\/{rel}","templated":true}]}}