{"id":54,"date":"2015-05-21T14:03:40","date_gmt":"2015-05-21T14:03:40","guid":{"rendered":"http:\/\/scholar.semmelweis.hu\/minta\/?page_id=54"},"modified":"2025-02-13T11:10:57","modified_gmt":"2025-02-13T11:10:57","slug":"elerhetoseg","status":"publish","type":"page","link":"https:\/\/scholar.semmelweis.hu\/minta\/elerhetoseg\/","title":{"rendered":"El\u00e9rhet\u0151s\u00e9g"},"content":{"rendered":"<p><strong>Az \u0171rlapra CAPTCHA k\u00f3dot kell tenni, mert \u00edgy bet\u00f6r\u00e9ssel pr\u00f3b\u00e1lkozhatnak.<\/strong> Javasolt itt az int\u00e9zm\u00e9nyi el\u00e9rhet\u0151s\u00e9geket (c\u00edm, telefonsz\u00e1m, e-mail c\u00edm) megadni, de <a href=\"https:\/\/scholar.semmelweis.hu\/minta\/elerhetoseg\/terkep-beagyazas-google-mapsbol\/\">be\u00e1gyazhatunk t\u00e9rk\u00e9pet is<\/a>. Fontos, hogy mindenk\u00e9pp (\u00e9s minden nyelven) adjunk meg minimum egy val\u00f3s el\u00e9rhet\u0151s\u00e9get. Erre a c\u00e9lra ak\u00e1r haszn\u00e1lhatunk egyszer\u0171 kapcsolatfelv\u00e9teli \u0171rlapot is (contact form). Ehhez\u00a0el\u0151sz\u00f6r a <strong>Vez\u00e9rl\u0151pult<\/strong>on a <strong>Be\u00e1ll\u00edt\u00e1sok &gt; Slim Jetpack<\/strong> men\u00fcpontra kell kattintani. Ott a Kapcsolati \u0171rlap dobozt kapcsoljuk be (Kiv\u00e1laszt\u00e1s). Ezut\u00e1n minden oldalunk\/bejegyz\u00e9s\u00fcnk szerkeszt\u0151 fel\u00fclet\u00e9n, a M\u00e9dia hozz\u00e1ad\u00e1sa gomb mellett megjelenik az <strong>\u00daj kapcsolat felv\u00e9teli \u0171rlap<\/strong> gomb is. Ennek haszn\u00e1lata nagyon egyszer\u0171 (l\u00e1sd k\u00e9p \u00e9s eredm\u00e9ny), de viszonylag lassan jelennek meg az opci\u00f3k, v\u00e1rjunk t\u00fcrelemmel. <a href=\"https:\/\/scholar.semmelweis.hu\/minta\/wp-content\/uploads\/sites\/2\/2015\/05\/contact_form.jpg\"><img loading=\"lazy\" decoding=\"async\" class=\"aligncenter wp-image-77 size-full\" src=\"https:\/\/scholar.semmelweis.hu\/minta\/wp-content\/uploads\/sites\/2\/2015\/05\/contact_form.jpg\" alt=\"contact_form\" width=\"965\" height=\"702\" srcset=\"https:\/\/scholar.semmelweis.hu\/minta\/wp-content\/uploads\/sites\/2\/2015\/05\/contact_form.jpg 965w, https:\/\/scholar.semmelweis.hu\/minta\/wp-content\/uploads\/sites\/2\/2015\/05\/contact_form-300x218.jpg 300w\" sizes=\"(max-width: 965px) 100vw, 965px\" \/><\/a>Ahogyan a k\u00e9pen l\u00e1that\u00f3, az \u0171rlap mez\u0151i egyszer\u0171en t\u00f6r\u00f6lhet\u0151ek (a mez\u0151 jobb sz\u00e9l\u00e9n tal\u00e1lhat\u00f3 m\u00ednusz jellel) vagy \u00faj mez\u0151 vehet\u0151 fel az \u0171rlap alj\u00e1n tal\u00e1lhat\u00f3 link seg\u00edts\u00e9g\u00e9vel. Az \u0171rlap be\u00e1gyaz\u00e1sa el\u0151tt az e-mail be\u00e1ll\u00edt\u00e1sok f\u00fclet ne felejts\u00fck el kit\u00f6lteni! Ha az online seg\u00e9dlettel kapcsolatban k\u00e9rd\u00e9se mer\u00fclne fel, keresse S\u00e1gi Zenin\u00e1t a Kommunik\u00e1ci\u00f3s Igazgat\u00f3s\u00e1gon a 459-1500\/55439 telefonsz\u00e1mon. \u00a0<\/p>\n","protected":false},"excerpt":{"rendered":"<p>Az \u0171rlapra CAPTCHA k\u00f3dot kell tenni, mert \u00edgy bet\u00f6r\u00e9ssel pr\u00f3b\u00e1lkozhatnak. Javasolt itt az int\u00e9zm\u00e9nyi el\u00e9rhet\u0151s\u00e9geket (c\u00edm, telefonsz\u00e1m, e-mail c\u00edm) megadni, de <a href=\"https:\/\/scholar.semmelweis.hu\/minta\/elerhetoseg\/terkep-beagyazas-google-mapsbol\/\">be\u00e1gyazhatunk t\u00e9rk\u00e9pet is<\/a> . Fontos, hogy mindenk\u00e9pp (\u00e9s minden nyelven) adjunk meg minimum egy val\u00f3s el\u00e9rhet\u0151s\u00e9get. Erre &hellip;<\/p>\n","protected":false},"author":2,"featured_media":0,"parent":0,"menu_order":8,"comment_status":"open","ping_status":"closed","template":"","meta":{"footnotes":""},"class_list":["post-54","page","type-page","status-publish","hentry"],"_links":{"self":[{"href":"https:\/\/scholar.semmelweis.hu\/minta\/wp-json\/wp\/v2\/pages\/54"}],"collection":[{"href":"https:\/\/scholar.semmelweis.hu\/minta\/wp-json\/wp\/v2\/pages"}],"about":[{"href":"https:\/\/scholar.semmelweis.hu\/minta\/wp-json\/wp\/v2\/types\/page"}],"author":[{"embeddable":true,"href":"https:\/\/scholar.semmelweis.hu\/minta\/wp-json\/wp\/v2\/users\/2"}],"replies":[{"embeddable":true,"href":"https:\/\/scholar.semmelweis.hu\/minta\/wp-json\/wp\/v2\/comments?post=54"}],"version-history":[{"count":16,"href":"https:\/\/scholar.semmelweis.hu\/minta\/wp-json\/wp\/v2\/pages\/54\/revisions"}],"predecessor-version":[{"id":3684,"href":"https:\/\/scholar.semmelweis.hu\/minta\/wp-json\/wp\/v2\/pages\/54\/revisions\/3684"}],"wp:attachment":[{"href":"https:\/\/scholar.semmelweis.hu\/minta\/wp-json\/wp\/v2\/media?parent=54"}],"curies":[{"name":"wp","href":"https:\/\/api.w.org\/{rel}","templated":true}]}}