{"id":3702,"date":"2025-10-08T07:48:20","date_gmt":"2025-10-08T07:48:20","guid":{"rendered":"https:\/\/scholar.semmelweis.hu\/minta\/?page_id=3702"},"modified":"2025-10-08T07:49:00","modified_gmt":"2025-10-08T07:49:00","slug":"profilkep-csereje","status":"publish","type":"page","link":"https:\/\/scholar.semmelweis.hu\/minta\/profilkep-csereje\/","title":{"rendered":"Profilk\u00e9p cser\u00e9je"},"content":{"rendered":"<div class=\"keretes w-100\">\n<h6>A honlapunk fejl\u00e9c\u00e9ben tal\u00e1lhat\u00f3 <strong>profilk\u00e9p\u00fcnk technikailag a honlap &#8222;log\u00f3ja&#8221;<\/strong>. A k\u00f6vetkez\u0151 l\u00e9p\u00e9sek szerint lehet azt cser\u00e9lni:<\/h6>\n<\/div>\n<h3>1. l\u00e9p\u00e9s:<\/h3>\n<p>A weboldal nyit\u00f3lapj\u00e1n, a jobb oldali s\u00e1vban van egy Profilk\u00e9pv\u00e1ltoztat\u00e1sra vezet\u0151 link:<\/p>\n<h3><a href=\"https:\/\/scholar.semmelweis.hu\/minta\/wp-content\/uploads\/sites\/2\/2025\/10\/profilkep-csere-1-lepes.jpg\"><img loading=\"lazy\" decoding=\"async\" class=\"aligncenter  wp-image-3703\" src=\"https:\/\/scholar.semmelweis.hu\/minta\/wp-content\/uploads\/sites\/2\/2025\/10\/profilkep-csere-1-lepes-1024x651.jpg\" alt=\"\" width=\"600\" height=\"382\" srcset=\"https:\/\/scholar.semmelweis.hu\/minta\/wp-content\/uploads\/sites\/2\/2025\/10\/profilkep-csere-1-lepes-1024x651.jpg 1024w, https:\/\/scholar.semmelweis.hu\/minta\/wp-content\/uploads\/sites\/2\/2025\/10\/profilkep-csere-1-lepes-300x191.jpg 300w, https:\/\/scholar.semmelweis.hu\/minta\/wp-content\/uploads\/sites\/2\/2025\/10\/profilkep-csere-1-lepes-768x488.jpg 768w, https:\/\/scholar.semmelweis.hu\/minta\/wp-content\/uploads\/sites\/2\/2025\/10\/profilkep-csere-1-lepes-753x479.jpg 753w, https:\/\/scholar.semmelweis.hu\/minta\/wp-content\/uploads\/sites\/2\/2025\/10\/profilkep-csere-1-lepes.jpg 1255w\" sizes=\"(max-width: 600px) 100vw, 600px\" \/><\/a>2. l\u00e9p\u00e9s<\/h3>\n<p>A Testreszab\u00e1s fel\u00fcletre \u00e9rkezve a <strong>Honlapazonos\u00edt\u00e1s<\/strong> opci\u00f3t kell v\u00e1lasztani.<\/p>\n<h3>3. l\u00e9p\u00e9s<\/h3>\n<p>Ezut\u00e1n a <strong>Log\u00f3 kijel\u00f6l\u00e9se<\/strong> lehet\u0151s\u00e9gre kell kattintani.<\/p>\n<h3><a href=\"https:\/\/scholar.semmelweis.hu\/minta\/wp-content\/uploads\/sites\/2\/2025\/10\/profilkep-csere-3-lepes.jpg\"><img loading=\"lazy\" decoding=\"async\" class=\"aligncenter  wp-image-3705\" src=\"https:\/\/scholar.semmelweis.hu\/minta\/wp-content\/uploads\/sites\/2\/2025\/10\/profilkep-csere-3-lepes-1024x348.jpg\" alt=\"\" width=\"600\" height=\"204\" srcset=\"https:\/\/scholar.semmelweis.hu\/minta\/wp-content\/uploads\/sites\/2\/2025\/10\/profilkep-csere-3-lepes-1024x348.jpg 1024w, https:\/\/scholar.semmelweis.hu\/minta\/wp-content\/uploads\/sites\/2\/2025\/10\/profilkep-csere-3-lepes-300x102.jpg 300w, https:\/\/scholar.semmelweis.hu\/minta\/wp-content\/uploads\/sites\/2\/2025\/10\/profilkep-csere-3-lepes-768x261.jpg 768w, https:\/\/scholar.semmelweis.hu\/minta\/wp-content\/uploads\/sites\/2\/2025\/10\/profilkep-csere-3-lepes-753x256.jpg 753w, https:\/\/scholar.semmelweis.hu\/minta\/wp-content\/uploads\/sites\/2\/2025\/10\/profilkep-csere-3-lepes.jpg 1387w\" sizes=\"(max-width: 600px) 100vw, 600px\" \/><\/a>4. l\u00e9p\u00e9s<\/h3>\n<p>A felugr\u00f3 ablakban a szok\u00e1sos m\u00f3don <strong>t\u00f6lts\u00fck fel a kiv\u00e1lasztott profilk\u00e9pet<\/strong>.<\/p>\n<p><strong><span style=\"color: #ff6600;\">Figyelem!<\/span> <\/strong>A k\u00e9p <strong>\u00e1ll\u00f3 form\u00e1tum<\/strong>\u00fa kell, hogy legyen, <strong>kism\u00e9ret\u0171<\/strong> (azaz webre optimaliz\u00e1lt) <strong>jpg<\/strong> f\u00e1jlform\u00e1tum a javasolt.<\/p>\n<h3>5. l\u00e9p\u00e9s<\/h3>\n<p>Felt\u00f6lt\u00e9s ut\u00e1n kattintsunk a<strong> Kiv\u00e1laszt\u00e1s<\/strong> gombra<\/p>\n<h3>6. l\u00e9p\u00e9s<\/h3>\n<p>A rendszer felk\u00edn\u00e1lja a k\u00e9p megv\u00e1g\u00e1s\u00e1t a legide\u00e1lisabb k\u00e9par\u00e1nyra. A k\u00e9p sz\u00e9lein l\u00e1that\u00f3 n\u00e9gyzetek mozgat\u00e1s\u00e1nak seg\u00edts\u00e9g\u00e9vel a lev\u00e1gand\u00f3 ter\u00fclet m\u00f3dos\u00edthat\u00f3, de ak\u00e1r a v\u00e1g\u00e1s el is hagyhat\u00f3. Ennek \u00e9rtelm\u00e9ben v\u00e1laszthatjuk a <strong>Kil\u00e9p\u00e9s a kiv\u00e1g\u00e1sb\u00f3l<\/strong> vagy a <strong>K\u00e9p v\u00e1g\u00e1sa<\/strong> gombokat.\u00a0<\/p>\n<p><a href=\"https:\/\/scholar.semmelweis.hu\/minta\/wp-content\/uploads\/sites\/2\/2025\/10\/profilkep-csere-6-lepes.jpg\"><img loading=\"lazy\" decoding=\"async\" class=\"aligncenter  wp-image-3708\" src=\"https:\/\/scholar.semmelweis.hu\/minta\/wp-content\/uploads\/sites\/2\/2025\/10\/profilkep-csere-6-lepes-1024x681.jpg\" alt=\"\" width=\"600\" height=\"399\" srcset=\"https:\/\/scholar.semmelweis.hu\/minta\/wp-content\/uploads\/sites\/2\/2025\/10\/profilkep-csere-6-lepes-1024x681.jpg 1024w, https:\/\/scholar.semmelweis.hu\/minta\/wp-content\/uploads\/sites\/2\/2025\/10\/profilkep-csere-6-lepes-300x200.jpg 300w, https:\/\/scholar.semmelweis.hu\/minta\/wp-content\/uploads\/sites\/2\/2025\/10\/profilkep-csere-6-lepes-768x511.jpg 768w, https:\/\/scholar.semmelweis.hu\/minta\/wp-content\/uploads\/sites\/2\/2025\/10\/profilkep-csere-6-lepes-753x501.jpg 753w, https:\/\/scholar.semmelweis.hu\/minta\/wp-content\/uploads\/sites\/2\/2025\/10\/profilkep-csere-6-lepes-203x135.jpg 203w, https:\/\/scholar.semmelweis.hu\/minta\/wp-content\/uploads\/sites\/2\/2025\/10\/profilkep-csere-6-lepes.jpg 1362w\" sizes=\"(max-width: 600px) 100vw, 600px\" \/><\/a><\/p>\n<p>&nbsp;<\/p>\n<h3>7. l\u00e9p\u00e9s<\/h3>\n<p>Ezut\u00e1n kattintsunk a <strong>K\u00f6zz\u00e9t\u00e9tel<\/strong> gombra, majd a bal fels\u0151 sarokban l\u00e1that\u00f3 kis <strong>X<\/strong> seg\u00edts\u00e9g\u00e9vel l\u00e9pj\u00fcnk ki a Testreszab\u00e1s opci\u00f3b\u00f3l.<\/p>\n<p>VAGY<\/p>\n<p>Ha nem tetszik a felt\u00f6lt\u00f6tt profilk\u00e9p, akkor kattinthatunk az <strong>Elt\u00e1vol\u00edt\u00e1s<\/strong>, vagy a <strong>Log\u00f3 cser\u00e9je<\/strong> gombokra.\u00a0<\/p>\n<p><strong><span style=\"color: #ff6600;\">Fontos!<\/span><\/strong> Minden m\u00f3dos\u00edt\u00e1sunk a <strong>K\u00f6zz\u00e9t\u00e9tel<\/strong> gombra kattint\u00e1ssal ker\u00fcl ment\u00e9sre.\u00a0<\/p>\n<p><a href=\"https:\/\/scholar.semmelweis.hu\/minta\/wp-content\/uploads\/sites\/2\/2025\/10\/profilkep-csere-7-lepes.jpg\"><img loading=\"lazy\" decoding=\"async\" class=\"aligncenter  wp-image-3710\" src=\"https:\/\/scholar.semmelweis.hu\/minta\/wp-content\/uploads\/sites\/2\/2025\/10\/profilkep-csere-7-lepes-1024x488.jpg\" alt=\"\" width=\"600\" height=\"286\" srcset=\"https:\/\/scholar.semmelweis.hu\/minta\/wp-content\/uploads\/sites\/2\/2025\/10\/profilkep-csere-7-lepes-1024x488.jpg 1024w, https:\/\/scholar.semmelweis.hu\/minta\/wp-content\/uploads\/sites\/2\/2025\/10\/profilkep-csere-7-lepes-300x143.jpg 300w, https:\/\/scholar.semmelweis.hu\/minta\/wp-content\/uploads\/sites\/2\/2025\/10\/profilkep-csere-7-lepes-768x366.jpg 768w, https:\/\/scholar.semmelweis.hu\/minta\/wp-content\/uploads\/sites\/2\/2025\/10\/profilkep-csere-7-lepes-753x359.jpg 753w, https:\/\/scholar.semmelweis.hu\/minta\/wp-content\/uploads\/sites\/2\/2025\/10\/profilkep-csere-7-lepes.jpg 1376w\" sizes=\"(max-width: 600px) 100vw, 600px\" \/><\/a><\/p>\n","protected":false},"excerpt":{"rendered":"<p>A honlapunk fejl\u00e9c\u00e9ben tal\u00e1lhat\u00f3 profilk\u00e9p\u00fcnk technikailag a honlap &#8222;log\u00f3ja&#8221;. A k\u00f6vetkez\u0151 l\u00e9p\u00e9sek szerint lehet azt cser\u00e9lni: 1. l\u00e9p\u00e9s: A weboldal nyit\u00f3lapj\u00e1n, a jobb oldali s\u00e1vban van egy Profilk\u00e9pv\u00e1ltoztat\u00e1sra vezet\u0151 link: <a href=\"https:\/\/scholar.semmelweis.hu\/minta\/wp-content\/uploads\/sites\/2\/2025\/10\/profilkep-csere-1-lepes.jpg\"><\/a> 2. l\u00e9p\u00e9s A Testreszab\u00e1s fel\u00fcletre &hellip;<\/p>\n","protected":false},"author":2,"featured_media":0,"parent":0,"menu_order":8,"comment_status":"closed","ping_status":"closed","template":"","meta":{"footnotes":""},"class_list":["post-3702","page","type-page","status-publish","hentry"],"_links":{"self":[{"href":"https:\/\/scholar.semmelweis.hu\/minta\/wp-json\/wp\/v2\/pages\/3702"}],"collection":[{"href":"https:\/\/scholar.semmelweis.hu\/minta\/wp-json\/wp\/v2\/pages"}],"about":[{"href":"https:\/\/scholar.semmelweis.hu\/minta\/wp-json\/wp\/v2\/types\/page"}],"author":[{"embeddable":true,"href":"https:\/\/scholar.semmelweis.hu\/minta\/wp-json\/wp\/v2\/users\/2"}],"replies":[{"embeddable":true,"href":"https:\/\/scholar.semmelweis.hu\/minta\/wp-json\/wp\/v2\/comments?post=3702"}],"version-history":[{"count":1,"href":"https:\/\/scholar.semmelweis.hu\/minta\/wp-json\/wp\/v2\/pages\/3702\/revisions"}],"predecessor-version":[{"id":3711,"href":"https:\/\/scholar.semmelweis.hu\/minta\/wp-json\/wp\/v2\/pages\/3702\/revisions\/3711"}],"wp:attachment":[{"href":"https:\/\/scholar.semmelweis.hu\/minta\/wp-json\/wp\/v2\/media?parent=3702"}],"curies":[{"name":"wp","href":"https:\/\/api.w.org\/{rel}","templated":true}]}}