{"id":23,"date":"2015-05-20T13:32:00","date_gmt":"2015-05-20T13:32:00","guid":{"rendered":"http:\/\/scholar.semmelweis.hu\/minta\/?page_id=23"},"modified":"2026-02-05T07:24:17","modified_gmt":"2026-02-05T07:24:17","slug":"kezdo-lepesek","status":"publish","type":"page","link":"https:\/\/scholar.semmelweis.hu\/minta\/","title":{"rendered":"Kezd\u0151 l\u00e9p\u00e9sek"},"content":{"rendered":"<p>&nbsp;<\/p>\n<figure id=\"attachment_2300\" aria-describedby=\"caption-attachment-2300\" style=\"width: 249px\" class=\"wp-caption alignright\"><a href=\"http:\/\/scholar.semmelweis.hu\/minta\/wp-content\/uploads\/sites\/2\/2015\/05\/profil_illusztralas.png\"><img loading=\"lazy\" decoding=\"async\" class=\"size-medium wp-image-2300\" src=\"http:\/\/scholar.semmelweis.hu\/minta\/wp-content\/uploads\/sites\/2\/2015\/05\/profil_illusztralas-249x300.png\" alt=\"Illusztr\u00e1ljuk az oldalakat, att\u00f3l szem\u00e9lyesebb lesz!\" width=\"249\" height=\"300\" srcset=\"https:\/\/scholar.semmelweis.hu\/minta\/wp-content\/uploads\/sites\/2\/2015\/05\/profil_illusztralas-249x300.png 249w, https:\/\/scholar.semmelweis.hu\/minta\/wp-content\/uploads\/sites\/2\/2015\/05\/profil_illusztralas.png 466w\" sizes=\"(max-width: 249px) 100vw, 249px\" \/><\/a><figcaption id=\"caption-attachment-2300\" class=\"wp-caption-text\">Illusztr\u00e1ljuk az oldalakat, att\u00f3l szem\u00e9lyesebb lesz!<\/figcaption><\/figure>\n<p><a href=\"https:\/\/scholar.semmelweis.hu\/wp-admin\/\" target=\"_blank\" rel=\"noopener noreferrer\">A saj\u00e1t honlapra felhaszn\u00e1l\u00f3 n\u00e9vvel \u00e9s jelsz\u00f3val lehet bel\u00e9pni<\/a>. Bel\u00e9p\u00e9s ut\u00e1n a felhaszn\u00e1l\u00f3 a <strong>Vez\u00e9rl\u0151pult<\/strong> fel\u00fcletre \u00e9rkezik. A bal oldali men\u00fcs\u00e1vban tal\u00e1lja meg a honlap kialak\u00edt\u00e1s\u00e1hoz sz\u00fcks\u00e9ges eszk\u00f6z\u00f6ket. A fels\u0151 fekete cs\u00edkban egy gyorsszerkeszt\u0151 s\u00e1vot l\u00e1thatunk, ahol valamilyen feliratot (linket) l\u00e1tunk, ott azokra \u00e1ll\u00edtva az egeret, t\u00f6bbnyire leny\u00edl\u00f3 men\u00fct kapunk, illetve a jobb oldali sarokban &#8222;\u00dcdv\u00f6zlet XY!&#8221; feliratra kattintva van lehet\u0151s\u00e9g a saj\u00e1t adatok szerkeszt\u00e9s\u00e9re <strong>&#8222;Adatlapom szerkeszt\u00e9se&#8221;<\/strong> (pl. n\u00e9v megad\u00e1sa, e-mail c\u00edm vagy jelsz\u00f3 m\u00f3dos\u00edt\u00e1sa) \u00e9s a weboldalr\u00f3l val\u00f3 <strong>kijelentkez\u00e9sre<\/strong>. \u00a0<\/p>\n<h4><strong>A honlap c\u00edme \u00e9s alc\u00edme:<\/strong><\/h4>\n<p><strong>Be\u00e1ll\u00edt\u00e1sok<\/strong>\u00a0\/\u00a0<strong>\u00c1ltal\u00e1nos<\/strong> r\u00e9szben a <strong>munkat\u00e1rs neve<\/strong> (<em>honlap c\u00edme)<\/em> \u00e9s <strong>egys\u00e9g megnevez\u00e9se<\/strong> (<em>egysoros le\u00edr\u00e1sa)<\/em> \u00e9s az oldal alj\u00e1n a <em>c\u00edm, tudom\u00e1nyos fokozat<\/em>, illetve a <em>beoszt\u00e1s<\/em> szerkeszthet\u0151. A <a href=\"https:\/\/scholar.semmelweis.hu\/minta\/profilkep-csereje\/\">profilk\u00e9p cser\u00e9j\u00e9<\/a>re is lehet\u0151s\u00e9g van, bel\u00e9pve a honlapunk nyit\u00f3lapj\u00e1nak jobb oldal\u00e1n egy gomb seg\u00edts\u00e9g\u00e9vel \u00e9rhet\u0151 el az opci\u00f3. Az Olvas\u00e1si be\u00e1ll\u00edt\u00e1sokn\u00e1l a kezd\u0151lapot \u00e1ll\u00edthatjuk \u00e1t az alap\u00e9rtelmezettr\u0151l valamilyen m\u00e1s, m\u00e1r elk\u00e9sz\u00edtett oldalra (azaz el\u0151bb el kell k\u00e9sz\u00edteni az \u00faj nyit\u00f3lapnak sz\u00e1nt oldalt. \u00c9rdemes a men\u00fc szerkeszt\u00e9s\u00e9vel az \u00faj kezd\u0151lapot be\u00e1ll\u00edtani balr\u00f3l az els\u0151 men\u00fcpontnak). \u00a0<\/p>\n<h4><strong>A honlap tartalm\u00e1nak kialak\u00edt\u00e1sa, struktur\u00e1l\u00e1sa:<\/strong><\/h4>\n<p>Fel\u00fclr\u0151l a negyedik f\u0151men\u00fcpont az <strong><a href=\"http:\/\/scholar.semmelweis.hu\/minta\/minta-oldal\/\">Oldalak<\/a>.\u00a0<\/strong>A honlap \u00e1lland\u00f3, statikus tartalmait (pl. bemutatkoz\u00e1s, CV, el\u00e9rhet\u0151s\u00e9g, stb.) oldalakb\u00f3l \u00e9p\u00edtj\u00fck fel, ezeket lehet<strong> <a href=\"http:\/\/scholar.semmelweis.hu\/minta\/menu-keszites\/\">men\u00fcpontokk\u00e1<\/a><\/strong> alak\u00edtani, a m\u00e1r megl\u00e9v\u0151 oldalak tartalm\u00e1t (men\u00fcpontokat) is innen el\u00e9rve tudjuk szerkeszteni. Az &#8222;\u00d6sszes oldal&#8221;-ra kattintva lehet\u0151s\u00e9g\u00fcnk van jobb oldalon az oldalak list\u00e1ja feletti keres\u0151mez\u0151 felhaszn\u00e1l\u00e1s\u00e1val kulcssz\u00f3val keresni, illetve a bal oldali leny\u00edl\u00f3 men\u00fc seg\u00edts\u00e9g\u00e9vel a k\u00f6zz\u00e9t\u00e9tel d\u00e1tum\u00e1ra keresni. Itt van lehet\u0151s\u00e9g csoportosan szerkeszteni, vagy t\u00f6r\u00f6lni oldalakat. Ehhez az oldalak list\u00e1j\u00e1ban a c\u00edmek el\u0151tt tal\u00e1lhat\u00f3 jel\u00f6l\u0151n\u00e9gyzetre kell kattintani, majd a &#8222;Csoportm\u0171veletek&#8221; men\u00fcpont leny\u00edl\u00f3 men\u00fcj\u00e9b\u0151l a sz\u00fcks\u00e9geset kiv\u00e1lasztani. Egy \u00faj oldal l\u00e9trehoz\u00e1s\u00e1nak \u00e9s szerkeszt\u00e9s\u00e9nek a m\u00f3dj\u00e1r\u00f3l (t\u00e1bl\u00e1zatok, k\u00e9pek, k\u00e9pgal\u00e9ri\u00e1k, dokumentumok, linkek hozz\u00e1ad\u00e1s\u00e1r\u00f3l)\u00a0b\u0151vebb \u00e9s r\u00e9szletes le\u00edr\u00e1st <strong><a href=\"http:\/\/scholar.semmelweis.hu\/minta\/minta-oldal\/\">erre a linkre kattintva<\/a><\/strong> tal\u00e1lhat. \u00a0<\/p>\n<h4><strong>\u00cdrjunk posztokat!<\/strong><\/h4>\n<p>Cikkek, publik\u00e1ci\u00f3k k\u00f6zz\u00e9t\u00e9tel\u00e9re a\u00a0<a href=\"http:\/\/scholar.semmelweis.hu\/minta\/2015\/05\/21\/bejegyzes-keszitese\/\"><strong>Bejegyz\u00e9s<\/strong>\u00a0t\u00edpus\u00fa tartalom szolg\u00e1l<\/a>, amely a k\u00f6zz\u00e9t\u00e9tel d\u00e1tum\u00e1val egy\u00fctt jelenik meg, <strong>kateg\u00f3ri\u00e1k alapj\u00e1n csoportos\u00edthat\u00f3, tematiz\u00e1lhat\u00f3, illetve ezek seg\u00edts\u00e9g\u00e9vel men\u00fcbe<\/strong> <strong>rendezhet\u0151<\/strong> \u00e9s kilist\u00e1zva egym\u00e1st d\u00e1tum alapj\u00e1n k\u00f6vetik (l\u00e1sd <a href=\"http:\/\/scholar.semmelweis.hu\/minta\/category\/cikkek-keszitese\/\">Cikkek \u00edr\u00e1sa<\/a>\u00a0men\u00fcpont). Szerkeszt\u00e9si fel\u00fclete szinte teljesen\u00a0megegyezik az oldal\u00e9val (t\u00e1bl\u00e1zatok, k\u00e9pek, k\u00e9pgal\u00e9ri\u00e1k, dokumentumok, linkek adhat\u00f3ak hozz\u00e1), de \u00f6nmag\u00e1ban nem lehet men\u00fcbe rendezni. A Vez\u00e9rl\u0151pulton a Bejegyz\u00e9sek men\u00fcpontban tal\u00e1lhat\u00f3ak a <em>Kateg\u00f3ri\u00e1k<\/em>, amelyekkel minden egyes cikk csoportos\u00edthat\u00f3 (pl. publik\u00e1ci\u00f3k, tudom\u00e1nyos h\u00edrek, oktat\u00e1si h\u00edrek, stb.), ill\u00a0\u00faj kateg\u00f3ria felv\u00e9tele itt lehets\u00e9ges. A bejegyz\u00e9sek k\u00e9sz\u00edt\u00e9se, illetve szerkeszt\u00e9se eset\u00e9n a\u00a0kateg\u00f3ria a szerkeszt\u0151fel\u00fclet jobb oldali men\u00fcoszlop\u00e1ban pip\u00e1lhat\u00f3 be, ill. esetleg \u00faj kateg\u00f3ria ott is l\u00e9trehozhat\u00f3. Egy bejegyz\u00e9snek egyszerre t\u00f6bb kateg\u00f3ria is adhat\u00f3. A bejegyz\u00e9sek c\u00edmk\u00e9zhet\u0151ek (tag) amelyek k\u00e9s\u0151bb a keres\u00e9st megk\u00f6nny\u00edtik, illetve kiemelt k\u00e9p adhat\u00f3, amely \u00edgy a listan\u00e9zetkor is megjelenik. \u00a0<\/p>\n<h4><strong>K\u00e9pek, f\u00e1jlok felt\u00f6lt\u00e9se:<\/strong><\/h4>\n<p>A <strong>M\u00e9diat\u00e1rban<\/strong> tal\u00e1lhat\u00f3ak meg <a href=\"http:\/\/scholar.semmelweis.hu\/minta\/minta-oldal\/fajlok-beillesztese-pdf-beagyazas\/\">az oldalakhoz \u00e9s bejegyz\u00e9sekhez felt\u00f6lt\u00f6tt (azokhoz csatol\u00e1sk\u00e9nt rendelt) k\u00e9pek \u00e9s egy\u00e9b f\u00e1jlok<\/a>, illetve mag\u00e1ban is t\u00f6lthet\u00fcnk fel k\u00e9pet, f\u00e1jlt. Az oldalakhoz hasonl\u00f3an a M\u00e9diat\u00e1rban is lehet\u0151s\u00e9g van a keres\u0151mez\u0151ben kulcssz\u00f3val keresni, illetve a bal oldali leny\u00edl\u00f3 men\u00fc seg\u00edts\u00e9g\u00e9vel a k\u00f6zz\u00e9t\u00e9tel d\u00e1tum\u00e1ra keresni. Lehet\u0151leg ink\u00e1bb a cikkhez illetve az oldalhoz t\u00f6lts\u00fck fel a k\u00e9peket, f\u00e1jlokat, ne k\u00f6zvetlen\u00fcl a M\u00e9diat\u00e1rba. \u00a0<\/p>\n<h4><strong>Egy\u00e9b funkci\u00f3k:<\/strong><\/h4>\n<p>A <strong>Megjelen\u00e9s<\/strong> men\u00fcpontban a <strong><a href=\"http:\/\/scholar.semmelweis.hu\/minta\/menu-keszites\/\">Men\u00fcket<\/a><\/strong> \u00e1ll\u00edthatjuk be illetve a <a href=\"http:\/\/scholar.semmelweis.hu\/minta\/oldalsav\/\"><strong>Widgetek<\/strong>kel a honlap jobboldali sidebarj<\/a>\u00e1ban tal\u00e1lhat\u00f3 tartalmak szerkeszthet\u0151ek (Oldals\u00e1v). A form\u00e1z\u00e1sra <strong><a href=\"\/wiki\/2013\/03\/alapveto-html-kodok\/\">html k\u00f3dokkal<\/a> <\/strong>van m\u00f3d.<em> (A linkre kattintva b\u0151vebb t\u00e1j\u00e9koztat\u00e1st \u00e9s mint\u00e1kat tal\u00e1lhat.)\u00a0<\/em>A l\u00e1bl\u00e9cek a k\u00f6zponti arculatnak megfelel\u0151en lettek kialak\u00edtva.\u00a0Ha a\u00a0widget ter\u00fcletre nem ker\u00fcl tartalom, oda automatikusan a k\u00f6zponti <a href=\"http:\/\/semmelweis.hu\/hirek\">Semmelweis\u00a0H\u00edrek<\/a> oldalr\u00f3l ker\u00fclnek be a legfrissebb k\u00f6zz\u00e9tett cikkek, inform\u00e1ci\u00f3k. A honlapot el\u00e9rhet\u0151v\u00e9 tehetj\u00fck t\u00f6bb nyelven is. Ehhez <a href=\"http:\/\/scholar.semmelweis.hu\/minta\/nyelvi-verziok\/\">a Polylang b\u0151v\u00edtm\u00e9nyt<\/a> haszn\u00e1ljuk. A Hivatkoz\u00e1sok men\u00fcpontot nem haszn\u00e1ljuk, a Hozz\u00e1sz\u00f3l\u00e1sok pedig nem enged\u00e9lyezettek a Semmelweis Egyetem oldalain. A <strong>Megjelen\u00e9s<\/strong> men\u00fcpontban tal\u00e1lhat\u00f3 az oldal sablon be\u00e1ll\u00edt\u00e1sa. Ezt csak adminisztr\u00e1tori joggal lehet v\u00e1ltoztatni, de ehhez NEM szabad ny\u00falni, mert a weboldal egys\u00e9ges arculata k\u00f6telez\u0151 a Semmelweis Egyetem honlaprendszer\u00e9n bel\u00fcl. \u00a0<\/p>\n","protected":false},"excerpt":{"rendered":"<p>&nbsp; <a href=\"https:\/\/scholar.semmelweis.hu\/wp-admin\/\" target=\"_blank\" rel=\"noopener noreferrer\">A saj\u00e1t honlapra felhaszn\u00e1l\u00f3 n\u00e9vvel \u00e9s jelsz\u00f3val lehet bel\u00e9pni<\/a> . Bel\u00e9p\u00e9s ut\u00e1n a felhaszn\u00e1l\u00f3 a Vez\u00e9rl\u0151pult fel\u00fcletre \u00e9rkezik. A bal oldali men\u00fcs\u00e1vban tal\u00e1lja meg a honlap kialak\u00edt\u00e1s\u00e1hoz sz\u00fcks\u00e9ges eszk\u00f6z\u00f6ket. A fels\u0151 fekete cs\u00edkban egy gyorsszerkeszt\u0151 s\u00e1vot l\u00e1thatunk, ahol valamilyen feliratot (linket) l\u00e1tunk, ott &hellip;<\/p>\n","protected":false},"author":2,"featured_media":0,"parent":0,"menu_order":0,"comment_status":"open","ping_status":"open","template":"","meta":{"footnotes":""},"class_list":["post-23","page","type-page","status-publish","hentry"],"_links":{"self":[{"href":"https:\/\/scholar.semmelweis.hu\/minta\/wp-json\/wp\/v2\/pages\/23"}],"collection":[{"href":"https:\/\/scholar.semmelweis.hu\/minta\/wp-json\/wp\/v2\/pages"}],"about":[{"href":"https:\/\/scholar.semmelweis.hu\/minta\/wp-json\/wp\/v2\/types\/page"}],"author":[{"embeddable":true,"href":"https:\/\/scholar.semmelweis.hu\/minta\/wp-json\/wp\/v2\/users\/2"}],"replies":[{"embeddable":true,"href":"https:\/\/scholar.semmelweis.hu\/minta\/wp-json\/wp\/v2\/comments?post=23"}],"version-history":[{"count":27,"href":"https:\/\/scholar.semmelweis.hu\/minta\/wp-json\/wp\/v2\/pages\/23\/revisions"}],"predecessor-version":[{"id":3719,"href":"https:\/\/scholar.semmelweis.hu\/minta\/wp-json\/wp\/v2\/pages\/23\/revisions\/3719"}],"wp:attachment":[{"href":"https:\/\/scholar.semmelweis.hu\/minta\/wp-json\/wp\/v2\/media?parent=23"}],"curies":[{"name":"wp","href":"https:\/\/api.w.org\/{rel}","templated":true}]}}