{"id":164,"date":"2017-03-13T12:26:17","date_gmt":"2017-03-13T12:26:17","guid":{"rendered":"http:\/\/scholar.semmelweis.hu\/minta\/?page_id=164"},"modified":"2021-05-26T06:20:06","modified_gmt":"2021-05-26T06:20:06","slug":"tippek-es-trukkok","status":"publish","type":"page","link":"https:\/\/scholar.semmelweis.hu\/minta\/minta-oldal\/tippek-es-trukkok\/","title":{"rendered":"Tippek \u00e9s tr\u00fckk\u00f6k"},"content":{"rendered":"<p><span style=\"font-size: 14pt;\"><strong><span style=\"color: #0000ff;\"> \ud83d\udca1<\/span><\/strong> <strong><span style=\"font-size: 14pt;\">Sort\u00f6r\u00e9s<\/span><\/strong><\/span>\u00a0 (sort\u00e1v n\u00e9lk\u00fcl)<br \/>\nHa egy bekezd\u00e9sen vagy felsorol\u00e1son bel\u00fcl szeretn\u00e9nk \u00faj sorba t\u00f6rni a tartalmat, de nem szeretn\u00e9nk, hogy a bekezd\u00e9sn\u00e9l be\u00e1ll\u00edtott sort\u00e1vot, vagy a felsorol\u00e1sn\u00e1l megjelen\u0151 listajelet\/sz\u00e1moz\u00e1st, akkor egyszer\u0171en az Enter gomb lenyom\u00e1sa el\u0151tt nyomjuk le a Shift (nagy bet\u0171v\u00e9 alak\u00edt\u00f3) gombot \u00e9s tartsuk lenyomva, amikor megnyomjuk az Enter.<\/p>\n<hr \/>\n<p><span style=\"font-size: 14pt;\"><strong><span style=\"color: #0000ff;\"> \ud83d\udca1<\/span><\/strong><strong><span style=\"font-size: 14pt;\">\u00a0V\u00edzszintes vonal\u00a0<\/span><\/strong><\/span><br \/>\nAhogyan ebben a le\u00edr\u00e1sban is l\u00e1tjuk, v\u00edzszintes elv\u00e1laszt\u00f3 vonalakkal is tagolhatjuk a sz\u00f6veg\u00fcnket. A vonal mindig az adott tartalom (oldal\/bejegyz\u00e9s) teljes v\u00edzszintes sz\u00e9less\u00e9g\u00e9n kereszt\u00fcl h\u00faz\u00f3dik. Ennek besz\u00far\u00e1s\u00e1hoz a grafikus szerkeszt\u0151s\u00e1vban a <strong>\u2014<\/strong>\u00a0jelre kell kattintanunk, vagy a HTML n\u00e9zetben az al\u00e1bbi egyszer\u0171 k\u00f3dot besz\u00farnunk:<\/p>\n<pre>&lt;hr \/&gt;<\/pre>\n<p>&nbsp;<\/p>\n<hr \/>\n<p><span style=\"font-size: 14pt;\"><strong><span style=\"color: #0000ff;\"> \ud83d\udca1<\/span><\/strong><strong><span style=\"font-size: 14pt;\">\u00a0C\u00edmsorok haszn\u00e1lata\u00a0<\/span><\/strong><\/span><br \/>\nA sz\u00f6vegtagol\u00e1s\u00e1hoz \u00e9rdemes az egyszer\u0171 sz\u00f6vegform\u00e1z\u00e1si lehet\u0151s\u00e9gek (f\u00e9lk\u00f6v\u00e9r, d\u0151lt bet\u0171) a c\u00edmsorok adta kiemel\u00e9sek haszn\u00e1lata is. Grafikus n\u00e9zetben a szerkeszt\u0151l\u00e9c\u00fcnk bal als\u00f3 sark\u00e1ban a Bekezd\u00e9s sz\u00f3t l\u00e1thatjuk. A mez\u0151ben tal\u00e1lhat\u00f3 kis, lefel\u00e9 mutat\u00f3 h\u00e1romsz\u00f6gre kattintva v\u00e1laszthatjuk a kiemel\u00e9sek k\u00fcl\u00f6nb\u00f6z\u0151 szintj\u00e9t, l\u00e1sd al\u00e1bbi k\u00e9p. Lehet\u0151leg haszn\u00e1ljuk hierarchikusan. A c\u00edmsorok m\u00e9rete k\u00f6zpontilag meghat\u00e1rozott.<\/p>\n<p><a href=\"https:\/\/semmelweis.hu\/wiki\/files\/2016\/08\/cimsorok.png\"><img loading=\"lazy\" decoding=\"async\" class=\"aligncenter wp-image-1170\" src=\"https:\/\/semmelweis.hu\/wiki\/files\/2016\/08\/cimsorok.png\" alt=\"cimsorok\" width=\"551\" height=\"361\" \/><\/a><\/p>\n<hr \/>\n<p><span style=\"font-size: 14pt;\"><strong><span style=\"color: #0000ff;\"> \ud83d\udca1<\/span><\/strong><\/span>\u00a0<strong><span style=\"font-size: 14pt;\">Gombk\u00e9sz\u00edt\u00e9s<\/span><\/strong><br \/>\nEgyszer\u0171en k\u00e9sz\u00edthet\u00fcnk gombokat a linkek helyett (haszn\u00e1ljuk k\u00f6r\u00fcltekint\u0151en, ne vigy\u00fck t\u00falz\u00e1sba). Pl \u00edgy:<\/p>\n<p style=\"text-align: center;\"><a class=\"btn btn-primary\" target=\"_blank\" rel=\"noopener noreferrer\">Semmelweis Scholar<\/a><\/p>\n<p style=\"text-align: left;\">Ehhez el\u0151sz\u00f6r k\u00e9sz\u00edts\u00fck el a sz\u00f6veget (pl. Let\u00f6lt\u00e9s, \u00a0stb.) <a href=\"https:\/\/scholar.semmelweis.hu\/minta\/minta-oldal\/linkek-keszitese\/\" target=\"_blank\" rel=\"noopener noreferrer\">\u00e9s linkelj\u00fck r\u00e1 a webc\u00edmet<\/a>: (a p\u00e9ld\u00e1ban a Semmelweis Scholar sz\u00f3t \u00e9s a\u00a0<a href=\"https:\/\/scholar.semmelweis.hu\/\" target=\"_blank\" rel=\"noopener noreferrer\">https:\/\/scholar.semmelweis.hu\/<\/a> linket haszn\u00e1ltam). Ezut\u00e1n v\u00e1ltsunk \u00e1t a <strong>HTML n\u00e9zetbe<\/strong> \u00e9s keress\u00fck meg a link\u00fcnket (Ctrl+F keres\u00e9s m\u0171k\u00f6dik). A p\u00e9lda eset\u00e9ben ezt l\u00e1tom:<\/p>\n<pre>&lt;a href=\"https:\/\/scholar.semmelweis.hu\/\"&gt;Semmelweis Scholar&lt;\/a&gt;<\/pre>\n<p>Ebbe a k\u00f3dba kell bele\u00edrnunk egy <strong>class=&#8221;btn btn-<span style=\"color: #ff0000;\">valami<\/span>&#8222;<\/strong>\u00a0 r\u00e9szt, att\u00f3l f\u00fcgg\u0151en, hogy milyen gombot szeretn\u00e9nk k\u00e9sz\u00edteni. Az al\u00e1bbi gomb nevek csak azt jelzik, hogy abban a bizonyos class k\u00f3dr\u00e9szbe mit helyettes\u00edthet\u00fcnk a &#8222;valami&#8221; hely\u00e9re. Teh\u00e1t az al\u00e1bbiakb\u00f3l azt jegyezz\u00fck meg, hogy <strong>melyik sz\u00edn melyik class megnevez\u00e9shez tartozik<\/strong>. Term\u00e9szetesen b\u00e1rmit \u00edrhatunk a gomb &#8211; azaz a link sz\u00f6vegek\u00e9nt &#8211; ami jelen p\u00e9ld\u00e1ban a &#8222;Semmelweis Scholar&#8221;.<\/p>\n<p><button class=\"btn btn-default\">Default<\/button><\/p>\n<pre>&lt;a class=\"btn btn-default\" href=\"https:\/\/scholar.semmelweis.hu\/\"&gt;Semmelweis Scholar&lt;\/a&gt;<\/pre>\n<p><button class=\"btn btn-primary\">Primary<\/button><\/p>\n<pre>&lt;a class=\"btn btn-primary\" href=\"https:\/\/scholar.semmelweis.hu\/\"&gt;Semmelweis Scholar&lt;\/a&gt;<\/pre>\n<p><button class=\"btn btn-success\">Success<\/button><\/p>\n<pre>&lt;a class=\"btn btn-success\" href=\"https:\/\/scholar.semmelweis.hu\/\"&gt;Semmelweis Scholar&lt;\/a&gt;<\/pre>\n<p><button class=\"btn btn-info\">Info<\/button><\/p>\n<pre>&lt;a class=\"btn btn-info\" href=\"https:\/\/scholar.semmelweis.hu\/\"&gt;Semmelweis Scholar&lt;\/a&gt;<\/pre>\n<p><button class=\"btn btn-warning\">Warning<\/button><\/p>\n<pre>&lt;a class=\"btn btn-warning\" href=\"https:\/\/scholar.semmelweis.hu\/\"&gt;Semmelweis Scholar&lt;\/a&gt;<\/pre>\n<p><button class=\"btn btn-danger\">Danger<\/button><\/p>\n<pre>&lt;a class=\"btn btn-danger\" href=\"https:\/\/scholar.semmelweis.hu\/\"&gt;Semmelweis Scholar&lt;\/a&gt;<\/pre>\n","protected":false},"excerpt":{"rendered":"<p>\ud83d\udca1 Sort\u00f6r\u00e9s\u00a0 (sort\u00e1v n\u00e9lk\u00fcl) Ha egy bekezd\u00e9sen vagy felsorol\u00e1son bel\u00fcl szeretn\u00e9nk \u00faj sorba t\u00f6rni a tartalmat, de nem szeretn\u00e9nk, hogy a bekezd\u00e9sn\u00e9l be\u00e1ll\u00edtott sort\u00e1vot, vagy a felsorol\u00e1sn\u00e1l megjelen\u0151 listajelet\/sz\u00e1moz\u00e1st, akkor egyszer\u0171en az Enter gomb lenyom\u00e1sa &hellip;<\/p>\n","protected":false},"author":2,"featured_media":0,"parent":2,"menu_order":5,"comment_status":"open","ping_status":"open","template":"","meta":{"footnotes":""},"class_list":["post-164","page","type-page","status-publish","hentry"],"_links":{"self":[{"href":"https:\/\/scholar.semmelweis.hu\/minta\/wp-json\/wp\/v2\/pages\/164"}],"collection":[{"href":"https:\/\/scholar.semmelweis.hu\/minta\/wp-json\/wp\/v2\/pages"}],"about":[{"href":"https:\/\/scholar.semmelweis.hu\/minta\/wp-json\/wp\/v2\/types\/page"}],"author":[{"embeddable":true,"href":"https:\/\/scholar.semmelweis.hu\/minta\/wp-json\/wp\/v2\/users\/2"}],"replies":[{"embeddable":true,"href":"https:\/\/scholar.semmelweis.hu\/minta\/wp-json\/wp\/v2\/comments?post=164"}],"version-history":[{"count":19,"href":"https:\/\/scholar.semmelweis.hu\/minta\/wp-json\/wp\/v2\/pages\/164\/revisions"}],"predecessor-version":[{"id":3653,"href":"https:\/\/scholar.semmelweis.hu\/minta\/wp-json\/wp\/v2\/pages\/164\/revisions\/3653"}],"up":[{"embeddable":true,"href":"https:\/\/scholar.semmelweis.hu\/minta\/wp-json\/wp\/v2\/pages\/2"}],"wp:attachment":[{"href":"https:\/\/scholar.semmelweis.hu\/minta\/wp-json\/wp\/v2\/media?parent=164"}],"curies":[{"name":"wp","href":"https:\/\/api.w.org\/{rel}","templated":true}]}}