{"id":2,"date":"2015-11-02T14:56:03","date_gmt":"2015-11-02T13:56:03","guid":{"rendered":"http:\/\/scholar.semmelweis.hu\/micsikt\/cv\/"},"modified":"2026-01-08T14:53:54","modified_gmt":"2026-01-08T13:53:54","slug":"cv","status":"publish","type":"page","link":"https:\/\/scholar.semmelweis.hu\/micsikt\/cv\/","title":{"rendered":"CV"},"content":{"rendered":"<p><strong>\u00d6N\u00c9LETRAJZ<\/strong><\/p>\n<p><strong>Szem\u00e9lyes Adatok<\/strong><\/p>\n<p>N\u00e9v: Dr. Micsik Tam\u00e1s Szabolcs, PhD, MBA, M.Sc.\u00a0\u00a0 <br \/>\nSz\u00fclet\u00e9s ideje: 1972.08.05. Budapest<br \/>\nTelefonsz\u00e1m: 0620-8250575<\/p>\n<p>E-mail: <a href=\"mailto:micsikt@gmail.com\">micsikt@gmail.com<\/a>, <a href=\"mailto:micsik.tamas@med.semmelweis-univ.hu\">micsik.tamas@semmelweis.hu<\/a><\/p>\n<p>Weboldal: <a href=\"https:\/\/semmelweis.hu\/iga\/\">https:\/\/semmelweis.hu\/iga\/<\/a><\/p>\n<p>\u00a0<strong>V\u00e9gzetts\u00e9g<\/strong><\/p>\n<ul>\n<li>Semmelweis Egyetem PhD fokozat (Digit\u00e1lis Patol\u00f3gia), 2019.01.25<\/li>\n<li>Molekul\u00e1ris Genetikai Diagnosztika szakorvos, szakvizsga 2014.03.17<\/li>\n<li>Patol\u00f3gus szakorvos, szakvizsga 2008.10.28.<\/li>\n<li>MBA k\u00e9pz\u00e9s, Budapesti M\u0171szaki \u00e9s Gazdas\u00e1gtudom\u00e1nyi Egyetem, 2000-2004<\/li>\n<li>BMGE Villamosm\u00e9rn\u00f6ki \u00e9s Informatikai Kar, Orvosbiol\u00f3gus-m\u00e9rn\u00f6k k\u00e9pz\u00e9s, 1996-2000<\/li>\n<li>SOTE \u00c1OK, \u00e1ltal\u00e1nos orvosi diploma, 1996<\/li>\n<\/ul>\n<p><strong>Munkahelyek<\/strong><\/p>\n<ul>\n<li>2021, Patol\u00f3gia oszt\u00e1lyvezet\u0151 f\u0151orvos, Fej\u00e9r Megyei Szent Gy\u00f6rgy Egyetemi Oktat\u00f3korh\u00e1z<\/li>\n<li>2008 \u00f3ta: Semmelweis Egyetem, <a href=\"http:\/\/semmelweis.hu\/patologia1\/\">Patol\u00f3giai \u00e9s K\u00eds\u00e9rleti R\u00e1kkutat\u00f3 Int\u00e9zet<\/a> (klinikai szakorvos, 2017-t\u0151l tan\u00e1rseg\u00e9d, 2020-t\u00f3l egyetemi adjunktus, 2025-t\u0151l egyetemi docens)<\/li>\n<li>2018-t\u00f3l Semmelweis-Karolinska Bilater\u00e1lis egy\u00fcttm\u0171k\u00f6d\u00e9s kapcs\u00e1n rendszeres konzult\u00e1ns tev\u00e9kenys\u00e9g Karolinska Egyetemen Stockholmban, illetve el\u0151tte Lundban<\/li>\n<li>2011-2019 az Onkopatol\u00f3giai Diagnosztika Kft. r\u00e9szid\u0151s munkat\u00e1rsa<\/li>\n<li>2005-2007 Semmelweis Egyetem, Kooper\u00e1ci\u00f3s Kutat\u00f3 K\u00f6zpont, I.sz\u00e1m\u00fa Patol\u00f3giai \u00e9s K\u00eds\u00e9rleti R\u00e1kkutat\u00f3 Int\u00e9zet, tudom\u00e1nyos seg\u00e9dmunkat\u00e1rsi munkak\u00f6r<\/li>\n<li>2003-2005 Semmelweis Egyetem, k\u00f6zponti patol\u00f3gus gyakornok<\/li>\n<li>2000-2003 Richter Gedeon Rt., orvosl\u00e1togat\u00f3i, majd monitori, term\u00e9kfelel\u0151si munkak\u00f6r<\/li>\n<li>1998-2000 Roche Magyarorsz\u00e1g Kft, orvosl\u00e1togat\u00f3i munkak\u00f6r<\/li>\n<li>1996-1997: Budai M\u00c1V K\u00f3rh\u00e1z, pulmonol\u00f3gia oszt\u00e1ly, oszt\u00e1lyos orvos<\/li>\n<li>1992-1994: Orsz\u00e1gos Ment\u0151szolg\u00e1lat, Budai Ment\u0151\u00e1llom\u00e1s, r\u00e9szfoglalkoz\u00e1s\u00fa \u00e1pol\u00f3<\/li>\n<\/ul>\n<p><strong>Kutat\u00e1si ter\u00fclet\/Szakter\u00fclet<\/strong><\/p>\n<ul>\n<li>Gastroenterol\u00f3gia<\/li>\n<li>Pedi\u00e1triai patol\u00f3gia<\/li>\n<li>T\u00fcd\u0151patol\u00f3gia<\/li>\n<li>N\u0151gy\u00f3gy\u00e1szati patol\u00f3gia<\/li>\n<li>Digit\u00e1lis patol\u00f3gia<\/li>\n<\/ul>\n<p><strong>Oktat\u00e1si tev\u00e9kenys\u00e9g <\/strong><em>\u00a0<\/em><\/p>\n<ul>\n<li>Patol\u00f3gia gradu\u00e1lis gyakorlatok 2006 \u00f3ta (FOK, \u00c1OK, III. \u00e9vfolyam) magyar \u00e9s angol nyelven<\/li>\n<li>TDK-hallgat\u00f3k oktat\u00e1sa, vezet\u00e9se ( eddig 25 v\u00e9gzett, jelenleg 3 akt\u00edv hallgat\u00f3)<\/li>\n<li>Szakdolgozatok k\u00e9sz\u00edt\u00e9se (eddig 25 szakdolgozat konzult\u00e1nsa)<\/li>\n<li>Szakvizsgael\u0151k\u00e9sz\u00edt\u0151 tanfolyamon r\u00e9szel\u0151ad\u00f3<\/li>\n<li>PhD-t\u00e9mavezet\u0151 SE Patol\u00f3gia Doktori Iskol\u00e1ban (1 \u00f6szt\u00f6nd\u00edjas hallgat\u00f3 v\u00e9d\u00e9se 2024.10.28)<\/li>\n<li>Patol\u00f3gus szakk\u00e9pz\u00e9sben mentori tev\u00e9kenys\u00e9g<\/li>\n<\/ul>\n<p><strong>T\u00e1rsas\u00e1gi tags\u00e1gok<\/strong><\/p>\n<ul>\n<li>Magyar Patol\u00f3gus T\u00e1rsas\u00e1g, MPT (2005 \u00f3ta)<\/li>\n<li>Magyar Onkol\u00f3gusok T\u00e1rsas\u00e1ga, MOT (2005 \u00f3ta)<\/li>\n<li>International Academy of Pathology, IAP, (2005 \u00f3ta)<\/li>\n<li>European Society of Pathology, ESP (2010 \u00f3ta)<\/li>\n<\/ul>\n<p>\u00a0<strong>D\u00edjak \u00e9s elismer\u00e9sek<\/strong><\/p>\n<ul>\n<li>IAP TTT konferenci\u00e1kon poszterd\u00edj 2008, 2009, 2010, 2012<\/li>\n<li>72. MPT konferencia poszter k\u00fcl\u00f6nd\u00edj 2015<\/li>\n<li>29. ESP\/ECP Konferencia K\u00f6ln, Best endocrin poster session<\/li>\n<li>Vezetett TDK-hallgat\u00f3k Egyetemi TDK-konferenci\u00e1kon 1,2,3, d\u00edjak \u00e9s FIPAT 1,2,3 d\u00edjak, 2016-2020, OTDK 1xI.-\u00e9s 2xII. d\u00edjak 2019, 2022<\/li>\n<li>2017 Semmelweis Egyetem Klinikai Kutat\u00e1si \u00f6szt\u00f6nd\u00edj d\u00edjazottja<\/li>\n<\/ul>\n<p><strong>Publik\u00e1ci\u00f3s aktivit\u00e1s (MTMT szerint)<\/strong><\/p>\n<ul>\n<li>Tudom\u00e1nyos k\u00f6zlem\u00e9nyek sz\u00e1ma: 112<\/li>\n<li>\u00d6sszes\u00edtett impakt faktor: 128.184<\/li>\n<li>Id\u00e9zetts\u00e9g: 828<\/li>\n<li>Hirsch index: 16; g-index: 27<\/li>\n<\/ul>\n<p>\u00a0<strong>B\u00edr\u00e1l\u00f3i tev\u00e9kenys\u00e9g<\/strong><\/p>\n<ul>\n<li>Diagnostic Pathology, Pathology Oncology Research, Clinical Epigenetics, World Journal of Gastroenterology, Histopathology, Geroscience, Scientific Reports, MDPI IJMS, Frontiers in Medicine, Frontiers in Endocrinology<\/li>\n<\/ul>\n<p><strong>Nyelvismeret<\/strong><\/p>\n<ul>\n<li>Angol k\u00f6z\u00e9pfok, 1990<\/li>\n<li>n\u00e9met k\u00f6z\u00e9pfok, 1989<\/li>\n<\/ul>\n","protected":false},"excerpt":{"rendered":"<p>\u00d6N\u00c9LETRAJZ Szem\u00e9lyes Adatok N\u00e9v: Dr. Micsik Tam\u00e1s Szabolcs, PhD, MBA, M.Sc.\u00a0\u00a0 Sz\u00fclet\u00e9s ideje: 1972.08.05. Budapest Telefonsz\u00e1m: 0620-8250575 E-mail: <a href=\"mailto:micsikt@gmail.com\">micsikt@gmail.com<\/a> , <a href=\"mailto:micsik.tamas@med.semmelweis-univ.hu\">micsik.tamas@semmelweis.hu<\/a> Weboldal: <a href=\"https:\/\/semmelweis.hu\/iga\/\">https:\/\/semmelweis.hu\/iga\/<\/a> \u00a0V\u00e9gzetts\u00e9g Semmelweis Egyetem PhD fokozat (Digit\u00e1lis Patol\u00f3gia), 2019.01.25 Molekul\u00e1ris Genetikai Diagnosztika szakorvos, szakvizsga 2014.03.17 Patol\u00f3gus &hellip;<\/p>\n","protected":false},"author":67,"featured_media":0,"parent":0,"menu_order":0,"comment_status":"closed","ping_status":"closed","template":"","meta":{"footnotes":""},"class_list":["post-2","page","type-page","status-publish","hentry"],"_links":{"self":[{"href":"https:\/\/scholar.semmelweis.hu\/micsikt\/wp-json\/wp\/v2\/pages\/2"}],"collection":[{"href":"https:\/\/scholar.semmelweis.hu\/micsikt\/wp-json\/wp\/v2\/pages"}],"about":[{"href":"https:\/\/scholar.semmelweis.hu\/micsikt\/wp-json\/wp\/v2\/types\/page"}],"author":[{"embeddable":true,"href":"https:\/\/scholar.semmelweis.hu\/micsikt\/wp-json\/wp\/v2\/users\/67"}],"replies":[{"embeddable":true,"href":"https:\/\/scholar.semmelweis.hu\/micsikt\/wp-json\/wp\/v2\/comments?post=2"}],"version-history":[{"count":5,"href":"https:\/\/scholar.semmelweis.hu\/micsikt\/wp-json\/wp\/v2\/pages\/2\/revisions"}],"predecessor-version":[{"id":29,"href":"https:\/\/scholar.semmelweis.hu\/micsikt\/wp-json\/wp\/v2\/pages\/2\/revisions\/29"}],"wp:attachment":[{"href":"https:\/\/scholar.semmelweis.hu\/micsikt\/wp-json\/wp\/v2\/media?parent=2"}],"curies":[{"name":"wp","href":"https:\/\/api.w.org\/{rel}","templated":true}]}}