{"id":1,"date":"2015-11-02T14:56:02","date_gmt":"2015-11-02T13:56:02","guid":{"rendered":"http:\/\/scholar.semmelweis.hu\/micsikt\/elerhetoseg\/"},"modified":"2026-01-09T10:06:10","modified_gmt":"2026-01-09T09:06:10","slug":"elerhetoseg","status":"publish","type":"page","link":"https:\/\/scholar.semmelweis.hu\/micsikt\/elerhetoseg\/","title":{"rendered":"El\u00e9rhet\u0151s\u00e9g"},"content":{"rendered":"<p><b>Dr. Micsik Tam\u00e1s<br \/>\n<\/b><\/p>\n<p><strong>C\u00edm:<\/strong><br \/>\nSemmelweis Egyetem, Patol\u00f3giai \u00e9s K\u00eds\u00e9rleti R\u00e1kkutat\u00f3 Int\u00e9zet<br \/>\n\u00dcll\u0151i \u00fat 26, Budapest 1085<\/p>\n<p><strong>Telefon:<\/strong><br \/>\n+36-1-459-1500 \/ 54420 mell\u00e9k<\/p>\n<p><strong>e-mail:<\/strong><br \/>\n<a href=\"mailto:bodor.csaba1@med.semmelweis-univ.hu\">micsik.tamas@semmelweis.hu<\/a><\/p>\n<p>&nbsp;<\/p>\n","protected":false},"excerpt":{"rendered":"<p>Dr. Micsik Tam\u00e1s<\/p>\n<p>C\u00edm:<br \/>\nSemmelweis Egyetem, Patol\u00f3giai \u00e9s K\u00eds\u00e9rleti R\u00e1kkutat\u00f3 Int\u00e9zet<br \/>\n\u00dcll\u0151i \u00fat 26, Budapest 1085<br \/>\nTelefon:<br \/>\n+36-1-459-1500 \/ 54420 mell\u00e9k<br \/>\ne-mail:<br \/>\n<a href=\"mailto:bodor.csaba1@med.semmelweis-univ.hu\">micsik.tamas@semmelweis.hu<\/a><br \/>\n&nbsp;<\/p>\n","protected":false},"author":67,"featured_media":0,"parent":0,"menu_order":0,"comment_status":"closed","ping_status":"closed","template":"","meta":{"footnotes":""},"class_list":["post-1","page","type-page","status-publish","hentry"],"_links":{"self":[{"href":"https:\/\/scholar.semmelweis.hu\/micsikt\/wp-json\/wp\/v2\/pages\/1"}],"collection":[{"href":"https:\/\/scholar.semmelweis.hu\/micsikt\/wp-json\/wp\/v2\/pages"}],"about":[{"href":"https:\/\/scholar.semmelweis.hu\/micsikt\/wp-json\/wp\/v2\/types\/page"}],"author":[{"embeddable":true,"href":"https:\/\/scholar.semmelweis.hu\/micsikt\/wp-json\/wp\/v2\/users\/67"}],"replies":[{"embeddable":true,"href":"https:\/\/scholar.semmelweis.hu\/micsikt\/wp-json\/wp\/v2\/comments?post=1"}],"version-history":[{"count":3,"href":"https:\/\/scholar.semmelweis.hu\/micsikt\/wp-json\/wp\/v2\/pages\/1\/revisions"}],"predecessor-version":[{"id":35,"href":"https:\/\/scholar.semmelweis.hu\/micsikt\/wp-json\/wp\/v2\/pages\/1\/revisions\/35"}],"wp:attachment":[{"href":"https:\/\/scholar.semmelweis.hu\/micsikt\/wp-json\/wp\/v2\/media?parent=1"}],"curies":[{"name":"wp","href":"https:\/\/api.w.org\/{rel}","templated":true}]}}