{"id":3,"date":"2015-09-22T11:18:41","date_gmt":"2015-09-22T09:18:41","guid":{"rendered":"http:\/\/scholar.semmelweis.hu\/matolcsya\/bemutatkozas\/"},"modified":"2026-01-08T15:00:16","modified_gmt":"2026-01-08T14:00:16","slug":"bemutatkozas","status":"publish","type":"page","link":"https:\/\/scholar.semmelweis.hu\/matolcsya\/","title":{"rendered":"Bemutatkoz\u00e1s"},"content":{"rendered":"<p style=\"text-align: justify\">Kaposv\u00e1ron sz\u00fclettem 1958-ban, vid\u00e9ki t\u00f6bb gener\u00e1ci\u00f3s \u00e9rtelmis\u00e9gi csal\u00e1dban. \u00c9desap\u00e1m gy\u00f3gyszer\u00e9sz, a t\u00f6bbi \u0151s\u00f6m orvosok, gy\u00f3gyszer\u00e9szek, gimn\u00e1ziumi tan\u00e1rok \u00e9s reform\u00e1tus lelk\u00e9szek voltak. A kaposv\u00e1ri T\u00e1ncsics Mih\u00e1ly Gimn\u00e1ziumban \u00e9retts\u00e9giztem 1977-ben, majd ugyanezen \u00e9vben felvettek a P\u00e9csi Orvostudom\u00e1nyi Egyetem \u00c1ltal\u00e1nos Orvostudom\u00e1nyi Kar\u00e1ra. II. \u00e9ves koromt\u00f3l kezdtem di\u00e1kk\u00f6r\u00f6sk\u00e9nt dolgozni Kel\u00e9nyi G\u00e1bor professzor ir\u00e1ny\u00edt\u00e1s\u00e1val a Patol\u00f3giai Int\u00e9zetben. Kel\u00e9nyi G\u00e1bor szerettette meg velem a hematopatol\u00f3gi\u00e1t \u00e9s ez az\u00f3ta is k\u00eds\u00e9r.<\/p>\n<p style=\"text-align: justify\">Az orvosi diploma megszerz\u00e9s\u00e9t k\u00f6vet\u0151en a P\u00e9csi Orvostudom\u00e1nyi Egyetem Patol\u00f3giai Int\u00e9zet\u00e9ben kaptam egyetemi gyakornoki \u00e1ll\u00e1st \u00e9s dolgoztam 18 \u00e9vet tan\u00edt\u00f3mesterem, Kel\u00e9nyi G\u00e1bor professzor vezet\u00e9s\u00e9vel. Izgalmas \u00e9vek voltak, hiszen itt tanultam meg a leuk\u00e9mi\u00e1k \u00e9s lymphom\u00e1k diagnosztik\u00e1j\u00e1t \u00e9s itt v\u00e1ltam szenved\u00e9lyes oktat\u00f3v\u00e1 Romh\u00e1nyi Gy\u00f6rgy professzor szellemi hagyat\u00e9k\u00e1n.<\/p>\n<p style=\"text-align: justify\">Az \u00e9letem \u00fajabb \u00e9s meghat\u00e1roz\u00f3 peri\u00f3dusa 1991-ben kezd\u0151d\u00f6tt, amikor egy Soros \u00f6szt\u00f6nd\u00edj a New York-i Columbia egyetemre vezetett. Ez volt a lymphoma kutat\u00e1s fellegv\u00e1ra. Kih\u00edv\u00e1s volt meg\u00e1llni helyemet kutat\u00f3k\u00e9nt az \u00e9lmez\u0151nyben \u00e9s megismerni az \u201e\u00daj vil\u00e1g\u201d titkait. Itt kezdtem el kutatni a lymphoma progresszi\u00f3 mechanizmus\u00e1t, amit ma is teszek. Legnagyobb eredm\u00e9nyem a lymphoma progresszi\u00f3 klon\u00e1lis eredet\u00e9nek \u00e9s fejl\u0151d\u00e9s\u00e9nek le\u00edr\u00e1sa volt, ebb\u0151l Blood \u00e9s n\u00e9h\u00e1ny m\u00e1s rangos foly\u00f3iratban megjelen\u0151 k\u00f6zlem\u00e9ny sz\u00fcletett.<\/p>\n<p style=\"text-align: justify\">1995-ben \u00e9rkeztem vissza a p\u00e9csi patol\u00f3gi\u00e1ra, ahonnan 2001-ben a Semmelweis Egyetem I. sz. Patol\u00f3giai \u00e9s K\u00eds\u00e9rleti R\u00e1kkutat\u00f3 Int\u00e9zet\u00e9hez csatlakoztam, ahol n\u00e9h\u00e1ny \u00e9v alatt fel\u00e9p\u00edtett\u00fcnk egy modern, \u00faj koncepci\u00f3kon alapul\u00f3 hematopatol\u00f3gi\u00e1t, ami m\u00e1ra az orsz\u00e1g 2\/3-\u00e1nak szolg\u00e1ltat onkohematol\u00f3giai diagnosztik\u00e1t. A tudom\u00e1ny ter\u00fclet\u00e9n is sokat haladtunk<em>: ekkor \u00edrtuk le a follicularis lymphoma terjed\u00e9s\u00e9nek \u00faj m\u00f3dozat\u00e1t \u00e9s a transzform\u00e1ci\u00f3hoz vezet\u0151 genetikai instabilit\u00e1s egy form\u00e1j\u00e1t<\/em>. A munkacsoporthoz tov\u00e1bbi kiv\u00e1l\u00f3 hallgat\u00f3k kapcsol\u00f3dtak, akik k\u00e9s\u0151bb munkat\u00e1rsak lettek.<\/p>\n<p style=\"text-align: justify\">2006 \u00f3ta Tansz\u00e9kvezet\u0151k\u00e9nt ir\u00e1ny\u00edtom az Int\u00e9zetet. Ebben az id\u0151szakban meg\u00fajult az Int\u00e9zet valamennyi laborat\u00f3riuma, bevezet\u00e9sre ker\u00fclt a digit\u00e1lis patol\u00f3gia, valamint \u00faj diagnosztikus profilok indultak munkat\u00e1rsaim vezet\u00e9s\u00e9vel.<\/p>\n","protected":false},"excerpt":{"rendered":"<p>Kaposv\u00e1ron sz\u00fclettem 1958-ban, vid\u00e9ki t\u00f6bb gener\u00e1ci\u00f3s \u00e9rtelmis\u00e9gi csal\u00e1dban. \u00c9desap\u00e1m gy\u00f3gyszer\u00e9sz, a t\u00f6bbi \u0151s\u00f6m orvosok, gy\u00f3gyszer\u00e9szek, gimn\u00e1ziumi tan\u00e1rok \u00e9s reform\u00e1tus lelk\u00e9szek voltak. A kaposv\u00e1ri T\u00e1ncsics Mih\u00e1ly Gimn\u00e1ziumban \u00e9retts\u00e9giztem 1977-ben, majd ugyanezen \u00e9vben felvettek a P\u00e9csi Orvostudom\u00e1nyi &hellip;<\/p>\n","protected":false},"author":36,"featured_media":0,"parent":0,"menu_order":0,"comment_status":"closed","ping_status":"closed","template":"","meta":{"footnotes":""},"class_list":["post-3","page","type-page","status-publish","hentry"],"_links":{"self":[{"href":"https:\/\/scholar.semmelweis.hu\/matolcsya\/wp-json\/wp\/v2\/pages\/3"}],"collection":[{"href":"https:\/\/scholar.semmelweis.hu\/matolcsya\/wp-json\/wp\/v2\/pages"}],"about":[{"href":"https:\/\/scholar.semmelweis.hu\/matolcsya\/wp-json\/wp\/v2\/types\/page"}],"author":[{"embeddable":true,"href":"https:\/\/scholar.semmelweis.hu\/matolcsya\/wp-json\/wp\/v2\/users\/36"}],"replies":[{"embeddable":true,"href":"https:\/\/scholar.semmelweis.hu\/matolcsya\/wp-json\/wp\/v2\/comments?post=3"}],"version-history":[{"count":4,"href":"https:\/\/scholar.semmelweis.hu\/matolcsya\/wp-json\/wp\/v2\/pages\/3\/revisions"}],"predecessor-version":[{"id":53,"href":"https:\/\/scholar.semmelweis.hu\/matolcsya\/wp-json\/wp\/v2\/pages\/3\/revisions\/53"}],"wp:attachment":[{"href":"https:\/\/scholar.semmelweis.hu\/matolcsya\/wp-json\/wp\/v2\/media?parent=3"}],"curies":[{"name":"wp","href":"https:\/\/api.w.org\/{rel}","templated":true}]}}