{"id":2,"date":"2015-09-22T11:18:41","date_gmt":"2015-09-22T09:18:41","guid":{"rendered":"http:\/\/scholar.semmelweis.hu\/matolcsya\/cv\/"},"modified":"2026-01-08T15:13:41","modified_gmt":"2026-01-08T14:13:41","slug":"cv","status":"publish","type":"page","link":"https:\/\/scholar.semmelweis.hu\/matolcsya\/cv\/","title":{"rendered":"\u00d6n\u00e9letrajz"},"content":{"rendered":"<p><strong><em>SZEM\u00c9LYES ADATOK<\/em><\/strong><\/p>\n<p>N\u00e9v: Dr. Matolcsy Andr\u00e1s<br \/>\nSz\u00fclet\u00e9si d\u00e1tum: 1958. okt\u00f3ber 31.<br \/>\nSz\u00fclet\u00e9si hely: Kaposv\u00e1r<\/p>\n<p><strong>ISKOLAI V\u00c9GZETTS\u00c9G<\/strong><br \/>\n1983 \u00c1ltal\u00e1nos orvosi diploma (POTE, \u00c1ltal\u00e1nos Orvosi Kar, 69-96\/1983)<br \/>\n1987 K\u00f3rbonctan \u00e9s k\u00f3rsz\u00f6vettan szakvizsga (1190\/1987)<br \/>\n1989 K\u00f6z\u00e9pfok\u00fa Angol \u00c1llami Nyelvvizsga (\u00c1 00102)<br \/>\n1993 Az orvostudom\u00e1nyok kandid\u00e1tusa\/Ph.D. (MTA 14.409)<br \/>\n1997 Dr. habil (POTE, 118-6\/1997)<br \/>\n2000 MTA doktora (3895)<br \/>\n2002 Molekul\u00e1ris genetika diagnosztika szakvizsga (780\/2002)<\/p>\n<p><strong>POSTGRADUALIS K\u00c9PZ\u00c9S<\/strong><br \/>\n1985 Elektronmikroszk\u00f3pia (Orvostov\u00e1bbk\u00e9pz\u0151 Egyetem, Budapest)<br \/>\n1986 \u00c1ltal\u00e1nos patol\u00f3gia (Orvostov\u00e1bbk\u00e9pz\u0151 Egyetem, Budapest)<br \/>\n1987 Onkopatol\u00f3gia (Onkopatol\u00f3giai Int\u00e9zet, Budapest)<br \/>\n1990 Bone marrow histopathology (Medizinische Hochschule, Hannover)<br \/>\n1992 Molecular biology (Max-Planck Institute, M\u00fcnchen)<\/p>\n<p><strong>MUNKAHELYEK \u00c9S BEOSZT\u00c1SOK<\/strong><br \/>\n1983-87 Egyetemi gyakornok (POTE, Pathologiai Int\u00e9zet)<br \/>\n1987-91 Egyetemi tan\u00e1rseg\u00e9d (POTE, Pathologiai Int\u00e9zet)<br \/>\n1991-97 Egyetemi adjunktus (POTE, Pathologiai Int\u00e9zet)<br \/>\n1992\u00a0 \u00a0 \u00a0 Research Fellow (Max-Planck Institute, M\u00fcnchen)<br \/>\n1993-94 NCI Research Fellow (Columbia University, Dept. Pathol., New York)<br \/>\n1994-95 Visiting Professor (Cornell University, Dept. Pathol, New York)<br \/>\n1996-99 Int\u00e9zetvezet\u0151 helyettes (POTE, Pathologiai Int\u00e9zet)<br \/>\n1997-01 Egyetemi docens (PTE, \u00c1OK, Pathologiai Int\u00e9zet)<br \/>\n2001-\u00a0 \u00a0 \u00a0Egyetemi tan\u00e1r (SE, I. Patol\u00f3giai \u00e9s K\u00eds\u00e9rleti R\u00e1kkutat\u00f3 Int\u00e9zet)<br \/>\n2007-\u00a0 \u00a0 \u00a0Egyetemi tan\u00e1r, igazgat\u00f3 (SE, <a href=\"http:\/\/semmelweis.hu\/patologia1\/\">Patol\u00f3giai \u00e9s K\u00eds\u00e9rleti R\u00e1kkutat\u00f3 Int\u00e9zet<\/a>)<\/p>\n<p>\u00d6SZT\u00d6ND\u00cdJAK<br \/>\n1991\u00a0 \u00a0 \u00a0 Boehringer Mannheim (N\u00e9metorsz\u00e1g)<br \/>\n1991-92 Soros Alap\u00edtv\u00e1ny (USA)<br \/>\n1992-93 National Cancer Institute (USA)<br \/>\n1992-93 Columbia University, Medical College (USA)<br \/>\n1998-01 Sz\u00e9chenyi Professzori \u00d6szt\u00f6nd\u00edj<\/p>\n<p><strong>TUDOM\u00c1NYOS P\u00c1LYAFUT\u00c1S:<\/strong><br \/>\nTudom\u00e1nyos k\u00f6zlem\u00e9nyek: 274<br \/>\nK\u00f6zlem\u00e9nyek kumulat\u00edv impact factora: 423.518<br \/>\nK\u00f6zlem\u00e9nyek f\u00fcggetlen id\u00e9zetts\u00e9ge: 3634<br \/>\nHirsh index: 29<\/p>\n<p><strong>T\u00c1RSAS\u00c1GI TAGS\u00c1GOK:<\/strong> <br \/>\n1983-t\u00f3l International Society for Chemo- and Immunotherapy (Vienna)<br \/>\n1987-t\u0151l Magyar Hematol\u00f3giai \u00e9s Transzf\u00faziol\u00f3giai T\u00e1rsas\u00e1g (Budapest)<br \/>\n1989-t\u0151l Magyar Patol\u00f3gusok T\u00e1rsas\u00e1ga (Budapest)<br \/>\n1992-t\u0151l Worldwide Hungarian Medical Academy (Boston)<br \/>\n1996-t\u00f3l Magyar Onkol\u00f3gusok T\u00e1rsas\u00e1ga (Budapest)<br \/>\n1996-t\u00f3l International Academy of Pathology (Washington DC)<br \/>\n2008-t\u00f3l European Society of Haematopathology (Amsterdam)<\/p>\n<p>&nbsp;<\/p>\n","protected":false},"excerpt":{"rendered":"<p>SZEM\u00c9LYES ADATOK N\u00e9v: Dr. Matolcsy Andr\u00e1s Sz\u00fclet\u00e9si d\u00e1tum: 1958. okt\u00f3ber 31. Sz\u00fclet\u00e9si hely: Kaposv\u00e1r ISKOLAI V\u00c9GZETTS\u00c9G 1983 \u00c1ltal\u00e1nos orvosi diploma (POTE, \u00c1ltal\u00e1nos Orvosi Kar, 69-96\/1983) 1987 K\u00f3rbonctan \u00e9s k\u00f3rsz\u00f6vettan szakvizsga (1190\/1987) 1989 K\u00f6z\u00e9pfok\u00fa Angol \u00c1llami &hellip;<\/p>\n","protected":false},"author":36,"featured_media":0,"parent":0,"menu_order":0,"comment_status":"closed","ping_status":"closed","template":"","meta":{"footnotes":""},"class_list":["post-2","page","type-page","status-publish","hentry"],"_links":{"self":[{"href":"https:\/\/scholar.semmelweis.hu\/matolcsya\/wp-json\/wp\/v2\/pages\/2"}],"collection":[{"href":"https:\/\/scholar.semmelweis.hu\/matolcsya\/wp-json\/wp\/v2\/pages"}],"about":[{"href":"https:\/\/scholar.semmelweis.hu\/matolcsya\/wp-json\/wp\/v2\/types\/page"}],"author":[{"embeddable":true,"href":"https:\/\/scholar.semmelweis.hu\/matolcsya\/wp-json\/wp\/v2\/users\/36"}],"replies":[{"embeddable":true,"href":"https:\/\/scholar.semmelweis.hu\/matolcsya\/wp-json\/wp\/v2\/comments?post=2"}],"version-history":[{"count":8,"href":"https:\/\/scholar.semmelweis.hu\/matolcsya\/wp-json\/wp\/v2\/pages\/2\/revisions"}],"predecessor-version":[{"id":58,"href":"https:\/\/scholar.semmelweis.hu\/matolcsya\/wp-json\/wp\/v2\/pages\/2\/revisions\/58"}],"wp:attachment":[{"href":"https:\/\/scholar.semmelweis.hu\/matolcsya\/wp-json\/wp\/v2\/media?parent=2"}],"curies":[{"name":"wp","href":"https:\/\/api.w.org\/{rel}","templated":true}]}}