{"id":12,"date":"2015-09-23T09:40:10","date_gmt":"2015-09-23T07:40:10","guid":{"rendered":"http:\/\/scholar.semmelweis.hu\/matolcsya\/?page_id=12"},"modified":"2026-01-08T15:13:07","modified_gmt":"2026-01-08T14:13:07","slug":"publikaciok","status":"publish","type":"page","link":"https:\/\/scholar.semmelweis.hu\/matolcsya\/publikaciok\/","title":{"rendered":"Publik\u00e1ci\u00f3k"},"content":{"rendered":"<p>&nbsp;<\/p>\n<p><a href=\"https:\/\/vm.mtmt.hu\/\/search\/slist.php?lang=0&amp;AuthorID=10000495\">Publik\u00e1ci\u00f3s lista az MTMT adatb\u00e1zisa alapj\u00e1n<\/a><\/p>\n<p><strong>Publik\u00e1ci\u00f3s aktivit\u00e1s:<\/strong><br \/>\nTudom\u00e1nyos k\u00f6zlem\u00e9nyek: 274<br \/>\nK\u00f6zlem\u00e9nyek \u00f6sszes\u00edtett IF (1994-t\u0151l): 423.518<br \/>\nK\u00f6zlem\u00e9nyek f\u00fcggetlen id\u00e9zetts\u00e9ge: 3634<br \/>\nHirsh index: 29<\/p>\n<p>&nbsp;<\/p>\n<p>&nbsp;<\/p>\n<p>&nbsp;<\/p>\n","protected":false},"excerpt":{"rendered":"<p>&nbsp;<br \/>\n<a href=\"https:\/\/vm.mtmt.hu\/\/search\/slist.php?lang=0&amp;AuthorID=10000495\">Publik\u00e1ci\u00f3s lista az MTMT adatb\u00e1zisa alapj\u00e1n<\/a><br \/>\nPublik\u00e1ci\u00f3s aktivit\u00e1s:<br \/>\nTudom\u00e1nyos k\u00f6zlem\u00e9nyek: 274<br \/>\nK\u00f6zlem\u00e9nyek \u00f6sszes\u00edtett IF (1994-t\u0151l): 423.518<br \/>\nK\u00f6zlem\u00e9nyek f\u00fcggetlen id\u00e9zetts\u00e9ge: 3634<br \/>\nHirsh index: 29<br \/>\n&nbsp;<br \/>\n&nbsp;<br \/>\n&nbsp;<\/p>\n","protected":false},"author":36,"featured_media":0,"parent":0,"menu_order":0,"comment_status":"closed","ping_status":"closed","template":"","meta":{"footnotes":""},"class_list":["post-12","page","type-page","status-publish","hentry"],"_links":{"self":[{"href":"https:\/\/scholar.semmelweis.hu\/matolcsya\/wp-json\/wp\/v2\/pages\/12"}],"collection":[{"href":"https:\/\/scholar.semmelweis.hu\/matolcsya\/wp-json\/wp\/v2\/pages"}],"about":[{"href":"https:\/\/scholar.semmelweis.hu\/matolcsya\/wp-json\/wp\/v2\/types\/page"}],"author":[{"embeddable":true,"href":"https:\/\/scholar.semmelweis.hu\/matolcsya\/wp-json\/wp\/v2\/users\/36"}],"replies":[{"embeddable":true,"href":"https:\/\/scholar.semmelweis.hu\/matolcsya\/wp-json\/wp\/v2\/comments?post=12"}],"version-history":[{"count":9,"href":"https:\/\/scholar.semmelweis.hu\/matolcsya\/wp-json\/wp\/v2\/pages\/12\/revisions"}],"predecessor-version":[{"id":57,"href":"https:\/\/scholar.semmelweis.hu\/matolcsya\/wp-json\/wp\/v2\/pages\/12\/revisions\/57"}],"wp:attachment":[{"href":"https:\/\/scholar.semmelweis.hu\/matolcsya\/wp-json\/wp\/v2\/media?parent=12"}],"curies":[{"name":"wp","href":"https:\/\/api.w.org\/{rel}","templated":true}]}}