{"id":1,"date":"2015-09-22T11:18:40","date_gmt":"2015-09-22T09:18:40","guid":{"rendered":"http:\/\/scholar.semmelweis.hu\/matolcsya\/elerhetoseg\/"},"modified":"2026-01-08T15:16:15","modified_gmt":"2026-01-08T14:16:15","slug":"elerhetoseg","status":"publish","type":"page","link":"https:\/\/scholar.semmelweis.hu\/matolcsya\/elerhetoseg\/","title":{"rendered":"El\u00e9rhet\u0151s\u00e9g"},"content":{"rendered":"<p>&nbsp;<\/p>\n<p><b>Prof. Dr. Matolcsy Andr\u00e1s<\/b><\/p>\n<p><strong>C\u00edm:<\/strong> <br \/>\nSemmelweis Egyetem, Patol\u00f3giai \u00e9s K\u00eds\u00e9rleti R\u00e1kkutat\u00f3 Int\u00e9zet<br \/>\n1085 Budapest, \u00dcll\u0151i \u00fat 26.,<\/p>\n<p><strong>Telefon:<\/strong><br \/>\n+36-1-459-1500 \/ 54455 mell\u00e9k<br \/>\n<strong>e-mail:<\/strong> <br \/>\ntitkarsag.1path@semmelweis.hu<\/p>\n<p>&nbsp;<\/p>\n","protected":false},"excerpt":{"rendered":"<p>&nbsp;<br \/>\nProf. Dr. Matolcsy Andr\u00e1s<br \/>\nC\u00edm:<br \/>\nSemmelweis Egyetem, Patol\u00f3giai \u00e9s K\u00eds\u00e9rleti R\u00e1kkutat\u00f3 Int\u00e9zet<br \/>\n1085 Budapest, \u00dcll\u0151i \u00fat 26.,<br \/>\nTelefon:<br \/>\n+36-1-459-1500 \/ 54455 mell\u00e9k<br \/>\ne-mail:<br \/>\ntitkarsag.1path@semmelweis.hu<br \/>\n&nbsp;<\/p>\n","protected":false},"author":36,"featured_media":0,"parent":0,"menu_order":0,"comment_status":"closed","ping_status":"closed","template":"","meta":{"footnotes":""},"class_list":["post-1","page","type-page","status-publish","hentry"],"_links":{"self":[{"href":"https:\/\/scholar.semmelweis.hu\/matolcsya\/wp-json\/wp\/v2\/pages\/1"}],"collection":[{"href":"https:\/\/scholar.semmelweis.hu\/matolcsya\/wp-json\/wp\/v2\/pages"}],"about":[{"href":"https:\/\/scholar.semmelweis.hu\/matolcsya\/wp-json\/wp\/v2\/types\/page"}],"author":[{"embeddable":true,"href":"https:\/\/scholar.semmelweis.hu\/matolcsya\/wp-json\/wp\/v2\/users\/36"}],"replies":[{"embeddable":true,"href":"https:\/\/scholar.semmelweis.hu\/matolcsya\/wp-json\/wp\/v2\/comments?post=1"}],"version-history":[{"count":10,"href":"https:\/\/scholar.semmelweis.hu\/matolcsya\/wp-json\/wp\/v2\/pages\/1\/revisions"}],"predecessor-version":[{"id":59,"href":"https:\/\/scholar.semmelweis.hu\/matolcsya\/wp-json\/wp\/v2\/pages\/1\/revisions\/59"}],"wp:attachment":[{"href":"https:\/\/scholar.semmelweis.hu\/matolcsya\/wp-json\/wp\/v2\/media?parent=1"}],"curies":[{"name":"wp","href":"https:\/\/api.w.org\/{rel}","templated":true}]}}