{"id":45,"date":"2026-04-17T18:28:46","date_gmt":"2026-04-17T16:28:46","guid":{"rendered":"https:\/\/scholar.semmelweis.hu\/majorjanos\/?page_id=45"},"modified":"2026-04-17T19:23:41","modified_gmt":"2026-04-17T17:23:41","slug":"45-2","status":"publish","type":"page","link":"https:\/\/scholar.semmelweis.hu\/majorjanos\/en\/45-2\/","title":{"rendered":"CV"},"content":{"rendered":"<p><strong>Education<\/strong><\/p>\n<table style=\"font-weight: 400\" width=\"685\">\n<tbody>\n<tr>\n<td width=\"172\">\n<p><em>Institutions:<\/em><\/p>\n<\/td>\n<td width=\"513\">\n<p><em>Semmelweis University, VIKOTE<\/em><\/p>\n<\/td>\n<\/tr>\n<tr>\n<td width=\"172\">\n<p><em>Date: from \u2013 to<\/em><\/p>\n<\/td>\n<td width=\"513\">\n<p><em>2025- CBT psychotherapy fellowship programme<\/em><\/p>\n<\/td>\n<\/tr>\n<tr>\n<td width=\"172\">\n<p><em>Institutions:<\/em><\/p>\n<\/td>\n<td width=\"513\">\n<p><em>Semmelweis University, <\/em><a href=\"https:\/\/semmelweis.hu\/emk\/en\/\"><em>Health Services Management Training Centre<\/em><\/a><\/p>\n<\/td>\n<\/tr>\n<tr>\n<td width=\"172\">\n<p><em>Date: from \u2013 to<\/em><\/p>\n<\/td>\n<td width=\"513\">\n<p><em>2021-2023<\/em> healthcare manager MSc<\/p>\n<\/td>\n<\/tr>\n<tr>\n<td width=\"172\">\n<p><em>Institutions:<\/em><\/p>\n<\/td>\n<td width=\"513\">\n<p><em>Semmelweis University, Institute of Behavioural Sciences, PhD studies<\/em><\/p>\n<\/td>\n<\/tr>\n<tr>\n<td width=\"172\">\n<p><em>Date: from \u2013 to <\/em><\/p>\n<\/td>\n<td width=\"513\">\n<p><em>2015-2021<\/em><\/p>\n<\/td>\n<\/tr>\n<tr>\n<td width=\"172\">\n<p><em>Institutions:<\/em><\/p>\n<\/td>\n<td width=\"513\">\n<p><em>German Paediatric Pain Centre, Datteln, Germany<\/em><\/p>\n<\/td>\n<\/tr>\n<tr>\n<td width=\"172\">\n<p><em>Date: from \u2013 to<\/em><\/p>\n<\/td>\n<td width=\"513\">\n<p>2018-2019 pain therapist fellowship<\/p>\n<\/td>\n<\/tr>\n<tr>\n<td width=\"172\">\n<p><em>Institutions:<\/em><\/p>\n<\/td>\n<td width=\"513\">\n<p><a href=\"http:\/\/www.bethesda.hu\"><em>Bethesda Children\u2019s Hospital, Budapest, Hungary<\/em><\/a><\/p>\n<\/td>\n<\/tr>\n<tr>\n<td width=\"172\">\n<p><em>Date: from \u2013 to<\/em><\/p>\n<\/td>\n<td width=\"513\">\n<p>2007-2012 paediatric fellowship, 2012-2014 paediatric gastroenterology fellowship<\/p>\n<\/td>\n<\/tr>\n<tr>\n<td width=\"172\">\n<p><em>Institutions:<\/em><\/p>\n<\/td>\n<td width=\"513\">\n<p><em>Semmelweis University, Budapest, Hungary; Julius-Maximillians University, W\u00fcrzburg, Germany<\/em><\/p>\n<\/td>\n<\/tr>\n<tr>\n<td width=\"172\">\n<p><em>Date: from \u2013 to <\/em><\/p>\n<\/td>\n<td width=\"513\">\n<p>2001-2007 graduate medical studies<\/p>\n<\/td>\n<\/tr>\n<\/tbody>\n<\/table>\n<p style=\"font-weight: 400\"><strong>\u00a0<\/strong><\/p>\n<p style=\"font-weight: 400\"><strong>Current position<\/strong><\/p>\n<ul>\n<li>assistant lecturer, Head of the the Pain Management Clinic for Young Adults, co-leader of the Pain and Psychosocial Stress Research Group (Institute of Behavioural Sciences, Semmelweis University, Budapest)<\/li>\n<li>medical director and Head of the Paediatric Pain Centre (Bethesda Children\u2019s Hospital, Budapest)\u00a0<\/li>\n<\/ul>\n<p><strong>Language skills<\/strong><\/p>\n<p>German, English, Serb<\/p>\n<p><strong>Specific experience<\/strong><\/p>\n<table style=\"font-weight: 400\" width=\"685\">\n<tbody>\n<tr>\n<td width=\"116\">\n<p><em>Country<\/em><\/p>\n<\/td>\n<td width=\"116\">\n<p><em>Date: from &#8211; to <\/em><\/p>\n<\/td>\n<td width=\"454\">\n<p><em>Name and brief description of the project<\/em><\/p>\n<\/td>\n<\/tr>\n<tr>\n<td width=\"116\">\n<p>USA<\/p>\n<\/td>\n<td width=\"116\">\n<p>Aug 2025<\/p>\n<\/td>\n<td width=\"454\">\n<p>Visiting Research Scholar in Prof. Jennifer Rabbits Lab at Stanford University<\/p>\n<\/td>\n<\/tr>\n<tr>\n<td width=\"116\">\n<p>USA<\/p>\n<\/td>\n<td width=\"116\">\n<p>Jun 2025<\/p>\n<\/td>\n<td width=\"454\">\n<p>Clinical visitor at Mayo Family Pediatric Pain Rehabilitation Center, Boston Children\u2019s Hospital, Harvard University<\/p>\n<\/td>\n<\/tr>\n<tr>\n<td width=\"116\">\n<p>Canada<\/p>\n<\/td>\n<td width=\"116\">\n<p>2023<\/p>\n<\/td>\n<td width=\"454\">\n<p>Serving on SPC for International Symposium on Ped. Pain 2023<\/p>\n<\/td>\n<\/tr>\n<tr>\n<td width=\"116\">\n<p>Germany<\/p>\n<\/td>\n<td width=\"116\">\n<p>March 2021<\/p>\n<\/td>\n<td width=\"454\">\n<p>Psychosomatic Basic Care Course (Mario Scheib)<\/p>\n<\/td>\n<\/tr>\n<tr>\n<td width=\"116\">\n<p>&nbsp;<\/p>\n<\/td>\n<td width=\"116\">\n<p>2017-2019<\/p>\n<\/td>\n<td width=\"454\">\n<p>ESPGHAN Mentoring Programme, Mentor: Nikhil Thapar, Great Ormond Street Hospital for Children, London, UK<\/p>\n<\/td>\n<\/tr>\n<tr>\n<td width=\"116\">\n<p>London, UK<\/p>\n<\/td>\n<td width=\"116\">\n<p>September 2017<\/p>\n<\/td>\n<td width=\"454\">\n<p>ESPGHAN Paediatric GI Motility Hands-On Training Course<\/p>\n<\/td>\n<\/tr>\n<tr>\n<td width=\"116\">\n<p>Holland<\/p>\n<\/td>\n<td width=\"116\">\n<p>April 2017<\/p>\n<\/td>\n<td width=\"454\">\n<p>ESPGHAN International Exchange Award, visiting Prof. Marc Benninga in AMC Emma Children\u2019s Hospital<\/p>\n<\/td>\n<\/tr>\n<tr>\n<td width=\"116\">\n<p>Hungary<\/p>\n<\/td>\n<td width=\"116\">\n<p>April 2016<\/p>\n<\/td>\n<td width=\"454\">\n<p>ESGPHAN Hepatology Summer School<\/p>\n<\/td>\n<\/tr>\n<tr>\n<td width=\"116\">\n<p>Cambridge, UK<\/p>\n<\/td>\n<td width=\"116\">\n<p>July 2015<\/p>\n<\/td>\n<td width=\"454\">\n<p>ESPGHAN Nutrition Summer School<\/p>\n<\/td>\n<\/tr>\n<tr>\n<td width=\"116\">\n<p>Portugal<\/p>\n<\/td>\n<td width=\"116\">\n<p>Sept 2014<\/p>\n<\/td>\n<td width=\"454\">\n<p>ESPGHAN Gastroenterology Summer School<\/p>\n<\/td>\n<\/tr>\n<tr>\n<td width=\"116\">\n<p>Germany<\/p>\n<\/td>\n<td width=\"116\">\n<p>Febr 2010<\/p>\n<\/td>\n<td width=\"454\">\n<p>German Paediatric Pain Centre, Datteln, Germany<\/p>\n<\/td>\n<\/tr>\n<tr>\n<td width=\"116\">\n<p>Hungary<\/p>\n<\/td>\n<td width=\"116\">\n<p>2007<\/p>\n<\/td>\n<td width=\"454\">\n<p>Balint group leader training<\/p>\n<\/td>\n<\/tr>\n<tr>\n<td width=\"116\">\n<p>Hungary<\/p>\n<\/td>\n<td width=\"116\">\n<p>2007-2012<\/p>\n<\/td>\n<td width=\"454\">\n<p>Family and couple therapy by the Family Services League Foundation<\/p>\n<\/td>\n<\/tr>\n<tr>\n<td width=\"116\">\n<p>Hungary<\/p>\n<\/td>\n<td width=\"116\">\n<p>2005-2008<\/p>\n<\/td>\n<td width=\"454\">\n<p>Family- and couple therapy studies and exam<\/p>\n<\/td>\n<\/tr>\n<tr>\n<td width=\"116\">\n<p>Hungary<\/p>\n<\/td>\n<td width=\"116\">\n<p>2002-2008<\/p>\n<\/td>\n<td width=\"454\">\n<p>Humania Contemporary Occupational Socalization Group, teaching communication-, stress management and social skills for medical students<\/p>\n<\/td>\n<\/tr>\n<\/tbody>\n<\/table>\n<p>&nbsp;<\/p>\n<p><strong>Professional experience record<\/strong><\/p>\n<p style=\"font-weight: 400\"><strong>\u00a0<\/strong><\/p>\n<table style=\"font-weight: 400\" width=\"682\">\n<tbody>\n<tr>\n<td width=\"156\">\n<p><strong><em>Date: from \u2013 to<\/em><\/strong><\/p>\n<\/td>\n<td width=\"526\">\n<p><strong>2018-2019<\/strong><\/p>\n<\/td>\n<\/tr>\n<tr>\n<td width=\"156\">\n<p><em>Location<\/em><\/p>\n<\/td>\n<td width=\"526\">\n<p>Datteln, Germany<\/p>\n<\/td>\n<\/tr>\n<tr>\n<td width=\"156\">\n<p><em>Company<\/em><\/p>\n<\/td>\n<td width=\"526\">\n<p>German Paediatric Pain Centre and Department of Children\u2019s Pain Therapy and Paediatric Palliative Care, Children\u2019s and Adolescents\u2019 Hospital, Datteln, Witten\/Herdecke University, Faculty of Health, School of Medicine, Germany<\/p>\n<\/td>\n<\/tr>\n<tr>\n<td width=\"156\">\n<p><em>Position<\/em><\/p>\n<\/td>\n<td width=\"526\">\n<p>Pain medicine fellow<\/p>\n<\/td>\n<\/tr>\n<tr>\n<td width=\"156\">\n<p><em>Description<\/em><\/p>\n<\/td>\n<td width=\"526\">\n<p>In- and out-patient treatment of paediatric chronic pain disorders<\/p>\n<\/td>\n<\/tr>\n<tr>\n<td width=\"156\">\n<p><strong><em>Date: from \u2013 to<\/em><\/strong><\/p>\n<\/td>\n<td width=\"526\">\n<p><strong>2007-<\/strong><\/p>\n<\/td>\n<\/tr>\n<tr>\n<td width=\"156\">\n<p><em>Location<\/em><\/p>\n<\/td>\n<td width=\"526\">\n<p>Budapest, Hungary<\/p>\n<\/td>\n<\/tr>\n<tr>\n<td width=\"156\">\n<p><em>Company<\/em><\/p>\n<\/td>\n<td width=\"526\">\n<p>Bethesda Children\u2019s Hospital<\/p>\n<\/td>\n<\/tr>\n<tr>\n<td width=\"156\">\n<p><em>Position<\/em><\/p>\n<\/td>\n<td width=\"526\">\n<p>Paediatrician (2012), Paediatric gastroenterologist (2014)<\/p>\n<\/td>\n<\/tr>\n<tr>\n<td width=\"156\">\n<p><em>Description<\/em><\/p>\n<\/td>\n<td width=\"526\">\n<p>2013\u2013 Head of the Paediatric Pain Centre, 2024- medical director<\/p>\n<\/td>\n<\/tr>\n<tr>\n<td width=\"156\">\n<p><strong><em>Date: from \u2013 to<\/em><\/strong><\/p>\n<\/td>\n<td width=\"526\">\n<p><strong>2022-<\/strong><\/p>\n<\/td>\n<\/tr>\n<tr>\n<td width=\"156\">\n<p><em>Location<\/em><\/p>\n<\/td>\n<td width=\"526\">\n<p>Budapest, Hungary<\/p>\n<\/td>\n<\/tr>\n<tr>\n<td width=\"156\">\n<p><em>Company<\/em><\/p>\n<\/td>\n<td width=\"526\">\n<p>Semmelweis University Institute of Behavioural Sciences<\/p>\n<\/td>\n<\/tr>\n<tr>\n<td width=\"156\">\n<p><em>Position<\/em><\/p>\n<\/td>\n<td width=\"526\">\n<p>senior lecturer, consultant<\/p>\n<\/td>\n<\/tr>\n<tr>\n<td width=\"156\">\n<p><em>Description<\/em><\/p>\n<\/td>\n<td width=\"526\">\n<p>2024- Head of the the Pain Management Clinic for Young Adults<\/p>\n<\/td>\n<\/tr>\n<\/tbody>\n<\/table>\n<p style=\"font-weight: 400\"><strong>\u00a0<\/strong><\/p>\n<p><strong>Memberships of professional bodies:<\/strong><\/p>\n<p style=\"font-weight: 400\">Selye J\u00e1nos Hungarian Society for the Study of Behaviour and Behavioural Medicine 2025-<\/p>\n<p style=\"font-weight: 400\">Hungarian Headache Society 2023-<\/p>\n<p style=\"font-weight: 400\">International Association for the Study of Pain (IASP), Pain in Childhood SIG 2016-<\/p>\n<p style=\"font-weight: 400\">German Pain Society, Pain in Childhood Workgroup 2019-<\/p>\n<p style=\"font-weight: 400\">Hungarian Pain Society 2015-<\/p>\n<p style=\"font-weight: 400\">European Society of Paediatric Gastroenterology, Hepatology and Nutrition (ESPGHAN) 2014-<\/p>\n<p style=\"font-weight: 400\">ESPGHAN Motility Working Group 2020\u2013<\/p>\n<p style=\"font-weight: 400\">Hungarian Association of Paediatric Gastroenterology 2012-<\/p>\n<p style=\"font-weight: 400\">Hungarian Paediatric Association 2007-<\/p>\n<p style=\"font-weight: 400\">Hungarian Family Therapy Association 2006-<\/p>\n<p style=\"font-weight: 400\">Hungarian Michael Balint Psychosomatic Association 2006- (2007-2012 secretary)<\/p>\n<p style=\"font-weight: 400\">\u00a0<\/p>\n<p><strong>Important publications<\/strong><\/p>\n<p style=\"font-weight: 400\"><strong>Major J<\/strong> <em>et al.<\/em> A two-week inpatient programme with a booster improved long-term management of severe chronic paediatric pain. <em>J Child Heal Care.<\/em> 2017;21:171\u2013180.<\/p>\n<p style=\"font-weight: 400\">Charbit-Henrion F, Parlato M, Hanein S, Duclaux-Loras R, Nowak J, Begue B, <strong>Major J<\/strong> et al. Diagnostic yield of next-generation sequencing in very early-onset inflammatory bowel diseases: A multicentre study. <em>J Crohn\u2019s Colitis.<\/em>2018;12:1104\u201312.<\/p>\n<p style=\"font-weight: 400\"><strong>Major J,<\/strong> \u00c1d\u00e1m S. Self-reported specific learning disorders and risk factors among Hungarian adolescents with functional abdominal pain disorders: a cross sectional study. <em>BMC Pediatr.<\/em> 2020;20(1):281.\u00a0<\/p>\n<p style=\"font-weight: 400\">Forg\u00e1cs-Krist\u00f3f K, <strong>Major J,<\/strong> \u00c1d\u00e1m S. Diagnostic and treatment recommendations from international guidelines for chronic low back pain. <em>Orv Hetil<\/em>. 2021;162:1951\u201361.<\/p>\n<p style=\"font-weight: 400\">Claus BB, Stahlschmidt L, Dunford E, <strong>Major J<\/strong> et al. Intensive interdisciplinary pain treatment for children and adolescents with chronic noncancer pain: a preregistered systematic review and individual patient data meta-analysis. <em>Pain<\/em> 2022; 163: 2281\u20132301.<\/p>\n<p style=\"font-weight: 400\">Forg\u00e1cs-Krist\u00f3f K, \u00c1d\u00e1m S, Vargay A, <strong>Major J.<\/strong> Novel motivational interviewing-based intervention improves engagement in physical activity and readiness to change among adolescents with chronic pain.\u00a0<em>Health Expectations<\/em>.\u00a020244;27:e14031.<\/p>\n<p style=\"font-weight: 400\"><strong>Major J<\/strong>, Adrienn Vargay, \u00c1d\u00e1m S. Epidemiology of Severe Chronic Pain Among Hungarian Adolescents: A Cross-Sectional Study. <em>Health Science Reports<\/em>. 2025; 8:e71439<\/p>\n<p style=\"font-weight: 400\">Sujan AC, <strong>Major J<\/strong>, Groenewald CB, Rabbitts JA. National Medical Expenditures Associated With Pediatric Disorders of Gut\u2013Brain Interaction in the United States. <em>Neurogastroenterol Motil. <\/em>2026; 38: 1\u20137.<\/p>\n<p>&nbsp;<\/p>\n<p><a href=\"https:\/\/www.researchgate.net\/profile\/Major-Janos-2\">Researchgate Profile<\/a><\/p>\n<p><a href=\"https:\/\/m2.mtmt.hu\/gui2\/?type=authors&amp;mode=browse&amp;sel=authors10053875\">MTMT<\/a><\/p>\n<p style=\"font-weight: 400\">\u00a0<\/p>\n<p><strong>Awards<\/strong>:<\/p>\n<p style=\"font-weight: 400\">2013 Peth\u00e9nyi G\u00e9za III. Award for the best paediatric publication of the year (Hungarian Paediatric Association)<\/p>\n<p style=\"font-weight: 400\">2013 Henri Nestl\u00e9 III. Award for the best lecture of the Annual Conference of the Hungarian Association of Paediatric Gastroenterology<\/p>\n","protected":false},"excerpt":{"rendered":"<p>Education Institutions: Semmelweis University, VIKOTE Date: from \u2013 to 2025- CBT psychotherapy fellowship programme Institutions: Semmelweis University, <a href=\"https:\/\/semmelweis.hu\/emk\/en\/\">Health Services Management Training Centre<\/a> Date: from \u2013 to 2021-2023 healthcare manager MSc Institutions: Semmelweis University, Institute of Behavioural Sciences, PhD studies Date: &hellip;<\/p>\n","protected":false},"author":150,"featured_media":0,"parent":0,"menu_order":0,"comment_status":"closed","ping_status":"closed","template":"","meta":{"footnotes":""},"class_list":["post-45","page","type-page","status-publish","hentry"],"_links":{"self":[{"href":"https:\/\/scholar.semmelweis.hu\/majorjanos\/wp-json\/wp\/v2\/pages\/45"}],"collection":[{"href":"https:\/\/scholar.semmelweis.hu\/majorjanos\/wp-json\/wp\/v2\/pages"}],"about":[{"href":"https:\/\/scholar.semmelweis.hu\/majorjanos\/wp-json\/wp\/v2\/types\/page"}],"author":[{"embeddable":true,"href":"https:\/\/scholar.semmelweis.hu\/majorjanos\/wp-json\/wp\/v2\/users\/150"}],"replies":[{"embeddable":true,"href":"https:\/\/scholar.semmelweis.hu\/majorjanos\/wp-json\/wp\/v2\/comments?post=45"}],"version-history":[{"count":6,"href":"https:\/\/scholar.semmelweis.hu\/majorjanos\/wp-json\/wp\/v2\/pages\/45\/revisions"}],"predecessor-version":[{"id":65,"href":"https:\/\/scholar.semmelweis.hu\/majorjanos\/wp-json\/wp\/v2\/pages\/45\/revisions\/65"}],"wp:attachment":[{"href":"https:\/\/scholar.semmelweis.hu\/majorjanos\/wp-json\/wp\/v2\/media?parent=45"}],"curies":[{"name":"wp","href":"https:\/\/api.w.org\/{rel}","templated":true}]}}