{"id":43,"date":"2026-04-17T18:19:55","date_gmt":"2026-04-17T16:19:55","guid":{"rendered":"https:\/\/scholar.semmelweis.hu\/majorjanos\/bemutatkozas-english\/"},"modified":"2026-04-17T19:22:30","modified_gmt":"2026-04-17T17:22:30","slug":"bemutatkozas-english","status":"publish","type":"page","link":"https:\/\/scholar.semmelweis.hu\/majorjanos\/en\/bemutatkozas-english\/","title":{"rendered":"Introduction"},"content":{"rendered":"<p>J\u00e1nos Major graduated at Semmelweis University in 2007 as medical doctor. Even during his medical school years, he was interested in the psychological aspects of physical illnesses and their treatment, as well as in preventing the psychological strain of the medical profession. Under the guidance of Professor Ferenc T\u00fary, he became involved in family therapy for families affected by eating disorders, as well as in research on student burnout at the Institute of Behavioral Sciences at Semmelweis University, and participated in the development of the Hum\u00e1nia Occoupational Socialization Movement, which supports the mental health and career socialization of medical students. Starting in 2007, he participated in B\u00e1lint group leader training and became involved in the work of the Hungarian Mih\u00e1ly B\u00e1lint Psychosomatic Society, where he also served as the society\u2019s secretary for five years. In 2008, he earned his certification as a couple- and family therapist and worked as a couples therapist at the League of Family Services Foundation until 2012.<\/p>\n<p>After graduating from university, he completed his residency in pediatrics (2012) and then in pediatric gastroenterology (2014) at Bethesda Children\u2019s Hospital. During his clinical work, his interest gradually shifted toward the treatment of childhood pain, and in 2013, he and his colleagues launched Hungary\u2019s first pediatric pain management clinic. In 2019, following a one-year specialized training program in Germany, he obtained a certification in pain therapy.<\/p>\n<p>Under the supervision of Dr. Szilvia \u00c1d\u00e1m, his research focused on the effectiveness of inpatient treatment for chronic pain and the epidemiology of chronic pain and functional gastrointestinal disorders. Since 2019, he has been teaching at the Institute of Behavioral Sciences at Semmelweis University, where he is one of the founders and leaders of the Pain and Psychosocial Stress Research Group.<\/p>\n<p>At Semmelweis University, he teaches medical psychology and medical communication in both Hungarian and German; he is the initiator of the course \u201cComplex Practice of Pain Management\u201d and one of the organizers of the PhD course of the Science of Pain. In 2024 he has started with his colleagues the Pain Management Clinic for Young Adults, the first multimodal, interdisciplinary adult pain clinic in the country. His work has been recognized with the G\u00e9za Pet\u00e9nyi and Henri Nestl\u00e9 Awards.<\/p>\n","protected":false},"excerpt":{"rendered":"<p>J\u00e1nos Major graduated at Semmelweis University in 2007 as medical doctor. Even during his medical school years, he was interested in the psychological aspects of physical illnesses and their treatment, as well as in preventing &hellip;<\/p>\n","protected":false},"author":150,"featured_media":0,"parent":0,"menu_order":0,"comment_status":"closed","ping_status":"closed","template":"","meta":{"footnotes":""},"class_list":["post-43","page","type-page","status-publish","hentry"],"_links":{"self":[{"href":"https:\/\/scholar.semmelweis.hu\/majorjanos\/wp-json\/wp\/v2\/pages\/43"}],"collection":[{"href":"https:\/\/scholar.semmelweis.hu\/majorjanos\/wp-json\/wp\/v2\/pages"}],"about":[{"href":"https:\/\/scholar.semmelweis.hu\/majorjanos\/wp-json\/wp\/v2\/types\/page"}],"author":[{"embeddable":true,"href":"https:\/\/scholar.semmelweis.hu\/majorjanos\/wp-json\/wp\/v2\/users\/150"}],"replies":[{"embeddable":true,"href":"https:\/\/scholar.semmelweis.hu\/majorjanos\/wp-json\/wp\/v2\/comments?post=43"}],"version-history":[{"count":4,"href":"https:\/\/scholar.semmelweis.hu\/majorjanos\/wp-json\/wp\/v2\/pages\/43\/revisions"}],"predecessor-version":[{"id":64,"href":"https:\/\/scholar.semmelweis.hu\/majorjanos\/wp-json\/wp\/v2\/pages\/43\/revisions\/64"}],"wp:attachment":[{"href":"https:\/\/scholar.semmelweis.hu\/majorjanos\/wp-json\/wp\/v2\/media?parent=43"}],"curies":[{"name":"wp","href":"https:\/\/api.w.org\/{rel}","templated":true}]}}