{"id":4,"date":"2022-05-23T13:38:20","date_gmt":"2022-05-23T11:38:20","guid":{"rendered":"https:\/\/scholar.semmelweis.hu\/majorjanos\/cv\/"},"modified":"2025-10-08T20:57:08","modified_gmt":"2025-10-08T18:57:08","slug":"cv","status":"publish","type":"page","link":"https:\/\/scholar.semmelweis.hu\/majorjanos\/cv\/","title":{"rendered":"CV"},"content":{"rendered":"<h4><strong>Tanulm\u00e1nyok<\/strong><\/h4>\n<table style=\"font-weight: 400\" width=\"100%\">\n<tbody>\n<tr>\n<td width=\"213\">\n<p style=\"text-align: left\"><strong><em>Int\u00e9zm\u00e9ny:<\/em><\/strong><\/p>\n<\/td>\n<td width=\"477\">\n<p><strong>Semmelweis Egyetem, \u00c1ltal\u00e1nos Orvostudom\u00e1nyi Kar, Budapest<\/strong><\/p>\n<p>(Julius-Maximillians Egyetem, W\u00fcrzburg, N\u00e9metorsz\u00e1g)<\/p>\n<\/td>\n<\/tr>\n<tr>\n<td width=\"213\">\n<p><em>V\u00e9gzetts\u00e9g:\u00a0 <\/em><\/p>\n<\/td>\n<td width=\"477\">\n<p>2001-2007 \u00e1ltal\u00e1nos orvos<\/p>\n<p>2007-2012 csecsem\u0151\u2013 \u00e9s gyermekgy\u00f3gy\u00e1sz<\/p>\n<p>2012-2014 gyermek\u2013gasztroenterol\u00f3gus<\/p>\n<p>2015-2021 PhD<\/p>\n<p>2019 f\u00e1jdalomter\u00e1pi\u00e1s szakorvos<\/p>\n<p>2021-2023 eg\u00e9szs\u00e9g\u00fcgyi menedzser MSc<\/p>\n<p>2025- pszichoter\u00e1pi\u00e1s szakk\u00e9pz\u00e9s<\/p>\n<\/td>\n<\/tr>\n<tr>\n<td width=\"213\">\n<p><strong><em>Int\u00e9zm\u00e9ny:<\/em><\/strong><\/p>\n<\/td>\n<td width=\"477\">\n<p><strong>Magyar Csal\u00e1dter\u00e1pi\u00e1s Egyes\u00fclet<\/strong><\/p>\n<\/td>\n<\/tr>\n<tr>\n<td width=\"213\">\n<p><em>V\u00e9gzetts\u00e9g:<\/em><\/p>\n<\/td>\n<td width=\"477\">\n<p>2005-2008 p\u00e1r\u2013 \u00e9s csal\u00e1dterapeuta<\/p>\n<\/td>\n<\/tr>\n<tr>\n<td width=\"213\">\n<p><strong><em>Int\u00e9zm\u00e9ny:<\/em><\/strong><\/p>\n<\/td>\n<td width=\"477\">\n<p><strong>Magyarorsz\u00e1gi B\u00e1lint Mih\u00e1ly Pszichoszomatikus T\u00e1rsas\u00e1g<\/strong><\/p>\n<\/td>\n<\/tr>\n<tr>\n<td width=\"213\">\n<p><em>V\u00e9gzetts\u00e9g:<\/em><\/p>\n<\/td>\n<td width=\"477\">\n<p>2007-2008 B\u00e1lint csoportvezet\u0151 k\u00e9pz\u00e9s<\/p>\n<\/td>\n<\/tr>\n<tr>\n<td width=\"213\">\n<p><strong><em>Int\u00e9zm\u00e9ny:<\/em><\/strong><\/p>\n<\/td>\n<td width=\"477\">\n<p><strong>Vesztf\u00e1liai Gyermekklinika, Datteln, N\u00e9metorsz\u00e1g<\/strong><\/p>\n<\/td>\n<\/tr>\n<tr>\n<td width=\"213\">\n<p><em>V\u00e9gzetts\u00e9g:\u00a0 <\/em><\/p>\n<\/td>\n<td width=\"477\">\n<p>2018-2019 f\u00e1jdalomter\u00e1pi\u00e1s szakk\u00e9pz\u00e9s<\/p>\n<\/td>\n<\/tr>\n<tr>\n<td width=\"213\">\n<p><strong><em>Int\u00e9zm\u00e9ny:<\/em><\/strong><\/p>\n<\/td>\n<td width=\"477\">\n<p><strong>Semmelweis Egyetem Eg\u00e9szs\u00e9g\u00fcgyi Menedzserk\u00e9pz\u0151 K\u00f6zpont<\/strong><\/p>\n<\/td>\n<\/tr>\n<tr>\n<td width=\"213\">\n<p><em>V\u00e9gzetts\u00e9g:<\/em><\/p>\n<\/td>\n<td width=\"477\">\n<p>2021-2023 \u00a0 \u00a0 \u00a0eg\u00e9szs\u00e9g\u00fcgyi menedzser<\/p>\n<\/td>\n<\/tr>\n<\/tbody>\n<\/table>\n<p>&nbsp;<\/p>\n<h4 style=\"font-weight: 400\"><strong>Munkahelyek<\/strong><\/h4>\n<table style=\"font-weight: 400\" width=\"687\">\n<tbody>\n<tr>\n<td width=\"156\">\n<p><em>Mikor:<\/em><\/p>\n<\/td>\n<td width=\"531\">\n<p>2007-<\/p>\n<\/td>\n<\/tr>\n<tr>\n<td width=\"156\">\n<p><em>Munkahely:<\/em><\/p>\n<\/td>\n<td width=\"531\">\n<p>MRE Bethesda Gyermekk\u00f3rh\u00e1za<\/p>\n<\/td>\n<\/tr>\n<tr>\n<td width=\"156\">\n<p><em>Beoszt\u00e1s:<\/em><\/p>\n<\/td>\n<td width=\"531\">\n<p>ambulanciavezet\u0151 f\u0151orvos, gyermekgy\u00f3gy\u00e1sz szakorvos, gyermek\u2013gasztroenterol\u00f3gus szakorvos<\/p>\n<\/td>\n<\/tr>\n<\/tbody>\n<\/table>\n<p style=\"font-weight: 400\">\u00a0<\/p>\n<table style=\"font-weight: 400\" width=\"687\">\n<tbody>\n<tr>\n<td width=\"156\">\n<p><em>Mikor:<\/em><\/p>\n<\/td>\n<td width=\"531\">\n<p>2018-2019<\/p>\n<\/td>\n<\/tr>\n<tr>\n<td width=\"156\">\n<p><em>Munkahely:<\/em><\/p>\n<\/td>\n<td width=\"531\">\n<p>Vesztf\u00e1liai Gyermekklinika, Datteln, N\u00e9metorsz\u00e1g<\/p>\n<\/td>\n<\/tr>\n<tr>\n<td width=\"156\">\n<p><em>Beoszt\u00e1s:<\/em><\/p>\n<\/td>\n<td width=\"531\">\n<p>f\u00e1jdalomterapeuta szakorvosjel\u00f6lt<\/p>\n<\/td>\n<\/tr>\n<\/tbody>\n<\/table>\n<p style=\"font-weight: 400\">\u00a0<\/p>\n<table style=\"font-weight: 400\" width=\"687\">\n<tbody>\n<tr>\n<td width=\"156\">\n<p><em>Mikor:<\/em><\/p>\n<\/td>\n<td width=\"531\">\n<p>2022-<\/p>\n<\/td>\n<\/tr>\n<tr>\n<td width=\"156\">\n<p><em>Munkahely:<\/em><\/p>\n<\/td>\n<td width=\"531\">\n<p>Semmelweis Egyetem Magatart\u00e1studom\u00e1nyi Int\u00e9zet<\/p>\n<\/td>\n<\/tr>\n<tr>\n<td width=\"156\">\n<p><em>Beoszt\u00e1s:<\/em><\/p>\n<\/td>\n<td width=\"531\">\n<p>egyetemi adjunktus<\/p>\n<\/td>\n<\/tr>\n<\/tbody>\n<\/table>\n<p>&nbsp;<\/p>\n<h4><strong>Nyelvismeret<\/strong><\/h4>\n<p>angol k\u00f6z\u00e9pfok, n\u00e9met fels\u0151fok, szerb alapfok<\/p>\n<h4><strong>Nyelvvizsg\u00e1k<\/strong><\/h4>\n<p style=\"font-weight: 400\">Angol k\u00f6z\u00e9pfok\u00fa \u00e1llamilag elismert k\u00e9tnyelv\u0171 nyelvvizsga C t\u00edpus<\/p>\n<p style=\"font-weight: 400\">N\u00e9met fels\u0151fok\u00fa \u00e1llamilag elismert egynyelv\u0171 nyelvvizsga C t\u00edpus<\/p>\n<h4><strong>Szervezeti tags\u00e1g<\/strong><\/h4>\n<ul>\n<li><span style=\"font-size: 1rem\">Magyarorsz\u00e1gi B\u00e1lint Mih\u00e1ly Pszichoszomatikus T\u00e1rsas\u00e1g 2006- (2007-2012 k\u00f6z\u00f6tt titk\u00e1r)<\/span><\/li>\n<li style=\"font-weight: 400;text-align: left\">Magyar Csal\u00e1dter\u00e1pi\u00e1s Egyes\u00fclet 2006-<\/li>\n<li style=\"font-weight: 400;text-align: left\">Magyar Gyermekorvosok T\u00e1rsas\u00e1ga 2007-<\/li>\n<li style=\"font-weight: 400;text-align: left\">Magyar Gyermekgasztroenterol\u00f3giai T\u00e1rsas\u00e1g 2012-<\/li>\n<li style=\"font-weight: 400;text-align: left\">Eur\u00f3pai Gyermekgasztroenterol\u00f3giai-, hepatol\u00f3giai- \u00e9s t\u00e1pl\u00e1l\u00e1si T\u00e1rsas\u00e1g (ESPGHAN) 2014-<\/li>\n<li style=\"font-weight: 400;text-align: left\">ESPGHAN Motility Working Group 2020\u2013<\/li>\n<li style=\"font-weight: 400;text-align: left\">Magyarorsz\u00e1gi F\u00e1jdalomt\u00e1rsas\u00e1g 2015- (2024- vezet\u0151s\u00e9gi tag)<\/li>\n<li style=\"font-weight: 400;text-align: left\">Nemzetk\u00f6zi F\u00e1jdalomt\u00e1rsas\u00e1g (IASP) Gyermekszekci\u00f3 2016-<\/li>\n<li style=\"font-weight: 400;text-align: left\">N\u00e9met F\u00e1jdalomt\u00e1rsas\u00e1g, Gyermekf\u00e1jdalom munkacsoport 2019-<\/li>\n<li>Magyar Fejf\u00e1j\u00e1s T\u00e1rsas\u00e1g 2022-<\/li>\n<li>Selye J\u00e1nos <span class=\"xr_tc xr_s53\">Magyar Magatart\u00e1studom\u00e1nyi \u00e9s <\/span><span class=\"xr_tc xr_s53\">Magatart\u00e1sorvosl\u00e1si T\u00e1rsas\u00e1g 2025-<\/span><\/li>\n<\/ul>\n<h4 style=\"font-weight: 400;text-align: left\"><strong style=\"font-size: 1rem\">Szakmai tev\u00e9kenys\u00e9g, tanulm\u00e1nyutak<\/strong><\/h4>\n<table style=\"font-weight: 400;width: 684px\" width=\"685\">\n<tbody>\n<tr>\n<td style=\"width: 120px\" width=\"106\">\n<p><em>Orsz\u00e1g<\/em><\/p>\n<\/td>\n<td style=\"width: 124px\" width=\"125\">\n<p><em>Ideje <\/em><\/p>\n<\/td>\n<td style=\"width: 440px\" width=\"454\">\n<p><em>A tanulm\u00e1ny\u00fat, tanfolyam neve<\/em><\/p>\n<\/td>\n<\/tr>\n<tr>\n<td style=\"width: 120px\">\n<p>USA<\/p>\n<\/td>\n<td style=\"width: 124px\" width=\"116\">\n<p>2025 augusztus<\/p>\n<\/td>\n<td style=\"width: 440px\" width=\"454\">\n<p>Visiting Research Scholar in Prof. Jennifer Rabbits Lab at Stanford University<\/p>\n<\/td>\n<\/tr>\n<tr>\n<td style=\"width: 120px\">\n<p>USA<\/p>\n<\/td>\n<td style=\"width: 124px\" width=\"116\">\n<p>2025 j\u00fanius<\/p>\n<\/td>\n<td style=\"width: 440px\" width=\"454\">\n<p>Clinical visitor at Mayo Family Pediatric Pain Rehabilitation Center, Boston Children\u2019s Hospital, Harvard University<\/p>\n<\/td>\n<\/tr>\n<tr>\n<td style=\"width: 120px\" width=\"106\">\n<p>N\u00e9metorsz\u00e1g<\/p>\n<\/td>\n<td style=\"width: 124px\" width=\"125\">\n<p>2021 m\u00e1rcius<\/p>\n<\/td>\n<td style=\"width: 440px\" width=\"454\">\n<p>Pszichoszomatikus alapell\u00e1t\u00e1s tanfolyam (dr. Mario Scheib)<\/p>\n<\/td>\n<\/tr>\n<tr>\n<td style=\"width: 120px\" width=\"106\">\n<p>&nbsp;<\/p>\n<\/td>\n<td style=\"width: 124px\" width=\"125\">\n<p>2017-2019<\/p>\n<\/td>\n<td style=\"width: 440px\" width=\"454\">\n<p>ESPGHAN Tehets\u00e9ggondoz\u00f3 (Mentoring) Program. Mentor: Nikhil Thapar, Great Ormond Street Hospital for Children, London<\/p>\n<\/td>\n<\/tr>\n<tr>\n<td style=\"width: 120px\" width=\"106\">\n<p>Anglia<\/p>\n<\/td>\n<td style=\"width: 124px\" width=\"125\">\n<p>2017 szeptember<\/p>\n<\/td>\n<td style=\"width: 440px\" width=\"454\">\n<p>ESPGHAN Paediatric GI Motility Hands-On Training Kurzus<\/p>\n<\/td>\n<\/tr>\n<tr>\n<td style=\"width: 120px\" width=\"106\">\n<p>Hollandia<\/p>\n<\/td>\n<td style=\"width: 124px\" width=\"125\">\n<p>2017 \u00e1prilis<\/p>\n<\/td>\n<td style=\"width: 440px\" width=\"454\">\n<p>Prof. Marc Benninga, AMC Emma Gyermekk\u00f3rh\u00e1z, Amszterdam, 2 hetes tanulm\u00e1ny\u00fat<\/p>\n<\/td>\n<\/tr>\n<tr>\n<td style=\"width: 120px\" width=\"106\">\n<p>&nbsp;<\/p>\n<\/td>\n<td style=\"width: 124px\" width=\"125\">\n<p>2016-2018<\/p>\n<\/td>\n<td style=\"width: 440px\" width=\"454\">\n<p>Kerpel\u2013Fronius \u00d6d\u00f6n Tehets\u00e9ggondoz\u00f3 Program. Mentor: Prof. Fekete Gy\u00f6rgy, II. sz. Gyermekklinika<\/p>\n<\/td>\n<\/tr>\n<tr>\n<td style=\"width: 120px\" width=\"106\">\n<p>&nbsp;<\/p>\n<\/td>\n<td style=\"width: 124px\" width=\"125\">\n<p>2013 m\u00e1rcius<\/p>\n<\/td>\n<td style=\"width: 440px\" width=\"454\">\n<p>Az els\u0151 magyar gyermekf\u00e1jdalomter\u00e1pi\u00e1s rendel\u00e9s elind\u00edt\u00e1sa<\/p>\n<\/td>\n<\/tr>\n<tr>\n<td style=\"width: 120px\" width=\"106\">\n<p>&nbsp;<\/p>\n<\/td>\n<td style=\"width: 124px\" width=\"125\">\n<p>2012 november- 2013. febru\u00e1r<\/p>\n<p>&nbsp;<\/p>\n<\/td>\n<td style=\"width: 440px\" width=\"454\">\n<p>Semmelweis Egyetem Sz\u00edv- \u00e9s \u00c9rseb\u00e9szeti Klinika, valamint I. sz. Seb\u00e9szeti Klinika intenz\u00edv ter\u00e1pi\u00e1s n\u0151v\u00e9reinek tartott komplex ki\u00e9g\u00e9s megel\u0151z\u0151 tr\u00e9ning programban csoportvezet\u0151<\/p>\n<\/td>\n<\/tr>\n<tr>\n<td style=\"width: 120px\" width=\"106\">\n<p>N\u00e9metorsz\u00e1g<\/p>\n<\/td>\n<td style=\"width: 124px\" width=\"125\">\n<p>2010 febru\u00e1r<\/p>\n<\/td>\n<td style=\"width: 440px\" width=\"454\">\n<p>N\u00e9met Gyermekf\u00e1jdalom K\u00f6zpont 1 hetes tanulm\u00e1ny\u00fat<\/p>\n<\/td>\n<\/tr>\n<tr>\n<td style=\"width: 120px\" width=\"106\">\n<p>&nbsp;<\/p>\n<\/td>\n<td style=\"width: 124px\" width=\"125\">\n<p>2009-2013<\/p>\n<\/td>\n<td style=\"width: 440px\" width=\"454\">\n<p>a Magyar Nephrol\u00f3giai T\u00e1rsas\u00e1g Rehabilit\u00e1ci\u00f3s \u00e9s Szoci\u00e1lis Bizotts\u00e1ga Szoci\u00e1lis n\u0151v\u00e9rk\u00e9pz\u00e9s keret\u00e9n bel\u00fcl B\u00e1lint csoportok vezet\u00e9se dial\u00edzis n\u0151v\u00e9rek r\u00e9sz\u00e9re<\/p>\n<\/td>\n<\/tr>\n<tr>\n<td style=\"width: 120px\" width=\"106\">\n<p>&nbsp;<\/p>\n<\/td>\n<td style=\"width: 124px\" width=\"125\">\n<p>2007-<\/p>\n<\/td>\n<td style=\"width: 440px\" width=\"454\">\n<p>a Bethesda Gyermekk\u00f3rh\u00e1z II. Belgy\u00f3gy\u00e1szati Oszt\u00e1ly\u00e1n szakorvosjel\u00f6ltek, valamint VI. \u00e9ves orvostanhallgat\u00f3k oktat\u00e1sa<\/p>\n<\/td>\n<\/tr>\n<tr>\n<td style=\"width: 120px\" width=\"106\">\n<p>N\u00e9metorsz\u00e1g<\/p>\n<\/td>\n<td style=\"width: 124px\" width=\"125\">\n<p>2005<\/p>\n<\/td>\n<td style=\"width: 440px\" width=\"454\">\n<p>ERASMUS \u00f6szt\u00f6nd\u00edj a Julius-Maximillians Egyetemen (1 f\u00e9l\u00e9v)<\/p>\n<\/td>\n<\/tr>\n<tr>\n<td style=\"width: 120px\" width=\"106\">\n<p>&nbsp;<\/p>\n<\/td>\n<td style=\"width: 124px\" width=\"125\">\n<p>2002-2008<\/p>\n<\/td>\n<td style=\"width: 440px\" width=\"454\">\n<p>Hum\u00e1nia Kort\u00e1rs P\u00e1lyaszocializ\u00e1ci\u00f3s M\u0171hely kommunik\u00e1ci\u00f3s, sztresszkezel\u0151 \u00e9s szoci\u00e1lis k\u00e9sz\u00e9geket fejleszt\u0151, valamint junior B\u00e1lint csoportok vezet\u00e9se orvostanhallgat\u00f3k r\u00e9sz\u00e9re, 2004-2008 a szervezet egyik hallgat\u00f3i vezet\u0151je<\/p>\n<\/td>\n<\/tr>\n<\/tbody>\n<\/table>\n<p style=\"font-weight: 400\">\u00a0<\/p>\n<h4><strong>Szakmai d\u00edjak, elismer\u00e9sek<\/strong><\/h4>\n<p style=\"font-weight: 400\">2013 Peth\u00e9nyi G\u00e9za-d\u00edj III. helyezett az \u00e9v legjobb gyermekgy\u00f3gy\u00e1szati k\u00f6zlem\u00e9ny\u00e9\u00e9rt<\/p>\n<p style=\"font-weight: 400\">2013 Henri Nestl\u00e9-d\u00edj III. helyez\u00e9se a legjobb el\u0151ad\u00e1s\u00e9rt a Gyermek-gasztroenterol\u00f3giai T\u00e1rsas\u00e1g Kongresszus\u00e1n<\/p>\n<p style=\"font-weight: 400\">2013 Zugl\u00f3i Orvosok T\u00e1rsas\u00e1ga az \u00e9v tudom\u00e1nyos k\u00f6zlem\u00e9nye d\u00edj<\/p>\n","protected":false},"excerpt":{"rendered":"<p>Tanulm\u00e1nyok Int\u00e9zm\u00e9ny: Semmelweis Egyetem, \u00c1ltal\u00e1nos Orvostudom\u00e1nyi Kar, Budapest (Julius-Maximillians Egyetem, W\u00fcrzburg, N\u00e9metorsz\u00e1g) V\u00e9gzetts\u00e9g:\u00a0 2001-2007 \u00e1ltal\u00e1nos orvos 2007-2012 csecsem\u0151\u2013 \u00e9s gyermekgy\u00f3gy\u00e1sz 2012-2014 gyermek\u2013gasztroenterol\u00f3gus 2015-2021 PhD 2019 f\u00e1jdalomter\u00e1pi\u00e1s szakorvos 2021-2023 eg\u00e9szs\u00e9g\u00fcgyi menedzser MSc 2025- pszichoter\u00e1pi\u00e1s szakk\u00e9pz\u00e9s Int\u00e9zm\u00e9ny: &hellip;<\/p>\n","protected":false},"author":150,"featured_media":0,"parent":0,"menu_order":0,"comment_status":"closed","ping_status":"closed","template":"","meta":{"footnotes":""},"class_list":["post-4","page","type-page","status-publish","hentry"],"_links":{"self":[{"href":"https:\/\/scholar.semmelweis.hu\/majorjanos\/wp-json\/wp\/v2\/pages\/4"}],"collection":[{"href":"https:\/\/scholar.semmelweis.hu\/majorjanos\/wp-json\/wp\/v2\/pages"}],"about":[{"href":"https:\/\/scholar.semmelweis.hu\/majorjanos\/wp-json\/wp\/v2\/types\/page"}],"author":[{"embeddable":true,"href":"https:\/\/scholar.semmelweis.hu\/majorjanos\/wp-json\/wp\/v2\/users\/150"}],"replies":[{"embeddable":true,"href":"https:\/\/scholar.semmelweis.hu\/majorjanos\/wp-json\/wp\/v2\/comments?post=4"}],"version-history":[{"count":8,"href":"https:\/\/scholar.semmelweis.hu\/majorjanos\/wp-json\/wp\/v2\/pages\/4\/revisions"}],"predecessor-version":[{"id":38,"href":"https:\/\/scholar.semmelweis.hu\/majorjanos\/wp-json\/wp\/v2\/pages\/4\/revisions\/38"}],"wp:attachment":[{"href":"https:\/\/scholar.semmelweis.hu\/majorjanos\/wp-json\/wp\/v2\/media?parent=4"}],"curies":[{"name":"wp","href":"https:\/\/api.w.org\/{rel}","templated":true}]}}