{"id":3,"date":"2016-06-14T09:06:31","date_gmt":"2016-06-14T07:06:31","guid":{"rendered":"http:\/\/scholar.semmelweis.hu\/lorinczmakos\/bemutatkozas\/"},"modified":"2026-01-09T10:05:27","modified_gmt":"2026-01-09T09:05:27","slug":"bemutatkozas","status":"publish","type":"page","link":"https:\/\/scholar.semmelweis.hu\/lorinczmakos\/","title":{"rendered":"Bemutatkoz\u00e1s"},"content":{"rendered":"<p><strong>Kutat\u00f3k\u00e9nt<\/strong> az \u00c9lettani Int\u00e9zet Fagocita \u00c9lettani Kutat\u00f3csoportj\u00e1ban a <strong>neutrofil granulocita <\/strong>eredet\u0171<strong> extracellul\u00e1ris vezikul\u00e1kat <\/strong>(EV) vizsg\u00e1lom. Az\u00a0EV-k vil\u00e1ga az elm\u00falt \u00e9vtizedben v\u00e1lt biol\u00f3giai kutat\u00e1s &#8222;forr\u00f3&#8221; t\u00e9m\u00e1j\u00e1v\u00e1 \u00e9s egy\u00fcttm\u0171k\u00f6d\u0151 partnereink probl\u00e9mafelvet\u00e9s\u00e9nek k\u00f6sz\u00f6nhet\u0151en kor\u00e1n bekapcsol\u00f3dtunk kutat\u00e1sukba. Jelenleg az EV-k keletkez\u00e9s\u00e9nek <strong>jel\u00e1tvitel<\/strong>\u00e9t, \u00e9s <strong>antibakteri\u00e1lis hat\u00e1s<\/strong>uk mibenl\u00e9t\u00e9t vizsg\u00e1ljuk.<\/p>\n<p>Az EV antibakteri\u00e1lis hat\u00e1s\u00e1nak vizsg\u00e1lat\u00e1b\u00f3l n\u0151tte ki mag\u00e1t a <strong>klinikai diagnosztika<\/strong> fejleszt\u00e9s\u00e9t c\u00e9lz\u00f3 projekt\u00fcnk. Az \u00e1ltalunk eddig antibakteri\u00e1lis hat\u00e1s m\u00e9r\u00e9s\u00e9re haszn\u00e1lt elj\u00e1r\u00e1s korl\u00e1tozta a vizsg\u00e1lhat\u00f3 mint\u00e1k sz\u00e1m\u00e1t, ez\u00e9rt kigondoltunk egy <strong>\u00e1raml\u00e1si citom\u00e9ter<\/strong>en alapul\u00f3 technik\u00e1t, amely gyorsan, ak\u00e1r nagy mintasz\u00e1m eset\u00e9ben is lehet\u0151v\u00e9 teszi az antibakteri\u00e1lis hat\u00e1s m\u00e9r\u00e9s\u00e9t. Kezdeti eredm\u00e9nyeink olyan biztat\u00f3ak voltak , hogy elk\u00e9sz\u00edtett\u00fck a m\u00f3dszert antibiotikumra optimaliz\u00e1lt v\u00e1ltozat\u00e1t, amelyet egyes <strong>bakt\u00e9riumok rezisztencia profilj\u00e1nak<\/strong> meg\u00e1llap\u00edt\u00e1s\u00e1ra lehet haszn\u00e1lni. A mindennapi gy\u00f3gy\u00edt\u00e1sban haszn\u00e1lt antibiogram meghat\u00e1roz\u00e1shoz k\u00e9pest l\u00e9nyegesen gyorsabban ad eredm\u00e9nyt. A t\u00f6bbi gyors antibiogram meghat\u00e1roz\u00f3 elj\u00e1r\u00e1shoz k\u00e9pest el\u0151nye, hogy alacsony a k\u00f6lts\u00e9gig\u00e9nye \u00e9s elve ugyanazon a minim\u00e1lis g\u00e1tl\u00f3 koncentr\u00e1ci\u00f3 (MIC) meghat\u00e1roz\u00e1s\u00e1n alapul, mint a hagyom\u00e1nyos \u00e9vtizedek \u00f3ta haszn\u00e1lt mikrobiol\u00f3giai elj\u00e1r\u00e1sok.<\/p>\n<p>&nbsp;<\/p>\n<p><a href=\"https:\/\/www.youtube.com\/watch?v=zj5Wa18it-k\" rel=\"attachment wp-att-44\"><img loading=\"lazy\" decoding=\"async\" class=\"aligncenter wp-image-44 size-medium\" src=\"http:\/\/scholar.semmelweis.hu\/lorinczmakos\/wp-content\/uploads\/sites\/92\/2016\/06\/hqdefault-300x225.jpg\" alt=\"TEDxDanubia 2016\" width=\"300\" height=\"225\" srcset=\"https:\/\/scholar.semmelweis.hu\/lorinczmakos\/wp-content\/uploads\/sites\/92\/2016\/06\/hqdefault-300x225.jpg 300w, https:\/\/scholar.semmelweis.hu\/lorinczmakos\/wp-content\/uploads\/sites\/92\/2016\/06\/hqdefault.jpg 480w\" sizes=\"(max-width: 300px) 100vw, 300px\" \/><\/a><\/p>\n<p style=\"text-align: center\"><a href=\"https:\/\/www.youtube.com\/watch?v=zj5Wa18it-k\">TEDxDanubia 2016<\/a><\/p>\n<p><strong>Orvosk\u00e9nt<\/strong> a Fej\u00e9r Megyei Szent Gy\u00f6rgy Egyetemi Oktat\u00f3k\u00f3rh\u00e1z II. <strong>Belgy\u00f3gy\u00e1szat<\/strong>\u00e1n dolgozom <strong>szakorvos<\/strong>k\u00e9nt. \u00c9rdekl\u0151d\u00e9si ter\u00fcleteim: kardiol\u00f3gia, pacemakerek<\/p>\n<p>&nbsp;<\/p>\n<p><strong>Orvosigazgat\u00f3k\u00e9nt <\/strong>azon f\u00e1radozok a<strong> sz\u00e9kesfeh\u00e9rv\u00e1ri Szent Gy\u00f6rgy K\u00f3rh\u00e1z <\/strong>tov\u00e1bbra is magas szinten l\u00e1ssa el a hozz\u00e1 seg\u00edts\u00e9g\u00e9rt fordul\u00f3kat.<\/p>\n<p>&nbsp;<\/p>\n<p><strong>Motiv\u00e1ci\u00f3mat\u00a0meghat\u00e1roz\u00f3 gondolatok:<\/strong><\/p>\n<p>Ady: &#8222;Az \u00c9let \u00e9l \u00e9s \u00e9lni akar&#8221; &#8211; \u00fajra \u00e9s \u00fajra r\u00e1csod\u00e1lkozom a biol\u00f3gia megold\u00e1sainak \u00f6tletess\u00e9g\u00e9re<\/p>\n<p>Hiszem, hogy az alapkutat\u00e1s klinikai ir\u00e1nyults\u00e1g\u00fa, a klinikai kutat\u00e1s alapkutat\u00e1s ig\u00e9nyess\u00e9g\u0171 kell legyen. A legjobb, ha egy\u00fcttm\u0171k\u00f6d\u00e9s van k\u00f6zt\u00fck.<\/p>\n<p>Hiszem, hogy mind a kutat\u00e1st, mind a gy\u00f3gy\u00edt\u00e1st k\u00f6z\u00e9rthet\u0151v\u00e9 kell tenni, k\u00f6zelebb kell hozni a nem szakemberekhez.<\/p>\n<p>A magyar orvostudom\u00e1ny fejl\u0151d\u00e9se egy\u00e9ni sikert\u00f6rt\u00e9netekt\u0151l f\u00fcgg, ehhez viszont a mindenkiben ott rejl\u0151 tehets\u00e9geket fel kell ismerni, ki kell haszn\u00e1lni. Ebben az amb\u00edci\u00f3 \u00e9s karrierfejleszt\u00e9s seg\u00edthet &#8211; mindkett\u0151 ter\u00e9n m\u00e9g gyeng\u00e9n \u00e1llunk.<\/p>\n<p>&nbsp;<\/p>\n","protected":false},"excerpt":{"rendered":"<p>Kutat\u00f3k\u00e9nt az \u00c9lettani Int\u00e9zet Fagocita \u00c9lettani Kutat\u00f3csoportj\u00e1ban a neutrofil granulocita eredet\u0171 extracellul\u00e1ris vezikul\u00e1kat (EV) vizsg\u00e1lom. Az\u00a0EV-k vil\u00e1ga az elm\u00falt \u00e9vtizedben v\u00e1lt biol\u00f3giai kutat\u00e1s &#8222;forr\u00f3&#8221; t\u00e9m\u00e1j\u00e1v\u00e1 \u00e9s egy\u00fcttm\u0171k\u00f6d\u0151 partnereink probl\u00e9mafelvet\u00e9s\u00e9nek k\u00f6sz\u00f6nhet\u0151en kor\u00e1n bekapcsol\u00f3dtunk kutat\u00e1sukba. Jelenleg az &hellip;<\/p>\n","protected":false},"author":87,"featured_media":0,"parent":0,"menu_order":0,"comment_status":"closed","ping_status":"closed","template":"","meta":{"footnotes":""},"class_list":["post-3","page","type-page","status-publish","hentry"],"_links":{"self":[{"href":"https:\/\/scholar.semmelweis.hu\/lorinczmakos\/wp-json\/wp\/v2\/pages\/3"}],"collection":[{"href":"https:\/\/scholar.semmelweis.hu\/lorinczmakos\/wp-json\/wp\/v2\/pages"}],"about":[{"href":"https:\/\/scholar.semmelweis.hu\/lorinczmakos\/wp-json\/wp\/v2\/types\/page"}],"author":[{"embeddable":true,"href":"https:\/\/scholar.semmelweis.hu\/lorinczmakos\/wp-json\/wp\/v2\/users\/87"}],"replies":[{"embeddable":true,"href":"https:\/\/scholar.semmelweis.hu\/lorinczmakos\/wp-json\/wp\/v2\/comments?post=3"}],"version-history":[{"count":13,"href":"https:\/\/scholar.semmelweis.hu\/lorinczmakos\/wp-json\/wp\/v2\/pages\/3\/revisions"}],"predecessor-version":[{"id":70,"href":"https:\/\/scholar.semmelweis.hu\/lorinczmakos\/wp-json\/wp\/v2\/pages\/3\/revisions\/70"}],"wp:attachment":[{"href":"https:\/\/scholar.semmelweis.hu\/lorinczmakos\/wp-json\/wp\/v2\/media?parent=3"}],"curies":[{"name":"wp","href":"https:\/\/api.w.org\/{rel}","templated":true}]}}