{"id":2,"date":"2016-06-14T09:06:31","date_gmt":"2016-06-14T07:06:31","guid":{"rendered":"http:\/\/scholar.semmelweis.hu\/lorinczmakos\/cv\/"},"modified":"2026-01-09T10:01:33","modified_gmt":"2026-01-09T09:01:33","slug":"cv","status":"publish","type":"page","link":"https:\/\/scholar.semmelweis.hu\/lorinczmakos\/cv\/","title":{"rendered":"CV"},"content":{"rendered":"<p><span style=\"text-decoration: underline\"><strong>Munkahelyek<\/strong><\/span><\/p>\n<p>2024-\u00a0 \u00a0 \u00a0 \u00a0 \u00a0 \u00a0 \u00a0<strong>Orvosigazgat\u00e1s,<\/strong> Fej\u00e9r V\u00e1rmegyei Szent Gy\u00f6rgy Egyetemi Oktat\u00f3k\u00f3rh\u00e1z &#8211; orvosigazgat\u00f3<\/p>\n<p>2020-\u00a0 \u00a0 \u00a0 \u00a0 \u00a0 \u00a0 \u00a0<strong>\u00c9lettani Int\u00e9zet, <\/strong>Semmelweis Egyetem, Budapest \u2013 egyetemi adjunktus<\/p>\n<p>2020-\u00a0 \u00a0 \u00a0 \u00a0 \u00a0 \u00a0 \u00a0<strong>Belgy\u00f3gy\u00e1szat<\/strong>, Fej\u00e9r Megyei Szent Gy\u00f6rgy Egyetemi Oktat\u00f3k\u00f3rh\u00e1z &#8211; adjunktus<\/p>\n<p>2016-2020\u00a0 \u00a0 \u00a0 <strong>\u00c9lettani Int\u00e9zet, <\/strong>Semmelweis Egyetem, Budapest \u2013 tudom\u00e1nyos munkat\u00e1rs<\/p>\n<p>2015-2020\u00a0 \u00a0 \u00a0 <strong>Belgy\u00f3gy\u00e1szat<\/strong>, Fej\u00e9r Megyei Szent Gy\u00f6rgy Egyetemi Oktat\u00f3k\u00f3rh\u00e1z &#8211; rezidens<\/p>\n<p>2014-2015\u00a0\u00a0\u00a0\u00a0\u00a0 <strong>\u00c9lettani Int\u00e9zet, <\/strong>Semmelweis Egyetem, Budapest \u2013 egyetemi tan\u00e1rseg\u00e9d<\/p>\n<p>2009-2014\u00a0\u00a0\u00a0\u00a0\u00a0 <strong>\u00c9lettani Int\u00e9zet, <\/strong>Semmelweis Egyetem, Budapest \u2013 PhD hallgat\u00f3<\/p>\n<p>2010-2012\u00a0\u00a0\u00a0\u00a0\u00a0 <strong>Karrierk\u00f6zpont, <\/strong>Semmelweis Egyetem, Budapest \u2013 <a href=\"http:\/\/semmelweis.hu\/hirek\/2013\/01\/07\/a-karrieriroda-elso-harom-everol-lorincz-m-akossal\/\">Irodavezet\u0151<\/a><\/p>\n<p>&nbsp;<\/p>\n<p><span style=\"text-decoration: underline\"><strong>Tanulm\u00e1nyok, tanulm\u00e1nyutak<\/strong><\/span><\/p>\n<p>2020-2022\u00a0 \u00a0 \u00a0 \u00a0 \u00a0 \u00a0 Fej\u00e9r Megyei Szent Gy\u00f6rgy Egyetemi Oktat\u00f3k\u00f3rh\u00e1z, II. Belgy\u00f3gy\u00e1szat, kardiol\u00f3gia k\u00e9pz\u00e9s<\/p>\n<p>2015-2019\u00a0 \u00a0 \u00a0 Fej\u00e9r Megyei Szent Gy\u00f6rgy Egyetemi Oktat\u00f3k\u00f3rh\u00e1z, II. Belgy\u00f3gy\u00e1szat, belgy\u00f3gy\u00e1szat szakorvos k\u00e9pz\u00e9s<\/p>\n<p>2009-2015\u00a0\u00a0\u00a0\u00a0\u00a0 Semmelweis Egyetem,<strong> Molekul\u00e1ris Orvostudom\u00e1nyok Doktori Iskola<\/strong>,<\/p>\n<p>PhD fokozat: Summa cum laude (t\u00e9mavezet\u0151: Prof. Dr. Ligeti Erzs\u00e9bet), doktori \u00e9rtekez\u00e9s: <a href=\"http:\/\/phd.semmelweis.hu\/mwp\/phd_live\/vedes\/export\/lorinczmartonakos.d.pdf\"><em>A foszfolipidek, a GTP-\u00e1z aktiv\u00e1l\u00f3 feh\u00e9rj\u00e9k, valamint az extracellul\u00e1ris vezikul\u00e1k szerep\u00e9nek vizsg\u00e1lata a neutrofil granulocita szuperoxid-termel\u00e9s\u00e9ben<\/em>.<\/a><\/p>\n<p>2007-2008\u00a0\u00a0\u00a0\u00a0\u00a0\u00a0 <strong>Ruprecht-Karls-Universit\u00e4t Heidelberg, <\/strong>1 \u00e9ves kutat\u00e1si \u00f6szt\u00f6nd\u00edj az Experimentelle und Klinische Pharmakologie und Toxikologie int\u00e9zetben Prof. Dr. Thomas Wieland ir\u00e1ny\u00edt\u00e1sa mellett<\/p>\n<p>2002-2009 \u00a0\u00a0\u00a0\u00a0\u00a0 Semmelweis Egyetem,<strong> \u00c1ltal\u00e1nos Orvostudom\u00e1nyi Kar, <\/strong>diploma: <strong>Summa cum laude <\/strong><\/p>\n<p>1996-2002 \u00a0 \u00a0 \u00a0 Pet\u0151fi S\u00e1ndor Gimn\u00e1zium, P\u00e1pa<\/p>\n<p>&nbsp;<\/p>\n<p><span style=\"text-decoration: underline\"><strong>Oktat\u00e1si tev\u00e9kenys\u00e9g<\/strong><\/span><\/p>\n<p>2020-\u00a0 \u00a0 \u00a0 \u00a0 \u00a0 \u00a0 \u00a0 \u00a0Heti rendszeress\u00e9ggel <strong>\u00e9lettan gyakorlatok \u00e9s konzult\u00e1ci\u00f3k<\/strong> vezet\u00e9se a Semmelweis Egyetem orvostanhallgat\u00f3i r\u00e9sz\u00e9re.<\/p>\n<p>2013- \u00a0\u00a0\u00a0\u00a0\u00a0\u00a0\u00a0\u00a0\u00a0\u00a0\u00a0\u00a0\u00a0 A Semmelweis Egyetem <strong>rezidens t\u00f6rzsk\u00e9pz\u00e9si<\/strong> tanfolyam\u00e1n felk\u00e9rt <strong>el\u0151ad\u00f3<\/strong> (\u00e9vente k\u00e9tszer 4 \u00f3r\u00e1ban, 150-200 f\u0151nek, t\u00e9ma: \u201e<em>Orvosi karriermodellek \u00e9s karriertervez\u00e9s\u201d<\/em>).<\/p>\n<p>2012- \u00a02015 \u00a0 \u00a0 \u00a0<strong>Oktat\u00f3<\/strong> a Semmelweis Egyetem \u00e9vente megszervezett <em>\u201eProbl\u00e9maorient\u00e1lt orvosi \u00e9lettan\u201d<\/em> <strong>szemin\u00e1rium\u00e1n <\/strong>(<em>t\u00e9ma: malnutr\u00edci\u00f3<\/em>)<\/p>\n<p>2009- 2015 \u00a0 \u00a0 \u00a0 Heti rendszeress\u00e9ggel <strong>\u00e9lettan gyakorlatok \u00e9s konzult\u00e1ci\u00f3k<\/strong> vezet\u00e9se a Semmelweis Egyetem <strong>magyar<\/strong>&#8211; \u00e9s <strong>n\u00e9met<\/strong>nyelv\u0171 orvostanhallgat\u00f3i r\u00e9sz\u00e9re.<\/p>\n<p>2009- \u00a0\u00a0\u00a0\u00a0\u00a0\u00a0\u00a0\u00a0\u00a0\u00a0\u00a0\u00a0\u00a0 <strong>Tudom\u00e1nyos di\u00e1kk\u00f6r\u00f6s hallgat\u00f3k <\/strong>kutat\u00f3i munk\u00e1j\u00e1nak<strong> ir\u00e1ny\u00edt\u00e1sa \u00e9s fel\u00fclvigy\u00e1z\u00e1sa<\/strong>. (El\u00e9rt eredm\u00e9nyek: 10 TDK-s hallgat\u00f3, 6 d\u00edjazott egyetemi TDK el\u0151ad\u00e1s, 2 d\u00edjazott OTDK el\u0151ad\u00e1s, 10 feletti nemzetk\u00f6zi konferencia r\u00e9szv\u00e9tel, 5 szakdolgozat jeles eredm\u00e9nnyel.)<\/p>\n<p><strong>\u00a0<\/strong><\/p>\n<p><span style=\"text-decoration: underline\"><strong>Tananyagfejleszt\u00e9s<\/strong><\/span><\/p>\n<p>A Semmelweis Egyetem \u00c9lettani Int\u00e9zet <strong>gyakorlati oktat\u00e1s<\/strong>\u00e1nak keret\u00e9ben <strong><em>\u201eSport\u00e9lettani gyakorlat\u201d<\/em> megszervez\u00e9se<\/strong><\/p>\n<p>&nbsp;<\/p>\n<p><span style=\"text-decoration: underline\"><strong>Tudom\u00e1nyos \u00e9rdekl\u0151d\u00e9s<\/strong><\/span><\/p>\n<p><strong>A neutrofil granulocit\u00e1k bakt\u00e9rium\u00f6l\u00e9se<\/strong>, k\u00fcl\u00f6n\u00f6s tekintettel a reakt\u00edv oxig\u00e9nsz\u00e1rmaz\u00e9kok termel\u00e9s\u00e9re \u00e9s extracellularis vezikul\u00e1k k\u00e9pz\u00e9s\u00e9re<\/p>\n<p><strong>\u00c1raml\u00e1si citometri\u00e1n alapul\u00f3 diagnosztikus elj\u00e1r\u00e1s fejleszt\u00e9se<\/strong> a multirezisztens bakt\u00e9riumok terjed\u00e9s\u00e9nek f\u00e9kez\u00e9se \u00e9rdek\u00e9ben.<\/p>\n<p><strong>\u00a0<\/strong><\/p>\n<p><span style=\"text-decoration: underline\"><strong>Kutat\u00e1si projektek, amelyekben r\u00e9szt vettem<\/strong><\/span><\/p>\n<p>OTKA FK 137770\u00a0Neutrofil granulocita eredet\u0171 extracellul\u00e1ris vezikul\u00e1k immunmodul\u00e1ns hat\u00e1sa (<em>kutat\u00e1svezet\u0151<\/em>)<\/p>\n<p>OTKA 75084 Neutrofil granulocit\u00e1kb\u00f3l keletkez\u0151 szubcellul\u00e1ris r\u00e9szecsk\u00e9k \u00e9lettani szerepe (<em>r\u00e9sztvev\u0151<\/em>)<\/p>\n<p>OTKA 81277 A Rho\/Rac csal\u00e1d GTP\u00e1z feh\u00e9rj\u00e9ire hat\u00f3 aktiv\u00e1l\u00f3 proteinek kifejez\u0151d\u00e9se \u00e9s r\u00e9szv\u00e9tele specifikus sejtm\u0171k\u00f6d\u00e9sekben (<em>r\u00e9sztvev\u0151<\/em>)<\/p>\n<p>OTKA 108382 Neutrofil granulocit\u00e1kban kifejez\u0151d\u0151 Rac GTP\u00e1z aktiv\u00e1l\u00f3 feh\u00e9rj\u00e9k \u00e9lettani szerepe \u00e9s szab\u00e1lyoz\u00e1sa (<em>r\u00e9sztvev\u0151<\/em>)<\/p>\n<p>Semmelweis Egyetem Magiszter Projekt (T\u00c1MOP-4.2.2.B-10\/B-10\/1-2010-0013) (<em>r\u00e9sztvev\u0151<\/em>)<\/p>\n<p>A Modern Orvostudom\u00e1nyi Technol\u00f3gi\u00e1k a Semmelweis Egyetemen (T\u00c1MOP 4.2.1\/B-09\/1\/KMR-2010-0001) (<em>r\u00e9sztvev\u0151<\/em>)<\/p>\n<p>ENTRUST AF-PCI Clinical trial (subinvestigator)<\/p>\n<p><strong>\u00a0<\/strong><\/p>\n<p><span style=\"text-decoration: underline\"><strong>T\u00e1rsas\u00e1gi tags\u00e1gok<\/strong><\/span><\/p>\n<p>2016-\u00a0 \u00a0 \u00a0 \u00a0 \u00a0 \u00a0 \u00a0 \u00a0European Society of Cardiology (ESC)<\/p>\n<p>2015-\u00a0 \u00a0 \u00a0 \u00a0 \u00a0 \u00a0 \u00a0 \u00a0Magyar Kardiol\u00f3gusok T\u00e1rsas\u00e1ga<\/p>\n<p>2012- \u00a0 \u00a0\u00a0\u00a0\u00a0\u00a0\u00a0\u00a0\u00a0\u00a0\u00a0\u00a0 International Society for Extracellular Vesicles (ISEV)<\/p>\n<p>2012- \u00a0 \u00a0\u00a0\u00a0\u00a0\u00a0\u00a0\u00a0\u00a0\u00a0\u00a0\u00a0 Magyar \u00c9lettani T\u00e1rsas\u00e1g<\/p>\n<p>&nbsp;<\/p>\n<p><span style=\"text-decoration: underline\"><strong>K\u00f6z\u00e9leti tev\u00e9kenys\u00e9g<\/strong><\/span><\/p>\n<p>2020-\u00a0 \u00a0 \u00a0 \u00a0 \u00a0 \u00a0 \u00a0<a href=\"http:\/\/(https:\/\/www.facebook.com\/koronasmesek)\">Koron\u00e1s Mes\u00e9k<\/a> tudom\u00e1nyos ismeretterjeszt\u0151 oldal szerkeszt\u00e9se<\/p>\n<p>2013-2014\u00a0\u00a0\u00a0\u00a0\u00a0 Doktorandusz \u00d6nkorm\u00e1nyzat, Semmelweis Egyetem, tag<\/p>\n<p>2013\u00a0\u00a0\u00a0\u00a0\u00a0\u00a0\u00a0\u00a0\u00a0\u00a0\u00a0\u00a0\u00a0\u00a0<em>\u201eKarrierfejleszt\u00e9s az eg\u00e9szs\u00e9g\u00fcgyben\u201d<\/em> kurzus vezet\u0151je<\/p>\n<p>2009-2010\u00a0\u00a0\u00a0\u00a0\u00a0 Doktorandusz \u00d6nkorm\u00e1nyzat, Semmelweis Egyetem, eln\u00f6k<\/p>\n<p>2006 \u00a0 \u00a0 \u00a0 \u00a0 \u00a0 \u00a0 \u00a0Instruktor \u00d6ntev\u00e9keny Csoport, Semmelweis Egyetem, eln\u00f6k<\/p>\n<p>2003-2011\u00a0\u00a0\u00a0\u00a0\u00a0 Instruktor \u00d6ntev\u00e9keny Csoport, Semmelweis Egyetem<\/p>\n<p><strong>\u00a0<\/strong><\/p>\n<p><span style=\"text-decoration: underline\"><strong>D\u00edjak, elismer\u00e9sek<\/strong><\/span><\/p>\n<p>2024\u00a0 \u00a0 \u00a0 \u00a0 \u00a0 \u00a0 \u00a0 \u00a0 Az MTA <strong>Bolyai Eml\u00e9klap \u201ekiemelked\u0151\u201d <\/strong>min\u0151s\u00edt\u00e9s miatt<\/p>\n<p>2020\u00a0 \u00a0 \u00a0 \u00a0 \u00a0 \u00a0 \u00a0 \u00a0 \u00daNKP <strong>Bolyai+ \u00f6szt\u00f6nd\u00edj<\/strong>\u00e1nak elnyer\u00e9se<\/p>\n<p>2020\u00a0 \u00a0 \u00a0 \u00a0 \u00a0 \u00a0 \u00a0 \u00a0 Az MTA <strong>Bolyai \u00f6szt\u00f6nd\u00edj<\/strong>\u00e1nak elnyer\u00e9se<\/p>\n<p>2018\u00a0 \u00a0 \u00a0 \u00a0 \u00a0 \u00a0 \u00a0 \u00a0 Medicina F\u00f3rum <em>&#8222;<a href=\"http:\/\/semmelweis.hu\/hirek\/2018\/10\/31\/a-medicina-forum-kivalo-rezidens-dijat-vehette-at-az-egyetem-ket-munkatarsa\/\"><strong>Kiv\u00e1l\u00f3 Rezidens 2018<\/strong><\/a>&#8222;<\/em> d\u00edj<\/p>\n<p>2016\u00a0\u00a0\u00a0\u00a0\u00a0\u00a0\u00a0\u00a0\u00a0\u00a0\u00a0\u00a0\u00a0\u00a0\u00a0 <strong><a href=\"http:\/\/www.tedxdanubia.com\/esemenyek\/fellow\">TEDxDanubia fellow<\/a><\/strong> programj\u00e1ba v\u00e1lasztva<\/p>\n<p>2016\u00a0\u00a0\u00a0\u00a0\u00a0\u00a0\u00a0\u00a0\u00a0\u00a0\u00a0\u00a0\u00a0\u00a0\u00a0 Felk\u00e9rt <strong>el\u0151ad\u00f3 <\/strong>a <strong><a href=\"http:\/\/www.tedxdanubia.com\/tedx-videok\/hasznalati-utmutato-antibakteriumokhoz-akos-m-lorincz-tedxdanubia\">TEDxDanubia 2016<\/a><\/strong> rendezv\u00e9nyen<\/p>\n<p>2015\u00a0\u00a0\u00a0\u00a0\u00a0\u00a0\u00a0\u00a0\u00a0\u00a0\u00a0\u00a0\u00a0\u00a0\u00a0 A La Femme \u00fajs\u00e1g<a href=\"http:\/\/www.lafemme.hu\/tehetseg\/profil\/Lorincz_Marton_Akos_\"> <strong>\u201e<em>50 tehets\u00e9ges magyar fiatal<\/em>\u201d<\/strong><\/a> programj\u00e1ba v\u00e1lasztva<\/p>\n<p>2015 \u00a0\u00a0\u00a0\u00a0\u00a0\u00a0\u00a0\u00a0\u00a0\u00a0\u00a0\u00a0\u00a0\u00a0 <em>\u201eT\u00e9mavezet\u0151i tev\u00e9kenys\u00e9g\u00e9rt\u201d<\/em> elismer\u0151 oklev\u00e9l, XXXII. OTDK Orvos- \u00e9s Eg\u00e9szs\u00e9gtudom\u00e1nyi szekci\u00f3<\/p>\n<p>2014\u00a0\u00a0\u00a0\u00a0\u00a0\u00a0\u00a0\u00a0\u00a0\u00a0\u00a0\u00a0\u00a0\u00a0\u00a0 <a href=\"http:\/\/semmelweis.hu\/elettan\/2014\/11\/26\/lorincz-m-akos-kapta-a-semmelweis-egyetem-doktori-iskolajanak-ifjabb-dr-farkas-zsolt-emlekere-letrehozott-veritas-et-virtus-alapitvany-i-dijat\/\">I. d\u00edj<\/a> a Semmelweis Egyetem Doktori Iskol\u00e1j\u00e1nak Ifj. Dr. Farkas Zsolt Eml\u00e9k\u00e9re <em>\u201eVeritas et Virtus\u201d<\/em> Alap\u00edtv\u00e1ny\u00e1nak p\u00e1ly\u00e1zat\u00e1n<\/p>\n<p>2013 \u00a0\u00a0\u00a0\u00a0\u00a0\u00a0\u00a0\u00a0\u00a0\u00a0\u00a0\u00a0\u00a0\u00a0 <em>\u201eT\u00e9mavezet\u0151i tev\u00e9kenys\u00e9g\u00e9rt\u201d<\/em> elismer\u0151 oklev\u00e9l, XXXI. OTDK Orvos- \u00e9s Eg\u00e9szs\u00e9gtudom\u00e1nyi szekci\u00f3<\/p>\n<p>&nbsp;<\/p>\n<p><span style=\"text-decoration: underline\"><strong>Nyelvismeret<\/strong><\/span><\/p>\n<p><strong>Angol <\/strong>(<strong>k\u00f6z\u00e9pfok\u00fa<\/strong> \u201eA\u201d+\u201eB\u201d t\u00edpus\u00fa nyelvvizsga) <strong>el\u0151ad\u00f3i nyelvtud\u00e1s<\/strong><\/p>\n<p><strong>N\u00e9met <\/strong>(<strong>k\u00f6z\u00e9pfok\u00fa<\/strong> \u201eA\u201d+\u201eB\u201d t\u00edpus\u00fa nyelvvizsga) <strong>oktat\u00f3i nyelvtud\u00e1s<\/strong><\/p>\n<p>&nbsp;<\/p>\n","protected":false},"excerpt":{"rendered":"<p>Munkahelyek 2024-\u00a0 \u00a0 \u00a0 \u00a0 \u00a0 \u00a0 \u00a0Orvosigazgat\u00e1s, Fej\u00e9r V\u00e1rmegyei Szent Gy\u00f6rgy Egyetemi Oktat\u00f3k\u00f3rh\u00e1z &#8211; orvosigazgat\u00f3 2020-\u00a0 \u00a0 \u00a0 \u00a0 \u00a0 \u00a0 \u00a0\u00c9lettani Int\u00e9zet, Semmelweis Egyetem, Budapest \u2013 egyetemi adjunktus 2020-\u00a0 \u00a0 \u00a0 \u00a0 \u00a0 &hellip;<\/p>\n","protected":false},"author":87,"featured_media":0,"parent":0,"menu_order":0,"comment_status":"closed","ping_status":"closed","template":"","meta":{"footnotes":""},"class_list":["post-2","page","type-page","status-publish","hentry"],"_links":{"self":[{"href":"https:\/\/scholar.semmelweis.hu\/lorinczmakos\/wp-json\/wp\/v2\/pages\/2"}],"collection":[{"href":"https:\/\/scholar.semmelweis.hu\/lorinczmakos\/wp-json\/wp\/v2\/pages"}],"about":[{"href":"https:\/\/scholar.semmelweis.hu\/lorinczmakos\/wp-json\/wp\/v2\/types\/page"}],"author":[{"embeddable":true,"href":"https:\/\/scholar.semmelweis.hu\/lorinczmakos\/wp-json\/wp\/v2\/users\/87"}],"replies":[{"embeddable":true,"href":"https:\/\/scholar.semmelweis.hu\/lorinczmakos\/wp-json\/wp\/v2\/comments?post=2"}],"version-history":[{"count":11,"href":"https:\/\/scholar.semmelweis.hu\/lorinczmakos\/wp-json\/wp\/v2\/pages\/2\/revisions"}],"predecessor-version":[{"id":66,"href":"https:\/\/scholar.semmelweis.hu\/lorinczmakos\/wp-json\/wp\/v2\/pages\/2\/revisions\/66"}],"wp:attachment":[{"href":"https:\/\/scholar.semmelweis.hu\/lorinczmakos\/wp-json\/wp\/v2\/media?parent=2"}],"curies":[{"name":"wp","href":"https:\/\/api.w.org\/{rel}","templated":true}]}}