{"id":1,"date":"2016-06-14T09:06:31","date_gmt":"2016-06-14T07:06:31","guid":{"rendered":"http:\/\/scholar.semmelweis.hu\/lorinczmakos\/elerhetoseg\/"},"modified":"2026-01-09T10:02:07","modified_gmt":"2026-01-09T09:02:07","slug":"elerhetoseg","status":"publish","type":"page","link":"https:\/\/scholar.semmelweis.hu\/lorinczmakos\/elerhetoseg\/","title":{"rendered":"El\u00e9rhet\u0151s\u00e9g"},"content":{"rendered":"<p>Semmelweis Egyetem, \u00c9lettani Int\u00e9zet<\/p>\n<p>1094 Budapest, T\u0171zolt\u00f3 utca 37-47.<\/p>\n<p>e-mail: lorincz.akos@semmelweis.hu<\/p>\n","protected":false},"excerpt":{"rendered":"<p>Semmelweis Egyetem, \u00c9lettani Int\u00e9zet<br \/>\n1094 Budapest, T\u0171zolt\u00f3 utca 37-47.<br \/>\ne-mail: lorincz.akos@semmelweis.hu<\/p>\n","protected":false},"author":87,"featured_media":0,"parent":0,"menu_order":0,"comment_status":"closed","ping_status":"closed","template":"","meta":{"footnotes":""},"class_list":["post-1","page","type-page","status-publish","hentry"],"_links":{"self":[{"href":"https:\/\/scholar.semmelweis.hu\/lorinczmakos\/wp-json\/wp\/v2\/pages\/1"}],"collection":[{"href":"https:\/\/scholar.semmelweis.hu\/lorinczmakos\/wp-json\/wp\/v2\/pages"}],"about":[{"href":"https:\/\/scholar.semmelweis.hu\/lorinczmakos\/wp-json\/wp\/v2\/types\/page"}],"author":[{"embeddable":true,"href":"https:\/\/scholar.semmelweis.hu\/lorinczmakos\/wp-json\/wp\/v2\/users\/87"}],"replies":[{"embeddable":true,"href":"https:\/\/scholar.semmelweis.hu\/lorinczmakos\/wp-json\/wp\/v2\/comments?post=1"}],"version-history":[{"count":4,"href":"https:\/\/scholar.semmelweis.hu\/lorinczmakos\/wp-json\/wp\/v2\/pages\/1\/revisions"}],"predecessor-version":[{"id":67,"href":"https:\/\/scholar.semmelweis.hu\/lorinczmakos\/wp-json\/wp\/v2\/pages\/1\/revisions\/67"}],"wp:attachment":[{"href":"https:\/\/scholar.semmelweis.hu\/lorinczmakos\/wp-json\/wp\/v2\/media?parent=1"}],"curies":[{"name":"wp","href":"https:\/\/api.w.org\/{rel}","templated":true}]}}