{"id":1,"date":"2017-06-17T14:48:40","date_gmt":"2017-06-17T12:48:40","guid":{"rendered":"http:\/\/scholar.semmelweis.hu\/lazarzsofia\/elerhetoseg\/"},"modified":"2026-01-05T09:14:23","modified_gmt":"2026-01-05T08:14:23","slug":"contact","status":"publish","type":"page","link":"https:\/\/scholar.semmelweis.hu\/lazarzsofia\/contact\/","title":{"rendered":"Contact"},"content":{"rendered":"<p><strong>Dr. Zs\u00f3fia L\u00c1Z\u00c1R, PhD<\/strong><br \/>\nsenior lecturer<\/p>\n<p>Dept. Pulmonology, Semmelweis University<br \/>\nT\u00f6m\u0151 utca 25-29.<br \/>\n1083 Budapest, Hungary<br \/>\n<strong>Phone:<\/strong>\u00a0+36 1\u00a0355 9733<br \/>\n<b>Fax:<\/b>\u00a0 \u00a0 \u00a0+36 1\u00a0214 2498<br \/>\n<strong>Email:<\/strong>\u00a0 <a href=\"mailto:lazar.zsofia@semmelweis.hu\">lazar.zsofia@semmelweis.hu<\/a><\/p>\n","protected":false},"excerpt":{"rendered":"<p>Dr. Zs\u00f3fia L\u00c1Z\u00c1R, PhD<br \/>\nsenior lecturer<br \/>\nDept. Pulmonology, Semmelweis University<br \/>\nT\u00f6m\u0151 utca 25-29.<br \/>\n1083 Budapest, Hungary<br \/>\nPhone:\u00a0+36 1\u00a0355 9733<br \/>\nFax:\u00a0 \u00a0 \u00a0+36 1\u00a0214 2498<br \/>\nEmail:\u00a0 <a href=\"mailto:lazar.zsofia@semmelweis.hu\">lazar.zsofia@semmelweis.hu<\/a><\/p>\n","protected":false},"author":96,"featured_media":0,"parent":0,"menu_order":0,"comment_status":"closed","ping_status":"closed","template":"","meta":{"footnotes":""},"class_list":["post-1","page","type-page","status-publish","hentry"],"_links":{"self":[{"href":"https:\/\/scholar.semmelweis.hu\/lazarzsofia\/wp-json\/wp\/v2\/pages\/1"}],"collection":[{"href":"https:\/\/scholar.semmelweis.hu\/lazarzsofia\/wp-json\/wp\/v2\/pages"}],"about":[{"href":"https:\/\/scholar.semmelweis.hu\/lazarzsofia\/wp-json\/wp\/v2\/types\/page"}],"author":[{"embeddable":true,"href":"https:\/\/scholar.semmelweis.hu\/lazarzsofia\/wp-json\/wp\/v2\/users\/96"}],"replies":[{"embeddable":true,"href":"https:\/\/scholar.semmelweis.hu\/lazarzsofia\/wp-json\/wp\/v2\/comments?post=1"}],"version-history":[{"count":5,"href":"https:\/\/scholar.semmelweis.hu\/lazarzsofia\/wp-json\/wp\/v2\/pages\/1\/revisions"}],"predecessor-version":[{"id":137,"href":"https:\/\/scholar.semmelweis.hu\/lazarzsofia\/wp-json\/wp\/v2\/pages\/1\/revisions\/137"}],"wp:attachment":[{"href":"https:\/\/scholar.semmelweis.hu\/lazarzsofia\/wp-json\/wp\/v2\/media?parent=1"}],"curies":[{"name":"wp","href":"https:\/\/api.w.org\/{rel}","templated":true}]}}