{"id":3,"date":"2015-09-29T08:27:55","date_gmt":"2015-09-29T06:27:55","guid":{"rendered":"http:\/\/scholar.semmelweis.hu\/krenacst\/bemutatkozas\/"},"modified":"2015-10-13T16:20:25","modified_gmt":"2015-10-13T14:20:25","slug":"bemutatkozas","status":"publish","type":"page","link":"https:\/\/scholar.semmelweis.hu\/krenacst\/","title":{"rendered":"Bemutatkoz\u00e1s"},"content":{"rendered":"<p>Kren\u00e1cs Tibor 2005 \u00f3ta az I. sz. Patol\u00f3giai \u00e9s K\u00eds\u00e9rleti R\u00e1kkutat\u00f3 Int\u00e9zet munkat\u00e1rsa. Kor\u00e1bban a Szegedi Tudom\u00e1nyegyetem Patol\u00f3giai Int\u00e9zet\u00e9ben, majd a Bay Zolt\u00e1n Alkalmazott Kutat\u00e1si Alap\u00edtv\u00e1ny Biotechnol\u00f3giai Int\u00e9zet\u00e9ben dolgozott. K\u00f6zben kutat\u00f3k\u00e9nt hosszabb id\u0151t t\u00f6lt\u00f6tt a Jap\u00e1n, Kagawa Egyetem Patol\u00f3giai Int\u00e9zet\u00e9ben, majd a University College London, Anat\u00f3miai \u00e9s Fejl\u0151d\u00e9sbiol\u00f3giai Int\u00e9zet\u00e9ben.<\/p>\n<p>&nbsp;<\/p>\n<p>F\u0151 \u00e9rdekl\u0151d\u00e9si ter\u00fclete daganatprogresszi\u00f3, progn\u00f3zis \u00e9s ter\u00e1pi\u00e1s v\u00e1laszk\u00e9szs\u00e9g biomarkereinek kutat\u00e1sa. Munkat\u00e1rsaival, kor\u00e1bban jelent\u0151s energi\u00e1t szentelt a connexinek \u00e9s sejtkommunik\u00e1ci\u00f3s csatorn\u00e1ik tanulm\u00e1nyoz\u00e1sa az immunrendszerben, sz\u00f6vetregener\u00e1ci\u00f3ban \u00e9s daganatokban. Az ut\u00f3bbi \u00e9vekben az elektrohipertermia tumorsejt-puszt\u00edt\u00f3 hat\u00e1s\u00e1nak h\u00e1tter\u00e9t is kutatj\u00e1k. Laborat\u00f3riuma digit\u00e1lis mikroszk\u00f3pi\u00e1val t\u00e1mogatott sz\u00f6veti \u201emicroarray\u201d (TMA) rendszer\u00e9vel hazai \u00e9s k\u00fclf\u00f6ldi egy\u00fcttm\u0171k\u00f6d\u00e9seket is folytat. Akt\u00edvan r\u00e9szt vesz a gradu\u00e1lis \u00e9s posztgradu\u00e1lis oktat\u00e1sban, emellett a QualiCont patol\u00f3giai k\u00fcls\u0151 min\u0151s\u00e9gbiztos\u00edt\u00e1si rendszer szakmai ir\u00e1ny\u00edt\u00f3ja.<\/p>\n<p>&nbsp;<\/p>\n","protected":false},"excerpt":{"rendered":"<p>Kren\u00e1cs Tibor 2005 \u00f3ta az I. sz. Patol\u00f3giai \u00e9s K\u00eds\u00e9rleti R\u00e1kkutat\u00f3 Int\u00e9zet munkat\u00e1rsa. Kor\u00e1bban a Szegedi Tudom\u00e1nyegyetem Patol\u00f3giai Int\u00e9zet\u00e9ben, majd a Bay Zolt\u00e1n Alkalmazott Kutat\u00e1si Alap\u00edtv\u00e1ny Biotechnol\u00f3giai Int\u00e9zet\u00e9ben dolgozott. K\u00f6zben kutat\u00f3k\u00e9nt hosszabb id\u0151t t\u00f6lt\u00f6tt a &hellip;<\/p>\n","protected":false},"author":1,"featured_media":0,"parent":0,"menu_order":0,"comment_status":"closed","ping_status":"closed","template":"","meta":{"footnotes":""},"class_list":["post-3","page","type-page","status-publish","hentry"],"_links":{"self":[{"href":"https:\/\/scholar.semmelweis.hu\/krenacst\/wp-json\/wp\/v2\/pages\/3"}],"collection":[{"href":"https:\/\/scholar.semmelweis.hu\/krenacst\/wp-json\/wp\/v2\/pages"}],"about":[{"href":"https:\/\/scholar.semmelweis.hu\/krenacst\/wp-json\/wp\/v2\/types\/page"}],"author":[{"embeddable":true,"href":"https:\/\/scholar.semmelweis.hu\/krenacst\/wp-json\/wp\/v2\/users\/1"}],"replies":[{"embeddable":true,"href":"https:\/\/scholar.semmelweis.hu\/krenacst\/wp-json\/wp\/v2\/comments?post=3"}],"version-history":[{"count":3,"href":"https:\/\/scholar.semmelweis.hu\/krenacst\/wp-json\/wp\/v2\/pages\/3\/revisions"}],"predecessor-version":[{"id":16,"href":"https:\/\/scholar.semmelweis.hu\/krenacst\/wp-json\/wp\/v2\/pages\/3\/revisions\/16"}],"wp:attachment":[{"href":"https:\/\/scholar.semmelweis.hu\/krenacst\/wp-json\/wp\/v2\/media?parent=3"}],"curies":[{"name":"wp","href":"https:\/\/api.w.org\/{rel}","templated":true}]}}