{"id":2,"date":"2015-09-29T08:27:55","date_gmt":"2015-09-29T06:27:55","guid":{"rendered":"http:\/\/scholar.semmelweis.hu\/krenacst\/cv\/"},"modified":"2025-03-18T13:37:56","modified_gmt":"2025-03-18T12:37:56","slug":"cv","status":"publish","type":"page","link":"https:\/\/scholar.semmelweis.hu\/krenacst\/cv\/","title":{"rendered":"\u00d6n\u00e9letrajz"},"content":{"rendered":"<h4><strong>Szem\u00e9lyes Adatok<\/strong><\/h4>\n<p>N\u00e9v: Kren\u00e1cs Tibor<br \/>\nSz\u00fclet\u00e9s ideje: 1956. m\u00e1rcius 13.<br \/>\nSz\u00fclet\u00e9s helye: Mak\u00f3<\/p>\n<h4><strong>V\u00e9gzetts\u00e9g<\/strong><\/h4>\n<ul>\n<li>Habilit\u00e1lt (2019): Szegedi Tudom\u00e1nyegyetem<\/li>\n<li>MTA doktora (2016): Semmelweis Egyetemr\u0151l<\/li>\n<li>Orvostudom\u00e1ny kandid\u00e1tusa (1992): Szegedi Tudom\u00e1nyegyetem (MTA)<\/li>\n<li>Kisdoktori fokozat (1985): Szegedi Tudom\u00e1nyegyetem<\/li>\n<li>Gy\u00f3gyszer\u00e9sz diploma (1979): Szegedi Tudom\u00e1nyegyetem, Gy\u00f3gyszer\u00e9sztudom\u00e1nyi Kar<\/li>\n<\/ul>\n<h4><strong>Munkahelyek<\/strong><\/h4>\n<ul>\n<li>2020-Semmelweis Egyetem, <a href=\"http:\/\/semmelweis.hu\/patologia1\/\">I. sz. Patol\u00f3giai \u00e9s K\u00eds\u00e9rleti R\u00e1kkutat\u00f3 Int\u00e9zet<\/a> (kutat\u00f3professzor)<\/li>\n<li>2005-2019:\u00a0Semmelweis Egyetem, <a href=\"http:\/\/semmelweis.hu\/patologia1\/\">I. sz. Patol\u00f3giai \u00e9s K\u00eds\u00e9rleti R\u00e1kkutat\u00f3 Int\u00e9zet<\/a> (tudom\u00e1nyos f\u0151munkat\u00e1rs)<\/li>\n<li>2001-2005: Bay Zolt\u00e1n Alkalmazott Kutat\u00e1si Alap\u00edtv\u00e1ny, Biotechnol\u00f3giai Int\u00e9zet, Szeged (tudom\u00e1nyos f\u0151munkat\u00e1rs)<\/li>\n<li>1992-2001: Szegedi Tudom\u00e1nyegyetem, Patol\u00f3giai Int\u00e9zet (tudom\u00e1nyos f\u0151munkat\u00e1rs)<\/li>\n<li>1994-1996: University College London, Department of Anatomy &amp; Developmental Biology London, UK (posztdoktor kutat\u00f3)<\/li>\n<li>1990-1991: Kagawa Medical School, 2nd Department of Pathology, Takamatsu, Jap\u00e1n (kutat\u00f3)<\/li>\n<li>1983-1989: Szegedi Tudom\u00e1nyegyetem, Patol\u00f3giai Int\u00e9zet (1986-1989, tudom\u00e1nyos munkat\u00e1rs; 1983-1985, vegy\u00e9sz)<\/li>\n<\/ul>\n<h4><strong>Kutat\u00e1si ter\u00fclet\/Szakter\u00fclet<\/strong><\/h4>\n<ul>\n<li>Connexinek \u00e9s sejtkommunik\u00e1ci\u00f3s csatorn\u00e1ik tanulm\u00e1nyoz\u00e1sa csontvel\u0151ben, nyirokszervekben, sz\u00f6vetregener\u00e1ci\u00f3ban \u00e9s daganatokban.<\/li>\n<li>A dagatprogresszi\u00f3, progn\u00f3zis \u00e9s ter\u00e1pi\u00e1s v\u00e1laszk\u00e9szs\u00e9g molekul\u00e1ris h\u00e1tter\u00e9nek a kutat\u00e1sa molekul\u00e1ris morfol\u00f3giai m\u00f3dszerekkel, sz\u00f6veti multiblokk (\u201etissue microarray\u201d, TMA) m\u00f3dszer, digit\u00e1lis mikroszk\u00f3pia \u00e9s k\u00e9panal\u00edzis t\u00e1mogat\u00e1s\u00e1val.<\/li>\n<li>A modul\u00e1lt elektrohipertermia daganatpuszt\u00edt\u00f3 hat\u00e1sa molekul\u00e1ris h\u00e1tter\u00e9nek vizsg\u00e1lata <em>in vivo<\/em> \u00e9s <em>in vitro<\/em> daganat modellekben.<\/li>\n<\/ul>\n<h4><strong>Oktat\u00e1si tev\u00e9kenys\u00e9g<\/strong><\/h4>\n<h6><em>Gradu\u00e1lis oktat\u00e1s\u00a0<\/em><\/h6>\n<ul>\n<li>Tantermi el\u0151ad\u00e1sok patol\u00f3gi\u00e1b\u00f3l (\u00c1OK, III. \u00e9vfolyam) magyar \u00e9s angol nyelven<\/li>\n<li>Tantermi el\u0151ad\u00e1sok az SE eg\u00e9szs\u00e9g\u00fcgyi \u00fcgyvitelszervez\u0151 hallgat\u00f3knak<\/li>\n<li>TDK hallgat\u00f3k munk\u00e1j\u00e1nak \u00e9s szakdolgozat k\u00e9sz\u00edt\u00e9s\u00e9nek ir\u00e1ny\u00edt\u00e1sa<\/li>\n<\/ul>\n<h6><em>Posztgradu\u00e1lis oktat\u00e1s<\/em><\/h6>\n<ul>\n<li>El\u0151ad\u00e1sok kreditpontos PhD kurzuson<\/li>\n<li>El\u0151ad\u00e1sok patol\u00f3gus szakvizsga el\u0151k\u00e9sz\u00edt\u0151 tanfolyamokon<\/li>\n<li>PhD hallgat\u00f3k ir\u00e1ny\u00edt\u00e1sa (6 v\u00e9gzett, 5 folyamatban)<\/li>\n<\/ul>\n<h4><strong>Tudom\u00e1ny-\/szakmapolitikai tev\u00e9kenys\u00e9g<\/strong><\/h4>\n<ul>\n<li>1993-t\u00f3l Szerkeszt\u0151 bizotts\u00e1gi tag az Applied Immunohistochemistry and Molecular Morphology foly\u00f3iratn\u00e1l. Lippincott Williams &amp; Wilkins, Philadelphia, USA.<\/li>\n<li>1995-t\u0151l Szerkeszt\u0151 bizottas\u00e1gi tag a Pathology Oncology Research foly\u00f3iratn\u00e1l. Springer, Heidelberg, N\u00e9metorsz\u00e1g.<\/li>\n<li>1996-t\u00f3l A QualiCont Patol\u00f3giai orsz\u00e1gos k\u00fcls\u0151 min\u0151s\u00e9gbiztos\u00edt\u00e1si program megalkot\u00f3ja (UK NEQAS ICC t\u00e1mogat\u00e1ssal) \u00e9s szakmai ir\u00e1ny\u00edt\u00e1sa<\/li>\n<li>1996-t\u00f3l A brit UK-NEQAS ICC, min\u0151s\u00e9gbiztos\u00edt\u00e1si rendszer felk\u00e9rt szak\u00e9rt\u0151je<\/li>\n<li>2009-t\u0151l A Magyar Patol\u00f3gusok T\u00e1rsas\u00e1ga vezet\u0151s\u00e9gi tagja<strong style=\"font-size: 1rem;\">\u00a0<\/strong><\/li>\n<\/ul>\n<h4><strong>T\u00e1rsas\u00e1gi tags\u00e1gok<\/strong><\/h4>\n<ul>\n<li>Magyar Patol\u00f3gus T\u00e1rsas\u00e1g\u00a0(1985 \u00f3ta)<\/li>\n<li>Magyar Onkol\u00f3gusok T\u00e1rsas\u00e1ga (2010 \u00f3ta)<\/li>\n<li>European Society of Pathology (2005 \u00f3ta)<\/li>\n<\/ul>\n<h4><strong>D\u00edjak \u00e9s elismer\u00e9sek<\/strong><\/h4>\n<ul>\n<li>2003:\u00a0\u00a0 Pro Pathologia eml\u00e9k\u00e9rem, Magyar Patol\u00f3gusok T\u00e1rsas\u00e1ga<\/li>\n<li>1999-2002:\u00a0\u00a0\u00a0 Sz\u00e9chenyi Professzori \u00d6szt\u00f6nd\u00edj<\/li>\n<li>1983:\u00a0\u00a0 Rozsnyai M\u00e1ty\u00e1s (gy\u00f3gyszer\u00e9sz) eml\u00e9k\u00e9rem<\/li>\n<\/ul>\n<h4><strong>Publik\u00e1ci\u00f3s aktivit\u00e1s<\/strong><\/h4>\n<ul>\n<li>Tudom\u00e1nyos k\u00f6zlem\u00e9nyek sz\u00e1ma: 318<\/li>\n<li>\u00d6sszes\u00edtett impakt faktor:\u00a0 \u00a0 \u00a0 \u00a0 \u00a0 \u00a0 \u00a0364,4<\/li>\n<li>F\u00fcggetlen id\u00e9zetek sz\u00e1ma:\u00a0 \u00a0 \u00a0 \u00a0 \u00a0 2563<\/li>\n<li>Hirsch index:\u00a0 \u00a0 \u00a0 \u00a0 \u00a0 \u00a0 \u00a0 \u00a0 \u00a0 \u00a0 \u00a0 \u00a0 \u00a0 \u00a0 \u00a0 \u00a0 \u00a030<\/li>\n<\/ul>\n<h4><strong>B\u00edr\u00e1l\u00f3i tev\u00e9kenys\u00e9g<\/strong><\/h4>\n<ul>\n<li>Foly\u00f3irat: Cancers, Int J Mol Sci, Oncotarget, Sci Report, Brit J Cancer; Mol Cancer Res; Transl Med; Oncology; Cell Tissue Res; Virchows Arch; Histochem Cell Biol; J Histochem Cytochem; Appl Immunohistochem Mol Morphol; Pathol Oncol Res; Tumor Biology; Gynec Obst Invest;<\/li>\n<\/ul>\n<ul>\n<li>Szakmai b\u00edr\u00e1l\u00f3i tev\u00e9kenys\u00e9g: Kandid\u00e1tusi v\u00e9d\u00e9s\/PhD opponens: 18; MTA Doktori \u00e9rtekez\u00e9s: 2;\u00a0 Welcome Trust UK: 1; Singapore Ministry of Education: 1; OTKA\/NKFI: 6<\/li>\n<\/ul>\n<h4><strong>Elnyert p\u00e1ly\u00e1zatok<\/strong><\/h4>\n<ul>\n<li>2017-2019: NKFIH-NVKP_16-1-2016-0042. Modul\u00e1lt elektrohipetrermia daganatellenes hat\u00e1smechanizmus\u00e1nak vizsg\u00e1lata (k\u00f6zrem\u0171k\u00f6d\u0151 \u2013 1.500 M Ft; projetvezet\u0151 prof. Beny\u00f3 Zolt\u00e1n)<\/li>\n<\/ul>\n<ul>\n<li>2009-2012:\u00a0\u00a0\u00a0\u00a0\u00a0 NTP TECH-08-A1\/2-2008-0114. Integr\u00e1lt virtu\u00e1lis mikroszk\u00f3piai technol\u00f3gi\u00e1k \u00e9s reagensek fejleszt\u00e9se a vastagb\u00e9ldaganatok diagnosztik\u00e1j\u00e1ra (konzorciumi tag \u2013 alprojekt vezet\u0151). T\u00e1mogat\u00e1si \u00f6sszeg: 25 MFt<\/li>\n<li>2008-2010\u00a0\u00a0\u00a0\u00a0\u00a0\u00a0 KMOP-1.1.1-08\/1-2008-0059. Tumoros \u00e1llatok kezel\u00e9se h\u0151ter\u00e1pi\u00e1val \u2013 kutat\u00e1si \u00e9s kezel\u0151eszk\u00f6z fejleszt\u00e9se c\u00edm\u0171 projektben, szerz\u0151d\u00e9ses alprojekt vezet\u0151. T\u00e1mogat\u00e1si \u00f6sszeg: 5 MFt<\/li>\n<li>2006-2010\u00a0\u00a0\u00a0\u00a0\u00a0\u00a0 EuroBonet, EU FP6 Keretprogram t\u00e1mogat\u00e1s ritka csontdaganatok molekul\u00e1ris h\u00e1tter\u00e9nek kutat\u00e1s\u00e1ra (r\u00e9sztvev\u0151, egy\u00fcttm\u0171k\u00f6d\u0151k\u00e9nt \u00e9s \u00f6n\u00e1ll\u00f3 projekttel is). T\u00e1mogat\u00e1si \u00f6sszeg: 35 MFt<\/li>\n<li>2006-2009\u00a0\u00a0\u00a0\u00a0\u00a0\u00a0 OTKA (K62758) Kollag\u00e9n XVII fel\u00fclregul\u00e1ci\u00f3 szerepe melanom\u00e1kban (t\u00e9mavezet\u0151). T\u00e1mogat\u00e1si \u00f6sszeg: 17 MFt<\/li>\n<li>2003-2005\u00a0\u00a0\u00a0\u00a0\u00a0\u00a0 ETT (549\/2003) Sz\u00f6veti multiblokk technika \u00e9s antig\u00e9nfelt\u00e1r\u00e1s az <em>in situ<\/em> diagnosztik\u00e1ban (t\u00e9mavezet\u0151). T\u00e1mogat\u00e1si \u00f6sszeg: 4,5 MFt<\/li>\n<li>2003-2004\u00a0\u00a0\u00a0\u00a0\u00a0\u00a0 Royal Society, UK, l\u00e1togat\u00f3i t\u00e1mogat\u00e1s a UCL-be (2 \u00e9v, r\u00f6vid l\u00e1togat\u00e1sok) T\u00e1mogat\u00e1si \u00f6sszeg:<\/li>\n<li>2000-2002\u00a0\u00a0\u00a0\u00a0\u00a0\u00a0 ETT (40\/2000) t\u00e1mogat\u00e1s diagnosztikus immunhisztok\u00e9miai antig\u00e9nfelt\u00e1r\u00f3 m\u00f3dszerek fejleszt\u00e9sre (t\u00e9mavezet\u0151). T\u00e1mogat\u00e1si \u00f6sszeg: 1,5 MFt<\/li>\n<li>2000-2003\u00a0\u00a0\u00a0\u00a0 \u00a0\u00a0 OTKA (T 32928) t\u00e1mogat\u00e1s a direkt sejt-sejt kommunik\u00e1ci\u00f3 tanulm\u00e1nyoz\u00e1s\u00e1ra (t\u00e9mavezet\u0151). T\u00e1mogat\u00e1si \u00f6sszeg:<\/li>\n<li>2000-2001\u00a0\u00a0\u00a0\u00a0 \u00a0\u00a0 Royal Society, UK, l\u00e1togat\u00f3i t\u00e1mogat\u00e1s a UCL-be (3 h\u00f3nap). T\u00e1mogat\u00e1si \u00f6sszeg: 1,4 MFt<\/li>\n<li>1997-1998\u00a0\u00a0\u00a0\u00a0 \u00a0\u00a0 OTKA (T22277) t\u00e1mogat\u00e1s a direkt sejt-sejt kommunik\u00e1ci\u00f3 tanulm\u00e1nyoz\u00e1s\u00e1ra. (t\u00e9mavezet\u0151). T\u00e1mogat\u00e1si \u00f6sszeg: 1,5 MFt<\/li>\n<li>1996-1998\u00a0\u00a0\u00a0\u00a0 \u00a0\u00a0 British Council-OMFB (26\/96-GB) l\u00e1togat\u00f3i t\u00e1mogat\u00e1s (3 \u00e9v, r\u00f6vid l\u00e1togat\u00e1sok). T\u00e1mogat\u00e1si \u00f6sszeg: 1.45 MFt<\/li>\n<li>1994-1996\u00a0\u00a0\u00a0\u00a0 \u00a0\u00a0 Wellcome Trust \u00f6szt\u00f6nd\u00edj, \u201epost-doctoral research fellow\u201d, University College London, Anat\u00f3miai \u00e9s Fejl\u0151d\u00e9sbiol\u00f3giai Int\u00e9zet (2 \u00e9v).<\/li>\n<li>1990-1991 \u00a0\u00a0\u00a0\u00a0\u00a0\u00a0\u00a0Japanese Society for the Promotion of Science (JSPS) \u00f6szt\u00f6nd\u00edj (\u201eresearch fellow\u201d) a Jap\u00e1n Kagawa Egyetem Pathol\u00f3giai Int\u00e9zet\u00e9ben (1 \u00e9v).<\/li>\n<\/ul>\n<h4><strong>PhD hallgat\u00f3k<\/strong><\/h4>\n<ul>\n<li>Ratkay-Traub Imola (1998-2001) &#8211; v\u00e9gzett<\/li>\n<li>G\u00f6rbe Anik\u00f3 (2002-2005)\u00a0 \u00a0 \u00a0 \u00a0 \u00a0 \u00a0&#8211; v\u00e9gzett<\/li>\n<li>Meggyesh\u00e1zi N\u00f3ra (2011-2014)\u00a0 &#8211; v\u00e9gzett<\/li>\n<li>Tekeki-Zs\u00e1kovics Ivett (2009-2012) &#8211; v\u00e9gzett<\/li>\n<li>Balla P\u00e9ter (2011-2014)\u00a0 \u00a0 \u00a0 \u00a0 \u00a0 \u00a0 \u00a0&#8211; v\u00e9gzett<\/li>\n<li>Vancsik Tam\u00e1s (2014-2018)\u00a0 \u00a0 \u00a0 \u00a0&#8211; v\u00e9gzett<\/li>\n<li>Kiszner Gerg\u0151 (2011-2014)\u00a0 &#8211; v\u00e1rhat\u00f3 v\u00e9d\u00e9s: 2021<\/li>\n<li>Maros M\u00e1t\u00e9 El\u0151d (2013-2016) &#8211; egy\u00e9ni (Heidelbergi Egyetem, Neuroradiol\u00f3gia) &#8211; v\u00e1rhat\u00f3 v\u00e9d\u00e9s: 2021<\/li>\n<li>Forika Gertrud (2017-2020) &#8211; v\u00e1rhat\u00f3 v\u00e9d\u00e9s: 2021<\/li>\n<li>Sz\u00e9kely Tam\u00e1s (2018-2021) \u2013 egy\u00e9ni fokozatszerz\u0151, v\u00e1rhat\u00f3 v\u00e9d\u00e9s: 2021<\/li>\n<li>Nagy \u00c1gnes (2019 \u2013 2022) \u2013 egy\u00e9ni fokozatszerz\u0151, v\u00e1rhat\u00f3 v\u00e9d\u00e9s: 2022<\/li>\n<\/ul>\n","protected":false},"excerpt":{"rendered":"<p>Szem\u00e9lyes Adatok N\u00e9v: Kren\u00e1cs Tibor Sz\u00fclet\u00e9s ideje: 1956. m\u00e1rcius 13. Sz\u00fclet\u00e9s helye: Mak\u00f3 V\u00e9gzetts\u00e9g Habilit\u00e1lt (2019): Szegedi Tudom\u00e1nyegyetem MTA doktora (2016): Semmelweis Egyetemr\u0151l Orvostudom\u00e1ny kandid\u00e1tusa (1992): Szegedi Tudom\u00e1nyegyetem (MTA) Kisdoktori fokozat (1985): Szegedi Tudom\u00e1nyegyetem Gy\u00f3gyszer\u00e9sz &hellip;<\/p>\n","protected":false},"author":36,"featured_media":0,"parent":0,"menu_order":0,"comment_status":"closed","ping_status":"closed","template":"","meta":{"footnotes":""},"class_list":["post-2","page","type-page","status-publish","hentry"],"_links":{"self":[{"href":"https:\/\/scholar.semmelweis.hu\/krenacst\/wp-json\/wp\/v2\/pages\/2"}],"collection":[{"href":"https:\/\/scholar.semmelweis.hu\/krenacst\/wp-json\/wp\/v2\/pages"}],"about":[{"href":"https:\/\/scholar.semmelweis.hu\/krenacst\/wp-json\/wp\/v2\/types\/page"}],"author":[{"embeddable":true,"href":"https:\/\/scholar.semmelweis.hu\/krenacst\/wp-json\/wp\/v2\/users\/36"}],"replies":[{"embeddable":true,"href":"https:\/\/scholar.semmelweis.hu\/krenacst\/wp-json\/wp\/v2\/comments?post=2"}],"version-history":[{"count":15,"href":"https:\/\/scholar.semmelweis.hu\/krenacst\/wp-json\/wp\/v2\/pages\/2\/revisions"}],"predecessor-version":[{"id":47,"href":"https:\/\/scholar.semmelweis.hu\/krenacst\/wp-json\/wp\/v2\/pages\/2\/revisions\/47"}],"wp:attachment":[{"href":"https:\/\/scholar.semmelweis.hu\/krenacst\/wp-json\/wp\/v2\/media?parent=2"}],"curies":[{"name":"wp","href":"https:\/\/api.w.org\/{rel}","templated":true}]}}