{"id":1,"date":"2015-09-29T08:27:55","date_gmt":"2015-09-29T06:27:55","guid":{"rendered":"http:\/\/scholar.semmelweis.hu\/krenacst\/elerhetoseg\/"},"modified":"2025-03-18T13:39:20","modified_gmt":"2025-03-18T12:39:20","slug":"elerhetoseg","status":"publish","type":"page","link":"https:\/\/scholar.semmelweis.hu\/krenacst\/elerhetoseg\/","title":{"rendered":"El\u00e9rhet\u0151s\u00e9g"},"content":{"rendered":"<h4><strong>Dr. Kren\u00e1cs Tibor<\/strong><strong>\u00a0<\/strong><\/h4>\n<p>Semmelweis Egyetem, Patol\u00f3giai \u00e9s K\u00eds\u00e9rleti R\u00e1kkutat\u00f3 Int\u00e9zet<\/p>\n<p><strong>C\u00edm: <\/strong>\u00dcll\u0151i \u00fat 26, Budapest 1085\u00a0<\/p>\n<p><strong>Telefon:\u00a0<\/strong>+36-1-215-7300 \/ 54440 mell\u00e9k<\/p>\n<p><strong>e-mail:\u00a0<\/strong><a href=\"mailto:krenacs.tibor@semmelweis.hu\">krenacs.tibor@semmelweis.hu<\/a><\/p>\n","protected":false},"excerpt":{"rendered":"<p>Dr. Kren\u00e1cs Tibor\u00a0<br \/>\nSemmelweis Egyetem, Patol\u00f3giai \u00e9s K\u00eds\u00e9rleti R\u00e1kkutat\u00f3 Int\u00e9zet<br \/>\nC\u00edm: \u00dcll\u0151i \u00fat 26, Budapest 1085\u00a0<br \/>\nTelefon:\u00a0+36-1-215-7300 \/ 54440 mell\u00e9k<br \/>\ne-mail:\u00a0<a href=\"mailto:krenacs.tibor@semmelweis.hu\">krenacs.tibor@semmelweis.hu<\/a><\/p>\n","protected":false},"author":36,"featured_media":0,"parent":0,"menu_order":0,"comment_status":"closed","ping_status":"closed","template":"","meta":{"footnotes":""},"class_list":["post-1","page","type-page","status-publish","hentry"],"_links":{"self":[{"href":"https:\/\/scholar.semmelweis.hu\/krenacst\/wp-json\/wp\/v2\/pages\/1"}],"collection":[{"href":"https:\/\/scholar.semmelweis.hu\/krenacst\/wp-json\/wp\/v2\/pages"}],"about":[{"href":"https:\/\/scholar.semmelweis.hu\/krenacst\/wp-json\/wp\/v2\/types\/page"}],"author":[{"embeddable":true,"href":"https:\/\/scholar.semmelweis.hu\/krenacst\/wp-json\/wp\/v2\/users\/36"}],"replies":[{"embeddable":true,"href":"https:\/\/scholar.semmelweis.hu\/krenacst\/wp-json\/wp\/v2\/comments?post=1"}],"version-history":[{"count":3,"href":"https:\/\/scholar.semmelweis.hu\/krenacst\/wp-json\/wp\/v2\/pages\/1\/revisions"}],"predecessor-version":[{"id":49,"href":"https:\/\/scholar.semmelweis.hu\/krenacst\/wp-json\/wp\/v2\/pages\/1\/revisions\/49"}],"wp:attachment":[{"href":"https:\/\/scholar.semmelweis.hu\/krenacst\/wp-json\/wp\/v2\/media?parent=1"}],"curies":[{"name":"wp","href":"https:\/\/api.w.org\/{rel}","templated":true}]}}