{"id":15,"date":"2025-11-27T15:40:36","date_gmt":"2025-11-27T14:40:36","guid":{"rendered":"https:\/\/scholar.semmelweis.hu\/kovacsjozsef\/?page_id=15"},"modified":"2025-12-08T14:04:48","modified_gmt":"2025-12-08T13:04:48","slug":"elerhetoseg","status":"publish","type":"page","link":"https:\/\/scholar.semmelweis.hu\/kovacsjozsef\/hu\/elerhetoseg\/","title":{"rendered":"El\u00e9rhet\u0151s\u00e9g"},"content":{"rendered":"<h4><strong>Dr. Kov\u00e1cs J\u00f3zsef<\/strong><\/h4>\r\n<p>Semmelweis Egyetem, \u00c1ltal\u00e1nos Orvostudom\u00e1nyi Kar, \u00a0Magatart\u00e1studom\u00e1nyi Int\u00e9zet, Bioetika R\u00e9szleg<\/p>\r\n<p><strong>C\u00edm: <\/strong>1089. Budapest, Nagyv\u00e1rad t\u00e9r 4.<br \/>\r\n<strong>Postac\u00edm:<\/strong> 1428. Budapest Pf. 2.<br \/>\r\n<strong>Telefon:<\/strong> 210-2930\/56115 vagy 210-2940\/56115<br \/>\r\n<strong>E-mail:<\/strong> <a href=\"mailto:kovacs.jozsef@semmelweis.hu\">kovacs.jozsef@semmelweis.hu<\/a><\/p>\r\n<p><strong>Int\u00e9zeti honlap:<\/strong> <a href=\"https:\/\/semmelweis.hu\/magtud\">https:\/\/semmelweis.hu\/magtud<\/a><\/p>\r\n<p><strong>Szem\u00e9lyes honlap: <\/strong><a href=\"https:\/\/scholar.semmelweis.hu\/kovacsjozsef\">https:\/\/scholar.semmelweis.hu\/kovacsjozsef<\/a><\/p>\r\n<p><\/p>\r\n<p><\/p>","protected":false},"excerpt":{"rendered":"<p>Dr. Kov\u00e1cs J\u00f3zsef<br \/>\nSemmelweis Egyetem, \u00c1ltal\u00e1nos Orvostudom\u00e1nyi Kar, \u00a0Magatart\u00e1studom\u00e1nyi Int\u00e9zet, Bioetika R\u00e9szleg<br \/>\nC\u00edm: 1089. Budapest, Nagyv\u00e1rad t\u00e9r 4.<br \/>\nPostac\u00edm: 1428. Budapest Pf. 2.<br \/>\nTelefon: 210-2930\/56115 vagy 210-2940\/56115<br \/>\nE-mail: <a href=\"mailto:kovacs.jozsef@semmelweis.hu\">kovacs.jozsef@semmelweis.hu<\/a><br \/>\nInt\u00e9zeti honlap: <a href=\"https:\/\/semmelweis.hu\/magtud\">https:\/\/semmelweis.hu\/magtud<\/a><br \/>\nSzem\u00e9lyes honlap: <a href=\"https:\/\/scholar.semmelweis.hu\/kovacsjozsef\">https:\/\/scholar.semmelweis.hu\/kovacsjozsef<\/a><\/p>\n","protected":false},"author":130,"featured_media":0,"parent":0,"menu_order":5,"comment_status":"closed","ping_status":"closed","template":"","meta":{"footnotes":""},"class_list":["post-15","page","type-page","status-publish","hentry"],"_links":{"self":[{"href":"https:\/\/scholar.semmelweis.hu\/kovacsjozsef\/wp-json\/wp\/v2\/pages\/15"}],"collection":[{"href":"https:\/\/scholar.semmelweis.hu\/kovacsjozsef\/wp-json\/wp\/v2\/pages"}],"about":[{"href":"https:\/\/scholar.semmelweis.hu\/kovacsjozsef\/wp-json\/wp\/v2\/types\/page"}],"author":[{"embeddable":true,"href":"https:\/\/scholar.semmelweis.hu\/kovacsjozsef\/wp-json\/wp\/v2\/users\/130"}],"replies":[{"embeddable":true,"href":"https:\/\/scholar.semmelweis.hu\/kovacsjozsef\/wp-json\/wp\/v2\/comments?post=15"}],"version-history":[{"count":3,"href":"https:\/\/scholar.semmelweis.hu\/kovacsjozsef\/wp-json\/wp\/v2\/pages\/15\/revisions"}],"predecessor-version":[{"id":165,"href":"https:\/\/scholar.semmelweis.hu\/kovacsjozsef\/wp-json\/wp\/v2\/pages\/15\/revisions\/165"}],"wp:attachment":[{"href":"https:\/\/scholar.semmelweis.hu\/kovacsjozsef\/wp-json\/wp\/v2\/media?parent=15"}],"curies":[{"name":"wp","href":"https:\/\/api.w.org\/{rel}","templated":true}]}}