{"id":49,"date":"2017-01-13T22:53:28","date_gmt":"2017-01-13T21:53:28","guid":{"rendered":"http:\/\/scholar.semmelweis.hu\/kovacsilles\/?page_id=49"},"modified":"2017-01-13T22:53:28","modified_gmt":"2017-01-13T21:53:28","slug":"szakteruletek","status":"publish","type":"page","link":"https:\/\/scholar.semmelweis.hu\/kovacsilles\/szakteruletek\/","title":{"rendered":"Szakter\u00fcletek"},"content":{"rendered":"<p>Diab\u00e9tesz szem\u00e9szeti sz\u00f6v\u0151dm\u00e9nyei<\/p>\n<p>Id\u0151skori makula degener\u00e1ci\u00f3<\/p>\n<p>Szemfen\u00e9ki kering\u00e9szavarok<\/p>\n<p>Idegh\u00e1rtya lev\u00e1l\u00e1s l\u00e9zeres \u00e9s m\u0171t\u00e9ti kezel\u00e9se<\/p>\n<p>\u00dcvegtest \u00e9s idegh\u00e1rtya egy\u00e9b betegs\u00e9gei<\/p>\n<p>Sz\u00fcrkeh\u00e1lyog m\u0171t\u00e9ti kezel\u00e9se<\/p>\n<p>Szemfen\u00e9ki l\u00e9zerkezel\u00e9sek<\/p>\n<p>\u00dcvegtesti anti-VEGF injekci\u00f3k\u00a0<\/p>\n","protected":false},"excerpt":{"rendered":"<p>Diab\u00e9tesz szem\u00e9szeti sz\u00f6v\u0151dm\u00e9nyei<br \/>\nId\u0151skori makula degener\u00e1ci\u00f3<br \/>\nSzemfen\u00e9ki kering\u00e9szavarok<br \/>\nIdegh\u00e1rtya lev\u00e1l\u00e1s l\u00e9zeres \u00e9s m\u0171t\u00e9ti kezel\u00e9se<br \/>\n\u00dcvegtest \u00e9s idegh\u00e1rtya egy\u00e9b betegs\u00e9gei<br \/>\nSz\u00fcrkeh\u00e1lyog m\u0171t\u00e9ti kezel\u00e9se<br \/>\nSzemfen\u00e9ki l\u00e9zerkezel\u00e9sek<br \/>\n\u00dcvegtesti anti-VEGF injekci\u00f3k\u00a0<\/p>\n","protected":false},"author":80,"featured_media":0,"parent":0,"menu_order":0,"comment_status":"closed","ping_status":"closed","template":"","meta":{"footnotes":""},"class_list":["post-49","page","type-page","status-publish","hentry"],"_links":{"self":[{"href":"https:\/\/scholar.semmelweis.hu\/kovacsilles\/wp-json\/wp\/v2\/pages\/49"}],"collection":[{"href":"https:\/\/scholar.semmelweis.hu\/kovacsilles\/wp-json\/wp\/v2\/pages"}],"about":[{"href":"https:\/\/scholar.semmelweis.hu\/kovacsilles\/wp-json\/wp\/v2\/types\/page"}],"author":[{"embeddable":true,"href":"https:\/\/scholar.semmelweis.hu\/kovacsilles\/wp-json\/wp\/v2\/users\/80"}],"replies":[{"embeddable":true,"href":"https:\/\/scholar.semmelweis.hu\/kovacsilles\/wp-json\/wp\/v2\/comments?post=49"}],"version-history":[{"count":1,"href":"https:\/\/scholar.semmelweis.hu\/kovacsilles\/wp-json\/wp\/v2\/pages\/49\/revisions"}],"predecessor-version":[{"id":50,"href":"https:\/\/scholar.semmelweis.hu\/kovacsilles\/wp-json\/wp\/v2\/pages\/49\/revisions\/50"}],"wp:attachment":[{"href":"https:\/\/scholar.semmelweis.hu\/kovacsilles\/wp-json\/wp\/v2\/media?parent=49"}],"curies":[{"name":"wp","href":"https:\/\/api.w.org\/{rel}","templated":true}]}}