{"id":1,"date":"2016-05-11T14:12:36","date_gmt":"2016-05-11T12:12:36","guid":{"rendered":"http:\/\/scholar.semmelweis.hu\/kovacsilles\/elerhetoseg\/"},"modified":"2017-01-13T22:52:54","modified_gmt":"2017-01-13T21:52:54","slug":"elerhetoseg","status":"publish","type":"page","link":"https:\/\/scholar.semmelweis.hu\/kovacsilles\/elerhetoseg\/","title":{"rendered":"El\u00e9rhet\u0151s\u00e9g"},"content":{"rendered":"<h3>Retina betegs\u00e9gek szakrendel\u00e9s<\/h3>\n<p>Semmelweis Egyetem Szem\u00e9szeti Klinika<\/p>\n<p>1085 Budapest, M\u00e1ria u. 39<\/p>\n<p>Alagsor 77-es szoba<\/p>\n<p>&nbsp;<\/p>\n<h3>\u00a0<\/h3>\n<h3><span style=\"color: #003366\">Vizsg\u00e1latra bejelentkez\u00e9s<\/span><\/h3>\n<p><strong>Ambul\u00e1ns vizsg\u00e1lat ideje<\/strong><\/p>\n<ul>\n<li>H\u00e9tf\u0151 8:00-13:00<\/li>\n<li>Kedd: 8:00-13:00<\/li>\n<\/ul>\n<p>&nbsp;<\/p>\n<p><strong>Vizsg\u00e1latra id\u0151pont k\u00e9r\u00e9s<\/strong><\/p>\n<p>+36\/20-825-8552 (H-P: 8-16 k\u00f6z\u00f6tt)<\/p>\n","protected":false},"excerpt":{"rendered":"<p>Retina betegs\u00e9gek szakrendel\u00e9s<br \/>\nSemmelweis Egyetem Szem\u00e9szeti Klinika<br \/>\n1085 Budapest, M\u00e1ria u. 39<br \/>\nAlagsor 77-es szoba<br \/>\n&nbsp;<br \/>\n\u00a0<br \/>\nVizsg\u00e1latra bejelentkez\u00e9s<br \/>\nAmbul\u00e1ns vizsg\u00e1lat ideje<\/p>\n<p>H\u00e9tf\u0151 8:00-13:00<br \/>\nKedd: 8:00-13:00<\/p>\n<p>&nbsp;<br \/>\nVizsg\u00e1latra id\u0151pont k\u00e9r\u00e9s<br \/>\n+36\/20-825-8552 (H-P: 8-16 k\u00f6z\u00f6tt)<\/p>\n","protected":false},"author":80,"featured_media":0,"parent":0,"menu_order":0,"comment_status":"closed","ping_status":"closed","template":"","meta":{"footnotes":""},"class_list":["post-1","page","type-page","status-publish","hentry"],"_links":{"self":[{"href":"https:\/\/scholar.semmelweis.hu\/kovacsilles\/wp-json\/wp\/v2\/pages\/1"}],"collection":[{"href":"https:\/\/scholar.semmelweis.hu\/kovacsilles\/wp-json\/wp\/v2\/pages"}],"about":[{"href":"https:\/\/scholar.semmelweis.hu\/kovacsilles\/wp-json\/wp\/v2\/types\/page"}],"author":[{"embeddable":true,"href":"https:\/\/scholar.semmelweis.hu\/kovacsilles\/wp-json\/wp\/v2\/users\/80"}],"replies":[{"embeddable":true,"href":"https:\/\/scholar.semmelweis.hu\/kovacsilles\/wp-json\/wp\/v2\/comments?post=1"}],"version-history":[{"count":7,"href":"https:\/\/scholar.semmelweis.hu\/kovacsilles\/wp-json\/wp\/v2\/pages\/1\/revisions"}],"predecessor-version":[{"id":48,"href":"https:\/\/scholar.semmelweis.hu\/kovacsilles\/wp-json\/wp\/v2\/pages\/1\/revisions\/48"}],"wp:attachment":[{"href":"https:\/\/scholar.semmelweis.hu\/kovacsilles\/wp-json\/wp\/v2\/media?parent=1"}],"curies":[{"name":"wp","href":"https:\/\/api.w.org\/{rel}","templated":true}]}}