{"id":5,"date":"2022-02-09T16:24:19","date_gmt":"2022-02-09T15:24:19","guid":{"rendered":"https:\/\/scholar.semmelweis.hu\/kollarjanos\/bemutatkozas\/"},"modified":"2025-03-19T09:52:04","modified_gmt":"2025-03-19T08:52:04","slug":"bemutatkozas","status":"publish","type":"page","link":"https:\/\/scholar.semmelweis.hu\/kollarjanos\/","title":{"rendered":"Bemutatkoz\u00e1s"},"content":{"rendered":"<p>Egy mond\u00e1s szerint \u201eAz \u00e9let h\u00edd k\u00e9t part k\u00f6z\u00f6tt \u00e9s bolond az az ember, aki a h\u00eddra h\u00e1zat \u00e9p\u00edt\u201d. M\u00e9gis: milyen j\u00f3, hogy van ez a kis h\u00e1zik\u00f3. \u00c9rdemes megtenni mindent annak \u00e9rdek\u00e9ben, hogy komfortos legyen, j\u00f3l \u00e9rezz\u00fck magunkat benne, \u00e9s j\u00f3ban legy\u00fcnk a szomsz\u00e9dainkkal. Ehhez igyekszem seg\u00edts\u00e9get ny\u00fajtani.<\/p>\n<p>Klinikai \u00e9s ment\u00e1lhigi\u00e9niai szakpszichol\u00f3gus vagyok. P\u00e1lyafut\u00e1som sor\u00e1n dolgoztam csal\u00e1dseg\u00edt\u0151 szolg\u00e1latn\u00e1l, fogyat\u00e9koss\u00e1ggal \u00e9l\u0151 emberekkel \u00e9s hozz\u00e1tartoz\u00f3ikkal, gondoz\u00f3ikkal \u00e9s id\u0151sek h\u00e1z\u00e1ban. 1999 \u00f3ta k\u00e9pzek orvostanhallgat\u00f3kat. Tan\u00edtottam a hollandiai Roosevelt Academy-n, a M\u00e1ltai Egyetemen, a finnorsz\u00e1gi Turku Egyetemen, a Debreceni Egyetemen, 2012 \u00f3ta pedig a Semmelweis Egyetemen tan\u00edtok, ahol jelenleg docensk\u00e9nt dolgozom. Zeneter\u00e1pi\u00e1val foglalkoz\u00f3 dolgozatommal 2003-ban, Hamburgban, a Doctor Scientiae Musicae (a zenetudom\u00e1nyok doktora) c\u00edmet kaptam meg. 2012-ben az \u00e1ltalam kidolgozott KOLL\u00c1R m\u00f3dszer (tanul\u00e1st- \u00e9s tan\u00edt\u00e1st seg\u00edt\u0151 program) akkredit\u00e1lt program lett a magyar pedag\u00f3gusk\u00e9pz\u00e9sben. A Semmelweis Egyetemen magyar \u00e9s angol nyelven tan\u00edtok orvosi kommunik\u00e1ci\u00f3t, orvosi pszichol\u00f3gi\u00e1t, pszichoter\u00e1pi\u00e1t, ill. a saj\u00e1t fejleszt\u00e9s\u0171 Art of Learning\/A tanul\u00e1s m\u0171v\u00e9szete kurzust tartom. Ezek mellett dolgozom az Egyetem angol nyelv\u0171 Di\u00e1ktan\u00e1csad\u00f3 szolg\u00e1lat\u00e1ban.<\/p>\n<p>Eddig megjelent k\u00f6nyveim:<\/p>\n<p>Ugye te vagy az igazi anyuk\u00e1m? (Besz\u00e9lget\u00e9sek az \u00f6r\u00f6kbefogad\u00e1sr\u00f3l) Medicina Kiad\u00f3, Budapest, 2004<\/p>\n<p>Megy a csiga hazafel\u00e9 (Szem\u00e9lyes napl\u00f3 a Santiago de Compostel\u00e1ba vezet\u0151 Szent Jakab-zar\u00e1ndok\u00fatr\u00f3l) Medicina Kiad\u00f3, Budapest, 2006<\/p>\n<p>A val\u00f3s\u00e1g hat\u00e1r\u00e1n (besz\u00e9lget\u00e9sek kvantumfizik\u00e1r\u00f3l, pszichol\u00f3gi\u00e1r\u00f3l \u00e9s m\u00e1s h\u00e9tk\u00f6znapi dolgokr\u00f3l) (t\u00e1rsszerz\u0151), V\u00edzt\u00e9r\u00edt\u0151 Kiad\u00f3, 2010<\/p>\n<p>Angyalsz\u00e1rny (Versek gyermekeknek \u00e9s gyermeksz\u00edv\u0171 feln\u0151tteknek), TT. Play Kft., Debrecen, 2012<\/p>\n<p>Vil\u00e1gunk (h)arcai &#8211; Besz\u00e9lget\u00e9sek fogyat\u00e9koss\u00e1ggal \u00e9l\u0151 emberek \u00e9let\u00e9r\u0151l, TT. Play Kft., Debrecen, 2013<\/p>\n<p>A l\u00e9lek humora \u2013 33 vicc, 33 ter\u00e1pi\u00e1s t\u00f6rt\u00e9net, Media Connection Kft., Budapest, 2018<\/p>\n<p>A h\u00e1zass\u00e1gok h\u00e9t hazugs\u00e1ga, Media Connection Kft., Budapest, 2020<\/p>\n<p>Az utols\u00f3 3576 nap, Mag\u00e1nkiad\u00e1s, Velence, 2025<\/p>\n","protected":false},"excerpt":{"rendered":"<p>Egy mond\u00e1s szerint \u201eAz \u00e9let h\u00edd k\u00e9t part k\u00f6z\u00f6tt \u00e9s bolond az az ember, aki a h\u00eddra h\u00e1zat \u00e9p\u00edt\u201d. M\u00e9gis: milyen j\u00f3, hogy van ez a kis h\u00e1zik\u00f3. \u00c9rdemes megtenni mindent annak \u00e9rdek\u00e9ben, hogy komfortos &hellip;<\/p>\n","protected":false},"author":128,"featured_media":0,"parent":0,"menu_order":0,"comment_status":"closed","ping_status":"closed","template":"","meta":{"footnotes":""},"class_list":["post-5","page","type-page","status-publish","hentry"],"_links":{"self":[{"href":"https:\/\/scholar.semmelweis.hu\/kollarjanos\/wp-json\/wp\/v2\/pages\/5"}],"collection":[{"href":"https:\/\/scholar.semmelweis.hu\/kollarjanos\/wp-json\/wp\/v2\/pages"}],"about":[{"href":"https:\/\/scholar.semmelweis.hu\/kollarjanos\/wp-json\/wp\/v2\/types\/page"}],"author":[{"embeddable":true,"href":"https:\/\/scholar.semmelweis.hu\/kollarjanos\/wp-json\/wp\/v2\/users\/128"}],"replies":[{"embeddable":true,"href":"https:\/\/scholar.semmelweis.hu\/kollarjanos\/wp-json\/wp\/v2\/comments?post=5"}],"version-history":[{"count":7,"href":"https:\/\/scholar.semmelweis.hu\/kollarjanos\/wp-json\/wp\/v2\/pages\/5\/revisions"}],"predecessor-version":[{"id":39,"href":"https:\/\/scholar.semmelweis.hu\/kollarjanos\/wp-json\/wp\/v2\/pages\/5\/revisions\/39"}],"wp:attachment":[{"href":"https:\/\/scholar.semmelweis.hu\/kollarjanos\/wp-json\/wp\/v2\/media?parent=5"}],"curies":[{"name":"wp","href":"https:\/\/api.w.org\/{rel}","templated":true}]}}