{"id":4,"date":"2021-06-01T13:55:14","date_gmt":"2021-06-01T11:55:14","guid":{"rendered":"https:\/\/scholar.semmelweis.hu\/kissrichard\/cv\/"},"modified":"2026-04-06T16:56:19","modified_gmt":"2026-04-06T14:56:19","slug":"cv","status":"publish","type":"page","link":"https:\/\/scholar.semmelweis.hu\/kissrichard\/cv\/","title":{"rendered":"CV"},"content":{"rendered":"<h1>EDUCATION AND TRAINING<\/h1>\n<p style=\"font-weight: 400\"><strong>Pathology specialization, 2019\u20132023,<\/strong> Semmelweis University (SU), Department of Pathology and Experimental Cancer Research<\/p>\n<p style=\"font-weight: 400\"><strong>Ph.D., 2016\u20132020,<\/strong> SU Doctoral School of Pathological Sciences, Experimental Oncology<\/p>\n<p style=\"font-weight: 400\"><em>Thesis: \u201cUtility of multiplex ligation-dependent probe amplification in the copy number profiling of oncohematological diseases\u201d [HU]<\/em><\/p>\n<p style=\"font-weight: 400\"><strong>Medical Doctor, 2009\u20132016,<\/strong> SU Faculty of Medicine<\/p>\n<p style=\"font-weight: 400\"><strong>EUniWell Summer School, 2022,<\/strong> \u201cCOVID-19: Impact on European health &amp; well-being\u201d, Leiden University, Campus The Hague<\/p>\n<p style=\"font-weight: 400\"><strong>ESI\u2013EIT Health Summer School, 2019,<\/strong> \u201cArtificial Intelligence for Reinventing European Healthcare\u201d, Archamps, France<\/p>\n<p style=\"font-weight: 400\"><strong>Eurolife Summer School, 2018,<\/strong> \u201cMolecular Mechanisms in Cancer \u2014 Translating Discoveries into Personalized Therapies\u201d, Leiden University, Leiden<\/p>\n<p style=\"font-weight: 400\"><strong>EIT SHIFT, 2017,<\/strong> Digital Hospital Transformation Short Course, Budapest<\/p>\n<p style=\"font-weight: 400\"><strong>Research exchange, August 2016,<\/strong> Institution of Physiology, National Taiwan University<\/p>\n<p style=\"font-weight: 400\"><strong>Research exchange, July 2014,<\/strong> Institution of Biophotonics, National Yang-Ming University<\/p>\n<p style=\"font-weight: 400\"><strong>Cardiology internship, August 2015,<\/strong> A. Jurasz University Hospital no. 1 in Bydgoszcz, Poland<\/p>\n<h1>PROFESSIONAL POSITIONS HELD<\/h1>\n<p style=\"font-weight: 400\"><strong>Head of the PANDA Research Group, 2025\u2013,<\/strong> Paediatric Neoplasms Diagnostic Advancements (PANDA) Research Group, SU Dept.of Pathology and Experimental Cancer Research<\/p>\n<p style=\"font-weight: 400\"><strong>Project Lead, 2023\u20132024,<\/strong> C80 \u2013 The Aesthetics of Cancer? \u2014 EUniWell Seed Fund interdisciplinary art-science project; Semmelweis University in consortium with University of Florence, University of Murcia, and Linnaeus University; featured in national print, radio, and online media (<a href=\"https:\/\/semmelweis.hu\/c80\/\">website<\/a>)<\/p>\n<p style=\"font-weight: 400\"><strong>Assistant Professor of Pathology, 2024\u2013,<\/strong> SU Dept. of Pathology and Experimental Cancer Research<\/p>\n<p style=\"font-weight: 400\"><strong>Postdoctoral Fellow,<\/strong> HCEMM-SE Molecular Oncohematology Research Group, 2022\u2013<\/p>\n<p style=\"font-weight: 400\"><strong>Pathology Resident, 2019\u20132023,<\/strong> SU Dept. of Pathology and Experimental Cancer Research<\/p>\n<p style=\"font-weight: 400\"><strong>Lecturer, 2017\u20132019,<\/strong> G\u00e9ni\u00fasz Plusz, Histology Assistant National Training Registry course<\/p>\n<p style=\"font-weight: 400\"><strong>Project participation<\/strong><\/p>\n<p style=\"font-weight: 400\">MTA-SE Momentum Molecular Oncohematology research group<\/p>\n<p style=\"font-weight: 400\">Spatiotemporal scrutiny of clonal evolution for treatment personalization in chronic lymphocytic leukemia, NKFIH K119950<\/p>\n<p style=\"font-weight: 400\">Liquid biopsy-based identification and monitoring of novel therapeutic targets in B-cell lymphomas, KH126718<\/p>\n<p style=\"font-weight: 400\">Clonal evolution and therapeutic resistance in childhood acute lymphoblastic leukemia, FK134253<\/p>\n<p style=\"font-weight: 400\">Development of CML Therapy Assistant online platform, SU Directorate of Innovation grant 2018<\/p>\n<h1>TEACHING AND MENTORSHIP<\/h1>\n<p style=\"font-weight: 400\"><strong>Graduate Education<\/strong>, SU Faculty of Medicine, 3<sup>rd<\/sup> year, English and Hungarian program<\/p>\n<ul>\n<li>Dissection room and histopathology practical sessions for 3<sup>rd<\/sup>-year medical students<\/li>\n<li>Lectures: Reversible Cell Injury and Apoptosis; Necrosis and Its Organ Manifestations; Paediatric Diseases<\/li>\n<li>Interactive clinicopathological case presentation in Paediatric Oncology<\/li>\n<li>Programme Organiser, 2026, \u201cSpace Keeps Count of Everything\u201d (\u201eA T\u00e9r Mindent Sz\u00e1mon Tart\u201d) \u2014 educational session on free dance and open-score performance; artists and musicians of Willany Le\u00f3, dir. Zolt\u00e1n Grecs\u00f3; integrated anatomical approach for health science students; SU, Dept. of Pathology and Experimental Cancer Research, Budapest<\/li>\n<\/ul>\n<p style=\"font-weight: 400\"><strong>Postgraduate Education,<\/strong> SU Doctoral School of Pathological Sciences and clinical training programmes<\/p>\n<ul>\n<li>Lecturer, Molecular Oncology PhD course: Paediatric Neoplasms<\/li>\n<li>Lecturer, Pathology Board Exam Preparation course: Mature B-cell Lymphomas<\/li>\n<li>Haematopathology trainer for haematologists and paediatric oncohematologists in specialist training<\/li>\n<\/ul>\n<p style=\"font-weight: 400\"><strong>PhD Supervisor, 2025\u2013,<\/strong> P\u00e9ter Botos; co-supervisor: Prof. Mikl\u00f3s Garami, Semmelweis University<\/p>\n<p style=\"font-weight: 400\"><strong>Mentor<\/strong> at Kerpel-Fronius \u00d6d\u00f6n Talent Development Program, SU, since 2022<\/p>\n<p style=\"font-weight: 400\"><strong>Supervisor<\/strong> at Student Research Program (TDK), SU, since 2022 \u2014 multiple graduate students<\/p>\n<p style=\"font-weight: 400\">\u00a0\u00a0\u00a0 Recognized students:<\/p>\n<p style=\"font-weight: 400\">J\u00falia Marianna K\u00e1rp\u00e1ti, research topic: Identification of therapeutically targetable molecular genetic alterations in paediatric solid tumors<\/p>\n<p style=\"font-weight: 400\">Awards (all 2025): Scientific Students\u2019 Conference (TDK) \u2013 1<sup>st<\/sup> place + Special Award of the Hungarian Society of Pediatricians; National Scientific Students\u2019 Conference (OTDK) \u2013 2<sup>nd<\/sup> place + Special Award of the Hungarian Society of Human Genetics and Genomics; XXIX. Frigyes Kor\u00e1nyi Scientific Forum \u2013 3<sup>rd<\/sup> place; Meeting of Young Pathologists \u2013 1<sup>st<\/sup>prize; Rector\u2019s Competition \u2013 3<sup>rd<\/sup> prize<\/p>\n<p style=\"font-weight: 400\">Janka H\u00e9di H\u00f3fer, research topic: Investigation of clonal evolution of paediatric solid tumors<\/p>\n<p style=\"font-weight: 400\">Awards: Rector\u2019s Competition \u2013 Honorable Mention (2025); Scientific Students\u2019 Conference (TDK) \u2013 3rd prize (2026)<\/p>\n<p style=\"font-weight: 400\"><strong>Graduate Thesis Supervisor,<\/strong> SU Faculty of Medicine<\/p>\n<ul>\n<li>J\u00falia Marianna K\u00e1rp\u00e1ti,\u201cMapping of therapeutically targetable molecular genetic alterations in pediatric soft tissue sarcomas by comprehensive genomic profiling\u201d, 2025<\/li>\n<li>Janka H\u00e9di H\u00f3fer, \u201cInvestigation of the spatial and temporal clonal evolution of pediatric soft tissue tumors by molecular genetic methods\u201d, 2025<\/li>\n<li>Amirsalar Broumandbardsiri, \u201cRole of Liquid Biopsy in Cancer Diagnosis and Screening\u201d, 2020<\/li>\n<li>Amirali Shadmand, \u201cCell of Origin Determination in Diffuse Large B-Cell Lymphoma\u201d, 2020<\/li>\n<\/ul>\n<p style=\"font-weight: 400\"><strong>Teacher Assistant,<\/strong> SU, Dept. of Pathology and Experimental Cancer Research, 3 years<\/p>\n<p style=\"font-weight: 400\"><strong>Teacher Assistant,<\/strong> SU, Institute of Human Physiology and Clinical Experimental Research, English course, 1 year<\/p>\n<h1>GRANTS AND FUNDING<\/h1>\n<p style=\"font-weight: 400\"><strong>2022\u20132025 PD-OTKA grant, National Research, Development and Innovation Office,<\/strong> \u201cCharacterization of the clonal evolution of childhood soft tissue sarcomas and investigation of their therapeutic targets by molecular genetic methods\u201d, principal investigator<\/p>\n<p style=\"font-weight: 400\"><strong>2023\u20132024 EUniWell Seed Funding Project,<\/strong> \u201cTackling the taboo of cancer through contemporary art: an integrative education program that explores the universal human experience of cancer\u201d, project lead<\/p>\n<p style=\"font-weight: 400\"><strong>2019 New National Excellence Program grant, Ministry of Innovation and Technology,<\/strong> \u201cExamination of the genetic background of Richter syndrome in ibrutinib treated CLL\u201d<\/p>\n<p style=\"font-weight: 400\"><strong>2018 SU Directorate of Innovation grant,<\/strong> Development of CML Therapy Assistant online platform<\/p>\n<p style=\"font-weight: 400\"><strong>NKFIH K119950,<\/strong> Spatiotemporal scrutiny of clonal evolution for treatment personalization in CLL, participant<\/p>\n<p style=\"font-weight: 400\"><strong>KH126718,<\/strong> Liquid biopsy-based identification and monitoring of novel therapeutic targets in B-cell lymphomas, participant<\/p>\n<p style=\"font-weight: 400\"><strong>FK134253,<\/strong> Clonal evolution and therapeutic resistance in childhood acute lymphoblastic leukemia, participant<\/p>\n<h1>HONORS, AWARDS AND FELLOWSHIPS<\/h1>\n<p style=\"font-weight: 400\"><strong>2023<\/strong> Outstanding Young Researcher Merit Award by the Faculty of Medicine, Semmelweis University<\/p>\n<p style=\"font-weight: 400\"><strong>2019<\/strong> ESH Scholarship to attend the 2nd How to Diagnose and Treat Multiple Myeloma conference, European School of Hematology<\/p>\n<p style=\"font-weight: 400\"><strong>2019<\/strong> Acknowledgement of TKD student tutorship by SU School of PhD Studies<\/p>\n<p style=\"font-weight: 400\"><strong>2017<\/strong> OTDK Conference, 1st prize, OTDK Council<\/p>\n<p style=\"font-weight: 400\"><strong>2017<\/strong> MOHA-M\u00daSZ Lymphoma Media Competition, Special Award, Foundation for Hungarian Oncohaematological Patients &amp; National Association of Hungarian Journalists<\/p>\n<p style=\"font-weight: 400\"><strong>2016<\/strong> TDK Conference, 1st prize, Semmelweis University<\/p>\n<p style=\"font-weight: 400\"><strong>2015<\/strong> Thesis competition to the Rector, 2nd prize, Semmelweis University<\/p>\n<h1>COMMUNITY SERVICE<\/h1>\n<p style=\"font-weight: 400\"><strong>Supervisory Board Member, 2024\u2013,<\/strong> Hungarian Cancer Research and Molecular Pathology Foundation (<a href=\"https:\/\/rakkutatok.hu\/\">website<\/a>)<\/p>\n<p style=\"font-weight: 400\">Regular expert contributor to the Foundation\u2019s educational content: R\u00e1kkutat\u00f3k Podcast, R\u00e1kkutat\u00f3k Vlog, and R\u00c1KelT\u00c9R\u00cdT\u0150 video series (<a href=\"https:\/\/www.youtube.com\/@rakkutatok\">YouTube<\/a>, <a href=\"https:\/\/www.facebook.com\/rakkutatok\">Facebook<\/a>, <a href=\"https:\/\/www.instagram.com\/rakkutatok\/\">Instagram<\/a>, <a href=\"https:\/\/www.linkedin.com\/company\/rakkutatok\/\">LinkedIn<\/a>)<\/p>\n<p style=\"font-weight: 400\"><strong>Editor<\/strong> at cmlinformacio.com, a Hungarian patient empowerment website on chronic myeloid leukemia<\/p>\n<p style=\"font-weight: 400\"><strong>Patient education<\/strong> events and workshops for patients living with lymphomas and leukemias<\/p>\n","protected":false},"excerpt":{"rendered":"<p>EDUCATION AND TRAINING Pathology specialization, 2019\u20132023, Semmelweis University (SU), Department of Pathology and Experimental Cancer Research Ph.D., 2016\u20132020, SU Doctoral School of Pathological Sciences, Experimental Oncology Thesis: \u201cUtility of multiplex ligation-dependent probe amplification in the &hellip;<\/p>\n","protected":false},"author":125,"featured_media":0,"parent":0,"menu_order":0,"comment_status":"closed","ping_status":"closed","template":"","meta":{"footnotes":""},"class_list":["post-4","page","type-page","status-publish","hentry"],"_links":{"self":[{"href":"https:\/\/scholar.semmelweis.hu\/kissrichard\/wp-json\/wp\/v2\/pages\/4"}],"collection":[{"href":"https:\/\/scholar.semmelweis.hu\/kissrichard\/wp-json\/wp\/v2\/pages"}],"about":[{"href":"https:\/\/scholar.semmelweis.hu\/kissrichard\/wp-json\/wp\/v2\/types\/page"}],"author":[{"embeddable":true,"href":"https:\/\/scholar.semmelweis.hu\/kissrichard\/wp-json\/wp\/v2\/users\/125"}],"replies":[{"embeddable":true,"href":"https:\/\/scholar.semmelweis.hu\/kissrichard\/wp-json\/wp\/v2\/comments?post=4"}],"version-history":[{"count":5,"href":"https:\/\/scholar.semmelweis.hu\/kissrichard\/wp-json\/wp\/v2\/pages\/4\/revisions"}],"predecessor-version":[{"id":65,"href":"https:\/\/scholar.semmelweis.hu\/kissrichard\/wp-json\/wp\/v2\/pages\/4\/revisions\/65"}],"wp:attachment":[{"href":"https:\/\/scholar.semmelweis.hu\/kissrichard\/wp-json\/wp\/v2\/media?parent=4"}],"curies":[{"name":"wp","href":"https:\/\/api.w.org\/{rel}","templated":true}]}}