{"id":5,"date":"2022-05-19T14:39:18","date_gmt":"2022-05-19T12:39:18","guid":{"rendered":"https:\/\/scholar.semmelweis.hu\/kegyeadrienne\/bemutatkozas\/"},"modified":"2022-05-24T14:23:30","modified_gmt":"2022-05-24T12:23:30","slug":"bemutatkozas","status":"publish","type":"page","link":"https:\/\/scholar.semmelweis.hu\/kegyeadrienne\/","title":{"rendered":"Bemutatkoz\u00e1s"},"content":{"rendered":"<p>Sug\u00e1rterapeuta, pszichoterapeuta szakorvos vagyok.<\/p>\n<p>A Semmelweis Egyetem Magatart\u00e1studom\u00e1nyi Int\u00e9zet\u00e9ben 2017 \u00f3ta az Orvosi pszichol\u00f3gia \u00e9s Tanatol\u00f3gia, Pszichoszoci\u00e1lis onkol\u00f3gia oktat\u00e1s\u00e1ban veszek r\u00e9szt magyar \u00e9s n\u00e9met nyelven. Az Int\u00e9zet Pszichoszomatikus Szakrendel\u0151j\u00e9ben, az Onco-pszichoter\u00e1pia szakrendel\u00e9sen \u00e9s a Dolgoz\u00f3i Tan\u00e1csad\u00f3 Szolg\u00e1latn\u00e1l pszichoterapeutak\u00e9nt dolgozom. Klinikusi munk\u00e1m f\u00f3kusz\u00e1ban az onkol\u00f3giai betegek, csal\u00e1dtagjaik \u00e9s az eg\u00e9szs\u00e9g\u00fcgyi dolgoz\u00f3k pszichoszoci\u00e1lis t\u00e1mogat\u00e1sa \u00e1ll.<\/p>\n<p>&nbsp;<\/p>\n<p>A PhD fokozatot 2021-ben szereztem meg. Kutat\u00e1si t\u00e9m\u00e1m a s\u00falyos, kr\u00f3nikus betegek, csal\u00e1dtagjaik \u00e9s a vel\u00fck foglalkoz\u00f3 eg\u00e9szs\u00e9g\u00fcgyi dolgoz\u00f3k j\u00f3ll\u00e9te.<\/p>\n<p>Publik\u00e1ci\u00f3k<\/p>\n<p><a href=\"https:\/\/scholar.google.hu\/citations?user=AlMPCuoAAAAJ&amp;hl=hu\">https:\/\/scholar.google.hu\/citations?user=AlMPCuoAAAAJ&amp;hl=hu<\/a><\/p>\n<p>https:\/\/m2.mtmt.hu\/gui2\/?type=authors&#038;mode=browse&#038;sel=10039587<\/p>\n<p>&nbsp;<\/p>\n","protected":false},"excerpt":{"rendered":"<p>Sug\u00e1rterapeuta, pszichoterapeuta szakorvos vagyok. A Semmelweis Egyetem Magatart\u00e1studom\u00e1nyi Int\u00e9zet\u00e9ben 2017 \u00f3ta az Orvosi pszichol\u00f3gia \u00e9s Tanatol\u00f3gia, Pszichoszoci\u00e1lis onkol\u00f3gia oktat\u00e1s\u00e1ban veszek r\u00e9szt magyar \u00e9s n\u00e9met nyelven. Az Int\u00e9zet Pszichoszomatikus Szakrendel\u0151j\u00e9ben, az Onco-pszichoter\u00e1pia szakrendel\u00e9sen \u00e9s a Dolgoz\u00f3i &hellip;<\/p>\n","protected":false},"author":144,"featured_media":0,"parent":0,"menu_order":0,"comment_status":"closed","ping_status":"closed","template":"","meta":{"footnotes":""},"class_list":["post-5","page","type-page","status-publish","hentry"],"_links":{"self":[{"href":"https:\/\/scholar.semmelweis.hu\/kegyeadrienne\/wp-json\/wp\/v2\/pages\/5"}],"collection":[{"href":"https:\/\/scholar.semmelweis.hu\/kegyeadrienne\/wp-json\/wp\/v2\/pages"}],"about":[{"href":"https:\/\/scholar.semmelweis.hu\/kegyeadrienne\/wp-json\/wp\/v2\/types\/page"}],"author":[{"embeddable":true,"href":"https:\/\/scholar.semmelweis.hu\/kegyeadrienne\/wp-json\/wp\/v2\/users\/144"}],"replies":[{"embeddable":true,"href":"https:\/\/scholar.semmelweis.hu\/kegyeadrienne\/wp-json\/wp\/v2\/comments?post=5"}],"version-history":[{"count":2,"href":"https:\/\/scholar.semmelweis.hu\/kegyeadrienne\/wp-json\/wp\/v2\/pages\/5\/revisions"}],"predecessor-version":[{"id":12,"href":"https:\/\/scholar.semmelweis.hu\/kegyeadrienne\/wp-json\/wp\/v2\/pages\/5\/revisions\/12"}],"wp:attachment":[{"href":"https:\/\/scholar.semmelweis.hu\/kegyeadrienne\/wp-json\/wp\/v2\/media?parent=5"}],"curies":[{"name":"wp","href":"https:\/\/api.w.org\/{rel}","templated":true}]}}