{"id":3,"date":"2022-05-19T14:39:18","date_gmt":"2022-05-19T12:39:18","guid":{"rendered":"https:\/\/scholar.semmelweis.hu\/kegyeadrienne\/elerhetoseg\/"},"modified":"2026-01-08T12:20:59","modified_gmt":"2026-01-08T11:20:59","slug":"elerhetoseg","status":"publish","type":"page","link":"https:\/\/scholar.semmelweis.hu\/kegyeadrienne\/elerhetoseg\/","title":{"rendered":"El\u00e9rhet\u0151s\u00e9g"},"content":{"rendered":"<p><strong>Office Address:\u00a0\u00a0 \u00a0<\/strong><\/p>\n<p>Semmelweis University, Institute of\u00a0 Behavioural Sciences<\/p>\n<p>Budapest, Nagyv\u00e1rad t\u00e9r 4.<br \/>\nPhone:\u00a0\u00a0 \u00a0Tel.\/Fax: (36-1)-210-2955<br \/>\nE-mail: <a href=\"mailto:palfine.kegye-adrienne@semmelweis.hu\">palfine.kegye-adrienne@semmelweis.hu<\/a><\/p>\n","protected":false},"excerpt":{"rendered":"<p>Office Address:\u00a0\u00a0 \u00a0<br \/>\nSemmelweis University, Institute of\u00a0 Behavioural Sciences<br \/>\nBudapest, Nagyv\u00e1rad t\u00e9r 4.<br \/>\nPhone:\u00a0\u00a0 \u00a0Tel.\/Fax: (36-1)-210-2955<br \/>\nE-mail: <a href=\"mailto:palfine.kegye-adrienne@semmelweis.hu\">palfine.kegye-adrienne@semmelweis.hu<\/a><\/p>\n","protected":false},"author":144,"featured_media":0,"parent":0,"menu_order":0,"comment_status":"closed","ping_status":"closed","template":"","meta":{"footnotes":""},"class_list":["post-3","page","type-page","status-publish","hentry"],"_links":{"self":[{"href":"https:\/\/scholar.semmelweis.hu\/kegyeadrienne\/wp-json\/wp\/v2\/pages\/3"}],"collection":[{"href":"https:\/\/scholar.semmelweis.hu\/kegyeadrienne\/wp-json\/wp\/v2\/pages"}],"about":[{"href":"https:\/\/scholar.semmelweis.hu\/kegyeadrienne\/wp-json\/wp\/v2\/types\/page"}],"author":[{"embeddable":true,"href":"https:\/\/scholar.semmelweis.hu\/kegyeadrienne\/wp-json\/wp\/v2\/users\/144"}],"replies":[{"embeddable":true,"href":"https:\/\/scholar.semmelweis.hu\/kegyeadrienne\/wp-json\/wp\/v2\/comments?post=3"}],"version-history":[{"count":3,"href":"https:\/\/scholar.semmelweis.hu\/kegyeadrienne\/wp-json\/wp\/v2\/pages\/3\/revisions"}],"predecessor-version":[{"id":24,"href":"https:\/\/scholar.semmelweis.hu\/kegyeadrienne\/wp-json\/wp\/v2\/pages\/3\/revisions\/24"}],"wp:attachment":[{"href":"https:\/\/scholar.semmelweis.hu\/kegyeadrienne\/wp-json\/wp\/v2\/media?parent=3"}],"curies":[{"name":"wp","href":"https:\/\/api.w.org\/{rel}","templated":true}]}}