{"id":32,"date":"2025-12-01T10:02:48","date_gmt":"2025-12-01T09:02:48","guid":{"rendered":"http:\/\/scholar.semmelweis.hu\/jedlovszkyhajduangela\/?page_id=32"},"modified":"2025-12-03T08:54:23","modified_gmt":"2025-12-03T07:54:23","slug":"tdk-temak-eredmenyek","status":"publish","type":"page","link":"https:\/\/scholar.semmelweis.hu\/jedlovszkyhajduangela\/tdk-temak-eredmenyek\/","title":{"rendered":"TDK t\u00e9m\u00e1k, eredm\u00e9nyek, t\u00e9mavezet\u00e9sek"},"content":{"rendered":"<ol>\n<li>Ez\u00fcst nanor\u00e9szecsk\u00e9k el\u0151\u00e1ll\u00edt\u00e1sa (szerves \u00e9s vizes k\u00f6zegben) \u00e9s fel\u00fcletm\u00f3dos\u00edt\u00e1sa, hat\u00f3anyag jelenl\u00e9t\u00e9ben.<\/li>\n<li>Elektrosztatikus sz\u00e1lk\u00e9pz\u00e9ssel el\u0151\u00e1ll\u00edtott strukt\u00far\u00e1k orvosbiol\u00f3giai alkalmaz\u00e1sokhoz<\/li>\n<li>M\u00e1gneses r\u00e9szecsk\u00e9kkel t\u00f6lt\u00f6tt polimer sz\u00e1lak el\u0151\u00e1ll\u00edt\u00e1sa \u00e9s hipertermi\u00e1s vizsg\u00e1latai<\/li>\n<\/ol>\n<p>&nbsp;<\/p>\n<p><strong><u>TDK helyezett\/ t\u00e9mavezetett hallgat\u00f3k:<\/u><\/strong><\/p>\n<ol>\n<li>Kupcsik Edina, K\u00e9mia BSc \u2013 helyi TDK 3. helyezett, 2010 (SZTE)<\/li>\n<li>Moln\u00e1r Krist\u00f3f, Vegy\u00e9szm\u00e9rn\u00f6k MSc &#8211; helyi TDK 1. helyezett, 2013 (SE)<\/li>\n<li>N\u00e9meth Zs\u00f3fia, K\u00e9mia BSc \u2013 helyi TDK 2. helyezett, 2016 (SE); helyi TDK 1. helyezett, 2016 (EKE)<\/li>\n<li>Juh\u00e1sz \u00c1kos Gy\u00f6rgy &#8211; Eg\u00e9szs\u00e9g\u00fcgyi m\u00e9rn\u00f6k MSc-helyi TDK 2. helyezett, 2017 (SE)<\/li>\n<li>Varga Rita-Biom\u00e9rn\u00f6k MSc-helyi TDK, Dics\u00e9ret, 2017 (BME)<\/li>\n<li>Veres Tam\u00e1s-11.\u00e9vf di\u00e1k, TUDOK 2018,\u00a0M\u0171szaki- \u00e9s Re\u00e1ltudom\u00e1nyi Tematikus Konferencia, Eger, 2. helyezett, 2018<\/li>\n<li>Constantinos Voniatis, English medicine-helyi TDK 1. helyezett, 2018 (SE)<\/li>\n<li>Veres Tam\u00e1s-11.\u00e9vf di\u00e1k, Tudom\u00e1nyos Di\u00e1kk\u00f6r\u00f6k K\u00e1rp\u00e1t-medencei Konferenci\u00e1ja d\u00f6nt\u0151, 2018, Kisv\u00e1rda, 1. d\u00edj<\/li>\n<li>Laub Luca, Vegy\u00e9sz MSc- helyi TDK 1. helyezett, 2018 (EKE)<\/li>\n<li>Veres Tam\u00e1s-12. \u00e9vf di\u00e1k- helyi TDK 1. helyezett, 2018 (EKE)<\/li>\n<li>Juh\u00e1sz \u00c1kos Gy\u00f6rgy &#8211; Eg\u00e9szs\u00e9g\u00fcgyi m\u00e9rn\u00f6k MSc-helyi TDK 2. helyezett, 2019 (SE)<\/li>\n<li>Constantinos Voniatis &#8211; 1. PhD, OTDK 2. helyezett, 2019<\/li>\n<li>Hummel D\u00e1vid &#8211; helyi TDK 2. helyezett, 2020 (ELTE)<\/li>\n<li>Hummel D\u00e1vid -nemzetk\u00f6zi TDK 3. helyezett, 2021 (SE)<\/li>\n<li>Z\u00e1voti Oliv\u00e9r- helyi TDK 1. helyezett, 2021 (SE)<\/li>\n<li>Z\u00e1voti Oliv\u00e9r &#8211; nemzetk\u00f6zi TDK 2. helyezett, 2021 (SE)<\/li>\n<li>P\u00e1los Veronika helyi TDK 3. helyezett, 2022 (SE)<\/li>\n<li>Szil\u00e1gyi Viktor helyi TDK 2. helyezett, 2024 (PPK)<\/li>\n<li>Szil\u00e1gyi Viktor, helyi TDK 2. helyezett, 2024 (EKKE)<\/li>\n<\/ol>\n<p><strong><u>T\u00e9mavezetett hallgat\u00f3k (BsC, MsC, osztatlan k\u00e9pz\u00e9s, PhD):<\/u><\/strong><\/p>\n<ol>\n<li>Bauer Andrea Rita, K\u00e9mia BSc, 2009 (szakdolgozat)<\/li>\n<li>Kupcsik Edina, K\u00e9mia BSc, 2010 (szakdolgozat)<\/li>\n<li>Moln\u00e1r Krist\u00f3f, Vegy\u00e9szm\u00e9rn\u00f6k MSc, 2013 (diplomamunka, TDK), PhD 2013-2018<\/li>\n<li>Rag\u00f3 L\u00e1szl\u00f3, \u00c1ltal\u00e1nos orvos, 2013 (diplomamunka)<\/li>\n<li>Juriga D\u00e1vid, Vegy\u00e9szm\u00e9rn\u00f6k MSc, 2013 (diplomamunka)<\/li>\n<li>N\u00e9meth Zs\u00f3fia, K\u00e9mia BSc, 2016 (szakdolgozat, TDK)<\/li>\n<li>Juh\u00e1sz \u00c1kos Gy\u00f6rgy, Eg\u00e9szs\u00e9g\u00fcgyi m\u00e9rn\u00f6k MSc, 2016- 2019) (diplomamunka, TDK) PhD 2019-2023<\/li>\n<li>Constantinos Voniatis, \u00c1ltal\u00e1nos orvos (angol), 2018 (diplomamunka, TDK), PhD 2018-2022<\/li>\n<li>Szak\u00e1l T\u00edmea, Eg\u00e9szs\u00e9g\u00fcgyi m\u00e9rn\u00f6k MSc, 2018 (diplomamunka, TDK)<\/li>\n<li>P\u00e1zm\u00e1ny (Varga) Rita, Biom\u00e9rn\u00f6k MSc,\u00a02016- 2018 (diplomamunka, TDK), PhD 2018-2023<\/li>\n<li>Porogi Anna, Gy\u00f3gyszer\u00e9sz hallgat\u00f3, 2016-2018 (TDK)<\/li>\n<li>Magyar Anna, k\u00f6z\u00e9piskol\u00e1s, kutat\u00f3 di\u00e1k, 2016-2017<\/li>\n<li>Veres Tam\u00e1s, k\u00f6z\u00e9piskol\u00e1s, kutat\u00f3 di\u00e1k 2017-2020<\/li>\n<li>T\u00f3th Anik\u00f3, Eg\u00e9szs\u00e9g\u00fcgyi m\u00e9rn\u00f6k MSc, 2018- 2019\u00a0(\u00f6n\u00e1ll\u00f3 labor, TDK)<\/li>\n<li>Kacsari Vikt\u00f3ria, Eg\u00e9szs\u00e9g\u00fcgyi m\u00e9rn\u00f6k MSc, 2018-() (\u00f6n\u00e1ll\u00f3 labor, TDK, diplomamunka)<\/li>\n<li>Izs\u00f3 Izabella,\u00a0Eg\u00e9szs\u00e9g\u00fcgyi m\u00e9rn\u00f6k MSc, 2018 (\u00f6n\u00e1ll\u00f3 labor)<\/li>\n<li>Er\u0151s Gabriella,\u00a0Eg\u00e9szs\u00e9g\u00fcgyi m\u00e9rn\u00f6k MSc, 2018 (ny\u00e1ri szakmai gyakorlat)<\/li>\n<li>Laub Luca, K\u00e9mia MSc, 2018-2020(diplomamunka, TDK)<\/li>\n<li>T\u00f3th Krisztina, Biom\u00e9rn\u00f6k MSc, PhD konzulens 2018-2023<\/li>\n<li>Barczikai D\u00f3ra, Vegy\u00e9szm\u00e9rn\u00f6k MSc, PhD 2018-<\/li>\n<li>Ny\u00edri Imre, Vegy\u00e9sz MSc 2019-2020 (diplomamunka)<\/li>\n<li>Franczel Tibor, Eg\u00e9szs\u00e9g\u00fcgyi m\u00e9rn\u00f6k MSc, 2019-2020 (diplomamunka)<\/li>\n<li>Gerend\u00e1s Csilla, Eg\u00e9szs\u00e9g\u00fcgyi m\u00e9rn\u00f6k MSc, 2020-2020\u00a0(\u00f6n\u00e1ll\u00f3 labor)<\/li>\n<li>Horv\u00e1th Zolt\u00e1n, \u00c1ltal\u00e1nos orvos, 2021-2022 (TDK)<\/li>\n<li><strong>Budav\u00e1ri B\u00e1lint<\/strong>, Gy\u00f3gyszer\u00e9sz, <strong>PhD konzulens, 2020-folyamatban<\/strong><\/li>\n<li><strong>P\u00e1los Veronika,<\/strong> Eg\u00e9szs\u00e9g\u00fcgyi m\u00e9rn\u00f6k MSc, 2021-2023 (\u00f6n\u00e1ll\u00f3 labor, TDK, diplomamunka), <strong>PhD 2023 febru\u00e1r- folyamatban<\/strong><\/li>\n<li><strong>Nanys M\u00f3nika<\/strong>, Vegy\u00e9szm\u00e9rn\u00f6k BSc, 2022, Eg\u00e9szs\u00e9g\u00fcgyi m\u00e9rn\u00f6k MSc, 2022-2024,\u00a0<strong> PhD 2025-folyamatban<\/strong>) (ny\u00e1ri szakmai gyakorlat, TDK, szakdolgozat, \u00f6n\u00e1ll\u00f3 labor)<\/li>\n<li>L\u00e1ng Katalin, gy\u00f3gyszer\u00e9sz hallgat\u00f3 2022 (TDK)<\/li>\n<li><strong>Halm\u00f3czki Sarolta<\/strong>, Biom\u00e9rn\u00f6k MSc, <strong>PhD 2023 febru\u00e1r- folyamatban<\/strong><\/li>\n<li>Os\u00e1n Kitti, Eg\u00e9szs\u00e9g\u00fcgyi m\u00e9rn\u00f6k MSc, 2024- 2025 (diplomamunka)<\/li>\n<li><strong>Kis Dorottya Gr\u00e9ta<\/strong>,\u00a0Eg\u00e9szs\u00e9g\u00fcgyi m\u00e9rn\u00f6k MSc, 2024- (\u00f6n\u00e1ll\u00f3 labor, diplomamunka)<\/li>\n<li><strong>Rizm\u00e1jer Vivien,<\/strong> Gy\u00f3gyszer\u00e9sz hallgat\u00f3, 2024- (TDK)<\/li>\n<li><strong>Bitmann Panna,<\/strong> Gy\u00f3gyszer\u00e9sz hallgat\u00f3, 2025- (TDK)<\/li>\n<li><strong>Benis Margit,<\/strong> Gy\u00f3gyszer\u00e9sz hallgat\u00f3, 2025- (TDK)<\/li>\n<li><strong>Szil\u00e1gyi Viktor<\/strong>, Orvosi Biotechnol\u00f3gia MSc 2023-2025, <strong>PhD 2025 febru\u00e1r &#8211; folyamatban<\/strong><\/li>\n<li><strong>Tat\u00e1r Eszter<\/strong>, k\u00f6z\u00e9piskol\u00e1s hallgat\u00f3, 2025 &#8211; (TUDOK)<\/li>\n<li><strong>Neufeld N\u00f3ra<\/strong>, Orvostan hallgat\u00f3, 2025- (TDK)<\/li>\n<li><strong>Roha Riaz<\/strong>, PPK, MSc, 2025- (TRP)<\/li>\n<li><strong>Hord\u00f3s Ad\u00e9l<\/strong>, Eg\u00e9szs\u00e9g\u00fcgyi m\u00e9rn\u00f6k MSc, 2025- (\u00f6n\u00e1ll\u00f3 labor, diplomamunka)<\/li>\n<\/ol>\n","protected":false},"excerpt":{"rendered":"<p>Ez\u00fcst nanor\u00e9szecsk\u00e9k el\u0151\u00e1ll\u00edt\u00e1sa (szerves \u00e9s vizes k\u00f6zegben) \u00e9s fel\u00fcletm\u00f3dos\u00edt\u00e1sa, hat\u00f3anyag jelenl\u00e9t\u00e9ben. Elektrosztatikus sz\u00e1lk\u00e9pz\u00e9ssel el\u0151\u00e1ll\u00edtott strukt\u00far\u00e1k orvosbiol\u00f3giai alkalmaz\u00e1sokhoz M\u00e1gneses r\u00e9szecsk\u00e9kkel t\u00f6lt\u00f6tt polimer sz\u00e1lak el\u0151\u00e1ll\u00edt\u00e1sa \u00e9s hipertermi\u00e1s vizsg\u00e1latai &nbsp; TDK helyezett\/ t\u00e9mavezetett hallgat\u00f3k: Kupcsik Edina, K\u00e9mia BSc &hellip;<\/p>\n","protected":false},"author":77,"featured_media":0,"parent":0,"menu_order":4,"comment_status":"closed","ping_status":"closed","template":"","meta":{"footnotes":""},"class_list":["post-32","page","type-page","status-publish","hentry"],"_links":{"self":[{"href":"https:\/\/scholar.semmelweis.hu\/jedlovszkyhajduangela\/wp-json\/wp\/v2\/pages\/32"}],"collection":[{"href":"https:\/\/scholar.semmelweis.hu\/jedlovszkyhajduangela\/wp-json\/wp\/v2\/pages"}],"about":[{"href":"https:\/\/scholar.semmelweis.hu\/jedlovszkyhajduangela\/wp-json\/wp\/v2\/types\/page"}],"author":[{"embeddable":true,"href":"https:\/\/scholar.semmelweis.hu\/jedlovszkyhajduangela\/wp-json\/wp\/v2\/users\/77"}],"replies":[{"embeddable":true,"href":"https:\/\/scholar.semmelweis.hu\/jedlovszkyhajduangela\/wp-json\/wp\/v2\/comments?post=32"}],"version-history":[{"count":36,"href":"https:\/\/scholar.semmelweis.hu\/jedlovszkyhajduangela\/wp-json\/wp\/v2\/pages\/32\/revisions"}],"predecessor-version":[{"id":251,"href":"https:\/\/scholar.semmelweis.hu\/jedlovszkyhajduangela\/wp-json\/wp\/v2\/pages\/32\/revisions\/251"}],"wp:attachment":[{"href":"https:\/\/scholar.semmelweis.hu\/jedlovszkyhajduangela\/wp-json\/wp\/v2\/media?parent=32"}],"curies":[{"name":"wp","href":"https:\/\/api.w.org\/{rel}","templated":true}]}}