{"id":3,"date":"2023-05-22T10:40:16","date_gmt":"2023-05-22T08:40:16","guid":{"rendered":"http:\/\/scholar.semmelweis.hu\/jedlovszkyhajduangela\/bemutatkozas\/"},"modified":"2023-05-22T13:41:49","modified_gmt":"2023-05-22T11:41:49","slug":"bemutatkozas","status":"publish","type":"page","link":"https:\/\/scholar.semmelweis.hu\/jedlovszkyhajduangela\/","title":{"rendered":"Bemutatkoz\u00e1s"},"content":{"rendered":"<p><img loading=\"lazy\" decoding=\"async\" class=\"alignnone  wp-image-134\" src=\"https:\/\/scholar.semmelweis.hu\/jedlovszkyhajduangela\/wp-content\/uploads\/sites\/81\/2019\/11\/OTKD-2019-084-1024x683.jpg\" alt=\"Pro Scientia Arany\u00e9rem \u00e1tad\u00f3 :)\" width=\"269\" height=\"179\" srcset=\"https:\/\/scholar.semmelweis.hu\/jedlovszkyhajduangela\/wp-content\/uploads\/sites\/81\/2019\/11\/OTKD-2019-084-1024x683.jpg 1024w, https:\/\/scholar.semmelweis.hu\/jedlovszkyhajduangela\/wp-content\/uploads\/sites\/81\/2019\/11\/OTKD-2019-084-300x200.jpg 300w, https:\/\/scholar.semmelweis.hu\/jedlovszkyhajduangela\/wp-content\/uploads\/sites\/81\/2019\/11\/OTKD-2019-084-768x512.jpg 768w\" sizes=\"(max-width: 269px) 100vw, 269px\" \/><\/p>\n<p>Diplomamunk\u00e1m \u00e9s PhD disszert\u00e1ci\u00f3m sor\u00e1n a Szegedi Tudom\u00e1nyegyetem, Fizikai K\u00e9miai \u00e9s Anyagtudom\u00e1nyi Tansz\u00e9k\u00e9n (akkor m\u00e9g <em>Kolloidk\u00e9miai Tansz\u00e9k<\/em>)<strong> Prof Tomb\u00e1cz Etelka <\/strong>ir\u00e1ny\u00edt\u00e1s\u00e1val<strong>\u00a0<\/strong>m\u00e1gneses nanor\u00e9szecsk\u00e9ket (magnetit) \u00e1ll\u00edtottam el\u0151 vizes k\u00f6zegben k\u00fcl\u00f6nb\u00f6z\u0151 fel\u00fcletm\u00f3dos\u00edt\u00e1sokkal, mely meg\u00f3vja a r\u00e9szecsk\u00e9k \u00f6sszetapad\u00e1s\u00e1t (aggreg\u00e1ci\u00f3j\u00e1t) az adott k\u00f6zegben.<\/p>\n<p>A m\u00e1gneses nanor\u00e9szecsk\u00e9k \u00e9l\u0151 szervezetben t\u00f6rt\u00e9n\u0151 viselked\u00e9s\u00e9t, lehets\u00e9ges aggrag\u00e1ci\u00f3j\u00e1t hum\u00e1n plazma jelenl\u00e9t\u00e9ben vizsg\u00e1lhatjuk, mely egy j\u00f3slatot adhat arra n\u00e9zve mi lesz az \u00e9l\u0151 szervezetben a nanor\u00e9szecske sorsa, \u00e9let\u00fatja. Ilyen vizsg\u00e1latokat v\u00e9geztem Magyar \u00c1llami E\u00f6tv\u00f6s \u00d6szt\u00f6nd\u00edjask\u00e9nt Dublinban <strong>Prof Kenneth Dawson<\/strong> ir\u00e1ny\u00edt\u00e1s\u00e1val (Centre of BioNano Interactions, UCD, \u00cdrorsz\u00e1g). E munka sor\u00e1n a nanor\u00e9szecsk\u00e9k \u00f6sszetapad\u00e1s\u00e1nak megakad\u00e1lyoz\u00e1s\u00e1ra haszn\u00e1lt fel\u00fcletm\u00f3dos\u00edt\u00e1sok \u00e9s a hum\u00e1n plazma feh\u00e9rj\u00e9k k\u00f6z\u00f6tti k\u00f6lcs\u00f6nhat\u00e1st vizsg\u00e1ltam.<\/p>\n<p>2011 \u00f3ta a Semmelweis Egyetem Biofizikai \u00e9s Sug\u00e1rbiol\u00f3giai Int\u00e9zet\u00e9nek Nanok\u00e9miai Kutat\u00f3csoportj\u00e1ban <strong>Prof Zr\u00ednyi Mikl\u00f3s<\/strong> mellett elektromos sz\u00e1lh\u00faz\u00e1ssal el\u0151\u00e1ll\u00edtott biokompatibilis (szervezetbar\u00e1t) \u00e9s biodegrad\u00e1bilis (szervezetben leboml\u00f3) h\u00e1romdimenzi\u00f3s mesters\u00e9ges polimer t\u00e9rh\u00e1l\u00f3k kialak\u00edt\u00e1s\u00e1val kezdtem foglalkozni, melyek alkalmasak lehetnek sz\u00f6vetregener\u00e1ci\u00f3, vagy sz\u00f6vetp\u00f3tl\u00e1s c\u00e9lj\u00e1ra.<\/p>\n<p>2019 \u00f3ta pedig m\u00e1r mint a Nanok\u00e9miai Kutat\u00f3csoport vezet\u0151je folytatom a kutat\u00e1si tev\u00e9kenys\u00e9get kieg\u00e9sz\u00edtve a lelkes PhD \u00e9s TDK\/szakdolgoz\u00f3\/diplomadolgoz\u00f3 hallgat\u00f3kkal.<\/p>\n","protected":false},"excerpt":{"rendered":"<p>Diplomamunk\u00e1m \u00e9s PhD disszert\u00e1ci\u00f3m sor\u00e1n a Szegedi Tudom\u00e1nyegyetem, Fizikai K\u00e9miai \u00e9s Anyagtudom\u00e1nyi Tansz\u00e9k\u00e9n (akkor m\u00e9g Kolloidk\u00e9miai Tansz\u00e9k) Prof Tomb\u00e1cz Etelka ir\u00e1ny\u00edt\u00e1s\u00e1val\u00a0m\u00e1gneses nanor\u00e9szecsk\u00e9ket (magnetit) \u00e1ll\u00edtottam el\u0151 vizes k\u00f6zegben k\u00fcl\u00f6nb\u00f6z\u0151 fel\u00fcletm\u00f3dos\u00edt\u00e1sokkal, mely meg\u00f3vja a r\u00e9szecsk\u00e9k \u00f6sszetapad\u00e1s\u00e1t (aggreg\u00e1ci\u00f3j\u00e1t) &hellip;<\/p>\n","protected":false},"author":77,"featured_media":78,"parent":0,"menu_order":1,"comment_status":"closed","ping_status":"closed","template":"","meta":{"footnotes":""},"class_list":["post-3","page","type-page","status-publish","has-post-thumbnail","hentry"],"_links":{"self":[{"href":"https:\/\/scholar.semmelweis.hu\/jedlovszkyhajduangela\/wp-json\/wp\/v2\/pages\/3"}],"collection":[{"href":"https:\/\/scholar.semmelweis.hu\/jedlovszkyhajduangela\/wp-json\/wp\/v2\/pages"}],"about":[{"href":"https:\/\/scholar.semmelweis.hu\/jedlovszkyhajduangela\/wp-json\/wp\/v2\/types\/page"}],"author":[{"embeddable":true,"href":"https:\/\/scholar.semmelweis.hu\/jedlovszkyhajduangela\/wp-json\/wp\/v2\/users\/77"}],"replies":[{"embeddable":true,"href":"https:\/\/scholar.semmelweis.hu\/jedlovszkyhajduangela\/wp-json\/wp\/v2\/comments?post=3"}],"version-history":[{"count":6,"href":"https:\/\/scholar.semmelweis.hu\/jedlovszkyhajduangela\/wp-json\/wp\/v2\/pages\/3\/revisions"}],"predecessor-version":[{"id":188,"href":"https:\/\/scholar.semmelweis.hu\/jedlovszkyhajduangela\/wp-json\/wp\/v2\/pages\/3\/revisions\/188"}],"wp:featuredmedia":[{"embeddable":true,"href":"https:\/\/scholar.semmelweis.hu\/jedlovszkyhajduangela\/wp-json\/wp\/v2\/media\/78"}],"wp:attachment":[{"href":"https:\/\/scholar.semmelweis.hu\/jedlovszkyhajduangela\/wp-json\/wp\/v2\/media?parent=3"}],"curies":[{"name":"wp","href":"https:\/\/api.w.org\/{rel}","templated":true}]}}