{"id":19,"date":"2018-01-01T10:20:16","date_gmt":"2018-01-01T09:20:16","guid":{"rendered":"http:\/\/scholar.semmelweis.hu\/jedlovszkyhajduangela\/?page_id=19"},"modified":"2018-10-01T09:25:59","modified_gmt":"2018-10-01T07:25:59","slug":"kutatasi-temak-tdk-szakdolgozat-phd","status":"publish","type":"page","link":"https:\/\/scholar.semmelweis.hu\/jedlovszkyhajduangela\/kutatasi-temak-tdk-szakdolgozat-phd\/","title":{"rendered":"Kutat\u00e1si T\u00e9m\u00e1k (TDK, szakdolgozat, PhD)"},"content":{"rendered":"<p style=\"text-align: center\"><strong>Mesters\u00e9ges m\u00e1trixok \u00e9s nanor\u00e9szecsk\u00e9k el\u0151\u00e1ll\u00edt\u00e1sa; fizikai-k\u00e9miai, in vitro \u00e9s in vivo jellemz\u00e9se orvosbiol\u00f3giai felhaszn\u00e1l\u00e1s c\u00e9lj\u00e1b\u00f3l<\/strong><\/p>\n<p style=\"text-align: justify\">Az orvosbiol\u00f3giai \u00e9s gy\u00f3gyszer\u00e9szeti c\u00e9lokra haszn\u00e1lhatunk olyan anyagokat mint, p\u00e9ld\u00e1ul hossz\u00fa l\u00e1nc\u00fa polimer t\u00e9rh\u00e1l\u00f3k \u00e9s g\u00e9leket, biom\u00e1trixokat. A polimerek olyan \u00f3ri\u00e1smolekul\u00e1k, amelyek ism\u00e9tl\u0151d\u0151 monomeregys\u00e9gekb\u0151l \u00e9p\u00fclnek fel. Manaps\u00e1g sz\u00e9les k\u00f6rben terjed azon vegy\u00fcletek monomerk\u00e9nt t\u00f6rt\u00e9n\u0151 alkalmaz\u00e1sa, amelyek az \u00e9l\u0151 szervezetben megtal\u00e1lhat\u00f3ak (p\u00e9ld\u00e1ul aminosavak), \u00edgy a tervezett felhaszn\u00e1l\u00e1s sor\u00e1n a szervezet idegen test reakci\u00f3ja felt\u00e9telezhet\u0151en cs\u00f6kkenthet\u0151, vagy teljesen megsz\u00fcntethet\u0151.<\/p>\n<p style=\"text-align: justify\">Ahhoz, hogy oldhatatlan, a szervezetben funkci\u00f3j\u00e1nak bet\u00f6lt\u00e9s\u00e9re alkalmas, t\u00e9rh\u00e1l\u00f3s polimer j\u00f6jj\u00f6n l\u00e9tre, olyan molekul\u00e1kra van sz\u00fcks\u00e9g, amelyek a hossz\u00fa polimer l\u00e1ncokat keresztk\u00f6t\u00e9sekkel r\u00f6gz\u00edtik h\u00e1romdimenzi\u00f3s h\u00e1l\u00f3szer\u0171 strukt\u00far\u00e1ban. A keletkez\u0151 t\u00e9rh\u00e1l\u00f3 olyan alaktart\u00f3 v\u00e1zszerkezettel rendelkezik, amely nagy mennyis\u00e9g\u0171 folyad\u00e9k felv\u00e9tel\u00e9re \u00e9s megtart\u00e1s\u00e1ra k\u00e9pes. Ez az \u00e9l\u0151 szervezetet fel\u00e9p\u00edt\u0151 sz\u00f6vetek jelent\u0151s r\u00e9sz\u00e9r\u0151l is elmondhat\u00f3, mert nagy mennyis\u00e9g\u0171 vizes oldat\u00a0 megk\u00f6t\u00e9s\u00e9re k\u00e9pesek, emellett alaktart\u00f3ak \u00e9s k\u00fcls\u0151 behat\u00e1sra deform\u00e1lhat\u00f3ak.<\/p>\n<p style=\"text-align: justify\">A szervezetben megtal\u00e1lhat\u00f3 ilyen strukt\u00far\u00e1ra j\u00f3 p\u00e9lda az extracellul\u00e1ris m\u00e1trix (ECM), mely a sejtek eg\u00e9szs\u00e9ges n\u00f6veked\u00e9s\u00e9hez \u00e9s m\u0171k\u00f6d\u00e9s\u00e9hez sz\u00fcks\u00e9ges t\u00e1maszt\u00f3rendszer. Az \u00e1ltalunk alkalmazott elj\u00e1r\u00e1s sor\u00e1n polimer oldatb\u00f3l nagyfesz\u00fclts\u00e9g\u0171 elektromos t\u00e9r seg\u00edts\u00e9g\u00e9vel hozunk l\u00e9tre sz\u00e1las szerkezetet. Az elektromos sz\u00e1lh\u00faz\u00e1ssal (electro-spinning) el\u0151\u00e1ll\u00edtott mint\u00e1k nano-\u00e9s mikrom\u00e9ter \u00e1tm\u00e9r\u0151j\u0171 sz\u00e1lak rendezetlen halmaz\u00e1b\u00f3l \u00e9p\u00fclnek fel. Ezen sz\u00e1las strukt\u00far\u00e1k k\u00e9miai \u00f6sszet\u00e9tele sz\u00e9les keretek k\u00f6z\u00f6tt v\u00e1ltoztathat\u00f3k \u00e9s a felhaszn\u00e1l\u00e1si ter\u00fclet ig\u00e9nyeinek megfelel\u0151en m\u00f3dos\u00edthat\u00f3k pl.: a h\u00e1l\u00f3 rugalmass\u00e1ga, biodegrad\u00e1bilit\u00e1sa, hat\u00f3anyag vagy nanor\u00e9szecske tartalma.<\/p>\n<p style=\"text-align: justify\"><strong>A feladat olyan multifunkcion\u00e1lis biokompatibilis mesters\u00e9ges polimer h\u00e1l\u00f3zat el\u0151\u00e1ll\u00edt\u00e1sa, amelyet sz\u00f6vetp\u00f3tl\u00e1sra lehet alkalmazni.<\/strong>\u00a0 A sz\u00e1las rendszerekkel olyan, az extracellul\u00e1ris m\u00e1trixhoz hasonl\u00f3 strukt\u00fara hozhat\u00f3 l\u00e9tre, amely alkalmas lehet sejtek n\u00f6veszt\u00e9s\u00e9re \u00e9s differenci\u00e1ltat\u00e1s\u00e1ra. A sz\u00e1las strukt\u00far\u00e1ba nanor\u00e9szecsk\u00e9k be\u00e9p\u00edt\u00e9s\u00e9vel olyan speci\u00e1lis rendszert hozhatunk l\u00e9tre, amely a r\u00e9szecsk\u00e9k \u00e9s a sz\u00e1lak el\u0151ny\u00f6s tulajdons\u00e1gait \u00f6tv\u00f6zve diagnosztikai alkalmaz\u00e1sok lehet\u0151s\u00e9g\u00e9t teremti meg \u00a0hosszabbt\u00e1v\u00fa monitoroz\u00e1sok eset\u00e9n (pl m\u00e1gneses r\u00e9szecsk\u00e9k eset\u00e9n MRI \u00e9s\u00a0hipertermi\u00e1s vizsg\u00e1latok, ez\u00fcst nanor\u00e9szecsk\u00e9k eset\u00e9n antibakteri\u00e1lis hat\u00e1s).\u00a0<\/p>\n","protected":false},"excerpt":{"rendered":"<p>Mesters\u00e9ges m\u00e1trixok \u00e9s nanor\u00e9szecsk\u00e9k el\u0151\u00e1ll\u00edt\u00e1sa; fizikai-k\u00e9miai, in vitro \u00e9s in vivo jellemz\u00e9se orvosbiol\u00f3giai felhaszn\u00e1l\u00e1s c\u00e9lj\u00e1b\u00f3l Az orvosbiol\u00f3giai \u00e9s gy\u00f3gyszer\u00e9szeti c\u00e9lokra haszn\u00e1lhatunk olyan anyagokat mint, p\u00e9ld\u00e1ul hossz\u00fa l\u00e1nc\u00fa polimer t\u00e9rh\u00e1l\u00f3k \u00e9s g\u00e9leket, biom\u00e1trixokat. A polimerek olyan &hellip;<\/p>\n","protected":false},"author":77,"featured_media":0,"parent":0,"menu_order":3,"comment_status":"closed","ping_status":"closed","template":"","meta":{"footnotes":""},"class_list":["post-19","page","type-page","status-publish","hentry"],"_links":{"self":[{"href":"https:\/\/scholar.semmelweis.hu\/jedlovszkyhajduangela\/wp-json\/wp\/v2\/pages\/19"}],"collection":[{"href":"https:\/\/scholar.semmelweis.hu\/jedlovszkyhajduangela\/wp-json\/wp\/v2\/pages"}],"about":[{"href":"https:\/\/scholar.semmelweis.hu\/jedlovszkyhajduangela\/wp-json\/wp\/v2\/types\/page"}],"author":[{"embeddable":true,"href":"https:\/\/scholar.semmelweis.hu\/jedlovszkyhajduangela\/wp-json\/wp\/v2\/users\/77"}],"replies":[{"embeddable":true,"href":"https:\/\/scholar.semmelweis.hu\/jedlovszkyhajduangela\/wp-json\/wp\/v2\/comments?post=19"}],"version-history":[{"count":3,"href":"https:\/\/scholar.semmelweis.hu\/jedlovszkyhajduangela\/wp-json\/wp\/v2\/pages\/19\/revisions"}],"predecessor-version":[{"id":65,"href":"https:\/\/scholar.semmelweis.hu\/jedlovszkyhajduangela\/wp-json\/wp\/v2\/pages\/19\/revisions\/65"}],"wp:attachment":[{"href":"https:\/\/scholar.semmelweis.hu\/jedlovszkyhajduangela\/wp-json\/wp\/v2\/media?parent=19"}],"curies":[{"name":"wp","href":"https:\/\/api.w.org\/{rel}","templated":true}]}}