{"id":155,"date":"2021-03-25T18:28:55","date_gmt":"2021-03-25T17:28:55","guid":{"rendered":"https:\/\/scholar.semmelweis.hu\/jedlovszkyhajduangela\/?page_id=155"},"modified":"2021-10-13T10:10:50","modified_gmt":"2021-10-13T08:10:50","slug":"videok","status":"publish","type":"page","link":"https:\/\/scholar.semmelweis.hu\/jedlovszkyhajduangela\/videok\/","title":{"rendered":"Videok"},"content":{"rendered":"<p><strong>Az al\u00e1bbi vide\u00f3k szemezget\u00e9sek a felv\u00e9telekb\u0151l, amik a kutat\u00f3i munk\u00e1mr\u00f3l k\u00e9sz\u00fcltek az \u00e9vek sor\u00e1n:<\/strong><\/p>\n<p>1, A legels\u0151 szerepl\u00e9sem 2007-ben \ud83d\ude42<\/p>\n<p>Mindentud\u00e1s Egyeteme Szegedi szemeszter\u00e9ben:<\/p>\n<p>https:\/\/u-szeged.hu\/oktatas\/2007-november-14-szerda\/magneses-folyadekok-jovo<\/p>\n<p>&nbsp;<\/p>\n<p>2, 2020.09.20. Novum TV 19:04-tol \ud83d\ude42<\/p>\n<p><iframe loading=\"lazy\" title=\"Novum 2020. szeptember 20.\" width=\"753\" height=\"424\" src=\"https:\/\/www.youtube.com\/embed\/a9Z7gCOXxgk?feature=oembed\" frameborder=\"0\" allow=\"accelerometer; autoplay; clipboard-write; encrypted-media; gyroscope; picture-in-picture\" allowfullscreen><\/iframe><\/p>\n<p>3, 2021.02.11. Youth and Students for Peace &#8211; Hungary\u00a0 11p 40 mpt\u0151l<\/p>\n<p>https:\/\/www.facebook.com\/watch\/live\/?v=2553414601627037&#038;ref=watch_permalink<\/p>\n<p>&nbsp;<\/p>\n","protected":false},"excerpt":{"rendered":"<p>Az al\u00e1bbi vide\u00f3k szemezget\u00e9sek a felv\u00e9telekb\u0151l, amik a kutat\u00f3i munk\u00e1mr\u00f3l k\u00e9sz\u00fcltek az \u00e9vek sor\u00e1n: 1, A legels\u0151 szerepl\u00e9sem 2007-ben \ud83d\ude42 Mindentud\u00e1s Egyeteme Szegedi szemeszter\u00e9ben: https:\/\/u-szeged.hu\/oktatas\/2007-november-14-szerda\/magneses-folyadekok-jovo &nbsp; 2, 2020.09.20. Novum TV 19:04-tol \ud83d\ude42 3, 2021.02.11. Youth &hellip;<\/p>\n","protected":false},"author":77,"featured_media":0,"parent":0,"menu_order":0,"comment_status":"closed","ping_status":"closed","template":"","meta":{"footnotes":""},"class_list":["post-155","page","type-page","status-publish","hentry"],"_links":{"self":[{"href":"https:\/\/scholar.semmelweis.hu\/jedlovszkyhajduangela\/wp-json\/wp\/v2\/pages\/155"}],"collection":[{"href":"https:\/\/scholar.semmelweis.hu\/jedlovszkyhajduangela\/wp-json\/wp\/v2\/pages"}],"about":[{"href":"https:\/\/scholar.semmelweis.hu\/jedlovszkyhajduangela\/wp-json\/wp\/v2\/types\/page"}],"author":[{"embeddable":true,"href":"https:\/\/scholar.semmelweis.hu\/jedlovszkyhajduangela\/wp-json\/wp\/v2\/users\/77"}],"replies":[{"embeddable":true,"href":"https:\/\/scholar.semmelweis.hu\/jedlovszkyhajduangela\/wp-json\/wp\/v2\/comments?post=155"}],"version-history":[{"count":4,"href":"https:\/\/scholar.semmelweis.hu\/jedlovszkyhajduangela\/wp-json\/wp\/v2\/pages\/155\/revisions"}],"predecessor-version":[{"id":173,"href":"https:\/\/scholar.semmelweis.hu\/jedlovszkyhajduangela\/wp-json\/wp\/v2\/pages\/155\/revisions\/173"}],"wp:attachment":[{"href":"https:\/\/scholar.semmelweis.hu\/jedlovszkyhajduangela\/wp-json\/wp\/v2\/media?parent=155"}],"curies":[{"name":"wp","href":"https:\/\/api.w.org\/{rel}","templated":true}]}}