{"id":1,"date":"2023-08-01T15:40:16","date_gmt":"2023-08-01T13:40:16","guid":{"rendered":"http:\/\/scholar.semmelweis.hu\/jedlovszkyhajduangela\/elerhetoseg\/"},"modified":"2023-08-01T08:54:15","modified_gmt":"2023-08-01T06:54:15","slug":"elerhetoseg","status":"publish","type":"page","link":"https:\/\/scholar.semmelweis.hu\/jedlovszkyhajduangela\/elerhetoseg\/","title":{"rendered":"El\u00e9rhet\u0151s\u00e9g"},"content":{"rendered":"<p><strong>Nanok\u00e9miai Kutat\u00f3csoport,\u00a0<\/strong><strong>Biofizikai \u00e9s Sug\u00e1rbiol\u00f3giai Int\u00e9zet, S<\/strong><strong>emmelweis Egyetem<\/strong><\/p>\n<p><strong>H-1089 Budapest, Nagyv\u00e1rad t\u00e9r 4, fsz 20-es szoba<\/strong><\/p>\n<p><strong>Telefonsz\u00e1m:<\/strong>\u00a0\u00a0\u00a0\u00a0\u00a0\u00a0\u00a0\u00a0\u00a0\u00a0\u00a0\u00a0 +36-20-666-30-40<\/p>\n<p><strong>E-mail:<\/strong> \u00a0\u00a0\u00a0\u00a0\u00a0\u00a0\u00a0\u00a0\u00a0\u00a0\u00a0\u00a0\u00a0\u00a0\u00a0\u00a0\u00a0\u00a0\u00a0\u00a0\u00a0\u00a0 hajdu.angela(at)semmelweis.hu<\/p>\n","protected":false},"excerpt":{"rendered":"<p>Nanok\u00e9miai Kutat\u00f3csoport,\u00a0Biofizikai \u00e9s Sug\u00e1rbiol\u00f3giai Int\u00e9zet, Semmelweis Egyetem<br \/>\nH-1089 Budapest, Nagyv\u00e1rad t\u00e9r 4, fsz 20-es szoba<br \/>\nTelefonsz\u00e1m:\u00a0\u00a0\u00a0\u00a0\u00a0\u00a0\u00a0\u00a0\u00a0\u00a0\u00a0\u00a0 +36-20-666-30-40<br \/>\nE-mail: \u00a0\u00a0\u00a0\u00a0\u00a0\u00a0\u00a0\u00a0\u00a0\u00a0\u00a0\u00a0\u00a0\u00a0\u00a0\u00a0\u00a0\u00a0\u00a0\u00a0\u00a0\u00a0 hajdu.angela(at)semmelweis.hu<\/p>\n","protected":false},"author":77,"featured_media":0,"parent":0,"menu_order":7,"comment_status":"closed","ping_status":"closed","template":"","meta":{"footnotes":""},"class_list":["post-1","page","type-page","status-publish","hentry"],"_links":{"self":[{"href":"https:\/\/scholar.semmelweis.hu\/jedlovszkyhajduangela\/wp-json\/wp\/v2\/pages\/1"}],"collection":[{"href":"https:\/\/scholar.semmelweis.hu\/jedlovszkyhajduangela\/wp-json\/wp\/v2\/pages"}],"about":[{"href":"https:\/\/scholar.semmelweis.hu\/jedlovszkyhajduangela\/wp-json\/wp\/v2\/types\/page"}],"author":[{"embeddable":true,"href":"https:\/\/scholar.semmelweis.hu\/jedlovszkyhajduangela\/wp-json\/wp\/v2\/users\/77"}],"replies":[{"embeddable":true,"href":"https:\/\/scholar.semmelweis.hu\/jedlovszkyhajduangela\/wp-json\/wp\/v2\/comments?post=1"}],"version-history":[{"count":5,"href":"https:\/\/scholar.semmelweis.hu\/jedlovszkyhajduangela\/wp-json\/wp\/v2\/pages\/1\/revisions"}],"predecessor-version":[{"id":220,"href":"https:\/\/scholar.semmelweis.hu\/jedlovszkyhajduangela\/wp-json\/wp\/v2\/pages\/1\/revisions\/220"}],"wp:attachment":[{"href":"https:\/\/scholar.semmelweis.hu\/jedlovszkyhajduangela\/wp-json\/wp\/v2\/media?parent=1"}],"curies":[{"name":"wp","href":"https:\/\/api.w.org\/{rel}","templated":true}]}}