{"id":87,"date":"2016-08-17T11:13:49","date_gmt":"2016-08-17T09:13:49","guid":{"rendered":"http:\/\/scholar.semmelweis.hu\/jakuszoltan\/?page_id=87"},"modified":"2025-10-08T21:34:42","modified_gmt":"2025-10-08T19:34:42","slug":"research","status":"publish","type":"page","link":"https:\/\/scholar.semmelweis.hu\/jakuszoltan\/en\/research\/","title":{"rendered":"Research"},"content":{"rendered":"<p><strong>Lymphatic Physiology Research Group<\/strong><\/p>\n<p>Our goal is to define the organ-specific functions of the lymphatics under physiological and pathological conditions.<\/p>\n<p><strong>Members of the research group<\/strong><\/p>\n<p>Group leader:\u00a0 Dr. Zolt\u00e1n Jakus<\/p>\n<p>Lab members: Dr. G\u00e1bor Kov\u00e1cs, Dr. Zsombor Ocskay, Dr. Petra Aradi, Dr. Korn\u00e9l Moln\u00e1r, \u00c9va Kemecsei, Kitti Szot\u00e1k-Ajtay, Stella M\u00e1rta S\u00e1gi, Val\u00e9ria N\u00e9meth<\/p>\n<p>Completed their PhD in my lab: L\u00e1szl\u00f3 B\u00e1lint (2020), D\u00e1niel Sz\u0151ke (2023), Petra Aradi (2024), Carolin Christ (2025)<\/p>\n<p>Research students: Csaba Antal-K\u00f6z Csaba, M\u00e1rton M\u00e9sz\u00e1ros, Bence Kormos, Mohsen Pourmohammad, T\u00edmea Tibi\u00e1ssy, Anna Dorina Fekete, Hanna Griger<\/p>\n<p><a href=\"https:\/\/scholar.semmelweis.hu\/jakuszoltan\/wp-content\/uploads\/sites\/44\/2025\/10\/Jakus-lab-2025-scaled.jpg\"><img loading=\"lazy\" decoding=\"async\" class=\"alignnone size-full wp-image-185\" src=\"https:\/\/scholar.semmelweis.hu\/jakuszoltan\/wp-content\/uploads\/sites\/44\/2025\/10\/Jakus-lab-2025-scaled.jpg\" alt=\"\" width=\"2560\" height=\"835\" srcset=\"https:\/\/scholar.semmelweis.hu\/jakuszoltan\/wp-content\/uploads\/sites\/44\/2025\/10\/Jakus-lab-2025-scaled.jpg 2560w, https:\/\/scholar.semmelweis.hu\/jakuszoltan\/wp-content\/uploads\/sites\/44\/2025\/10\/Jakus-lab-2025-300x98.jpg 300w, https:\/\/scholar.semmelweis.hu\/jakuszoltan\/wp-content\/uploads\/sites\/44\/2025\/10\/Jakus-lab-2025-1024x334.jpg 1024w, https:\/\/scholar.semmelweis.hu\/jakuszoltan\/wp-content\/uploads\/sites\/44\/2025\/10\/Jakus-lab-2025-768x251.jpg 768w, https:\/\/scholar.semmelweis.hu\/jakuszoltan\/wp-content\/uploads\/sites\/44\/2025\/10\/Jakus-lab-2025-1536x501.jpg 1536w, https:\/\/scholar.semmelweis.hu\/jakuszoltan\/wp-content\/uploads\/sites\/44\/2025\/10\/Jakus-lab-2025-2048x668.jpg 2048w, https:\/\/scholar.semmelweis.hu\/jakuszoltan\/wp-content\/uploads\/sites\/44\/2025\/10\/Jakus-lab-2025-753x246.jpg 753w\" sizes=\"(max-width: 2560px) 100vw, 2560px\" \/><\/a><\/p>\n<p><a href=\"https:\/\/scholar.semmelweis.hu\/jakuszoltan\/wp-content\/uploads\/sites\/44\/2022\/02\/Jakus-labor-2019-1-scaled.jpg\"><img loading=\"lazy\" decoding=\"async\" class=\"alignnone wp-image-164 size-full\" src=\"https:\/\/scholar.semmelweis.hu\/jakuszoltan\/wp-content\/uploads\/sites\/44\/2022\/02\/Jakus-labor-2019-1-scaled.jpg\" alt=\"\" width=\"2560\" height=\"1155\" srcset=\"https:\/\/scholar.semmelweis.hu\/jakuszoltan\/wp-content\/uploads\/sites\/44\/2022\/02\/Jakus-labor-2019-1-scaled.jpg 2560w, https:\/\/scholar.semmelweis.hu\/jakuszoltan\/wp-content\/uploads\/sites\/44\/2022\/02\/Jakus-labor-2019-1-300x135.jpg 300w, https:\/\/scholar.semmelweis.hu\/jakuszoltan\/wp-content\/uploads\/sites\/44\/2022\/02\/Jakus-labor-2019-1-1024x462.jpg 1024w, https:\/\/scholar.semmelweis.hu\/jakuszoltan\/wp-content\/uploads\/sites\/44\/2022\/02\/Jakus-labor-2019-1-768x347.jpg 768w, https:\/\/scholar.semmelweis.hu\/jakuszoltan\/wp-content\/uploads\/sites\/44\/2022\/02\/Jakus-labor-2019-1-1536x693.jpg 1536w, https:\/\/scholar.semmelweis.hu\/jakuszoltan\/wp-content\/uploads\/sites\/44\/2022\/02\/Jakus-labor-2019-1-2048x924.jpg 2048w\" sizes=\"(max-width: 2560px) 100vw, 2560px\" \/><\/a><\/p>\n","protected":false},"excerpt":{"rendered":"<p>Lymphatic Physiology Research Group Our goal is to define the organ-specific functions of the lymphatics under physiological and pathological conditions. Members of the research group Group leader:\u00a0 Dr. Zolt\u00e1n Jakus Lab members: Dr. G\u00e1bor Kov\u00e1cs, &hellip;<\/p>\n","protected":false},"author":40,"featured_media":0,"parent":0,"menu_order":0,"comment_status":"closed","ping_status":"closed","template":"","meta":{"footnotes":""},"class_list":["post-87","page","type-page","status-publish","hentry"],"_links":{"self":[{"href":"https:\/\/scholar.semmelweis.hu\/jakuszoltan\/wp-json\/wp\/v2\/pages\/87"}],"collection":[{"href":"https:\/\/scholar.semmelweis.hu\/jakuszoltan\/wp-json\/wp\/v2\/pages"}],"about":[{"href":"https:\/\/scholar.semmelweis.hu\/jakuszoltan\/wp-json\/wp\/v2\/types\/page"}],"author":[{"embeddable":true,"href":"https:\/\/scholar.semmelweis.hu\/jakuszoltan\/wp-json\/wp\/v2\/users\/40"}],"replies":[{"embeddable":true,"href":"https:\/\/scholar.semmelweis.hu\/jakuszoltan\/wp-json\/wp\/v2\/comments?post=87"}],"version-history":[{"count":10,"href":"https:\/\/scholar.semmelweis.hu\/jakuszoltan\/wp-json\/wp\/v2\/pages\/87\/revisions"}],"predecessor-version":[{"id":195,"href":"https:\/\/scholar.semmelweis.hu\/jakuszoltan\/wp-json\/wp\/v2\/pages\/87\/revisions\/195"}],"wp:attachment":[{"href":"https:\/\/scholar.semmelweis.hu\/jakuszoltan\/wp-json\/wp\/v2\/media?parent=87"}],"curies":[{"name":"wp","href":"https:\/\/api.w.org\/{rel}","templated":true}]}}