{"id":60,"date":"2016-08-16T16:47:43","date_gmt":"2016-08-16T14:47:43","guid":{"rendered":"http:\/\/scholar.semmelweis.hu\/jakuszoltan\/?page_id=60"},"modified":"2025-10-08T20:47:46","modified_gmt":"2025-10-08T18:47:46","slug":"bemutatkozas","status":"publish","type":"page","link":"https:\/\/scholar.semmelweis.hu\/jakuszoltan\/hu\/bemutatkozas\/","title":{"rendered":"Bemutatkoz\u00e1s"},"content":{"rendered":"<p>Dr. Jakus Zolt\u00e1n a Semmelweis Egyetem \u00c9lettani Int\u00e9zet\u00e9nek habilit\u00e1lt egyetemi docense az Egyes\u00fclt \u00c1llamokb\u00f3l hazat\u00e9rve alap\u00edtotta meg a Nyirok\u00e9lettani Kutat\u00f3csoportot a Semmelweis Egyetem \u00c9lettani Int\u00e9zet\u00e9ben. Tudom\u00e1nyos \u00e9rdekl\u0151d\u00e9s\u00e9nek k\u00f6z\u00e9ppontj\u00e1ban a nyirokrendszer szervspecifikus funkci\u00f3inak a meg\u00e9rt\u00e9se \u00e1ll fiziol\u00f3gi\u00e1s \u00e9s pathol\u00f3gi\u00e1s k\u00f6r\u00fclm\u00e9nyek k\u00f6z\u00f6tt.<\/p>\n","protected":false},"excerpt":{"rendered":"<p>Dr. Jakus Zolt\u00e1n a Semmelweis Egyetem \u00c9lettani Int\u00e9zet\u00e9nek habilit\u00e1lt egyetemi docense az Egyes\u00fclt \u00c1llamokb\u00f3l hazat\u00e9rve alap\u00edtotta meg a Nyirok\u00e9lettani Kutat\u00f3csoportot a Semmelweis Egyetem \u00c9lettani Int\u00e9zet\u00e9ben. Tudom\u00e1nyos \u00e9rdekl\u0151d\u00e9s\u00e9nek k\u00f6z\u00e9ppontj\u00e1ban a nyirokrendszer szervspecifikus funkci\u00f3inak a meg\u00e9rt\u00e9se \u00e1ll &hellip;<\/p>\n","protected":false},"author":40,"featured_media":0,"parent":0,"menu_order":0,"comment_status":"closed","ping_status":"closed","template":"","meta":{"footnotes":""},"class_list":["post-60","page","type-page","status-publish","hentry"],"_links":{"self":[{"href":"https:\/\/scholar.semmelweis.hu\/jakuszoltan\/wp-json\/wp\/v2\/pages\/60"}],"collection":[{"href":"https:\/\/scholar.semmelweis.hu\/jakuszoltan\/wp-json\/wp\/v2\/pages"}],"about":[{"href":"https:\/\/scholar.semmelweis.hu\/jakuszoltan\/wp-json\/wp\/v2\/types\/page"}],"author":[{"embeddable":true,"href":"https:\/\/scholar.semmelweis.hu\/jakuszoltan\/wp-json\/wp\/v2\/users\/40"}],"replies":[{"embeddable":true,"href":"https:\/\/scholar.semmelweis.hu\/jakuszoltan\/wp-json\/wp\/v2\/comments?post=60"}],"version-history":[{"count":8,"href":"https:\/\/scholar.semmelweis.hu\/jakuszoltan\/wp-json\/wp\/v2\/pages\/60\/revisions"}],"predecessor-version":[{"id":183,"href":"https:\/\/scholar.semmelweis.hu\/jakuszoltan\/wp-json\/wp\/v2\/pages\/60\/revisions\/183"}],"wp:attachment":[{"href":"https:\/\/scholar.semmelweis.hu\/jakuszoltan\/wp-json\/wp\/v2\/media?parent=60"}],"curies":[{"name":"wp","href":"https:\/\/api.w.org\/{rel}","templated":true}]}}